{"id":23587,"date":"2025-08-08T14:03:59","date_gmt":"2025-08-08T12:03:59","guid":{"rendered":"https:\/\/www.oleaia.com\/?post_type=product&#038;p=23587"},"modified":"2026-03-26T14:22:24","modified_gmt":"2026-03-26T13:22:24","slug":"myrrh-oil","status":"publish","type":"product","link":"https:\/\/www.oleaia.com\/lv\/products\/myrrh-oil\/","title":{"rendered":"Mirras e\u013c\u013ca - 1 litrs"},"content":{"rendered":"<p><strong><img decoding=\"async\" style=\"margin-right: 12px;\" src=\"https:\/\/www.oleaia.com\/wp-content\/uploads\/2026\/03\/Check.svg\" alt=\"\" width=\"18\" height=\"15\" \/>Nep\u0101rsp\u0113jama efektivit\u0101te \u0101das re\u0123ener\u0101cijai un dzi\u013cai gar\u012bgai piezem\u0113\u0161anai.<\/strong> Mirras e\u013c\u013ca ir visefekt\u012bv\u0101kais dabiskais risin\u0101jums \u0101das atjauno\u0161an\u0101s veicin\u0101\u0161anai, tvirtuma uzlabo\u0161anai un dzi\u013ca emocion\u0101l\u0101 l\u012bdzsvara uztur\u0113\u0161anai. Kop\u0161 seniem laikiem t\u0101 tiek cien\u012bta, pal\u012bdz uzlabot nobriedu\u0161as vai sausas \u0101das izskatu, uzlabot tekst\u016bru un, regul\u0101ri lietojot, veicina mier\u012bg\u0101ku un koncentr\u0113t\u0101ku pr\u0101ta st\u0101vokli.<\/p>\n<p><strong><img decoding=\"async\" style=\"margin-right: 12px;\" src=\"https:\/\/www.oleaia.com\/wp-content\/uploads\/2026\/03\/Check.svg\" alt=\"\" width=\"18\" height=\"15\" \/>L\u0113t\u0101k\u0101 pieejam\u0101 augst\u0101k\u0101s kvalit\u0101tes mirras e\u013c\u013ca.<\/strong> M\u0113s esam visl\u0113t\u0101kie tirg\u016b, vienlaikus saglab\u0101jot stingrus kvalit\u0101tes standartus, kas nodro\u0161ina izcilu v\u0113rt\u012bbu, neapdraudot t\u012br\u012bbu vai iedarb\u012bgumu. \u0160\u012b pieejam\u012bba \u013cauj mirras e\u013c\u013cu regul\u0101ri lietot \u0101das kop\u0161anas, medit\u0101cijas un labsaj\u016btas proced\u016br\u0101s.<\/p>\n<p><strong><img decoding=\"async\" style=\"margin-right: 12px;\" src=\"https:\/\/www.oleaia.com\/wp-content\/uploads\/2026\/03\/Check.svg\" alt=\"\" width=\"18\" height=\"15\" \/>\u0100tra un uzticama pieg\u0101de 24 stundas diennakt\u012b.<\/strong> M\u0113s vienm\u0113r pied\u0101v\u0101jam pieg\u0101di 24 stundas diennakt\u012b, garant\u0113jot, ka mirras e\u013c\u013ca tiek pieg\u0101d\u0101ta \u0101tri un efekt\u012bvi. \u0100tra pieg\u0101de nodro\u0161ina nep\u0101rtrauktu person\u012bg\u0101s apr\u016bpes un holistisk\u0101s prakses nep\u0101rtraukt\u012bbu.<\/p>\n<p><strong><img decoding=\"async\" style=\"margin-right: 12px;\" src=\"https:\/\/www.oleaia.com\/wp-content\/uploads\/2026\/03\/Check.svg\" alt=\"\" width=\"18\" height=\"15\" \/>Naudas atmaksas garantija piln\u012bgai p\u0101rliec\u012bbai.<\/strong> M\u0113s pied\u0101v\u0101jam naudas atmaksas garantiju. Ja klients nav apmierin\u0101ts, m\u0113s vi\u0146am atmaks\u0101sim naudu. \u0160\u012b p\u0101rredzam\u0101 ap\u0146em\u0161an\u0101s atspogu\u013co p\u0101rliec\u012bbu par produkta kvalit\u0101ti un nodro\u0161ina piln\u012bgi bezriska pirkuma pieredzi.<\/p>\n<p><strong><img decoding=\"async\" style=\"margin-right: 12px;\" src=\"https:\/\/www.oleaia.com\/wp-content\/uploads\/2026\/03\/Check.svg\" alt=\"\" width=\"18\" height=\"15\" \/>Piln\u012bgi organiska, lai nodro\u0161in\u0101tu autentisku sakr\u0101lo bot\u0101nisko kop\u0161anu.<\/strong> M\u016bsu mirras e\u013c\u013ca ir piln\u012bb\u0101 biolo\u0123iska, ra\u017eota, r\u016bp\u012bgi iev\u0113rojot atbild\u012bbu pret vidi un tradicion\u0101l\u0101s ra\u017eas nov\u0101k\u0161anas metodes. \u0160\u012b ap\u0146em\u0161an\u0101s nodro\u0161ina atbilst\u012bbu dabisk\u0101s labsaj\u016btas trad\u012bcij\u0101m un t\u012bras skaistumkop\u0161anas standartiem.<\/p>\n<p><strong><img decoding=\"async\" style=\"margin-right: 12px;\" src=\"https:\/\/www.oleaia.com\/wp-content\/uploads\/2026\/03\/Check.svg\" alt=\"\" width=\"18\" height=\"15\" \/>Veicina \u0101das re\u0123ener\u0101ciju un izl\u012bdzina izskatu.<\/strong> Mirras e\u013c\u013ca ir pla\u0161i paz\u012bstama k\u0101 l\u012bdzeklis, kas pal\u012bdz uzlabot nobriedu\u0161as, sausas vai noguru\u0161as \u0101das izskatu, pal\u012bdzot uzlabot un atjaunot sejas kr\u0101su.<\/p>\n<p><strong><img decoding=\"async\" style=\"margin-right: 12px;\" src=\"https:\/\/www.oleaia.com\/wp-content\/uploads\/2026\/03\/Check.svg\" alt=\"\" width=\"18\" height=\"15\" \/>Veicina lab\u0101ku elast\u012bbu un tvirtumu.<\/strong> Regul\u0101ri lietojot, tas pal\u012bdz saglab\u0101t elast\u012bgu un elast\u012bgu \u0101du, uzlabojot tonusu un samazinot s\u012bk\u0101s grumbi\u0146as.<\/p>\n<p><strong><img decoding=\"async\" style=\"margin-right: 12px;\" src=\"https:\/\/www.oleaia.com\/wp-content\/uploads\/2026\/03\/Check.svg\" alt=\"\" width=\"18\" height=\"15\" \/>Veicina nomierino\u0161u jut\u012bgas un saspringtas \u0101das kop\u0161anu.<\/strong> T\u0101s nomierino\u0161\u0101s \u012bpa\u0161\u012bbas pal\u012bdz uztur\u0113t \u0101das komfortu, t\u0101p\u0113c t\u0101 ir piem\u0113rota jut\u012bgai vai ekolo\u0123iski saspringtai sejas \u0101dai.<\/p>\n<p><strong><img decoding=\"async\" style=\"margin-right: 12px;\" src=\"https:\/\/www.oleaia.com\/wp-content\/uploads\/2026\/03\/Check.svg\" alt=\"\" width=\"18\" height=\"15\" \/>Uzlabo emocion\u0101lo piezem\u0113\u0161anos un iek\u0161\u0113jo mieru.<\/strong> Mirras e\u013c\u013cas siltais, sve\u0137u arom\u0101ts veicina medit\u0101ciju, mazina gar\u012bgo spriedzi un veicina dzi\u013cu stabilit\u0101tes un koncentr\u0113\u0161an\u0101s saj\u016btu.<\/p>\n<p><strong><img decoding=\"async\" style=\"margin-right: 12px;\" src=\"https:\/\/www.oleaia.com\/wp-content\/uploads\/2026\/03\/Check.svg\" alt=\"\" width=\"18\" height=\"15\" \/>Atbalsta mutes dobuma un lok\u0101l\u0101s apr\u016bpes rut\u012bnas.<\/strong> Mirras e\u013c\u013ca, ko tradicion\u0101li izmanto m\u0113r\u0137tiec\u012bgai lieto\u0161anai, pal\u012bdz uztur\u0113t komfortu un l\u012bdzsvaru noteikt\u0101s jom\u0101s, ja to lieto pareizi.<\/p>\n<p><strong><img decoding=\"async\" style=\"margin-right: 12px;\" src=\"https:\/\/www.oleaia.com\/wp-content\/uploads\/2026\/03\/Check.svg\" alt=\"\" width=\"18\" height=\"15\" \/>Ide\u0101li piem\u0113rots medit\u0101cijai, mas\u0101\u017eai un atjaunojo\u0161iem ritu\u0101liem.<\/strong> T\u0101 bag\u0101t\u012bg\u0101 tekst\u016bra un piezem\u0113jo\u0161ais arom\u0101ts padara to ide\u0101li piem\u0113rotu gar\u012bg\u0101m praks\u0113m un dzi\u013ci relaks\u0113jo\u0161\u0101m mas\u0101\u017eas sesij\u0101m.<\/p>\n<p><strong><img decoding=\"async\" style=\"margin-right: 12px;\" src=\"https:\/\/www.oleaia.com\/wp-content\/uploads\/2026\/03\/Check.svg\" alt=\"\" width=\"18\" height=\"15\" \/>Veicina nomierino\u0161u, sv\u0113tu arom\u0101tisku atmosf\u0113ru.<\/strong> Mirras e\u013c\u013ca rada vidi, kas veicina p\u0101rdomas, relaks\u0101ciju un emocion\u0101lo skaidr\u012bbu.<\/p>\n<p><strong><img decoding=\"async\" style=\"margin-right: 12px;\" src=\"https:\/\/www.oleaia.com\/wp-content\/uploads\/2026\/03\/Check.svg\" alt=\"\" width=\"18\" height=\"15\" \/>Univers\u0101ls sejas, \u0137erme\u0146a, m\u0113r\u0137tiec\u012bgai kop\u0161anai un aromterapijai.<\/strong> Mirras e\u013c\u013ca nevainojami iek\u013caujas visaptvero\u0161\u0101s labsaj\u016btas un skaistumkop\u0161anas proced\u016br\u0101s.<\/p>\n<p><strong><img decoding=\"async\" style=\"margin-right: 12px;\" src=\"https:\/\/www.oleaia.com\/wp-content\/uploads\/2026\/03\/Check.svg\" alt=\"\" width=\"18\" height=\"15\" \/>Jau bag\u0101tin\u0101ts ar barojo\u0161u e\u013c\u013cu maigai uzkl\u0101\u0161anai un optim\u0101lam komfortam.<\/strong> M\u016bsu mirres e\u013c\u013ca jau ir bag\u0101tin\u0101ta ar barojo\u0161u e\u013c\u013cu, lai nodro\u0161in\u0101tu maigu uzkl\u0101\u0161anu, uzlabotu izkliedi, optim\u0101lu komfortu un lieto\u0161anas \u0113rtumu. \u0160is p\u0101rdom\u0101tais sast\u0101vs uzlabo sl\u012bd\u0113\u0161anu un nodro\u0161ina vienm\u0113r\u012bgu, vienm\u0113r\u012bgu kl\u0101jumu uz \u0101das.<\/p>\n<h2><strong>Instrukcijas<\/strong><\/h2>\n<ul>\n<li>Uzkl\u0101jiet 2 l\u012bdz 3 pilienus uz t\u012bras, sausas sejas \u0101das un viegli iemas\u0113jiet, l\u012bdz piln\u012bb\u0101 ies\u016bcas.<\/li>\n<li>Lietojiet vienu reizi dien\u0101, v\u0113lams vakar\u0101 atjaunojo\u0161ai kop\u0161anai.<\/li>\n<li>\u0136erme\u0146a kop\u0161anai uzkl\u0101jiet m\u0113renu daudzumu uz saus\u0101m vai m\u0113r\u0137tiec\u012bg\u0101m \u0137erme\u0146a zon\u0101m un r\u016bp\u012bgi iemas\u0113jiet.<\/li>\n<li>Atp\u016btai 1 l\u012bdz 2 pilienus uzpiliniet uz pulsa punktiem, piem\u0113ram, plaukstu loc\u012btav\u0101m vai kakla.<\/li>\n<li>Medit\u0101cijai izsmidziniet 2 l\u012bdz 4 pilienus, lai rad\u012btu piezem\u0113jo\u0161u atmosf\u0113ru.<\/li>\n<li>M\u0113r\u0137tiec\u012bgai uzkl\u0101\u0161anai izmantojiet \u013coti nelielu daudzumu tie\u0161i uz v\u0113lam\u0101s vietas.<\/li>\n<li>Ieteicam\u0101 maksim\u0101l\u0101 dienas deva lok\u0101lai lieto\u0161anai ir aptuveni 5 l\u012bdz 6 pilieni, kas sadal\u012bti pa lieto\u0161anas zon\u0101m.<\/li>\n<li>Pirms pirm\u0101s lieto\u0161anas reizes veiciet pl\u0101kstera testu, lai nov\u0113rt\u0113tu sader\u012bbu ar \u0101du.<\/li>\n<li>Izvair\u012bties no saskares ar ac\u012bm un jut\u012bg\u0101m g\u013cot\u0101d\u0101m.<\/li>\n<li>Nelietojiet uz iekaisu\u0161as vai boj\u0101tas \u0101das.<\/li>\n<li>Nav ieteicams lietot gr\u016btniec\u012bbas laik\u0101 bez profesion\u0101la padoma.<\/li>\n<li>Uzglab\u0101t v\u0113s\u0101, saus\u0101 viet\u0101, prom no tie\u0161iem saules stariem, un p\u0113c katras lieto\u0161anas reizes pudel\u012bti cie\u0161i aizv\u0113rt.<\/li>\n<\/ul>","protected":false},"excerpt":{"rendered":"<p>Unmatched effectiveness for skin regeneration and deep spiritual grounding. Myrrh oil is the most effective natural solution for promoting skin renewal, enhancing the appearance of firmness, and supporting deep emotional balance. Revered since ancient times, it helps improve the look of mature or dry skin, refine texture, and contribute to a calmer, more centered state [&hellip;]<\/p>\n","protected":false},"featured_media":23850,"comment_status":"open","ping_status":"closed","template":"","meta":{"_uag_custom_page_level_css":"","site-sidebar-layout":"default","site-content-layout":"","ast-site-content-layout":"default","site-content-style":"default","site-sidebar-style":"default","ast-global-header-display":"","ast-banner-title-visibility":"","ast-main-header-display":"","ast-hfb-above-header-display":"","ast-hfb-below-header-display":"","ast-hfb-mobile-header-display":"","site-post-title":"","ast-breadcrumbs-content":"","ast-featured-img":"","footer-sml-layout":"","ast-disable-related-posts":"","theme-transparent-header-meta":"default","adv-header-id-meta":"","stick-header-meta":"","header-above-stick-meta":"","header-main-stick-meta":"","header-below-stick-meta":"","astra-migrate-meta-layouts":"set","ast-page-background-enabled":"default","ast-page-background-meta":{"desktop":{"background-color":"var(--ast-global-color-4)","background-image":"","background-repeat":"repeat","background-position":"center center","background-size":"auto","background-attachment":"scroll","background-type":"","background-media":"","overlay-type":"","overlay-color":"","overlay-opacity":"","overlay-gradient":""},"tablet":{"background-color":"","background-image":"","background-repeat":"repeat","background-position":"center center","background-size":"auto","background-attachment":"scroll","background-type":"","background-media":"","overlay-type":"","overlay-color":"","overlay-opacity":"","overlay-gradient":""},"mobile":{"background-color":"","background-image":"","background-repeat":"repeat","background-position":"center center","background-size":"auto","background-attachment":"scroll","background-type":"","background-media":"","overlay-type":"","overlay-color":"","overlay-opacity":"","overlay-gradient":""}},"ast-content-background-meta":{"desktop":{"background-color":"var(--ast-global-color-5)","background-image":"","background-repeat":"repeat","background-position":"center center","background-size":"auto","background-attachment":"scroll","background-type":"","background-media":"","overlay-type":"","overlay-color":"","overlay-opacity":"","overlay-gradient":""},"tablet":{"background-color":"var(--ast-global-color-5)","background-image":"","background-repeat":"repeat","background-position":"center center","background-size":"auto","background-attachment":"scroll","background-type":"","background-media":"","overlay-type":"","overlay-color":"","overlay-opacity":"","overlay-gradient":""},"mobile":{"background-color":"var(--ast-global-color-5)","background-image":"","background-repeat":"repeat","background-position":"center center","background-size":"auto","background-attachment":"scroll","background-type":"","background-media":"","overlay-type":"","overlay-color":"","overlay-opacity":"","overlay-gradient":""}}},"product_brand":[],"product_cat":[15],"product_tag":[],"class_list":{"0":"post-23587","1":"product","2":"type-product","3":"status-publish","4":"has-post-thumbnail","6":"product_cat-shop","7":"desktop-align-left","8":"tablet-align-left","9":"mobile-align-left","11":"first","12":"instock","13":"shipping-taxable","14":"purchasable","15":"product-type-simple"},"spectra_custom_meta":{"_edit_lock":["1774531217:1"],"_edit_last":["1"],"merchant-center-availability":["yes"],"merchant-center-category":["6104"],"_thumbnail_id":["23850"],"_wp_page_template":["default"],"_sku":["OLMYRRHOIL"],"_global_unique_id":["5056773821910"],"_regular_price":["29.90"],"total_sales":["42"],"_tax_status":["taxable"],"_tax_class":[""],"_manage_stock":["no"],"_backorders":["no"],"_sold_individually":["no"],"_weight":["1.3"],"_virtual":["no"],"_downloadable":["no"],"_download_limit":["-1"],"_download_expiry":["-1"],"_stock":[null],"_stock_status":["instock"],"_wc_average_rating":["5.00"],"_wc_review_count":["20"],"_product_version":["10.6.1"],"_price":["29.90"],"site-sidebar-layout":["default"],"ast-site-content-layout":["default"],"site-content-style":["default"],"site-sidebar-style":["default"],"theme-transparent-header-meta":["default"],"_wp_old_slug":["myrrh-oil-1-liter"],"_wc_rating_count":["a:1:{i:5;i:20;}"],"astra-migrate-meta-layouts":["set"],"_uag_css_file_name":["uag-css-23587.css"],"_elementor_page_assets":["a:0:{}"],"_uag_page_assets":["a:9:{s:3:\"css\";s:7156:\".uag-blocks-common-selector{z-index:var(--z-index-desktop) !important}@media (max-width: 976px){.uag-blocks-common-selector{z-index:var(--z-index-tablet) !important}}@media (max-width: 767px){.uag-blocks-common-selector{z-index:var(--z-index-mobile) !important}}\n.wp-block-uagb-image{display:flex}.wp-block-uagb-image__figure{position:relative;display:flex;flex-direction:column;max-width:100%;height:auto;margin:0}.wp-block-uagb-image__figure img{height:auto;display:flex;max-width:100%;transition:box-shadow 0.2s ease}.wp-block-uagb-image__figure>a{display:inline-block}.wp-block-uagb-image__figure figcaption{text-align:center;margin-top:0.5em;margin-bottom:1em}.wp-block-uagb-image .components-placeholder.block-editor-media-placeholder .components-placeholder__instructions{align-self:center}.wp-block-uagb-image--align-left{text-align:left}.wp-block-uagb-image--align-right{text-align:right}.wp-block-uagb-image--align-center{text-align:center}.wp-block-uagb-image--align-full .wp-block-uagb-image__figure{margin-left:calc(50% - 50vw);margin-right:calc(50% - 50vw);max-width:100vw;width:100vw;height:auto}.wp-block-uagb-image--align-full .wp-block-uagb-image__figure img{height:auto;width:100% !important}.wp-block-uagb-image--align-wide .wp-block-uagb-image__figure img{height:auto;width:100%}.wp-block-uagb-image--layout-overlay__color-wrapper{position:absolute;left:0;top:0;right:0;bottom:0;opacity:0.2;background:rgba(0,0,0,0.5);transition:opacity 0.35s ease-in-out}.wp-block-uagb-image--layout-overlay-link{position:absolute;left:0;right:0;bottom:0;top:0}.wp-block-uagb-image--layout-overlay .wp-block-uagb-image__figure:hover .wp-block-uagb-image--layout-overlay__color-wrapper{opacity:1}.wp-block-uagb-image--layout-overlay__inner{position:absolute;left:15px;right:15px;bottom:15px;top:15px;display:flex;align-items:center;justify-content:center;flex-direction:column;border-color:#fff;transition:0.35s ease-in-out}.wp-block-uagb-image--layout-overlay__inner.top-left,.wp-block-uagb-image--layout-overlay__inner.top-center,.wp-block-uagb-image--layout-overlay__inner.top-right{justify-content:flex-start}.wp-block-uagb-image--layout-overlay__inner.bottom-left,.wp-block-uagb-image--layout-overlay__inner.bottom-center,.wp-block-uagb-image--layout-overlay__inner.bottom-right{justify-content:flex-end}.wp-block-uagb-image--layout-overlay__inner.top-left,.wp-block-uagb-image--layout-overlay__inner.center-left,.wp-block-uagb-image--layout-overlay__inner.bottom-left{align-items:flex-start}.wp-block-uagb-image--layout-overlay__inner.top-right,.wp-block-uagb-image--layout-overlay__inner.center-right,.wp-block-uagb-image--layout-overlay__inner.bottom-right{align-items:flex-end}.wp-block-uagb-image--layout-overlay__inner .uagb-image-heading{color:#fff;transition:transform 0.35s, opacity 0.35s ease-in-out;transform:translate3d(0, 24px, 0);margin:0;line-height:1em}.wp-block-uagb-image--layout-overlay__inner .uagb-image-separator{width:30%;border-top-width:2px;border-top-color:#fff;border-top-style:solid;margin-bottom:10px;opacity:0;transition:transform 0.4s, opacity 0.4s ease-in-out;transform:translate3d(0, 30px, 0)}.wp-block-uagb-image--layout-overlay__inner .uagb-image-caption{opacity:0;overflow:visible;color:#fff;transition:transform 0.45s, opacity 0.45s ease-in-out;transform:translate3d(0, 35px, 0)}.wp-block-uagb-image--layout-overlay__inner:hover .uagb-image-heading,.wp-block-uagb-image--layout-overlay__inner:hover .uagb-image-separator,.wp-block-uagb-image--layout-overlay__inner:hover .uagb-image-caption{opacity:1;transform:translate3d(0, 0, 0)}.wp-block-uagb-image--effect-zoomin .wp-block-uagb-image__figure img,.wp-block-uagb-image--effect-zoomin .wp-block-uagb-image__figure .wp-block-uagb-image--layout-overlay__color-wrapper{transform:scale(1);transition:transform 0.35s ease-in-out}.wp-block-uagb-image--effect-zoomin .wp-block-uagb-image__figure:hover img,.wp-block-uagb-image--effect-zoomin .wp-block-uagb-image__figure:hover .wp-block-uagb-image--layout-overlay__color-wrapper{transform:scale(1.05)}.wp-block-uagb-image--effect-slide .wp-block-uagb-image__figure img,.wp-block-uagb-image--effect-slide .wp-block-uagb-image__figure .wp-block-uagb-image--layout-overlay__color-wrapper{width:calc(100% + 40px) !important;max-width:none !important;transform:translate3d(-40px, 0, 0);transition:transform 0.35s ease-in-out}.wp-block-uagb-image--effect-slide .wp-block-uagb-image__figure:hover img,.wp-block-uagb-image--effect-slide .wp-block-uagb-image__figure:hover .wp-block-uagb-image--layout-overlay__color-wrapper{transform:translate3d(0, 0, 0)}.wp-block-uagb-image--effect-grayscale img{filter:grayscale(0%);transition:0.35s ease-in-out}.wp-block-uagb-image--effect-grayscale:hover img{filter:grayscale(100%)}.wp-block-uagb-image--effect-blur img{filter:blur(0);transition:0.35s ease-in-out}.wp-block-uagb-image--effect-blur:hover img{filter:blur(3px)}\n.uagb-block-e6f939b3.wp-block-uagb-image--layout-default figure img{box-shadow: 0px 0px 0 #00000070;}.uagb-block-e6f939b3.wp-block-uagb-image .wp-block-uagb-image__figure figcaption{font-style: normal;align-self: center;}.uagb-block-e6f939b3.wp-block-uagb-image--layout-overlay figure img{box-shadow: 0px 0px 0 #00000070;}.uagb-block-e6f939b3.wp-block-uagb-image--layout-overlay .wp-block-uagb-image--layout-overlay__color-wrapper{opacity: 0.2;}.uagb-block-e6f939b3.wp-block-uagb-image--layout-overlay .wp-block-uagb-image--layout-overlay__inner{left: 15px;right: 15px;top: 15px;bottom: 15px;}.uagb-block-e6f939b3.wp-block-uagb-image--layout-overlay .wp-block-uagb-image--layout-overlay__inner .uagb-image-heading{font-style: normal;color: #fff;opacity: 1;}.uagb-block-e6f939b3.wp-block-uagb-image--layout-overlay .wp-block-uagb-image--layout-overlay__inner .uagb-image-heading a{color: #fff;}.uagb-block-e6f939b3.wp-block-uagb-image--layout-overlay .wp-block-uagb-image--layout-overlay__inner .uagb-image-caption{opacity: 0;}.uagb-block-e6f939b3.wp-block-uagb-image--layout-overlay .wp-block-uagb-image__figure:hover .wp-block-uagb-image--layout-overlay__color-wrapper{opacity: 1;}.uagb-block-e6f939b3.wp-block-uagb-image .wp-block-uagb-image--layout-overlay__inner .uagb-image-separator{width: 30%;border-top-width: 2px;border-top-color: #fff;opacity: 0;}.uagb-block-e6f939b3.wp-block-uagb-image .wp-block-uagb-image__figure img{width: px;height: auto;}.uagb-block-e6f939b3.wp-block-uagb-image .wp-block-uagb-image__figure:hover .wp-block-uagb-image--layout-overlay__inner .uagb-image-caption{opacity: 1;}.uagb-block-e6f939b3.wp-block-uagb-image .wp-block-uagb-image__figure:hover .wp-block-uagb-image--layout-overlay__inner .uagb-image-separator{opacity: 1;}.uagb-block-e6f939b3.wp-block-uagb-image--layout-default figure:hover img{box-shadow: 0px 0px 0 #00000070;}.uagb-block-e6f939b3.wp-block-uagb-image--layout-overlay figure:hover img{box-shadow: 0px 0px 0 #00000070;}@media only screen and (max-width: 976px) {.uagb-block-e6f939b3.wp-block-uagb-image .wp-block-uagb-image__figure img{width: px;height: auto;}}@media only screen and (max-width: 767px) {.uagb-block-e6f939b3.wp-block-uagb-image .wp-block-uagb-image__figure img{width: px;height: auto;}}\";s:2:\"js\";s:0:\"\";s:18:\"current_block_list\";a:13:{i:0;s:11:\"core\/search\";i:1;s:10:\"core\/group\";i:2;s:12:\"core\/heading\";i:3;s:17:\"core\/latest-posts\";i:4;s:20:\"core\/latest-comments\";i:5;s:13:\"core\/archives\";i:6;s:15:\"core\/categories\";i:7;s:14:\"core\/paragraph\";i:8;s:10:\"uagb\/image\";i:9;s:11:\"core\/spacer\";i:10;s:30:\"woocommerce\/product-categories\";i:11;s:10:\"core\/image\";i:12;s:14:\"core\/shortcode\";}s:8:\"uag_flag\";b:1;s:11:\"uag_version\";s:10:\"1776365438\";s:6:\"gfonts\";a:0:{}s:10:\"gfonts_url\";s:0:\"\";s:12:\"gfonts_files\";a:0:{}s:14:\"uag_faq_layout\";b:0;}"]},"uagb_featured_image_src":{"full":["https:\/\/www.oleaia.com\/wp-content\/uploads\/2025\/08\/Oleaia-Myrrh-Oil-1L.jpg",2560,2560,false],"thumbnail":["https:\/\/www.oleaia.com\/wp-content\/uploads\/2025\/08\/Oleaia-Myrrh-Oil-1L-150x150.jpg",150,150,true],"medium":["https:\/\/www.oleaia.com\/wp-content\/uploads\/2025\/08\/Oleaia-Myrrh-Oil-1L-300x300.jpg",300,300,true],"medium_large":["https:\/\/www.oleaia.com\/wp-content\/uploads\/2025\/08\/Oleaia-Myrrh-Oil-1L-768x768.jpg",768,768,true],"large":["https:\/\/www.oleaia.com\/wp-content\/uploads\/2025\/08\/Oleaia-Myrrh-Oil-1L-1024x1024.jpg",1024,1024,true],"1536x1536":["https:\/\/www.oleaia.com\/wp-content\/uploads\/2025\/08\/Oleaia-Myrrh-Oil-1L-1536x1536.jpg",1536,1536,true],"2048x2048":["https:\/\/www.oleaia.com\/wp-content\/uploads\/2025\/08\/Oleaia-Myrrh-Oil-1L-2048x2048.jpg",2048,2048,true],"trp-custom-language-flag":["https:\/\/www.oleaia.com\/wp-content\/uploads\/2025\/08\/Oleaia-Myrrh-Oil-1L-12x12.jpg",12,12,true],"woocommerce_thumbnail":["https:\/\/www.oleaia.com\/wp-content\/uploads\/2025\/08\/Oleaia-Myrrh-Oil-1L-300x300.jpg",300,300,true],"woocommerce_single":["https:\/\/www.oleaia.com\/wp-content\/uploads\/2025\/08\/Oleaia-Myrrh-Oil-1L-600x600.jpg",600,600,true],"woocommerce_gallery_thumbnail":["https:\/\/www.oleaia.com\/wp-content\/uploads\/2025\/08\/Oleaia-Myrrh-Oil-1L-100x100.jpg",100,100,true]},"uagb_author_info":{"display_name":"admin","author_link":"https:\/\/www.oleaia.com\/lv\/author\/"},"uagb_comment_info":20,"uagb_excerpt":"Unmatched effectiveness for skin regeneration and deep spiritual grounding. Myrrh oil is the most effective natural solution for promoting skin renewal, enhancing the appearance of firmness, and supporting deep emotional balance. Revered since ancient times, it helps improve the look of mature or dry skin, refine texture, and contribute to a calmer, more centered state&hellip;","_links":{"self":[{"href":"https:\/\/www.oleaia.com\/lv\/wp-json\/wp\/v2\/product\/23587","targetHints":{"allow":["GET"]}}],"collection":[{"href":"https:\/\/www.oleaia.com\/lv\/wp-json\/wp\/v2\/product"}],"about":[{"href":"https:\/\/www.oleaia.com\/lv\/wp-json\/wp\/v2\/types\/product"}],"replies":[{"embeddable":true,"href":"https:\/\/www.oleaia.com\/lv\/wp-json\/wp\/v2\/comments?post=23587"}],"version-history":[{"count":3,"href":"https:\/\/www.oleaia.com\/lv\/wp-json\/wp\/v2\/product\/23587\/revisions"}],"predecessor-version":[{"id":81100,"href":"https:\/\/www.oleaia.com\/lv\/wp-json\/wp\/v2\/product\/23587\/revisions\/81100"}],"wp:featuredmedia":[{"embeddable":true,"href":"https:\/\/www.oleaia.com\/lv\/wp-json\/wp\/v2\/media\/23850"}],"wp:attachment":[{"href":"https:\/\/www.oleaia.com\/lv\/wp-json\/wp\/v2\/media?parent=23587"}],"wp:term":[{"taxonomy":"product_brand","embeddable":true,"href":"https:\/\/www.oleaia.com\/lv\/wp-json\/wp\/v2\/product_brand?post=23587"},{"taxonomy":"product_cat","embeddable":true,"href":"https:\/\/www.oleaia.com\/lv\/wp-json\/wp\/v2\/product_cat?post=23587"},{"taxonomy":"product_tag","embeddable":true,"href":"https:\/\/www.oleaia.com\/lv\/wp-json\/wp\/v2\/product_tag?post=23587"}],"curies":[{"name":"wp","href":"https:\/\/api.w.org\/{rel}","templated":true}]}}