{"id":23727,"date":"2025-08-12T11:02:41","date_gmt":"2025-08-12T09:02:41","guid":{"rendered":"https:\/\/www.oleaia.com\/?post_type=product&#038;p=23727"},"modified":"2026-03-27T12:49:51","modified_gmt":"2026-03-27T11:49:51","slug":"souk-oil","status":"publish","type":"product","link":"https:\/\/www.oleaia.com\/lv\/products\/souk-oil\/","title":{"rendered":"Souk e\u013c\u013ca - 1 litrs"},"content":{"rendered":"<p><strong><img decoding=\"async\" style=\"margin-right: 12px;\" src=\"https:\/\/www.oleaia.com\/wp-content\/uploads\/2026\/03\/Check.svg\" alt=\"\" width=\"18\" height=\"15\" \/>Nep\u0101rsp\u0113jama efektivit\u0101te saj\u016btu baud\u012b\u0161anai un ilgsto\u0161ai arom\u0101ta kl\u0101tb\u016btnei.<\/strong> Souk e\u013c\u013ca ir visefekt\u012bv\u0101kais dabiskais risin\u0101jums, lai rad\u012btu bag\u0101t\u012bgu, valdzino\u0161u arom\u0101tu, ko iedvesmoju\u0161i tradicion\u0101lie Tuvo Austrumu tirgi. T\u0101 ir rad\u012bta, lai apv\u012btu saj\u016btas, un, to past\u0101v\u012bgi lietojot, t\u0101 pastiprina person\u012bgo kl\u0101tb\u016btni, atst\u0101j palieko\u0161u iespaidu un veicina siltas, eksotiskas un greznas auras veido\u0161anos.<\/p>\n<p><strong><img decoding=\"async\" style=\"margin-right: 12px;\" src=\"https:\/\/www.oleaia.com\/wp-content\/uploads\/2026\/03\/Check.svg\" alt=\"\" width=\"18\" height=\"15\" \/>Visl\u0113t\u0101k\u0101 pieejam\u0101 premium klases souk e\u013c\u013ca.<\/strong> M\u0113s esam visl\u0113t\u0101kie tirg\u016b, vienlaikus saglab\u0101jot stingrus kvalit\u0101tes standartus, kas nodro\u0161ina izcilu v\u0113rt\u012bbu, nemazinot smar\u017eas dzi\u013cumu, sare\u017e\u0123\u012bt\u012bbu un ilgm\u016b\u017e\u012bbu. \u0160\u012b pieejam\u012bba \u013cauj souk e\u013c\u013cu izmantot ikdien\u0101 k\u0101 rakstur\u012bgo arom\u0101tu.<\/p>\n<p><strong><img decoding=\"async\" style=\"margin-right: 12px;\" src=\"https:\/\/www.oleaia.com\/wp-content\/uploads\/2026\/03\/Check.svg\" alt=\"\" width=\"18\" height=\"15\" \/>\u0100tra un uzticama pieg\u0101de 24 stundas diennakt\u012b.<\/strong> M\u0113s vienm\u0113r pied\u0101v\u0101jam pieg\u0101di 24 stundas diennakt\u012b, garant\u0113jot, ka souk e\u013c\u013ca tiek pieg\u0101d\u0101ta \u0101tri un efekt\u012bvi. \u0100tra pieg\u0101de nodro\u0161ina nep\u0101rtrauktu person\u012bg\u0101s smar\u017eas un dz\u012bvesveida rut\u012bnas nep\u0101rtraukt\u012bbu.<\/p>\n<p><strong><img decoding=\"async\" style=\"margin-right: 12px;\" src=\"https:\/\/www.oleaia.com\/wp-content\/uploads\/2026\/03\/Check.svg\" alt=\"\" width=\"18\" height=\"15\" \/>Naudas atmaksas garantija piln\u012bgai p\u0101rliec\u012bbai.<\/strong> M\u0113s pied\u0101v\u0101jam naudas atmaksas garantiju. Ja klients nav apmierin\u0101ts, m\u0113s vi\u0146am atmaks\u0101sim naudu. \u0160\u012b p\u0101rredzam\u0101 ap\u0146em\u0161an\u0101s atspogu\u013co p\u0101rliec\u012bbu par produkta kvalit\u0101ti un nodro\u0161ina piln\u012bgi bezriska pirkuma pieredzi.<\/p>\n<p><strong><img decoding=\"async\" style=\"margin-right: 12px;\" src=\"https:\/\/www.oleaia.com\/wp-content\/uploads\/2026\/03\/Check.svg\" alt=\"\" width=\"18\" height=\"15\" \/>Piln\u012bb\u0101 rad\u012bts autentiskai austrumu arom\u0101tu pieredzei.<\/strong> M\u016bsu souk e\u013c\u013ca ir r\u016bp\u012bgi izstr\u0101d\u0101ta, izmantojot augstas kvalit\u0101tes arom\u0101tisk\u0101s sast\u0101vda\u013cas, kas iedvesmoju\u0161\u0101s no tradicion\u0101l\u0101s parfim\u0113rijas. \u0160\u012b ap\u0146em\u0161an\u0101s nodro\u0161ina bag\u0101t\u012bgu, daudzsl\u0101\u0146ainu arom\u0101ta profilu, kas atbilst m\u016b\u017e\u012bg\u0101m smar\u017eu trad\u012bcij\u0101m.<\/p>\n<p><strong><img decoding=\"async\" style=\"margin-right: 12px;\" src=\"https:\/\/www.oleaia.com\/wp-content\/uploads\/2026\/03\/Check.svg\" alt=\"\" width=\"18\" height=\"15\" \/>Atbalsta siltu, juteklisku un eksotisku arom\u0101tu.<\/strong> Souk e\u013c\u013ca ir pla\u0161i iecien\u012bta t\u0101s dzi\u013c\u0101, visaptvero\u0161\u0101 arom\u0101ta d\u0113\u013c, kas bie\u017ei vien apvieno koksnes, pikant\u0101s, sve\u0137u un nedaudz sald\u0101s notis, kas atsauc atmi\u0146\u0101 tradicion\u0101los tirgus laukumus un luksusa smar\u017eas.<\/p>\n<p><strong><img decoding=\"async\" style=\"margin-right: 12px;\" src=\"https:\/\/www.oleaia.com\/wp-content\/uploads\/2026\/03\/Check.svg\" alt=\"\" width=\"18\" height=\"15\" \/>Veicina ilgsto\u0161u smar\u017eu bez spirta sausuma.<\/strong> T\u0101 k\u0101 smar\u017eas ir uz e\u013c\u013cas b\u0101zes, t\u0101s maigi piegu\u013c \u0101dai, nodro\u0161inot ilgsto\u0161u valk\u0101\u0161anu un maigu, main\u012bgu arom\u0101tu visas dienas garum\u0101.<\/p>\n<p><strong><img decoding=\"async\" style=\"margin-right: 12px;\" src=\"https:\/\/www.oleaia.com\/wp-content\/uploads\/2026\/03\/Check.svg\" alt=\"\" width=\"18\" height=\"15\" \/>Veicina person\u012bgo izpausmi un smar\u017eas identit\u0101ti.<\/strong> T\u0101s unik\u0101l\u0101 un sare\u017e\u0123\u012bt\u0101 kompoz\u012bcija \u013cauj izcelties un paust person\u012bbu ar smar\u017eu pal\u012bdz\u012bbu.<\/p>\n<p><strong><img decoding=\"async\" style=\"margin-right: 12px;\" src=\"https:\/\/www.oleaia.com\/wp-content\/uploads\/2026\/03\/Check.svg\" alt=\"\" width=\"18\" height=\"15\" \/>Palielina relaks\u0101ciju un emocion\u0101lo komfortu.<\/strong> Bag\u0101t\u012bgais arom\u0101ta profils pal\u012bdz rad\u012bt nomierino\u0161u un piezem\u0113jo\u0161u saj\u016btu.<\/p>\n<p><strong><img decoding=\"async\" style=\"margin-right: 12px;\" src=\"https:\/\/www.oleaia.com\/wp-content\/uploads\/2026\/03\/Check.svg\" alt=\"\" width=\"18\" height=\"15\" \/>Ide\u0101li piem\u0113rots sl\u0101\u0146o\u0161anai un smar\u017eu piel\u0101go\u0161anai.<\/strong> Souk e\u013c\u013cu var kombin\u0113t ar cit\u0101m e\u013c\u013c\u0101m vai smar\u017eviel\u0101m, lai rad\u012btu personaliz\u0113tu arom\u0101tu.<\/p>\n<p><strong><img decoding=\"async\" style=\"margin-right: 12px;\" src=\"https:\/\/www.oleaia.com\/wp-content\/uploads\/2026\/03\/Check.svg\" alt=\"\" width=\"18\" height=\"15\" \/>Atbalsta greznu un elegantu ikdienas rut\u012bnu.<\/strong> T\u0101 izsmalcin\u0101tais arom\u0101ts pie\u0161\u0137ir izsmalcin\u0101t\u012bbu gan ikdienas, gan form\u0101lam interjeram.<\/p>\n<p><strong><img decoding=\"async\" style=\"margin-right: 12px;\" src=\"https:\/\/www.oleaia.com\/wp-content\/uploads\/2026\/03\/Check.svg\" alt=\"\" width=\"18\" height=\"15\" \/>Ide\u0101li piem\u0113rots \u012bpa\u0161iem gad\u012bjumiem, vakara t\u0113rpiem un rakstur\u012bgam ikdienas arom\u0101tam.<\/strong> Souk e\u013c\u013ca ir \u012bpa\u0161i piem\u0113rota tiem, kas mekl\u0113 izteiksm\u012bgu un neaizmirstamu arom\u0101tu.<\/p>\n<p><strong><img decoding=\"async\" style=\"margin-right: 12px;\" src=\"https:\/\/www.oleaia.com\/wp-content\/uploads\/2026\/03\/Check.svg\" alt=\"\" width=\"18\" height=\"15\" \/>Daudzpus\u012bgi izmantojams pulsa punktiem, matu smar\u017eo\u0161anai un vieglai \u0137erme\u0146a smar\u017eo\u0161anai.<\/strong> Tas nevainojami iek\u013caujas person\u012bg\u0101s smar\u017eas rut\u012bn\u0101, radot smalku, bet iedarb\u012bgu kl\u0101tb\u016btni.<\/p>\n<p><strong><img decoding=\"async\" style=\"margin-right: 12px;\" src=\"https:\/\/www.oleaia.com\/wp-content\/uploads\/2026\/03\/Check.svg\" alt=\"\" width=\"18\" height=\"15\" \/>Jau bag\u0101tin\u0101ts ar barojo\u0161u e\u013c\u013cu, kas nodro\u0161ina vienm\u0113r\u012bgu uzkl\u0101\u0161anu un \u0101das komfortu.<\/strong> M\u016bsu souk e\u013c\u013ca jau ir bag\u0101tin\u0101ta ar barojo\u0161u e\u013c\u013cu, lai nodro\u0161in\u0101tu maigu uzkl\u0101\u0161anu, uzlabotu izkliedi un optim\u0101lu komfortu, vienlaikus uzlabojot smar\u017eas izplat\u012b\u0161anos.<\/p>\n<h2><strong>Instrukcijas<\/strong><\/h2>\n<ul>\n<li>Uzpiliniet 1 l\u012bdz 2 pilienus uz pulsa punktiem, piem\u0113ram, plaukstu loc\u012btav\u0101m, kakla vai aiz aus\u012bm.<\/li>\n<li>Lietojiet vienu vai divas reizes dien\u0101 atkar\u012bb\u0101 no v\u0113lam\u0101s smar\u017eas intensit\u0101tes.<\/li>\n<li>Lai nodro\u0161in\u0101tu ilgnotur\u012bg\u0101ku iedarb\u012bbu, uzkl\u0101jiet p\u0113c mitrin\u0101\u0161anas vai uz nedaudz mitras \u0101das.<\/li>\n<li>Matu smar\u017eai uzkl\u0101jiet \u013coti nelielu daudzumu uz matu galiem vai viegli uz sukas pirms matu veido\u0161anas.<\/li>\n<li>Ja nepiecie\u0161ams, viegli uzkl\u0101jiet atk\u0101rtoti visas dienas laik\u0101.<\/li>\n<li>Ieteicam\u0101 maksim\u0101l\u0101 dienas deva ir aptuveni 3 l\u012bdz 5 pilieni.<\/li>\n<li>Pirms pirm\u0101s lieto\u0161anas reizes veiciet pl\u0101kstera testu, lai nov\u0113rt\u0113tu sader\u012bbu ar \u0101du.<\/li>\n<li>Izvair\u012bties no saskares ar ac\u012bm un jut\u012bg\u0101m g\u013cot\u0101d\u0101m.<\/li>\n<li>Nelietojiet uz iekaisu\u0161as vai boj\u0101tas \u0101das.<\/li>\n<li>Uzglab\u0101t v\u0113s\u0101, saus\u0101 viet\u0101, prom no tie\u0161iem saules stariem, un p\u0113c katras lieto\u0161anas reizes pudel\u012bti cie\u0161i aizv\u0113rt.<\/li>\n<\/ul>","protected":false},"excerpt":{"rendered":"<p>Unmatched effectiveness for sensory indulgence and long-lasting aromatic presence. Souk oil is the most effective natural solution for creating a rich, captivating fragrance experience inspired by traditional Middle Eastern markets. Designed to envelop the senses, it enhances personal presence, leaves a lasting impression, and contributes to a warm, exotic, and luxurious aura with consistent use. [&hellip;]<\/p>\n","protected":false},"featured_media":23809,"comment_status":"open","ping_status":"closed","template":"","meta":{"_uag_custom_page_level_css":"","site-sidebar-layout":"default","site-content-layout":"","ast-site-content-layout":"default","site-content-style":"default","site-sidebar-style":"default","ast-global-header-display":"","ast-banner-title-visibility":"","ast-main-header-display":"","ast-hfb-above-header-display":"","ast-hfb-below-header-display":"","ast-hfb-mobile-header-display":"","site-post-title":"","ast-breadcrumbs-content":"","ast-featured-img":"","footer-sml-layout":"","ast-disable-related-posts":"","theme-transparent-header-meta":"default","adv-header-id-meta":"","stick-header-meta":"","header-above-stick-meta":"","header-main-stick-meta":"","header-below-stick-meta":"","astra-migrate-meta-layouts":"set","ast-page-background-enabled":"default","ast-page-background-meta":{"desktop":{"background-color":"var(--ast-global-color-4)","background-image":"","background-repeat":"repeat","background-position":"center center","background-size":"auto","background-attachment":"scroll","background-type":"","background-media":"","overlay-type":"","overlay-color":"","overlay-opacity":"","overlay-gradient":""},"tablet":{"background-color":"","background-image":"","background-repeat":"repeat","background-position":"center center","background-size":"auto","background-attachment":"scroll","background-type":"","background-media":"","overlay-type":"","overlay-color":"","overlay-opacity":"","overlay-gradient":""},"mobile":{"background-color":"","background-image":"","background-repeat":"repeat","background-position":"center center","background-size":"auto","background-attachment":"scroll","background-type":"","background-media":"","overlay-type":"","overlay-color":"","overlay-opacity":"","overlay-gradient":""}},"ast-content-background-meta":{"desktop":{"background-color":"var(--ast-global-color-5)","background-image":"","background-repeat":"repeat","background-position":"center center","background-size":"auto","background-attachment":"scroll","background-type":"","background-media":"","overlay-type":"","overlay-color":"","overlay-opacity":"","overlay-gradient":""},"tablet":{"background-color":"var(--ast-global-color-5)","background-image":"","background-repeat":"repeat","background-position":"center center","background-size":"auto","background-attachment":"scroll","background-type":"","background-media":"","overlay-type":"","overlay-color":"","overlay-opacity":"","overlay-gradient":""},"mobile":{"background-color":"var(--ast-global-color-5)","background-image":"","background-repeat":"repeat","background-position":"center center","background-size":"auto","background-attachment":"scroll","background-type":"","background-media":"","overlay-type":"","overlay-color":"","overlay-opacity":"","overlay-gradient":""}}},"product_brand":[],"product_cat":[15],"product_tag":[],"class_list":{"0":"post-23727","1":"product","2":"type-product","3":"status-publish","4":"has-post-thumbnail","6":"product_cat-shop","7":"desktop-align-left","8":"tablet-align-left","9":"mobile-align-left","11":"first","12":"instock","13":"shipping-taxable","14":"purchasable","15":"product-type-simple"},"spectra_custom_meta":{"_edit_lock":["1774612063:1"],"_edit_last":["1"],"merchant-center-availability":["yes"],"merchant-center-category":["6104"],"_thumbnail_id":["23809"],"_wp_page_template":["default"],"_sku":["OLSOUKOIL"],"_global_unique_id":["5056773822320"],"_regular_price":["29.90"],"total_sales":["0"],"_tax_status":["taxable"],"_tax_class":[""],"_manage_stock":["no"],"_backorders":["no"],"_sold_individually":["no"],"_weight":["1.3"],"_virtual":["no"],"_downloadable":["no"],"_download_limit":["-1"],"_download_expiry":["-1"],"_stock":[null],"_stock_status":["instock"],"_wc_average_rating":["5.00"],"_wc_review_count":["30"],"_product_version":["10.6.1"],"_price":["29.90"],"site-sidebar-layout":["default"],"ast-site-content-layout":["default"],"site-content-style":["default"],"site-sidebar-style":["default"],"theme-transparent-header-meta":["default"],"_wp_old_slug":["souk-oil-1-liter"],"_wc_rating_count":["a:1:{i:5;i:30;}"],"astra-migrate-meta-layouts":["set"],"_uag_css_file_name":["uag-css-23727.css"],"_elementor_page_assets":["a:0:{}"],"_uag_page_assets":["a:9:{s:3:\"css\";s:7156:\".uag-blocks-common-selector{z-index:var(--z-index-desktop) !important}@media (max-width: 976px){.uag-blocks-common-selector{z-index:var(--z-index-tablet) !important}}@media (max-width: 767px){.uag-blocks-common-selector{z-index:var(--z-index-mobile) !important}}\n.wp-block-uagb-image{display:flex}.wp-block-uagb-image__figure{position:relative;display:flex;flex-direction:column;max-width:100%;height:auto;margin:0}.wp-block-uagb-image__figure img{height:auto;display:flex;max-width:100%;transition:box-shadow 0.2s ease}.wp-block-uagb-image__figure>a{display:inline-block}.wp-block-uagb-image__figure figcaption{text-align:center;margin-top:0.5em;margin-bottom:1em}.wp-block-uagb-image .components-placeholder.block-editor-media-placeholder .components-placeholder__instructions{align-self:center}.wp-block-uagb-image--align-left{text-align:left}.wp-block-uagb-image--align-right{text-align:right}.wp-block-uagb-image--align-center{text-align:center}.wp-block-uagb-image--align-full .wp-block-uagb-image__figure{margin-left:calc(50% - 50vw);margin-right:calc(50% - 50vw);max-width:100vw;width:100vw;height:auto}.wp-block-uagb-image--align-full .wp-block-uagb-image__figure img{height:auto;width:100% !important}.wp-block-uagb-image--align-wide .wp-block-uagb-image__figure img{height:auto;width:100%}.wp-block-uagb-image--layout-overlay__color-wrapper{position:absolute;left:0;top:0;right:0;bottom:0;opacity:0.2;background:rgba(0,0,0,0.5);transition:opacity 0.35s ease-in-out}.wp-block-uagb-image--layout-overlay-link{position:absolute;left:0;right:0;bottom:0;top:0}.wp-block-uagb-image--layout-overlay .wp-block-uagb-image__figure:hover .wp-block-uagb-image--layout-overlay__color-wrapper{opacity:1}.wp-block-uagb-image--layout-overlay__inner{position:absolute;left:15px;right:15px;bottom:15px;top:15px;display:flex;align-items:center;justify-content:center;flex-direction:column;border-color:#fff;transition:0.35s ease-in-out}.wp-block-uagb-image--layout-overlay__inner.top-left,.wp-block-uagb-image--layout-overlay__inner.top-center,.wp-block-uagb-image--layout-overlay__inner.top-right{justify-content:flex-start}.wp-block-uagb-image--layout-overlay__inner.bottom-left,.wp-block-uagb-image--layout-overlay__inner.bottom-center,.wp-block-uagb-image--layout-overlay__inner.bottom-right{justify-content:flex-end}.wp-block-uagb-image--layout-overlay__inner.top-left,.wp-block-uagb-image--layout-overlay__inner.center-left,.wp-block-uagb-image--layout-overlay__inner.bottom-left{align-items:flex-start}.wp-block-uagb-image--layout-overlay__inner.top-right,.wp-block-uagb-image--layout-overlay__inner.center-right,.wp-block-uagb-image--layout-overlay__inner.bottom-right{align-items:flex-end}.wp-block-uagb-image--layout-overlay__inner .uagb-image-heading{color:#fff;transition:transform 0.35s, opacity 0.35s ease-in-out;transform:translate3d(0, 24px, 0);margin:0;line-height:1em}.wp-block-uagb-image--layout-overlay__inner .uagb-image-separator{width:30%;border-top-width:2px;border-top-color:#fff;border-top-style:solid;margin-bottom:10px;opacity:0;transition:transform 0.4s, opacity 0.4s ease-in-out;transform:translate3d(0, 30px, 0)}.wp-block-uagb-image--layout-overlay__inner .uagb-image-caption{opacity:0;overflow:visible;color:#fff;transition:transform 0.45s, opacity 0.45s ease-in-out;transform:translate3d(0, 35px, 0)}.wp-block-uagb-image--layout-overlay__inner:hover .uagb-image-heading,.wp-block-uagb-image--layout-overlay__inner:hover .uagb-image-separator,.wp-block-uagb-image--layout-overlay__inner:hover .uagb-image-caption{opacity:1;transform:translate3d(0, 0, 0)}.wp-block-uagb-image--effect-zoomin .wp-block-uagb-image__figure img,.wp-block-uagb-image--effect-zoomin .wp-block-uagb-image__figure .wp-block-uagb-image--layout-overlay__color-wrapper{transform:scale(1);transition:transform 0.35s ease-in-out}.wp-block-uagb-image--effect-zoomin .wp-block-uagb-image__figure:hover img,.wp-block-uagb-image--effect-zoomin .wp-block-uagb-image__figure:hover .wp-block-uagb-image--layout-overlay__color-wrapper{transform:scale(1.05)}.wp-block-uagb-image--effect-slide .wp-block-uagb-image__figure img,.wp-block-uagb-image--effect-slide .wp-block-uagb-image__figure .wp-block-uagb-image--layout-overlay__color-wrapper{width:calc(100% + 40px) !important;max-width:none !important;transform:translate3d(-40px, 0, 0);transition:transform 0.35s ease-in-out}.wp-block-uagb-image--effect-slide .wp-block-uagb-image__figure:hover img,.wp-block-uagb-image--effect-slide .wp-block-uagb-image__figure:hover .wp-block-uagb-image--layout-overlay__color-wrapper{transform:translate3d(0, 0, 0)}.wp-block-uagb-image--effect-grayscale img{filter:grayscale(0%);transition:0.35s ease-in-out}.wp-block-uagb-image--effect-grayscale:hover img{filter:grayscale(100%)}.wp-block-uagb-image--effect-blur img{filter:blur(0);transition:0.35s ease-in-out}.wp-block-uagb-image--effect-blur:hover img{filter:blur(3px)}\n.uagb-block-e6f939b3.wp-block-uagb-image--layout-default figure img{box-shadow: 0px 0px 0 #00000070;}.uagb-block-e6f939b3.wp-block-uagb-image .wp-block-uagb-image__figure figcaption{font-style: normal;align-self: center;}.uagb-block-e6f939b3.wp-block-uagb-image--layout-overlay figure img{box-shadow: 0px 0px 0 #00000070;}.uagb-block-e6f939b3.wp-block-uagb-image--layout-overlay .wp-block-uagb-image--layout-overlay__color-wrapper{opacity: 0.2;}.uagb-block-e6f939b3.wp-block-uagb-image--layout-overlay .wp-block-uagb-image--layout-overlay__inner{left: 15px;right: 15px;top: 15px;bottom: 15px;}.uagb-block-e6f939b3.wp-block-uagb-image--layout-overlay .wp-block-uagb-image--layout-overlay__inner .uagb-image-heading{font-style: normal;color: #fff;opacity: 1;}.uagb-block-e6f939b3.wp-block-uagb-image--layout-overlay .wp-block-uagb-image--layout-overlay__inner .uagb-image-heading a{color: #fff;}.uagb-block-e6f939b3.wp-block-uagb-image--layout-overlay .wp-block-uagb-image--layout-overlay__inner .uagb-image-caption{opacity: 0;}.uagb-block-e6f939b3.wp-block-uagb-image--layout-overlay .wp-block-uagb-image__figure:hover .wp-block-uagb-image--layout-overlay__color-wrapper{opacity: 1;}.uagb-block-e6f939b3.wp-block-uagb-image .wp-block-uagb-image--layout-overlay__inner .uagb-image-separator{width: 30%;border-top-width: 2px;border-top-color: #fff;opacity: 0;}.uagb-block-e6f939b3.wp-block-uagb-image .wp-block-uagb-image__figure img{width: px;height: auto;}.uagb-block-e6f939b3.wp-block-uagb-image .wp-block-uagb-image__figure:hover .wp-block-uagb-image--layout-overlay__inner .uagb-image-caption{opacity: 1;}.uagb-block-e6f939b3.wp-block-uagb-image .wp-block-uagb-image__figure:hover .wp-block-uagb-image--layout-overlay__inner .uagb-image-separator{opacity: 1;}.uagb-block-e6f939b3.wp-block-uagb-image--layout-default figure:hover img{box-shadow: 0px 0px 0 #00000070;}.uagb-block-e6f939b3.wp-block-uagb-image--layout-overlay figure:hover img{box-shadow: 0px 0px 0 #00000070;}@media only screen and (max-width: 976px) {.uagb-block-e6f939b3.wp-block-uagb-image .wp-block-uagb-image__figure img{width: px;height: auto;}}@media only screen and (max-width: 767px) {.uagb-block-e6f939b3.wp-block-uagb-image .wp-block-uagb-image__figure img{width: px;height: auto;}}\";s:2:\"js\";s:0:\"\";s:18:\"current_block_list\";a:13:{i:0;s:11:\"core\/search\";i:1;s:10:\"core\/group\";i:2;s:12:\"core\/heading\";i:3;s:17:\"core\/latest-posts\";i:4;s:20:\"core\/latest-comments\";i:5;s:13:\"core\/archives\";i:6;s:15:\"core\/categories\";i:7;s:14:\"core\/paragraph\";i:8;s:10:\"uagb\/image\";i:9;s:11:\"core\/spacer\";i:10;s:30:\"woocommerce\/product-categories\";i:11;s:10:\"core\/image\";i:12;s:14:\"core\/shortcode\";}s:8:\"uag_flag\";b:1;s:11:\"uag_version\";s:10:\"1776347713\";s:6:\"gfonts\";a:0:{}s:10:\"gfonts_url\";s:0:\"\";s:12:\"gfonts_files\";a:0:{}s:14:\"uag_faq_layout\";b:0;}"]},"uagb_featured_image_src":{"full":["https:\/\/www.oleaia.com\/wp-content\/uploads\/2025\/08\/Oleaia-Souk-Oil-1L.jpg",2560,2560,false],"thumbnail":["https:\/\/www.oleaia.com\/wp-content\/uploads\/2025\/08\/Oleaia-Souk-Oil-1L-150x150.jpg",150,150,true],"medium":["https:\/\/www.oleaia.com\/wp-content\/uploads\/2025\/08\/Oleaia-Souk-Oil-1L-300x300.jpg",300,300,true],"medium_large":["https:\/\/www.oleaia.com\/wp-content\/uploads\/2025\/08\/Oleaia-Souk-Oil-1L-768x768.jpg",768,768,true],"large":["https:\/\/www.oleaia.com\/wp-content\/uploads\/2025\/08\/Oleaia-Souk-Oil-1L-1024x1024.jpg",1024,1024,true],"1536x1536":["https:\/\/www.oleaia.com\/wp-content\/uploads\/2025\/08\/Oleaia-Souk-Oil-1L-1536x1536.jpg",1536,1536,true],"2048x2048":["https:\/\/www.oleaia.com\/wp-content\/uploads\/2025\/08\/Oleaia-Souk-Oil-1L-2048x2048.jpg",2048,2048,true],"trp-custom-language-flag":["https:\/\/www.oleaia.com\/wp-content\/uploads\/2025\/08\/Oleaia-Souk-Oil-1L-12x12.jpg",12,12,true],"woocommerce_thumbnail":["https:\/\/www.oleaia.com\/wp-content\/uploads\/2025\/08\/Oleaia-Souk-Oil-1L-300x300.jpg",300,300,true],"woocommerce_single":["https:\/\/www.oleaia.com\/wp-content\/uploads\/2025\/08\/Oleaia-Souk-Oil-1L-600x600.jpg",600,600,true],"woocommerce_gallery_thumbnail":["https:\/\/www.oleaia.com\/wp-content\/uploads\/2025\/08\/Oleaia-Souk-Oil-1L-100x100.jpg",100,100,true]},"uagb_author_info":{"display_name":"admin","author_link":"https:\/\/www.oleaia.com\/lv\/author\/"},"uagb_comment_info":30,"uagb_excerpt":"Unmatched effectiveness for sensory indulgence and long-lasting aromatic presence. Souk oil is the most effective natural solution for creating a rich, captivating fragrance experience inspired by traditional Middle Eastern markets. Designed to envelop the senses, it enhances personal presence, leaves a lasting impression, and contributes to a warm, exotic, and luxurious aura with consistent use.&hellip;","_links":{"self":[{"href":"https:\/\/www.oleaia.com\/lv\/wp-json\/wp\/v2\/product\/23727","targetHints":{"allow":["GET"]}}],"collection":[{"href":"https:\/\/www.oleaia.com\/lv\/wp-json\/wp\/v2\/product"}],"about":[{"href":"https:\/\/www.oleaia.com\/lv\/wp-json\/wp\/v2\/types\/product"}],"replies":[{"embeddable":true,"href":"https:\/\/www.oleaia.com\/lv\/wp-json\/wp\/v2\/comments?post=23727"}],"version-history":[{"count":3,"href":"https:\/\/www.oleaia.com\/lv\/wp-json\/wp\/v2\/product\/23727\/revisions"}],"predecessor-version":[{"id":81267,"href":"https:\/\/www.oleaia.com\/lv\/wp-json\/wp\/v2\/product\/23727\/revisions\/81267"}],"wp:featuredmedia":[{"embeddable":true,"href":"https:\/\/www.oleaia.com\/lv\/wp-json\/wp\/v2\/media\/23809"}],"wp:attachment":[{"href":"https:\/\/www.oleaia.com\/lv\/wp-json\/wp\/v2\/media?parent=23727"}],"wp:term":[{"taxonomy":"product_brand","embeddable":true,"href":"https:\/\/www.oleaia.com\/lv\/wp-json\/wp\/v2\/product_brand?post=23727"},{"taxonomy":"product_cat","embeddable":true,"href":"https:\/\/www.oleaia.com\/lv\/wp-json\/wp\/v2\/product_cat?post=23727"},{"taxonomy":"product_tag","embeddable":true,"href":"https:\/\/www.oleaia.com\/lv\/wp-json\/wp\/v2\/product_tag?post=23727"}],"curies":[{"name":"wp","href":"https:\/\/api.w.org\/{rel}","templated":true}]}}