{"id":121,"date":"2025-04-11T06:36:34","date_gmt":"2025-04-11T04:36:34","guid":{"rendered":"https:\/\/www.stoprodent.com\/?page_id=121"},"modified":"2025-07-18T16:46:05","modified_gmt":"2025-07-18T14:46:05","slug":"terms-of-sale","status":"publish","type":"page","link":"https:\/\/www.oleaia.com\/no\/terms-of-sale\/","title":{"rendered":"Vilk\u00e5r for salg"},"content":{"rendered":"<p>Disse salgsbetingelsene inng\u00e5s p\u00e5 den ene siden av selskapet Oleaia LLC med en aksjekapital p\u00e5 100 000 USD med hovedkontor p\u00e5 213 N Market Street #1042, Wilmington, DE 19801, USA, registrert i handelsregisteret i Delaware under nummeret 10141920 og administrerer nettstedet, og p\u00e5 den annen side av enhver juridisk person som \u00f8nsker \u00e5 foreta et kj\u00f8p via nettstedet, heretter kalt \"kj\u00f8peren\".<br><br><strong>Artikkel 1. Form\u00e5l<\/strong><\/p>\n\n\n\n<p>Disse salgsbetingelsene er ment \u00e5 definere kontraktsforholdet mellom Oleaia LLC og kj\u00f8peren og vilk\u00e5rene som gjelder for ethvert kj\u00f8p som gj\u00f8res via dette nettstedet. Anskaffelse av et produkt gjennom dette nettstedet inneb\u00e6rer uforbeholden aksept av kj\u00f8peren av disse salgsbetingelsene, som kj\u00f8peren erkjenner \u00e5 ha lest f\u00f8r bestillingen. F\u00f8r enhver transaksjon erkl\u00e6rer kj\u00f8peren p\u00e5 den ene siden at kj\u00f8pet av produkter p\u00e5 nettstedet er direkte relatert til hans profesjonelle aktivitet og \u00e5 v\u00e6re registrert for moms og p\u00e5 den annen side \u00e5 ha full juridisk kapasitet, noe som gj\u00f8r det mulig \u00e5 engasjere seg under de n\u00e5v\u00e6rende generelle salgsbetingelsene.<\/p>\n\n\n\n<p>Selskapet Oleaia LLC forbeholder seg muligheten til \u00e5 endre disse salgsbetingelsene n\u00e5r som helst, for \u00e5 overholde eventuelle nye forskrifter eller for \u00e5 forbedre bruken av nettstedet. Derfor vil de gjeldende vilk\u00e5rene v\u00e6re de som gjelder p\u00e5 datoen for bestillingen av kj\u00f8peren.<\/p>\n\n\n\n<p><strong>Artikkel 2. Produkter<\/strong><\/p>\n\n\n\n<p>Produktene som tilbys er de som vises p\u00e5 nettstedet til selskapet Oleaia LLC innenfor rammen av tilgjengelige lagre. Oleaia LLC forbeholder seg retten til n\u00e5r som helst \u00e5 endre produktsortimentet. Hvert produkt presenteres p\u00e5 nettstedet i form av en beskrivelse som inneholder de viktigste tekniske egenskapene (kapasitet, bruk, sammensetning osv.). Fotografiene er s\u00e5 n\u00f8yaktige som mulig, men forplikter ikke selgeren p\u00e5 noen m\u00e5te. Salget av produktene som presenteres p\u00e5 nettstedet er beregnet p\u00e5 alle kj\u00f8pere som er bosatt i land som fullt ut autoriserer innreise til deres territorium av disse produktene.<br><br><strong>Artikkel 3. Satser<\/strong><\/p>\n\n\n\n<p>Prisene som vises p\u00e5 arkene som er produsert i internettkatalogen er priser i lokal valuta, alle skatter inkludert. Oleaia LLC forbeholder seg retten til n\u00e5r som helst \u00e5 endre prisene, men det er imidlertid underforst\u00e5tt at prisen som vises i katalogen p\u00e5 bestillingsdagen vil v\u00e6re den eneste som gjelder for kj\u00f8peren. De angitte prisene inkluderer ikke leveringskostnader, fakturert i tillegg til prisen p\u00e5 de kj\u00f8pte produktene, beregnet i henhold til den totale vekten av bestillingen.<br><br><strong>Artikkel 4. Bestilling og betalingsbetingelser<\/strong><\/p>\n\n\n\n<p>F\u00f8r hver bestilling har kj\u00f8peren mulighet til \u00e5 opprette en konto. Seksjonen for opprettelse av konto er tilgjengelig direkte fra menylinjen p\u00e5 siden. Ved hvert bes\u00f8k m\u00e5 kj\u00f8peren, hvis han \u00f8nsker \u00e5 bestille eller konsultere kontoen sin (ordrestatus, profil osv.), Identifisere seg ved hjelp av denne informasjonen. Selskapet Oleaia LLC tilbyr kj\u00f8peren \u00e5 bestille og betale for produktene sine i flere trinn, med 3 betalingsalternativer \u00e5 velge mellom :<\/p>\n\n\n\n<p><strong>Betaling via bankoverf\u00f8ring :<\/strong>\u00a0kj\u00f8peren m\u00e5 kontakte Oleaia LLC via e-post for \u00e5 be om et tilbud. Det er n\u00f8dvendig at han kommuniserer produktene han \u00f8nsker \u00e5 bestille, transport\u00f8ren han \u00f8nsker \u00e5 velge, e-postadressen og telefonnummeret samt leverings- og faktureringsadressen. Etter \u00e5 ha sendt foresp\u00f8rselen, f\u00e5r han et tilbud med kontaktinformasjonen til selskapet Oleaia LLC. Overf\u00f8ringen m\u00e5 gj\u00f8res innen 30 dager, og det totale bel\u00f8pet m\u00e5 ankomme kontoen til Oleaia LLC uten bankgebyrer. Det er opp til kj\u00f8peren \u00e5 betale eventuelle bankgebyrer knyttet til overf\u00f8ringen. F\u00f8rst n\u00e5r bel\u00f8pet har kommet inn p\u00e5 kontoen til Oleaia LLC, vil sistnevnte behandle bestillingen.<\/p>\n\n\n\n<p><strong>Sikker betaling med kredittkort (via Stripe-systemet) :<\/strong>\u00a0kj\u00f8peren velger produktene han \u00f8nsker \u00e5 bestille i \"kurven\", endrer om n\u00f8dvendig (mengder, referanser osv.), sjekker leveringsadressen eller skriver inn en ny . Deretter beregnes fraktkostnadene og sendes til kj\u00f8peren, samt navnet p\u00e5 transport\u00f8ren og den veiledende leveringstiden. Deretter g\u00e5r kj\u00f8peren videre til betaling. Til slutt blir kj\u00f8peren omdirigert til det sikre Stripe-grensesnittet for \u00e5 legge inn bankkortreferansene sine p\u00e5 en sikker m\u00e5te. Hvis betalingen aksepteres, registreres bestillingen, og kontrakten er endelig inng\u00e5tt. Betaling med kredittkort er ugjenkallelig.<br><br>Bekreftelse av en bestilling inneb\u00e6rer aksept av disse salgsbetingelsene, anerkjennelse av \u00e5 ha full kjennskap til dem og avst\u00e5else fra \u00e5 benytte seg av sine egne kj\u00f8psbetingelser. Alle oppgitte data og den registrerte bekreftelsen vil utgj\u00f8re bevis p\u00e5 transaksjonen. Hvis kj\u00f8peren har en e-postadresse og hvis han har oppgitt den p\u00e5 bestillingsskjemaet, vil selskapet Oleaia LLC sende ham en e-postbekreftelse p\u00e5 registreringen av bestillingen.<br><br>Hvis kj\u00f8peren \u00f8nsker \u00e5 kontakte Oleaia LLC, kan han gj\u00f8re det enten per post til f\u00f8lgende adresse: Oleaia LLC, 213 N Market Street #1042, Wilmington, DE 198013, United States of America; enten via e-post p\u00e5 f\u00f8lgende adresse: contact@oleaia.com<br><br><strong>Artikkel 5. Forbehold av eiendomsrett<\/strong><\/p>\n\n\n\n<p>Oleaia LLC beholder fullt og fullstendig eierskap til de solgte produktene inntil full betaling av prisen, i hovedstol, inkludert kostnader og skatter.<\/p>\n\n\n\n<p><strong>Artikkel 6. Tilbaketrekking<\/strong><\/p>\n\n\n\n<p>Kj\u00f8peren har en frist p\u00e5 tretti virkedager fra levering av bestillingen til \u00e5 ut\u00f8ve angreretten og dermed returnere produktet til selgeren for bytte eller refusjon uten straff.<br><strong><br>Artikkel 7. Levering<br><\/strong><br>Leveranser skjer til adressen som er angitt p\u00e5 bestillingsskjemaet, som bare kan v\u00e6re i det avtalte geografiske omr\u00e5det. Bestillinger gj\u00f8res av transport\u00f8ren som er valgt p\u00e5 bestillingstidspunktet, leveringstjenesten er med sporing og levering uten signatur. Leveringstider er kun gitt som en indikasjon; hvis disse overstiger tretti dager fra bestillingen, kan salgskontrakten avsluttes og kj\u00f8peren refunderes. Oleaia LLC vil gi kj\u00f8peren sporingsnummeret for pakken via e-post. Kj\u00f8peren blir levert hjem til sitt hjem av sin leverand\u00f8r. I tilfelle kj\u00f8perens frav\u00e6r vil han motta et leveringsvarsel fra postbudet, som gj\u00f8r det mulig for ham \u00e5 planlegge leveransen av de bestilte produktene p\u00e5 nytt, i en periode som er angitt av leveringstjenestene. Transportrisiko er kj\u00f8perens ansvar fra det tidspunktet varene forlater lokalene til Oleaia LLC. Kj\u00f8peren er p\u00e5lagt \u00e5 sjekke, i n\u00e6rv\u00e6r av leveringspersonen, tilstanden til emballasjen til varene og dens innhold ved levering. I tilfelle skade under transport, m\u00e5 eventuelle protester fremsettes til transport\u00f8ren innen tre dager etter levering.<br><br><strong>Artikkel 8. Garanti<br><\/strong><br>Alle produkter levert av Oleaia LLC er garantert. I tilfelle manglende overholdelse av et solgt produkt, kan det returneres til selskapet Oleaia LLC som vil ta det tilbake, bytte det eller refundere det. Alle klager, foresp\u00f8rsler om bytte eller refusjon m\u00e5 sendes per post til f\u00f8lgende adresse: Oleaia LLC, 213 N Market Street #1042, Wilmington, DE 19801, USA, innen tretti dager etter levering.<br><br><strong>Artikkel 9. Ansvar<\/strong><\/p>\n\n\n\n<p>Oleaia LLC i fjernsalgsprosessen er bare bundet av en forpliktelse til midler. Det kan ikke holdes ansvarlig for skader som f\u00f8lge av bruk av Internett-nettverket, for eksempel tap av data, inntrenging, virus, avbrudd i tjenesten eller andre ufrivillige problemer.<br><br><strong>Artikkel 10. Intellektuell eiendom<br><\/strong><br>Alle elementene p\u00e5 nettstedet er og forblir den eksklusive immaterielle eiendommen til selskapet Oleaia LLC. form av foto, logo, visuell eller tekst.<br><br><strong>Artikkel 11. Personopplysninger<\/strong><br><br>Oleaia LLC forplikter seg til \u00e5 bevare konfidensialiteten til informasjonen som kj\u00f8peren gir, som han m\u00e5tte overf\u00f8re for bruk av visse tjenester. Internett-brukeren har rett til \u00e5 f\u00e5 tilgang til, endre og slette informasjon om ham. Han kan n\u00e5r som helst be om det via post til f\u00f8lgende adresse: Oleaia LLC, 213 N Market Street #1042, Wilmington, DE 19801, USA.<\/p>\n\n\n\n<p><strong>Artikkel 12. Bileggelse av tvister<\/strong><\/p>\n\n\n\n<p>Disse fjernsalgsbetingelsene er underlagt gjeldende lov i USA. For alle tvister eller tvister vil den kompetente domstolen v\u00e6re den i Wilmington.<\/p>\n\n\n\n<p><strong>Artikkel 13. Kontaktopplysninger<\/strong><\/p>\n\n\n\n<p>Oleaia LLC<br>213 N Market Street #1042,<br>Wilmington, DE 19801<br>Amerikas forente stater<\/p>","protected":false},"excerpt":{"rendered":"<p>These conditions of sale are concluded on the one hand by the company Oleaia LLC with a share capital of 100,000 USD whose head office is located at 213 N Market Street #1042, Wilmington, DE 19801, United States of America, registered in the Commercial Register of Delaware under the number 10141920 and managing the website [&hellip;]<\/p>\n","protected":false},"author":1,"featured_media":0,"parent":0,"menu_order":0,"comment_status":"closed","ping_status":"closed","template":"","meta":{"_uag_custom_page_level_css":"","site-sidebar-layout":"default","site-content-layout":"","ast-site-content-layout":"default","site-content-style":"default","site-sidebar-style":"default","ast-global-header-display":"","ast-banner-title-visibility":"","ast-main-header-display":"","ast-hfb-above-header-display":"","ast-hfb-below-header-display":"","ast-hfb-mobile-header-display":"","site-post-title":"","ast-breadcrumbs-content":"","ast-featured-img":"","footer-sml-layout":"","ast-disable-related-posts":"","theme-transparent-header-meta":"","adv-header-id-meta":"","stick-header-meta":"","header-above-stick-meta":"","header-main-stick-meta":"","header-below-stick-meta":"","astra-migrate-meta-layouts":"set","ast-page-background-enabled":"default","ast-page-background-meta":{"desktop":{"background-color":"var(--ast-global-color-4)","background-image":"","background-repeat":"repeat","background-position":"center center","background-size":"auto","background-attachment":"scroll","background-type":"","background-media":"","overlay-type":"","overlay-color":"","overlay-opacity":"","overlay-gradient":""},"tablet":{"background-color":"","background-image":"","background-repeat":"repeat","background-position":"center center","background-size":"auto","background-attachment":"scroll","background-type":"","background-media":"","overlay-type":"","overlay-color":"","overlay-opacity":"","overlay-gradient":""},"mobile":{"background-color":"","background-image":"","background-repeat":"repeat","background-position":"center center","background-size":"auto","background-attachment":"scroll","background-type":"","background-media":"","overlay-type":"","overlay-color":"","overlay-opacity":"","overlay-gradient":""}},"ast-content-background-meta":{"desktop":{"background-color":"var(--ast-global-color-5)","background-image":"","background-repeat":"repeat","background-position":"center center","background-size":"auto","background-attachment":"scroll","background-type":"","background-media":"","overlay-type":"","overlay-color":"","overlay-opacity":"","overlay-gradient":""},"tablet":{"background-color":"var(--ast-global-color-5)","background-image":"","background-repeat":"repeat","background-position":"center center","background-size":"auto","background-attachment":"scroll","background-type":"","background-media":"","overlay-type":"","overlay-color":"","overlay-opacity":"","overlay-gradient":""},"mobile":{"background-color":"var(--ast-global-color-5)","background-image":"","background-repeat":"repeat","background-position":"center center","background-size":"auto","background-attachment":"scroll","background-type":"","background-media":"","overlay-type":"","overlay-color":"","overlay-opacity":"","overlay-gradient":""}},"footnotes":""},"class_list":["post-121","page","type-page","status-publish","hentry"],"spectra_custom_meta":{"_edit_lock":["1752849969:1"],"_wpml_word_count":["1376"],"_edit_last":["1"],"_wpml_media_duplicate":["1"],"_wpml_media_featured":["1"],"rank_math_news_sitemap_robots":["index"],"rank_math_robots":["a:1:{i:0;s:5:\"index\";}"],"_uag_custom_page_level_css":[""],"site-sidebar-layout":["default"],"site-content-layout":[""],"ast-site-content-layout":["default"],"site-content-style":["default"],"site-sidebar-style":["default"],"ast-global-header-display":[""],"ast-banner-title-visibility":[""],"ast-main-header-display":[""],"ast-hfb-above-header-display":[""],"ast-hfb-below-header-display":[""],"ast-hfb-mobile-header-display":[""],"site-post-title":[""],"ast-breadcrumbs-content":[""],"ast-featured-img":[""],"footer-sml-layout":[""],"theme-transparent-header-meta":[""],"adv-header-id-meta":[""],"stick-header-meta":[""],"header-above-stick-meta":[""],"header-main-stick-meta":[""],"header-below-stick-meta":[""],"astra-migrate-meta-layouts":["set"],"ast-page-background-enabled":["default"],"ast-page-background-meta":["a:3:{s:7:\"desktop\";a:12:{s:16:\"background-color\";s:25:\"var(--ast-global-color-4)\";s:16:\"background-image\";s:0:\"\";s:17:\"background-repeat\";s:6:\"repeat\";s:19:\"background-position\";s:13:\"center center\";s:15:\"background-size\";s:4:\"auto\";s:21:\"background-attachment\";s:6:\"scroll\";s:15:\"background-type\";s:0:\"\";s:16:\"background-media\";s:0:\"\";s:12:\"overlay-type\";s:0:\"\";s:13:\"overlay-color\";s:0:\"\";s:15:\"overlay-opacity\";s:0:\"\";s:16:\"overlay-gradient\";s:0:\"\";}s:6:\"tablet\";a:12:{s:16:\"background-color\";s:0:\"\";s:16:\"background-image\";s:0:\"\";s:17:\"background-repeat\";s:6:\"repeat\";s:19:\"background-position\";s:13:\"center center\";s:15:\"background-size\";s:4:\"auto\";s:21:\"background-attachment\";s:6:\"scroll\";s:15:\"background-type\";s:0:\"\";s:16:\"background-media\";s:0:\"\";s:12:\"overlay-type\";s:0:\"\";s:13:\"overlay-color\";s:0:\"\";s:15:\"overlay-opacity\";s:0:\"\";s:16:\"overlay-gradient\";s:0:\"\";}s:6:\"mobile\";a:12:{s:16:\"background-color\";s:0:\"\";s:16:\"background-image\";s:0:\"\";s:17:\"background-repeat\";s:6:\"repeat\";s:19:\"background-position\";s:13:\"center center\";s:15:\"background-size\";s:4:\"auto\";s:21:\"background-attachment\";s:6:\"scroll\";s:15:\"background-type\";s:0:\"\";s:16:\"background-media\";s:0:\"\";s:12:\"overlay-type\";s:0:\"\";s:13:\"overlay-color\";s:0:\"\";s:15:\"overlay-opacity\";s:0:\"\";s:16:\"overlay-gradient\";s:0:\"\";}}"],"ast-content-background-meta":["a:3:{s:7:\"desktop\";a:12:{s:16:\"background-color\";s:25:\"var(--ast-global-color-5)\";s:16:\"background-image\";s:0:\"\";s:17:\"background-repeat\";s:6:\"repeat\";s:19:\"background-position\";s:13:\"center center\";s:15:\"background-size\";s:4:\"auto\";s:21:\"background-attachment\";s:6:\"scroll\";s:15:\"background-type\";s:0:\"\";s:16:\"background-media\";s:0:\"\";s:12:\"overlay-type\";s:0:\"\";s:13:\"overlay-color\";s:0:\"\";s:15:\"overlay-opacity\";s:0:\"\";s:16:\"overlay-gradient\";s:0:\"\";}s:6:\"tablet\";a:12:{s:16:\"background-color\";s:25:\"var(--ast-global-color-5)\";s:16:\"background-image\";s:0:\"\";s:17:\"background-repeat\";s:6:\"repeat\";s:19:\"background-position\";s:13:\"center center\";s:15:\"background-size\";s:4:\"auto\";s:21:\"background-attachment\";s:6:\"scroll\";s:15:\"background-type\";s:0:\"\";s:16:\"background-media\";s:0:\"\";s:12:\"overlay-type\";s:0:\"\";s:13:\"overlay-color\";s:0:\"\";s:15:\"overlay-opacity\";s:0:\"\";s:16:\"overlay-gradient\";s:0:\"\";}s:6:\"mobile\";a:12:{s:16:\"background-color\";s:25:\"var(--ast-global-color-5)\";s:16:\"background-image\";s:0:\"\";s:17:\"background-repeat\";s:6:\"repeat\";s:19:\"background-position\";s:13:\"center center\";s:15:\"background-size\";s:4:\"auto\";s:21:\"background-attachment\";s:6:\"scroll\";s:15:\"background-type\";s:0:\"\";s:16:\"background-media\";s:0:\"\";s:12:\"overlay-type\";s:0:\"\";s:13:\"overlay-color\";s:0:\"\";s:15:\"overlay-opacity\";s:0:\"\";s:16:\"overlay-gradient\";s:0:\"\";}}"],"footnotes":[""],"_elementor_edit_mode":[""],"_elementor_template_type":[""],"_elementor_data":[""],"_elementor_conditions":["a:0:{}"],"_uag_css_file_name":["uag-css-121.css"],"_uag_page_assets":["a:9:{s:3:\"css\";s:7156:\".uag-blocks-common-selector{z-index:var(--z-index-desktop) !important}@media (max-width: 976px){.uag-blocks-common-selector{z-index:var(--z-index-tablet) !important}}@media (max-width: 767px){.uag-blocks-common-selector{z-index:var(--z-index-mobile) !important}}\n.wp-block-uagb-image{display:flex}.wp-block-uagb-image__figure{position:relative;display:flex;flex-direction:column;max-width:100%;height:auto;margin:0}.wp-block-uagb-image__figure img{height:auto;display:flex;max-width:100%;transition:box-shadow 0.2s ease}.wp-block-uagb-image__figure>a{display:inline-block}.wp-block-uagb-image__figure figcaption{text-align:center;margin-top:0.5em;margin-bottom:1em}.wp-block-uagb-image .components-placeholder.block-editor-media-placeholder .components-placeholder__instructions{align-self:center}.wp-block-uagb-image--align-left{text-align:left}.wp-block-uagb-image--align-right{text-align:right}.wp-block-uagb-image--align-center{text-align:center}.wp-block-uagb-image--align-full .wp-block-uagb-image__figure{margin-left:calc(50% - 50vw);margin-right:calc(50% - 50vw);max-width:100vw;width:100vw;height:auto}.wp-block-uagb-image--align-full .wp-block-uagb-image__figure img{height:auto;width:100% !important}.wp-block-uagb-image--align-wide .wp-block-uagb-image__figure img{height:auto;width:100%}.wp-block-uagb-image--layout-overlay__color-wrapper{position:absolute;left:0;top:0;right:0;bottom:0;opacity:0.2;background:rgba(0,0,0,0.5);transition:opacity 0.35s ease-in-out}.wp-block-uagb-image--layout-overlay-link{position:absolute;left:0;right:0;bottom:0;top:0}.wp-block-uagb-image--layout-overlay .wp-block-uagb-image__figure:hover .wp-block-uagb-image--layout-overlay__color-wrapper{opacity:1}.wp-block-uagb-image--layout-overlay__inner{position:absolute;left:15px;right:15px;bottom:15px;top:15px;display:flex;align-items:center;justify-content:center;flex-direction:column;border-color:#fff;transition:0.35s ease-in-out}.wp-block-uagb-image--layout-overlay__inner.top-left,.wp-block-uagb-image--layout-overlay__inner.top-center,.wp-block-uagb-image--layout-overlay__inner.top-right{justify-content:flex-start}.wp-block-uagb-image--layout-overlay__inner.bottom-left,.wp-block-uagb-image--layout-overlay__inner.bottom-center,.wp-block-uagb-image--layout-overlay__inner.bottom-right{justify-content:flex-end}.wp-block-uagb-image--layout-overlay__inner.top-left,.wp-block-uagb-image--layout-overlay__inner.center-left,.wp-block-uagb-image--layout-overlay__inner.bottom-left{align-items:flex-start}.wp-block-uagb-image--layout-overlay__inner.top-right,.wp-block-uagb-image--layout-overlay__inner.center-right,.wp-block-uagb-image--layout-overlay__inner.bottom-right{align-items:flex-end}.wp-block-uagb-image--layout-overlay__inner .uagb-image-heading{color:#fff;transition:transform 0.35s, opacity 0.35s ease-in-out;transform:translate3d(0, 24px, 0);margin:0;line-height:1em}.wp-block-uagb-image--layout-overlay__inner .uagb-image-separator{width:30%;border-top-width:2px;border-top-color:#fff;border-top-style:solid;margin-bottom:10px;opacity:0;transition:transform 0.4s, opacity 0.4s ease-in-out;transform:translate3d(0, 30px, 0)}.wp-block-uagb-image--layout-overlay__inner .uagb-image-caption{opacity:0;overflow:visible;color:#fff;transition:transform 0.45s, opacity 0.45s ease-in-out;transform:translate3d(0, 35px, 0)}.wp-block-uagb-image--layout-overlay__inner:hover .uagb-image-heading,.wp-block-uagb-image--layout-overlay__inner:hover .uagb-image-separator,.wp-block-uagb-image--layout-overlay__inner:hover .uagb-image-caption{opacity:1;transform:translate3d(0, 0, 0)}.wp-block-uagb-image--effect-zoomin .wp-block-uagb-image__figure img,.wp-block-uagb-image--effect-zoomin .wp-block-uagb-image__figure .wp-block-uagb-image--layout-overlay__color-wrapper{transform:scale(1);transition:transform 0.35s ease-in-out}.wp-block-uagb-image--effect-zoomin .wp-block-uagb-image__figure:hover img,.wp-block-uagb-image--effect-zoomin .wp-block-uagb-image__figure:hover .wp-block-uagb-image--layout-overlay__color-wrapper{transform:scale(1.05)}.wp-block-uagb-image--effect-slide .wp-block-uagb-image__figure img,.wp-block-uagb-image--effect-slide .wp-block-uagb-image__figure .wp-block-uagb-image--layout-overlay__color-wrapper{width:calc(100% + 40px) !important;max-width:none !important;transform:translate3d(-40px, 0, 0);transition:transform 0.35s ease-in-out}.wp-block-uagb-image--effect-slide .wp-block-uagb-image__figure:hover img,.wp-block-uagb-image--effect-slide .wp-block-uagb-image__figure:hover .wp-block-uagb-image--layout-overlay__color-wrapper{transform:translate3d(0, 0, 0)}.wp-block-uagb-image--effect-grayscale img{filter:grayscale(0%);transition:0.35s ease-in-out}.wp-block-uagb-image--effect-grayscale:hover img{filter:grayscale(100%)}.wp-block-uagb-image--effect-blur img{filter:blur(0);transition:0.35s ease-in-out}.wp-block-uagb-image--effect-blur:hover img{filter:blur(3px)}\n.uagb-block-e6f939b3.wp-block-uagb-image--layout-default figure img{box-shadow: 0px 0px 0 #00000070;}.uagb-block-e6f939b3.wp-block-uagb-image .wp-block-uagb-image__figure figcaption{font-style: normal;align-self: center;}.uagb-block-e6f939b3.wp-block-uagb-image--layout-overlay figure img{box-shadow: 0px 0px 0 #00000070;}.uagb-block-e6f939b3.wp-block-uagb-image--layout-overlay .wp-block-uagb-image--layout-overlay__color-wrapper{opacity: 0.2;}.uagb-block-e6f939b3.wp-block-uagb-image--layout-overlay .wp-block-uagb-image--layout-overlay__inner{left: 15px;right: 15px;top: 15px;bottom: 15px;}.uagb-block-e6f939b3.wp-block-uagb-image--layout-overlay .wp-block-uagb-image--layout-overlay__inner .uagb-image-heading{font-style: normal;color: #fff;opacity: 1;}.uagb-block-e6f939b3.wp-block-uagb-image--layout-overlay .wp-block-uagb-image--layout-overlay__inner .uagb-image-heading a{color: #fff;}.uagb-block-e6f939b3.wp-block-uagb-image--layout-overlay .wp-block-uagb-image--layout-overlay__inner .uagb-image-caption{opacity: 0;}.uagb-block-e6f939b3.wp-block-uagb-image--layout-overlay .wp-block-uagb-image__figure:hover .wp-block-uagb-image--layout-overlay__color-wrapper{opacity: 1;}.uagb-block-e6f939b3.wp-block-uagb-image .wp-block-uagb-image--layout-overlay__inner .uagb-image-separator{width: 30%;border-top-width: 2px;border-top-color: #fff;opacity: 0;}.uagb-block-e6f939b3.wp-block-uagb-image .wp-block-uagb-image__figure img{width: px;height: auto;}.uagb-block-e6f939b3.wp-block-uagb-image .wp-block-uagb-image__figure:hover .wp-block-uagb-image--layout-overlay__inner .uagb-image-caption{opacity: 1;}.uagb-block-e6f939b3.wp-block-uagb-image .wp-block-uagb-image__figure:hover .wp-block-uagb-image--layout-overlay__inner .uagb-image-separator{opacity: 1;}.uagb-block-e6f939b3.wp-block-uagb-image--layout-default figure:hover img{box-shadow: 0px 0px 0 #00000070;}.uagb-block-e6f939b3.wp-block-uagb-image--layout-overlay figure:hover img{box-shadow: 0px 0px 0 #00000070;}@media only screen and (max-width: 976px) {.uagb-block-e6f939b3.wp-block-uagb-image .wp-block-uagb-image__figure img{width: px;height: auto;}}@media only screen and (max-width: 767px) {.uagb-block-e6f939b3.wp-block-uagb-image .wp-block-uagb-image__figure img{width: px;height: auto;}}\";s:2:\"js\";s:0:\"\";s:18:\"current_block_list\";a:13:{i:0;s:14:\"core\/paragraph\";i:1;s:11:\"core\/search\";i:2;s:10:\"core\/group\";i:3;s:12:\"core\/heading\";i:4;s:17:\"core\/latest-posts\";i:5;s:20:\"core\/latest-comments\";i:6;s:13:\"core\/archives\";i:7;s:15:\"core\/categories\";i:8;s:10:\"uagb\/image\";i:9;s:11:\"core\/spacer\";i:10;s:30:\"woocommerce\/product-categories\";i:11;s:10:\"core\/image\";i:12;s:14:\"core\/shortcode\";}s:8:\"uag_flag\";b:1;s:11:\"uag_version\";s:10:\"1776324359\";s:6:\"gfonts\";a:0:{}s:10:\"gfonts_url\";s:0:\"\";s:12:\"gfonts_files\";a:0:{}s:14:\"uag_faq_layout\";b:0;}"]},"uagb_featured_image_src":{"full":false,"thumbnail":false,"medium":false,"medium_large":false,"large":false,"1536x1536":false,"2048x2048":false,"trp-custom-language-flag":false,"woocommerce_thumbnail":false,"woocommerce_single":false,"woocommerce_gallery_thumbnail":false},"uagb_author_info":{"display_name":"admin","author_link":"https:\/\/www.oleaia.com\/no\/author\/admin2721\/"},"uagb_comment_info":0,"uagb_excerpt":"These conditions of sale are concluded on the one hand by the company Oleaia LLC with a share capital of 100,000 USD whose head office is located at 213 N Market Street #1042, Wilmington, DE 19801, United States of America, registered in the Commercial Register of Delaware under the number 10141920 and managing the website&hellip;","_links":{"self":[{"href":"https:\/\/www.oleaia.com\/no\/wp-json\/wp\/v2\/pages\/121","targetHints":{"allow":["GET"]}}],"collection":[{"href":"https:\/\/www.oleaia.com\/no\/wp-json\/wp\/v2\/pages"}],"about":[{"href":"https:\/\/www.oleaia.com\/no\/wp-json\/wp\/v2\/types\/page"}],"author":[{"embeddable":true,"href":"https:\/\/www.oleaia.com\/no\/wp-json\/wp\/v2\/users\/1"}],"replies":[{"embeddable":true,"href":"https:\/\/www.oleaia.com\/no\/wp-json\/wp\/v2\/comments?post=121"}],"version-history":[{"count":3,"href":"https:\/\/www.oleaia.com\/no\/wp-json\/wp\/v2\/pages\/121\/revisions"}],"predecessor-version":[{"id":23029,"href":"https:\/\/www.oleaia.com\/no\/wp-json\/wp\/v2\/pages\/121\/revisions\/23029"}],"wp:attachment":[{"href":"https:\/\/www.oleaia.com\/no\/wp-json\/wp\/v2\/media?parent=121"}],"curies":[{"name":"wp","href":"https:\/\/api.w.org\/{rel}","templated":true}]}}