{"id":3,"date":"2025-04-10T11:35:39","date_gmt":"2025-04-10T09:35:39","guid":{"rendered":"https:\/\/www.stoprodent.com\/?page_id=3"},"modified":"2025-07-18T16:34:45","modified_gmt":"2025-07-18T14:34:45","slug":"privacy-policy","status":"publish","type":"page","link":"https:\/\/www.oleaia.com\/no\/privacy-policy\/","title":{"rendered":"Retningslinjer for personvern"},"content":{"rendered":"<p><strong>Artikkel 1. Presentasjon av nettstedet<\/strong><\/p>\n\n\n\n<p>Det er spesifisert for brukerne av nettstedet identiteten til de ulike interessentene i forbindelse med realiseringen og oppf\u00f8lgingen av den :<\/p>\n\n\n\n<p>Eier : Oleaia LLC<br>Adresse: 213 N Market Street #1042, Wilmington, DE 19801, USA<br>Aksjekapital: USD 100 000<br>Juridisk form : Selskap med begrenset ansvar<br>Arkivnummer : 10141920<\/p>\n\n\n\n<p>Vertskap : OVH SAS, 2 rue Kellermann, Roubaix, 59100, Frankrike<\/p>\n\n\n\n<p><strong>Artikkel 2. Generelle vilk\u00e5r for bruk<\/strong>&nbsp;<strong>av nettstedet og tjenestene som tilbys<\/strong><\/p>\n\n\n\n<p>Bruk av nettstedet inneb\u00e6rer full aksept av de generelle bruksbetingelsene som er beskrevet nedenfor. Disse bruksbetingelsene kan endres eller suppleres n\u00e5r som helst, og brukere av nettstedet oppfordres derfor til \u00e5 konsultere dem regelmessig.<\/p>\n\n\n\n<p>Dette nettstedet er normalt tilgjengelig for brukere n\u00e5r som helst. Et avbrudd p\u00e5 grunn av teknisk vedlikehold kan imidlertid avgj\u00f8res av Oleaia LLC , som da vil fors\u00f8ke \u00e5 kommunisere til brukerne f\u00f8r datoene og klokkeslettene for intervensjonen.<\/p>\n\n\n\n<p>Nettstedet oppdateres regelmessig av Oleaia LLC . P\u00e5 samme m\u00e5te kan de juridiske merknadene endres n\u00e5r som helst : de p\u00e5legger seg likevel brukeren som blir invitert til \u00e5 henvise til dem s\u00e5 ofte som mulig for \u00e5 bli kjent med dem.<\/p>\n\n\n\n<p><strong>Artikkel 3. Beskrivelse av de tjenester som tilbys<\/strong><\/p>\n\n\n\n<p>Form\u00e5let med nettstedet er \u00e5 gi informasjon om alle selskapets aktiviteter.<\/p>\n\n\n\n<p>Oleaia LLC bestreber seg p\u00e5 \u00e5 gi informasjon p\u00e5 nettstedet som er s\u00e5 n\u00f8yaktig som mulig. Selskapet kan imidlertid ikke holdes ansvarlig for utelatelser, un\u00f8yaktigheter og mangler i oppdateringen, verken av seg selv eller av tredjepartspartnerne som gir det denne informasjonen.<\/p>\n\n\n\n<p>All informasjon p\u00e5 nettstedet er kun ment som informasjon, og kan bli endret. Informasjonen p\u00e5 nettstedet er heller ikke utt\u00f8mmende. De er gitt med forbehold om endringer som har blitt gjort siden de ble lagt ut p\u00e5 nettet.<\/p>\n\n\n\n<p><strong>Artikkel 4. Kontraktsmessige begrensninger p\u00e5 tekniske data<\/strong><\/p>\n\n\n\n<p>Nettstedet bruker JavaScript-teknologi.<\/p>\n\n\n\n<p>Nettstedet kan ikke holdes ansvarlig for materielle skader knyttet til bruken av nettstedet. I tillegg forplikter brukeren av nettstedet seg til \u00e5 g\u00e5 inn p\u00e5 nettstedet med nyere utstyr som ikke inneholder virus og med en oppdatert nettleser av siste generasjon.<\/p>\n\n\n\n<p><strong>Artikkel 5. Immaterielle rettigheter og forfalskninger<\/strong><\/p>\n\n\n\n<p>Oleaia LLC er eier av immaterielle rettigheter eller har bruksrettighetene til alle elementene som er tilgjengelige p\u00e5 nettstedet, spesielt tekster, bilder, grafikk, logo, ikoner, lyder, programvare.<\/p>\n\n\n\n<p>Enhver reproduksjon, representasjon, modifisering, publisering, tilpasning av hele eller deler av elementene p\u00e5 nettstedet, uansett hvilke midler eller prosesser som brukes, er forbudt, unntatt med skriftlig forh\u00e5ndsgodkjenning fra : Oleaia LLC .<\/p>\n\n\n\n<p>Enhver uautorisert bruk av nettstedet eller noen av elementene det inneholder, vil bli ansett som en overtredelse og straffeforfulgt.<\/p>\n\n\n\n<p><strong>Artikkel 6. Begrensning av erstatningsansvar<\/strong><\/p>\n\n\n\n<p>Oleaia LLC kan ikke holdes ansvarlig for direkte og indirekte skader for\u00e5rsaket p\u00e5 brukerens utstyr, n\u00e5r du f\u00e5r tilgang til nettstedet, og som skyldes enten bruk av utstyr som ikke oppfyller spesifikasjonene som er angitt i punkt 4, enten utseendet p\u00e5 en feil eller en inkompatibilitet.<\/p>\n\n\n\n<p>Oleaia kan heller ikke holdes ansvarlig for f\u00f8lgeskader (for eksempel tap av marked eller tap av muligheter) som f\u00f8lge av bruken av nettstedet.<\/p>\n\n\n\n<p>Interaktive omr\u00e5der (mulighet for \u00e5 stille sp\u00f8rsm\u00e5l i kontaktomr\u00e5det) er tilgjengelige for brukerne. Oleaia LLC forbeholder seg retten til \u00e5 slette, uten forvarsel, alt innhold som er lagt ut i dette rommet som vil v\u00e6re i strid med gjeldende lovgivning i selgerens hjemland, s\u00e6rlig bestemmelsene knyttet til databeskyttelse. Der det er hensiktsmessig, forbeholder Oleaia LLC seg ogs\u00e5 retten til \u00e5 stille sp\u00f8rsm\u00e5l ved det sivile og \/ eller strafferettslige ansvaret til brukeren, spesielt i tilfelle en rasistisk, forn\u00e6rmende, \u00e6rekrenkende eller pornografisk melding, uavhengig av hvilket medium som brukes (tekst, fotografering osv.).<\/p>\n\n\n\n<p><strong>Artikkel 7. Behandling av personopplysninger<\/strong><\/p>\n\n\n\n<p>Ved bruk av nettstedet kan f\u00f8lgende opplysninger bli samlet inn: URL-adressen til lenkene som brukeren har g\u00e5tt inn p\u00e5 nettstedet gjennom, brukerens tilgangsleverand\u00f8r, brukerens IP-adresse (Internet Protocol).<\/p>\n\n\n\n<p>I alle fall samler Oleaia LLC bare inn personlig informasjon knyttet til brukeren for behovet for visse tjenester som tilbys av nettstedet. Brukeren gir denne informasjonen med full kunnskap om fakta, spesielt n\u00e5r han selv legger den inn. Det er da spesifisert for brukeren av nettstedet plikten eller ikke \u00e5 gi denne informasjonen.<\/p>\n\n\n\n<p>I samsvar med bestemmelsene om databehandling, filer og friheter har enhver bruker rett til innsyn, retting og innsigelse mot personopplysninger om seg selv, ved \u00e5 sende inn en skriftlig og signert foresp\u00f8rsel, ledsaget av en kopi av identitetsdokumentet med signatur fra innehaveren av dokumentet, med angivelse av adressen som svaret skal sendes til.<\/p>\n\n\n\n<p>Ingen personlig informasjon om brukeren av nettstedet blir publisert uten brukerens viten, utvekslet, overf\u00f8rt, overf\u00f8rt, tildelt eller solgt p\u00e5 noe medium overhodet til tredjeparter. Bare antakelsen om oppkj\u00f8pet av Oleaia LLC og dets rettigheter vil tillate overf\u00f8ring av nevnte informasjon til den potensielle kj\u00f8peren som i sin tur vil v\u00e6re bundet av den samme plikten til \u00e5 lagre og endre data med hensyn til brukeren av nettstedet. web.<\/p>\n\n\n\n<p>Databasene er beskyttet av bestemmelsene om rettslig beskyttelse av databaser.<\/p>\n\n\n\n<p><strong>Artikkel 8. Hypertekstlenker og informasjonskapsler<\/strong><\/p>\n\n\n\n<p>Nettstedet inneholder en rekke hypertekstlenker til andre nettsteder, satt p\u00e5 plass med autorisasjon fra Oleaia LLC . Imidlertid har Oleaia LLC ikke muligheten til \u00e5 verifisere innholdet p\u00e5 nettstedene som er bes\u00f8kt, og p\u00e5tar seg derfor ikke noe ansvar for dette faktum.<\/p>\n\n\n\n<p>N\u00e5r du surfer p\u00e5 nettstedet, vil det sannsynligvis bli installert en eller flere informasjonskapsler p\u00e5 brukerens datamaskin. En informasjonskapsel er en liten fil som ikke gj\u00f8r det mulig \u00e5 identifisere brukeren, men som registrerer informasjon om hvordan datamaskinen navigerer p\u00e5 et nettsted. Disse opplysningene er ment \u00e5 gj\u00f8re det lettere \u00e5 navigere p\u00e5 nettstedet, og de er ogs\u00e5 ment \u00e5 gj\u00f8re det mulig \u00e5 foreta ulike m\u00e5linger av oppm\u00f8te.<\/p>\n\n\n\n<p>Hvis du nekter \u00e5 installere en informasjonskapsel, kan det gj\u00f8re det umulig \u00e5 f\u00e5 tilgang til visse tjenester. Brukeren kan imidlertid konfigurere datamaskinen sin p\u00e5 f\u00f8lgende m\u00e5te for \u00e5 nekte installasjon av informasjonskapsler :<\/p>\n\n\n\n<p>I Internet Explorer: fanen Verkt\u00f8y (piktogram i form av et tannhjul \u00f8verst til h\u00f8yre) \/ Internett-alternativer. Klikk p\u00e5 Personvern og velg Blokker alle informasjonskapsler. Valider p\u00e5 Ok.<\/p>\n\n\n\n<p>Under Firefox : \u00f8verst i nettleservinduet klikker du p\u00e5 Firefox-knappen og g\u00e5r deretter til fanen Alternativer. Klikk p\u00e5 fanen Personvern. Sett oppbevaringsregler til : bruk egendefinerte innstillinger for historikk. Til slutt fjerner du merket for \u00e5 deaktivere informasjonskapsler.<\/p>\n\n\n\n<p>I Safari : Klikk \u00f8verst til h\u00f8yre i nettleseren p\u00e5 menyikonet (symbolisert med et tannhjul). Velg Innstillinger. Klikk p\u00e5 Vis avanserte innstillinger. I delen \"Personvern\" klikker du p\u00e5 Innholdsinnstillinger. I delen \"Informasjonskapsler\" kan du blokkere informasjonskapsler.<\/p>\n\n\n\n<p>I Chrome : Klikk \u00f8verst til h\u00f8yre i nettleseren p\u00e5 menyikonet (symbolisert med tre horisontale linjer). Velg Innstillinger. Klikk p\u00e5 Vis avanserte innstillinger. I delen \"Personvern\" klikker du p\u00e5 Innstillinger. I \"Personvern\"-fanen kan du blokkere informasjonskapsler.<strong>&nbsp;<\/strong><\/p>\n\n\n\n<p><strong>Artikkel 9. Lovvalg og tildeling av jurisdiksjon<\/strong><\/p>\n\n\n\n<p>Enhver tvist i forbindelse med bruk av nettstedet er underlagt gjeldende lov i det landet der selgeren har sitt hjemsted. Eksklusiv jurisdiksjon er gitt til de kompetente domstolene i selgerens hjemland.<\/p>\n\n\n\n<p><strong>Artikkel 10. Ordliste<\/strong>&nbsp;<\/p>\n\n\n\n<p>Bruker: Internett-bruker som kobler seg til ved hjelp av det nevnte nettstedet.<\/p>\n\n\n\n<p>Personopplysninger: Opplysninger som gj\u00f8r det mulig, i en hvilken som helst form, direkte eller indirekte, \u00e5 identifisere de fysiske personene de gjelder.<\/p>","protected":false},"excerpt":{"rendered":"<p>Article 1. Presentation of the site It is specified to users of the website the identity of the various stakeholders in the context of its realization and its follow-up : Owner : Oleaia LLCAddress : 213 N Market Street #1042, Wilmington, DE 19801, USAShare capital : USD 100,000Legal form : Limited liability companyFile number : [&hellip;]<\/p>\n","protected":false},"author":1,"featured_media":0,"parent":0,"menu_order":0,"comment_status":"closed","ping_status":"open","template":"","meta":{"_uag_custom_page_level_css":"","site-sidebar-layout":"default","site-content-layout":"","ast-site-content-layout":"default","site-content-style":"default","site-sidebar-style":"default","ast-global-header-display":"","ast-banner-title-visibility":"","ast-main-header-display":"","ast-hfb-above-header-display":"","ast-hfb-below-header-display":"","ast-hfb-mobile-header-display":"","site-post-title":"","ast-breadcrumbs-content":"","ast-featured-img":"","footer-sml-layout":"","ast-disable-related-posts":"","theme-transparent-header-meta":"","adv-header-id-meta":"","stick-header-meta":"","header-above-stick-meta":"","header-main-stick-meta":"","header-below-stick-meta":"","astra-migrate-meta-layouts":"set","ast-page-background-enabled":"default","ast-page-background-meta":{"desktop":{"background-color":"var(--ast-global-color-4)","background-image":"","background-repeat":"repeat","background-position":"center center","background-size":"auto","background-attachment":"scroll","background-type":"","background-media":"","overlay-type":"","overlay-color":"","overlay-opacity":"","overlay-gradient":""},"tablet":{"background-color":"","background-image":"","background-repeat":"repeat","background-position":"center center","background-size":"auto","background-attachment":"scroll","background-type":"","background-media":"","overlay-type":"","overlay-color":"","overlay-opacity":"","overlay-gradient":""},"mobile":{"background-color":"","background-image":"","background-repeat":"repeat","background-position":"center center","background-size":"auto","background-attachment":"scroll","background-type":"","background-media":"","overlay-type":"","overlay-color":"","overlay-opacity":"","overlay-gradient":""}},"ast-content-background-meta":{"desktop":{"background-color":"var(--ast-global-color-5)","background-image":"","background-repeat":"repeat","background-position":"center center","background-size":"auto","background-attachment":"scroll","background-type":"","background-media":"","overlay-type":"","overlay-color":"","overlay-opacity":"","overlay-gradient":""},"tablet":{"background-color":"var(--ast-global-color-5)","background-image":"","background-repeat":"repeat","background-position":"center center","background-size":"auto","background-attachment":"scroll","background-type":"","background-media":"","overlay-type":"","overlay-color":"","overlay-opacity":"","overlay-gradient":""},"mobile":{"background-color":"var(--ast-global-color-5)","background-image":"","background-repeat":"repeat","background-position":"center center","background-size":"auto","background-attachment":"scroll","background-type":"","background-media":"","overlay-type":"","overlay-color":"","overlay-opacity":"","overlay-gradient":""}},"footnotes":""},"class_list":["post-3","page","type-page","status-publish","hentry"],"spectra_custom_meta":{"_wp_page_template":["default"],"_wpml_word_count":["1292"],"_edit_lock":["1752849289:1"],"_wpml_location_migration_done":["1"],"_edit_last":["1"],"_wpml_media_duplicate":["1"],"_wpml_media_featured":["1"],"rank_math_news_sitemap_robots":["index"],"rank_math_robots":["a:1:{i:0;s:5:\"index\";}"],"_uag_custom_page_level_css":[""],"site-sidebar-layout":["default"],"site-content-layout":[""],"ast-site-content-layout":["default"],"site-content-style":["default"],"site-sidebar-style":["default"],"ast-global-header-display":[""],"ast-banner-title-visibility":[""],"ast-main-header-display":[""],"ast-hfb-above-header-display":[""],"ast-hfb-below-header-display":[""],"ast-hfb-mobile-header-display":[""],"site-post-title":[""],"ast-breadcrumbs-content":[""],"ast-featured-img":[""],"footer-sml-layout":[""],"theme-transparent-header-meta":[""],"adv-header-id-meta":[""],"stick-header-meta":[""],"header-above-stick-meta":[""],"header-main-stick-meta":[""],"header-below-stick-meta":[""],"astra-migrate-meta-layouts":["set"],"ast-page-background-enabled":["default"],"ast-page-background-meta":["a:3:{s:7:\"desktop\";a:12:{s:16:\"background-color\";s:25:\"var(--ast-global-color-4)\";s:16:\"background-image\";s:0:\"\";s:17:\"background-repeat\";s:6:\"repeat\";s:19:\"background-position\";s:13:\"center center\";s:15:\"background-size\";s:4:\"auto\";s:21:\"background-attachment\";s:6:\"scroll\";s:15:\"background-type\";s:0:\"\";s:16:\"background-media\";s:0:\"\";s:12:\"overlay-type\";s:0:\"\";s:13:\"overlay-color\";s:0:\"\";s:15:\"overlay-opacity\";s:0:\"\";s:16:\"overlay-gradient\";s:0:\"\";}s:6:\"tablet\";a:12:{s:16:\"background-color\";s:0:\"\";s:16:\"background-image\";s:0:\"\";s:17:\"background-repeat\";s:6:\"repeat\";s:19:\"background-position\";s:13:\"center center\";s:15:\"background-size\";s:4:\"auto\";s:21:\"background-attachment\";s:6:\"scroll\";s:15:\"background-type\";s:0:\"\";s:16:\"background-media\";s:0:\"\";s:12:\"overlay-type\";s:0:\"\";s:13:\"overlay-color\";s:0:\"\";s:15:\"overlay-opacity\";s:0:\"\";s:16:\"overlay-gradient\";s:0:\"\";}s:6:\"mobile\";a:12:{s:16:\"background-color\";s:0:\"\";s:16:\"background-image\";s:0:\"\";s:17:\"background-repeat\";s:6:\"repeat\";s:19:\"background-position\";s:13:\"center center\";s:15:\"background-size\";s:4:\"auto\";s:21:\"background-attachment\";s:6:\"scroll\";s:15:\"background-type\";s:0:\"\";s:16:\"background-media\";s:0:\"\";s:12:\"overlay-type\";s:0:\"\";s:13:\"overlay-color\";s:0:\"\";s:15:\"overlay-opacity\";s:0:\"\";s:16:\"overlay-gradient\";s:0:\"\";}}"],"ast-content-background-meta":["a:3:{s:7:\"desktop\";a:12:{s:16:\"background-color\";s:25:\"var(--ast-global-color-5)\";s:16:\"background-image\";s:0:\"\";s:17:\"background-repeat\";s:6:\"repeat\";s:19:\"background-position\";s:13:\"center center\";s:15:\"background-size\";s:4:\"auto\";s:21:\"background-attachment\";s:6:\"scroll\";s:15:\"background-type\";s:0:\"\";s:16:\"background-media\";s:0:\"\";s:12:\"overlay-type\";s:0:\"\";s:13:\"overlay-color\";s:0:\"\";s:15:\"overlay-opacity\";s:0:\"\";s:16:\"overlay-gradient\";s:0:\"\";}s:6:\"tablet\";a:12:{s:16:\"background-color\";s:25:\"var(--ast-global-color-5)\";s:16:\"background-image\";s:0:\"\";s:17:\"background-repeat\";s:6:\"repeat\";s:19:\"background-position\";s:13:\"center center\";s:15:\"background-size\";s:4:\"auto\";s:21:\"background-attachment\";s:6:\"scroll\";s:15:\"background-type\";s:0:\"\";s:16:\"background-media\";s:0:\"\";s:12:\"overlay-type\";s:0:\"\";s:13:\"overlay-color\";s:0:\"\";s:15:\"overlay-opacity\";s:0:\"\";s:16:\"overlay-gradient\";s:0:\"\";}s:6:\"mobile\";a:12:{s:16:\"background-color\";s:25:\"var(--ast-global-color-5)\";s:16:\"background-image\";s:0:\"\";s:17:\"background-repeat\";s:6:\"repeat\";s:19:\"background-position\";s:13:\"center center\";s:15:\"background-size\";s:4:\"auto\";s:21:\"background-attachment\";s:6:\"scroll\";s:15:\"background-type\";s:0:\"\";s:16:\"background-media\";s:0:\"\";s:12:\"overlay-type\";s:0:\"\";s:13:\"overlay-color\";s:0:\"\";s:15:\"overlay-opacity\";s:0:\"\";s:16:\"overlay-gradient\";s:0:\"\";}}"],"footnotes":[""],"_elementor_edit_mode":[""],"_elementor_template_type":[""],"_elementor_data":[""],"_elementor_conditions":["a:0:{}"],"_uag_css_file_name":["uag-css-3.css"],"_uag_page_assets":["a:9:{s:3:\"css\";s:7156:\".uag-blocks-common-selector{z-index:var(--z-index-desktop) !important}@media (max-width: 976px){.uag-blocks-common-selector{z-index:var(--z-index-tablet) !important}}@media (max-width: 767px){.uag-blocks-common-selector{z-index:var(--z-index-mobile) !important}}\n.wp-block-uagb-image{display:flex}.wp-block-uagb-image__figure{position:relative;display:flex;flex-direction:column;max-width:100%;height:auto;margin:0}.wp-block-uagb-image__figure img{height:auto;display:flex;max-width:100%;transition:box-shadow 0.2s ease}.wp-block-uagb-image__figure>a{display:inline-block}.wp-block-uagb-image__figure figcaption{text-align:center;margin-top:0.5em;margin-bottom:1em}.wp-block-uagb-image .components-placeholder.block-editor-media-placeholder .components-placeholder__instructions{align-self:center}.wp-block-uagb-image--align-left{text-align:left}.wp-block-uagb-image--align-right{text-align:right}.wp-block-uagb-image--align-center{text-align:center}.wp-block-uagb-image--align-full .wp-block-uagb-image__figure{margin-left:calc(50% - 50vw);margin-right:calc(50% - 50vw);max-width:100vw;width:100vw;height:auto}.wp-block-uagb-image--align-full .wp-block-uagb-image__figure img{height:auto;width:100% !important}.wp-block-uagb-image--align-wide .wp-block-uagb-image__figure img{height:auto;width:100%}.wp-block-uagb-image--layout-overlay__color-wrapper{position:absolute;left:0;top:0;right:0;bottom:0;opacity:0.2;background:rgba(0,0,0,0.5);transition:opacity 0.35s ease-in-out}.wp-block-uagb-image--layout-overlay-link{position:absolute;left:0;right:0;bottom:0;top:0}.wp-block-uagb-image--layout-overlay .wp-block-uagb-image__figure:hover .wp-block-uagb-image--layout-overlay__color-wrapper{opacity:1}.wp-block-uagb-image--layout-overlay__inner{position:absolute;left:15px;right:15px;bottom:15px;top:15px;display:flex;align-items:center;justify-content:center;flex-direction:column;border-color:#fff;transition:0.35s ease-in-out}.wp-block-uagb-image--layout-overlay__inner.top-left,.wp-block-uagb-image--layout-overlay__inner.top-center,.wp-block-uagb-image--layout-overlay__inner.top-right{justify-content:flex-start}.wp-block-uagb-image--layout-overlay__inner.bottom-left,.wp-block-uagb-image--layout-overlay__inner.bottom-center,.wp-block-uagb-image--layout-overlay__inner.bottom-right{justify-content:flex-end}.wp-block-uagb-image--layout-overlay__inner.top-left,.wp-block-uagb-image--layout-overlay__inner.center-left,.wp-block-uagb-image--layout-overlay__inner.bottom-left{align-items:flex-start}.wp-block-uagb-image--layout-overlay__inner.top-right,.wp-block-uagb-image--layout-overlay__inner.center-right,.wp-block-uagb-image--layout-overlay__inner.bottom-right{align-items:flex-end}.wp-block-uagb-image--layout-overlay__inner .uagb-image-heading{color:#fff;transition:transform 0.35s, opacity 0.35s ease-in-out;transform:translate3d(0, 24px, 0);margin:0;line-height:1em}.wp-block-uagb-image--layout-overlay__inner .uagb-image-separator{width:30%;border-top-width:2px;border-top-color:#fff;border-top-style:solid;margin-bottom:10px;opacity:0;transition:transform 0.4s, opacity 0.4s ease-in-out;transform:translate3d(0, 30px, 0)}.wp-block-uagb-image--layout-overlay__inner .uagb-image-caption{opacity:0;overflow:visible;color:#fff;transition:transform 0.45s, opacity 0.45s ease-in-out;transform:translate3d(0, 35px, 0)}.wp-block-uagb-image--layout-overlay__inner:hover .uagb-image-heading,.wp-block-uagb-image--layout-overlay__inner:hover .uagb-image-separator,.wp-block-uagb-image--layout-overlay__inner:hover .uagb-image-caption{opacity:1;transform:translate3d(0, 0, 0)}.wp-block-uagb-image--effect-zoomin .wp-block-uagb-image__figure img,.wp-block-uagb-image--effect-zoomin .wp-block-uagb-image__figure .wp-block-uagb-image--layout-overlay__color-wrapper{transform:scale(1);transition:transform 0.35s ease-in-out}.wp-block-uagb-image--effect-zoomin .wp-block-uagb-image__figure:hover img,.wp-block-uagb-image--effect-zoomin .wp-block-uagb-image__figure:hover .wp-block-uagb-image--layout-overlay__color-wrapper{transform:scale(1.05)}.wp-block-uagb-image--effect-slide .wp-block-uagb-image__figure img,.wp-block-uagb-image--effect-slide .wp-block-uagb-image__figure .wp-block-uagb-image--layout-overlay__color-wrapper{width:calc(100% + 40px) !important;max-width:none !important;transform:translate3d(-40px, 0, 0);transition:transform 0.35s ease-in-out}.wp-block-uagb-image--effect-slide .wp-block-uagb-image__figure:hover img,.wp-block-uagb-image--effect-slide .wp-block-uagb-image__figure:hover .wp-block-uagb-image--layout-overlay__color-wrapper{transform:translate3d(0, 0, 0)}.wp-block-uagb-image--effect-grayscale img{filter:grayscale(0%);transition:0.35s ease-in-out}.wp-block-uagb-image--effect-grayscale:hover img{filter:grayscale(100%)}.wp-block-uagb-image--effect-blur img{filter:blur(0);transition:0.35s ease-in-out}.wp-block-uagb-image--effect-blur:hover img{filter:blur(3px)}\n.uagb-block-e6f939b3.wp-block-uagb-image--layout-default figure img{box-shadow: 0px 0px 0 #00000070;}.uagb-block-e6f939b3.wp-block-uagb-image .wp-block-uagb-image__figure figcaption{font-style: normal;align-self: center;}.uagb-block-e6f939b3.wp-block-uagb-image--layout-overlay figure img{box-shadow: 0px 0px 0 #00000070;}.uagb-block-e6f939b3.wp-block-uagb-image--layout-overlay .wp-block-uagb-image--layout-overlay__color-wrapper{opacity: 0.2;}.uagb-block-e6f939b3.wp-block-uagb-image--layout-overlay .wp-block-uagb-image--layout-overlay__inner{left: 15px;right: 15px;top: 15px;bottom: 15px;}.uagb-block-e6f939b3.wp-block-uagb-image--layout-overlay .wp-block-uagb-image--layout-overlay__inner .uagb-image-heading{font-style: normal;color: #fff;opacity: 1;}.uagb-block-e6f939b3.wp-block-uagb-image--layout-overlay .wp-block-uagb-image--layout-overlay__inner .uagb-image-heading a{color: #fff;}.uagb-block-e6f939b3.wp-block-uagb-image--layout-overlay .wp-block-uagb-image--layout-overlay__inner .uagb-image-caption{opacity: 0;}.uagb-block-e6f939b3.wp-block-uagb-image--layout-overlay .wp-block-uagb-image__figure:hover .wp-block-uagb-image--layout-overlay__color-wrapper{opacity: 1;}.uagb-block-e6f939b3.wp-block-uagb-image .wp-block-uagb-image--layout-overlay__inner .uagb-image-separator{width: 30%;border-top-width: 2px;border-top-color: #fff;opacity: 0;}.uagb-block-e6f939b3.wp-block-uagb-image .wp-block-uagb-image__figure img{width: px;height: auto;}.uagb-block-e6f939b3.wp-block-uagb-image .wp-block-uagb-image__figure:hover .wp-block-uagb-image--layout-overlay__inner .uagb-image-caption{opacity: 1;}.uagb-block-e6f939b3.wp-block-uagb-image .wp-block-uagb-image__figure:hover .wp-block-uagb-image--layout-overlay__inner .uagb-image-separator{opacity: 1;}.uagb-block-e6f939b3.wp-block-uagb-image--layout-default figure:hover img{box-shadow: 0px 0px 0 #00000070;}.uagb-block-e6f939b3.wp-block-uagb-image--layout-overlay figure:hover img{box-shadow: 0px 0px 0 #00000070;}@media only screen and (max-width: 976px) {.uagb-block-e6f939b3.wp-block-uagb-image .wp-block-uagb-image__figure img{width: px;height: auto;}}@media only screen and (max-width: 767px) {.uagb-block-e6f939b3.wp-block-uagb-image .wp-block-uagb-image__figure img{width: px;height: auto;}}\";s:2:\"js\";s:0:\"\";s:18:\"current_block_list\";a:13:{i:0;s:14:\"core\/paragraph\";i:1;s:11:\"core\/search\";i:2;s:10:\"core\/group\";i:3;s:12:\"core\/heading\";i:4;s:17:\"core\/latest-posts\";i:5;s:20:\"core\/latest-comments\";i:6;s:13:\"core\/archives\";i:7;s:15:\"core\/categories\";i:8;s:10:\"uagb\/image\";i:9;s:11:\"core\/spacer\";i:10;s:30:\"woocommerce\/product-categories\";i:11;s:10:\"core\/image\";i:12;s:14:\"core\/shortcode\";}s:8:\"uag_flag\";b:1;s:11:\"uag_version\";s:10:\"1776447938\";s:6:\"gfonts\";a:0:{}s:10:\"gfonts_url\";s:0:\"\";s:12:\"gfonts_files\";a:0:{}s:14:\"uag_faq_layout\";b:0;}"]},"uagb_featured_image_src":{"full":false,"thumbnail":false,"medium":false,"medium_large":false,"large":false,"1536x1536":false,"2048x2048":false,"trp-custom-language-flag":false,"woocommerce_thumbnail":false,"woocommerce_single":false,"woocommerce_gallery_thumbnail":false},"uagb_author_info":{"display_name":"admin","author_link":"https:\/\/www.oleaia.com\/no\/author\/admin2721\/"},"uagb_comment_info":0,"uagb_excerpt":"Article 1. Presentation of the site It is specified to users of the website the identity of the various stakeholders in the context of its realization and its follow-up : Owner : Oleaia LLCAddress : 213 N Market Street #1042, Wilmington, DE 19801, USAShare capital : USD 100,000Legal form : Limited liability companyFile number :&hellip;","_links":{"self":[{"href":"https:\/\/www.oleaia.com\/no\/wp-json\/wp\/v2\/pages\/3","targetHints":{"allow":["GET"]}}],"collection":[{"href":"https:\/\/www.oleaia.com\/no\/wp-json\/wp\/v2\/pages"}],"about":[{"href":"https:\/\/www.oleaia.com\/no\/wp-json\/wp\/v2\/types\/page"}],"author":[{"embeddable":true,"href":"https:\/\/www.oleaia.com\/no\/wp-json\/wp\/v2\/users\/1"}],"replies":[{"embeddable":true,"href":"https:\/\/www.oleaia.com\/no\/wp-json\/wp\/v2\/comments?post=3"}],"version-history":[{"count":4,"href":"https:\/\/www.oleaia.com\/no\/wp-json\/wp\/v2\/pages\/3\/revisions"}],"predecessor-version":[{"id":23021,"href":"https:\/\/www.oleaia.com\/no\/wp-json\/wp\/v2\/pages\/3\/revisions\/23021"}],"wp:attachment":[{"href":"https:\/\/www.oleaia.com\/no\/wp-json\/wp\/v2\/media?parent=3"}],"curies":[{"name":"wp","href":"https:\/\/api.w.org\/{rel}","templated":true}]}}