{"id":23635,"date":"2025-08-08T14:50:26","date_gmt":"2025-08-08T12:50:26","guid":{"rendered":"https:\/\/www.oleaia.com\/?post_type=product&#038;p=23635"},"modified":"2026-01-02T11:45:05","modified_gmt":"2026-01-02T10:45:05","slug":"camellia-oil","status":"publish","type":"product","link":"https:\/\/www.oleaia.com\/no\/products\/camellia-oil\/","title":{"rendered":"Kameliaolje - 1 liter"},"content":{"rendered":"<p data-start=\"132\" data-end=\"374\"><strong data-start=\"134\" data-end=\"162\"><img decoding=\"async\" class=\"entered lazyloaded\" src=\"https:\/\/www.noleaky.com\/wp-content\/uploads\/2025\/06\/Feedbin-Icon-check.svg_8faf4e0b-f89d-486c-aa08-b431a33525ea_icon.png.webp?v=1541148886\" alt=\"\" width=\"18\" height=\"15\" data-lazy-src=\"https:\/\/www.noleaky.com\/wp-content\/uploads\/2025\/06\/Feedbin-Icon-check.svg_8faf4e0b-f89d-486c-aa08-b431a33525ea_icon.png.webp?v=1541148886\" data-lazy-src-webp=\"https:\/\/www.noleaky.com\/wp-content\/uploads\/2025\/06\/Feedbin-Icon-check.svg_8faf4e0b-f89d-486c-aa08-b431a33525ea_icon.png.webp?v=1541148886\" data-ll-status=\"loaded\" \/>\u00a0 \u00a0100% Ren vegetabilsk olje.<\/strong> Kameliaoljen v\u00e5r er en ren vegetabilsk olje med en fyldig, tett tekstur som utvinnes av r\u00e5varer av h\u00f8y kvalitet. Den er ideell for en rekke tekniske og h\u00e5ndverksmessige bruksomr\u00e5der og leverer jevn kvalitet og h\u00f8y ytelse.<\/p>\n<p data-start=\"376\" data-end=\"548\"><strong data-start=\"378\" data-end=\"425\"><img decoding=\"async\" class=\"entered lazyloaded\" src=\"https:\/\/www.noleaky.com\/wp-content\/uploads\/2025\/06\/Feedbin-Icon-check.svg_8faf4e0b-f89d-486c-aa08-b431a33525ea_icon.png.webp?v=1541148886\" alt=\"\" width=\"18\" height=\"15\" data-lazy-src=\"https:\/\/www.noleaky.com\/wp-content\/uploads\/2025\/06\/Feedbin-Icon-check.svg_8faf4e0b-f89d-486c-aa08-b431a33525ea_icon.png.webp?v=1541148886\" data-lazy-src-webp=\"https:\/\/www.noleaky.com\/wp-content\/uploads\/2025\/06\/Feedbin-Icon-check.svg_8faf4e0b-f89d-486c-aa08-b431a33525ea_icon.png.webp?v=1541148886\" data-ll-status=\"loaded\" \/>\u00a0 \u00a0Tilfredshet garantert eller pengene tilbake.<\/strong> Din tillit er v\u00e5r prioritet. Hvis du av en eller annen grunn ikke er helt forn\u00f8yd med kj\u00f8pet ditt, tilbyr vi full refusjon.<\/p>\n<p data-start=\"550\" data-end=\"786\"><strong data-start=\"552\" data-end=\"585\"><img decoding=\"async\" class=\"entered lazyloaded\" src=\"https:\/\/www.noleaky.com\/wp-content\/uploads\/2025\/06\/Feedbin-Icon-check.svg_8faf4e0b-f89d-486c-aa08-b431a33525ea_icon.png.webp?v=1541148886\" alt=\"\" width=\"18\" height=\"15\" data-lazy-src=\"https:\/\/www.noleaky.com\/wp-content\/uploads\/2025\/06\/Feedbin-Icon-check.svg_8faf4e0b-f89d-486c-aa08-b431a33525ea_icon.png.webp?v=1541148886\" data-lazy-src-webp=\"https:\/\/www.noleaky.com\/wp-content\/uploads\/2025\/06\/Feedbin-Icon-check.svg_8faf4e0b-f89d-486c-aa08-b431a33525ea_icon.png.webp?v=1541148886\" data-ll-status=\"loaded\" \/>\u00a0 \u00a0Sertifisert \u00f8kologisk produksjon.<\/strong> Denne oljen er dyrket uten spr\u00f8ytemidler eller syntetiske innsatsmidler, og kommer fra \u00f8kologisk dyrkede fr\u00f8. V\u00e5r kontrollerte utvinningsprosess sikrer produktets integritet samtidig som milj\u00f8et sk\u00e5nes.<\/p>\n<p data-start=\"788\" data-end=\"1039\"><strong data-start=\"790\" data-end=\"829\"><img decoding=\"async\" class=\"entered lazyloaded\" src=\"https:\/\/www.noleaky.com\/wp-content\/uploads\/2025\/06\/Feedbin-Icon-check.svg_8faf4e0b-f89d-486c-aa08-b431a33525ea_icon.png.webp?v=1541148886\" alt=\"\" width=\"18\" height=\"15\" data-lazy-src=\"https:\/\/www.noleaky.com\/wp-content\/uploads\/2025\/06\/Feedbin-Icon-check.svg_8faf4e0b-f89d-486c-aa08-b431a33525ea_icon.png.webp?v=1541148886\" data-lazy-src-webp=\"https:\/\/www.noleaky.com\/wp-content\/uploads\/2025\/06\/Feedbin-Icon-check.svg_8faf4e0b-f89d-486c-aa08-b431a33525ea_icon.png.webp?v=1541148886\" data-ll-status=\"loaded\" \/>\u00a0 \u00a0Kaldpresset for maksimal integritet.<\/strong> Oljen utvinnes ved hjelp av tradisjonelle kaldpressingsteknikker. Denne sk\u00e5nsomme metoden bevarer oljens naturlige struktur og sammensetning, sikrer optimal fylde og minimerer varmerelatert nedbrytning.<\/p>\n<p data-start=\"1041\" data-end=\"1263\"><strong data-start=\"1043\" data-end=\"1070\"><img decoding=\"async\" class=\"entered lazyloaded\" src=\"https:\/\/www.noleaky.com\/wp-content\/uploads\/2025\/06\/Feedbin-Icon-check.svg_8faf4e0b-f89d-486c-aa08-b431a33525ea_icon.png.webp?v=1541148886\" alt=\"\" width=\"18\" height=\"15\" data-lazy-src=\"https:\/\/www.noleaky.com\/wp-content\/uploads\/2025\/06\/Feedbin-Icon-check.svg_8faf4e0b-f89d-486c-aa08-b431a33525ea_icon.png.webp?v=1541148886\" data-lazy-src-webp=\"https:\/\/www.noleaky.com\/wp-content\/uploads\/2025\/06\/Feedbin-Icon-check.svg_8faf4e0b-f89d-486c-aa08-b431a33525ea_icon.png.webp?v=1541148886\" data-ll-status=\"loaded\" \/>\u00a0 \u00a0Rik og tett tekstur.<\/strong> Den tykke, sirupaktige konsistensen til denne oljen er spesielt verdsatt i spesialformuleringer. Den h\u00f8ye viskositeten gj\u00f8r den ideell for bruksomr\u00e5der som krever vedheft, belegg eller langvarig effekt.<\/p>\n<p data-start=\"1265\" data-end=\"1453\"><strong data-start=\"1267\" data-end=\"1295\"><img decoding=\"async\" class=\"entered lazyloaded\" src=\"https:\/\/www.noleaky.com\/wp-content\/uploads\/2025\/06\/Feedbin-Icon-check.svg_8faf4e0b-f89d-486c-aa08-b431a33525ea_icon.png.webp?v=1541148886\" alt=\"\" width=\"18\" height=\"15\" data-lazy-src=\"https:\/\/www.noleaky.com\/wp-content\/uploads\/2025\/06\/Feedbin-Icon-check.svg_8faf4e0b-f89d-486c-aa08-b431a33525ea_icon.png.webp?v=1541148886\" data-lazy-src-webp=\"https:\/\/www.noleaky.com\/wp-content\/uploads\/2025\/06\/Feedbin-Icon-check.svg_8faf4e0b-f89d-486c-aa08-b431a33525ea_icon.png.webp?v=1541148886\" data-ll-status=\"loaded\" \/>\u00a0 \u00a0Lett og n\u00f8ytral aroma.<\/strong> Kameliaoljen har en subtil, n\u00f8ytral duft som ikke forstyrrer andre komponenter i komplekse blandinger. Dette gj\u00f8r den spesielt allsidig som en diskret base.<\/p>\n<p data-start=\"1455\" data-end=\"1696\"><strong data-start=\"1457\" data-end=\"1493\"><img decoding=\"async\" class=\"entered lazyloaded\" src=\"https:\/\/www.noleaky.com\/wp-content\/uploads\/2025\/06\/Feedbin-Icon-check.svg_8faf4e0b-f89d-486c-aa08-b431a33525ea_icon.png.webp?v=1541148886\" alt=\"\" width=\"18\" height=\"15\" data-lazy-src=\"https:\/\/www.noleaky.com\/wp-content\/uploads\/2025\/06\/Feedbin-Icon-check.svg_8faf4e0b-f89d-486c-aa08-b431a33525ea_icon.png.webp?v=1541148886\" data-lazy-src-webp=\"https:\/\/www.noleaky.com\/wp-content\/uploads\/2025\/06\/Feedbin-Icon-check.svg_8faf4e0b-f89d-486c-aa08-b431a33525ea_icon.png.webp?v=1541148886\" data-ll-status=\"loaded\" \/>\u00a0 \u00a0Kompatibilitet med flere applikasjoner.<\/strong> Denne oljen integreres s\u00f8ml\u00f8st i mange blandinger og formuleringer, fra tradisjonelt h\u00e5ndverk til moderne behov. Oljens egenskaper er anerkjent i b\u00e5de industrielle applikasjoner og raffinerte prosesser.<\/p>\n<p data-start=\"1698\" data-end=\"1925\"><strong data-start=\"1700\" data-end=\"1727\"><img decoding=\"async\" class=\"entered lazyloaded\" src=\"https:\/\/www.noleaky.com\/wp-content\/uploads\/2025\/06\/Feedbin-Icon-check.svg_8faf4e0b-f89d-486c-aa08-b431a33525ea_icon.png.webp?v=1541148886\" alt=\"\" width=\"18\" height=\"15\" data-lazy-src=\"https:\/\/www.noleaky.com\/wp-content\/uploads\/2025\/06\/Feedbin-Icon-check.svg_8faf4e0b-f89d-486c-aa08-b431a33525ea_icon.png.webp?v=1541148886\" data-lazy-src-webp=\"https:\/\/www.noleaky.com\/wp-content\/uploads\/2025\/06\/Feedbin-Icon-check.svg_8faf4e0b-f89d-486c-aa08-b431a33525ea_icon.png.webp?v=1541148886\" data-ll-status=\"loaded\" \/>\u00a0 \u00a0Milj\u00f8vennlig emballasje.<\/strong> Beholderen er laget av resirkulerbare materialer og designet for \u00e5 minimere avfall. Den er holdbar, gjenlukkbar og enkel \u00e5 transportere, og st\u00f8tter b\u00e6rekraftig praksis uten at det g\u00e5r p\u00e5 bekostning av produktintegriteten.<\/p>\n<p data-start=\"1927\" data-end=\"2067\"><strong data-start=\"1929\" data-end=\"1957\"><img decoding=\"async\" class=\"entered lazyloaded\" src=\"https:\/\/www.noleaky.com\/wp-content\/uploads\/2025\/06\/Feedbin-Icon-check.svg_8faf4e0b-f89d-486c-aa08-b431a33525ea_icon.png.webp?v=1541148886\" alt=\"\" width=\"18\" height=\"15\" data-lazy-src=\"https:\/\/www.noleaky.com\/wp-content\/uploads\/2025\/06\/Feedbin-Icon-check.svg_8faf4e0b-f89d-486c-aa08-b431a33525ea_icon.png.webp?v=1541148886\" data-lazy-src-webp=\"https:\/\/www.noleaky.com\/wp-content\/uploads\/2025\/06\/Feedbin-Icon-check.svg_8faf4e0b-f89d-486c-aa08-b431a33525ea_icon.png.webp?v=1541148886\" data-ll-status=\"loaded\" \/>\u00a0 \u00a0Rask levering over hele verden.<\/strong> Vi tilbyr 24-timers ekspedisjon med rask levering over hele verden, noe som sikrer en smidig og responsiv forsyningskjede.<\/p>","protected":false},"excerpt":{"rendered":"<p>\u00a0 \u00a0100% Pure Vegetable Oil. Derived from high-quality raw materials, our camellia oil is a pure vegetable oil with a rich, dense texture. Ideal for a variety of technical and artisanal uses, it delivers consistent quality and high performance. \u00a0 \u00a0Satisfaction Guaranteed or Your Money Back. Your trust is our priority. If for any reason [&hellip;]<\/p>\n","protected":false},"featured_media":23834,"comment_status":"open","ping_status":"closed","template":"","meta":{"_uag_custom_page_level_css":"","site-sidebar-layout":"default","site-content-layout":"","ast-site-content-layout":"default","site-content-style":"default","site-sidebar-style":"default","ast-global-header-display":"","ast-banner-title-visibility":"","ast-main-header-display":"","ast-hfb-above-header-display":"","ast-hfb-below-header-display":"","ast-hfb-mobile-header-display":"","site-post-title":"","ast-breadcrumbs-content":"","ast-featured-img":"","footer-sml-layout":"","ast-disable-related-posts":"","theme-transparent-header-meta":"default","adv-header-id-meta":"","stick-header-meta":"","header-above-stick-meta":"","header-main-stick-meta":"","header-below-stick-meta":"","astra-migrate-meta-layouts":"set","ast-page-background-enabled":"default","ast-page-background-meta":{"desktop":{"background-color":"var(--ast-global-color-4)","background-image":"","background-repeat":"repeat","background-position":"center center","background-size":"auto","background-attachment":"scroll","background-type":"","background-media":"","overlay-type":"","overlay-color":"","overlay-opacity":"","overlay-gradient":""},"tablet":{"background-color":"","background-image":"","background-repeat":"repeat","background-position":"center center","background-size":"auto","background-attachment":"scroll","background-type":"","background-media":"","overlay-type":"","overlay-color":"","overlay-opacity":"","overlay-gradient":""},"mobile":{"background-color":"","background-image":"","background-repeat":"repeat","background-position":"center center","background-size":"auto","background-attachment":"scroll","background-type":"","background-media":"","overlay-type":"","overlay-color":"","overlay-opacity":"","overlay-gradient":""}},"ast-content-background-meta":{"desktop":{"background-color":"var(--ast-global-color-5)","background-image":"","background-repeat":"repeat","background-position":"center center","background-size":"auto","background-attachment":"scroll","background-type":"","background-media":"","overlay-type":"","overlay-color":"","overlay-opacity":"","overlay-gradient":""},"tablet":{"background-color":"var(--ast-global-color-5)","background-image":"","background-repeat":"repeat","background-position":"center center","background-size":"auto","background-attachment":"scroll","background-type":"","background-media":"","overlay-type":"","overlay-color":"","overlay-opacity":"","overlay-gradient":""},"mobile":{"background-color":"var(--ast-global-color-5)","background-image":"","background-repeat":"repeat","background-position":"center center","background-size":"auto","background-attachment":"scroll","background-type":"","background-media":"","overlay-type":"","overlay-color":"","overlay-opacity":"","overlay-gradient":""}}},"product_brand":[],"product_cat":[15],"product_tag":[],"class_list":{"0":"post-23635","1":"product","2":"type-product","3":"status-publish","4":"has-post-thumbnail","6":"product_cat-shop","7":"desktop-align-left","8":"tablet-align-left","9":"mobile-align-left","11":"first","12":"instock","13":"shipping-taxable","14":"purchasable","15":"product-type-simple"},"spectra_custom_meta":{"_edit_lock":["1772471763:1"],"_edit_last":["2"],"merchant-center-availability":["yes"],"merchant-center-category":["6104"],"_thumbnail_id":["23834"],"_wp_page_template":["default"],"_sku":["OLCAMELLIAOIL"],"_global_unique_id":["5056773822061"],"_regular_price":["29.90"],"total_sales":["40"],"_tax_status":["taxable"],"_tax_class":[""],"_manage_stock":["no"],"_backorders":["no"],"_sold_individually":["no"],"_weight":["1.3"],"_virtual":["no"],"_downloadable":["no"],"_download_limit":["-1"],"_download_expiry":["-1"],"_stock":[null],"_stock_status":["instock"],"_wc_average_rating":["5.00"],"_wc_review_count":["20"],"_product_version":["10.4.3"],"_price":["29.90"],"site-sidebar-layout":["default"],"ast-site-content-layout":["default"],"site-content-style":["default"],"site-sidebar-style":["default"],"theme-transparent-header-meta":["default"],"_wp_old_slug":["camellia-oil-1-liter"],"_wc_rating_count":["a:1:{i:5;i:20;}"],"astra-migrate-meta-layouts":["set"],"_uag_css_file_name":["uag-css-23635.css"],"_elementor_page_assets":["a:0:{}"],"_uag_page_assets":["a:9:{s:3:\"css\";s:6893:\".wp-block-uagb-image{display:flex}.wp-block-uagb-image__figure{position:relative;display:flex;flex-direction:column;max-width:100%;height:auto;margin:0}.wp-block-uagb-image__figure img{height:auto;display:flex;max-width:100%;transition:box-shadow 0.2s ease}.wp-block-uagb-image__figure>a{display:inline-block}.wp-block-uagb-image__figure figcaption{text-align:center;margin-top:0.5em;margin-bottom:1em}.wp-block-uagb-image .components-placeholder.block-editor-media-placeholder .components-placeholder__instructions{align-self:center}.wp-block-uagb-image--align-left{text-align:left}.wp-block-uagb-image--align-right{text-align:right}.wp-block-uagb-image--align-center{text-align:center}.wp-block-uagb-image--align-full .wp-block-uagb-image__figure{margin-left:calc(50% - 50vw);margin-right:calc(50% - 50vw);max-width:100vw;width:100vw;height:auto}.wp-block-uagb-image--align-full .wp-block-uagb-image__figure img{height:auto;width:100% !important}.wp-block-uagb-image--align-wide .wp-block-uagb-image__figure img{height:auto;width:100%}.wp-block-uagb-image--layout-overlay__color-wrapper{position:absolute;left:0;top:0;right:0;bottom:0;opacity:0.2;background:rgba(0,0,0,0.5);transition:opacity 0.35s ease-in-out}.wp-block-uagb-image--layout-overlay-link{position:absolute;left:0;right:0;bottom:0;top:0}.wp-block-uagb-image--layout-overlay .wp-block-uagb-image__figure:hover .wp-block-uagb-image--layout-overlay__color-wrapper{opacity:1}.wp-block-uagb-image--layout-overlay__inner{position:absolute;left:15px;right:15px;bottom:15px;top:15px;display:flex;align-items:center;justify-content:center;flex-direction:column;border-color:#fff;transition:0.35s ease-in-out}.wp-block-uagb-image--layout-overlay__inner.top-left,.wp-block-uagb-image--layout-overlay__inner.top-center,.wp-block-uagb-image--layout-overlay__inner.top-right{justify-content:flex-start}.wp-block-uagb-image--layout-overlay__inner.bottom-left,.wp-block-uagb-image--layout-overlay__inner.bottom-center,.wp-block-uagb-image--layout-overlay__inner.bottom-right{justify-content:flex-end}.wp-block-uagb-image--layout-overlay__inner.top-left,.wp-block-uagb-image--layout-overlay__inner.center-left,.wp-block-uagb-image--layout-overlay__inner.bottom-left{align-items:flex-start}.wp-block-uagb-image--layout-overlay__inner.top-right,.wp-block-uagb-image--layout-overlay__inner.center-right,.wp-block-uagb-image--layout-overlay__inner.bottom-right{align-items:flex-end}.wp-block-uagb-image--layout-overlay__inner .uagb-image-heading{color:#fff;transition:transform 0.35s, opacity 0.35s ease-in-out;transform:translate3d(0, 24px, 0);margin:0;line-height:1em}.wp-block-uagb-image--layout-overlay__inner .uagb-image-separator{width:30%;border-top-width:2px;border-top-color:#fff;border-top-style:solid;margin-bottom:10px;opacity:0;transition:transform 0.4s, opacity 0.4s ease-in-out;transform:translate3d(0, 30px, 0)}.wp-block-uagb-image--layout-overlay__inner .uagb-image-caption{opacity:0;overflow:visible;color:#fff;transition:transform 0.45s, opacity 0.45s ease-in-out;transform:translate3d(0, 35px, 0)}.wp-block-uagb-image--layout-overlay__inner:hover .uagb-image-heading,.wp-block-uagb-image--layout-overlay__inner:hover .uagb-image-separator,.wp-block-uagb-image--layout-overlay__inner:hover .uagb-image-caption{opacity:1;transform:translate3d(0, 0, 0)}.wp-block-uagb-image--effect-zoomin .wp-block-uagb-image__figure img,.wp-block-uagb-image--effect-zoomin .wp-block-uagb-image__figure .wp-block-uagb-image--layout-overlay__color-wrapper{transform:scale(1);transition:transform 0.35s ease-in-out}.wp-block-uagb-image--effect-zoomin .wp-block-uagb-image__figure:hover img,.wp-block-uagb-image--effect-zoomin .wp-block-uagb-image__figure:hover .wp-block-uagb-image--layout-overlay__color-wrapper{transform:scale(1.05)}.wp-block-uagb-image--effect-slide .wp-block-uagb-image__figure img,.wp-block-uagb-image--effect-slide .wp-block-uagb-image__figure .wp-block-uagb-image--layout-overlay__color-wrapper{width:calc(100% + 40px) !important;max-width:none !important;transform:translate3d(-40px, 0, 0);transition:transform 0.35s ease-in-out}.wp-block-uagb-image--effect-slide .wp-block-uagb-image__figure:hover img,.wp-block-uagb-image--effect-slide .wp-block-uagb-image__figure:hover .wp-block-uagb-image--layout-overlay__color-wrapper{transform:translate3d(0, 0, 0)}.wp-block-uagb-image--effect-grayscale img{filter:grayscale(0%);transition:0.35s ease-in-out}.wp-block-uagb-image--effect-grayscale:hover img{filter:grayscale(100%)}.wp-block-uagb-image--effect-blur img{filter:blur(0);transition:0.35s ease-in-out}.wp-block-uagb-image--effect-blur:hover img{filter:blur(3px)}\n.uagb-block-e6f939b3.wp-block-uagb-image--layout-default figure img{box-shadow: 0px 0px 0 #00000070;}.uagb-block-e6f939b3.wp-block-uagb-image .wp-block-uagb-image__figure figcaption{font-style: normal;align-self: center;}.uagb-block-e6f939b3.wp-block-uagb-image--layout-overlay figure img{box-shadow: 0px 0px 0 #00000070;}.uagb-block-e6f939b3.wp-block-uagb-image--layout-overlay .wp-block-uagb-image--layout-overlay__color-wrapper{opacity: 0.2;}.uagb-block-e6f939b3.wp-block-uagb-image--layout-overlay .wp-block-uagb-image--layout-overlay__inner{left: 15px;right: 15px;top: 15px;bottom: 15px;}.uagb-block-e6f939b3.wp-block-uagb-image--layout-overlay .wp-block-uagb-image--layout-overlay__inner .uagb-image-heading{font-style: normal;color: #fff;opacity: 1;}.uagb-block-e6f939b3.wp-block-uagb-image--layout-overlay .wp-block-uagb-image--layout-overlay__inner .uagb-image-heading a{color: #fff;}.uagb-block-e6f939b3.wp-block-uagb-image--layout-overlay .wp-block-uagb-image--layout-overlay__inner .uagb-image-caption{opacity: 0;}.uagb-block-e6f939b3.wp-block-uagb-image--layout-overlay .wp-block-uagb-image__figure:hover .wp-block-uagb-image--layout-overlay__color-wrapper{opacity: 1;}.uagb-block-e6f939b3.wp-block-uagb-image .wp-block-uagb-image--layout-overlay__inner .uagb-image-separator{width: 30%;border-top-width: 2px;border-top-color: #fff;opacity: 0;}.uagb-block-e6f939b3.wp-block-uagb-image .wp-block-uagb-image__figure img{width: px;height: auto;}.uagb-block-e6f939b3.wp-block-uagb-image .wp-block-uagb-image__figure:hover .wp-block-uagb-image--layout-overlay__inner .uagb-image-caption{opacity: 1;}.uagb-block-e6f939b3.wp-block-uagb-image .wp-block-uagb-image__figure:hover .wp-block-uagb-image--layout-overlay__inner .uagb-image-separator{opacity: 1;}.uagb-block-e6f939b3.wp-block-uagb-image--layout-default figure:hover img{box-shadow: 0px 0px 0 #00000070;}.uagb-block-e6f939b3.wp-block-uagb-image--layout-overlay figure:hover img{box-shadow: 0px 0px 0 #00000070;}@media only screen and (max-width: 976px) {.uagb-block-e6f939b3.wp-block-uagb-image .wp-block-uagb-image__figure img{width: px;height: auto;}}@media only screen and (max-width: 767px) {.uagb-block-e6f939b3.wp-block-uagb-image .wp-block-uagb-image__figure img{width: px;height: auto;}}\";s:2:\"js\";s:0:\"\";s:18:\"current_block_list\";a:13:{i:0;s:11:\"core\/search\";i:1;s:10:\"core\/group\";i:2;s:12:\"core\/heading\";i:3;s:17:\"core\/latest-posts\";i:4;s:20:\"core\/latest-comments\";i:5;s:13:\"core\/archives\";i:6;s:15:\"core\/categories\";i:7;s:14:\"core\/paragraph\";i:8;s:10:\"uagb\/image\";i:9;s:11:\"core\/spacer\";i:10;s:30:\"woocommerce\/product-categories\";i:11;s:10:\"core\/image\";i:12;s:14:\"core\/shortcode\";}s:8:\"uag_flag\";b:1;s:11:\"uag_version\";s:10:\"1776395320\";s:6:\"gfonts\";a:0:{}s:10:\"gfonts_url\";s:0:\"\";s:12:\"gfonts_files\";a:0:{}s:14:\"uag_faq_layout\";b:0;}"]},"uagb_featured_image_src":{"full":["https:\/\/www.oleaia.com\/wp-content\/uploads\/2025\/08\/Oleaia-Camellia-Oil-1L.jpg",2560,2560,false],"thumbnail":["https:\/\/www.oleaia.com\/wp-content\/uploads\/2025\/08\/Oleaia-Camellia-Oil-1L-150x150.jpg",150,150,true],"medium":["https:\/\/www.oleaia.com\/wp-content\/uploads\/2025\/08\/Oleaia-Camellia-Oil-1L-300x300.jpg",300,300,true],"medium_large":["https:\/\/www.oleaia.com\/wp-content\/uploads\/2025\/08\/Oleaia-Camellia-Oil-1L-768x768.jpg",768,768,true],"large":["https:\/\/www.oleaia.com\/wp-content\/uploads\/2025\/08\/Oleaia-Camellia-Oil-1L-1024x1024.jpg",1024,1024,true],"1536x1536":["https:\/\/www.oleaia.com\/wp-content\/uploads\/2025\/08\/Oleaia-Camellia-Oil-1L-1536x1536.jpg",1536,1536,true],"2048x2048":["https:\/\/www.oleaia.com\/wp-content\/uploads\/2025\/08\/Oleaia-Camellia-Oil-1L-2048x2048.jpg",2048,2048,true],"trp-custom-language-flag":["https:\/\/www.oleaia.com\/wp-content\/uploads\/2025\/08\/Oleaia-Camellia-Oil-1L-12x12.jpg",12,12,true],"woocommerce_thumbnail":["https:\/\/www.oleaia.com\/wp-content\/uploads\/2025\/08\/Oleaia-Camellia-Oil-1L-300x300.jpg",300,300,true],"woocommerce_single":["https:\/\/www.oleaia.com\/wp-content\/uploads\/2025\/08\/Oleaia-Camellia-Oil-1L-600x600.jpg",600,600,true],"woocommerce_gallery_thumbnail":["https:\/\/www.oleaia.com\/wp-content\/uploads\/2025\/08\/Oleaia-Camellia-Oil-1L-100x100.jpg",100,100,true]},"uagb_author_info":{"display_name":"admin","author_link":"https:\/\/www.oleaia.com\/no\/author\/"},"uagb_comment_info":20,"uagb_excerpt":"\u00a0 \u00a0100% Pure Vegetable Oil. Derived from high-quality raw materials, our camellia oil is a pure vegetable oil with a rich, dense texture. Ideal for a variety of technical and artisanal uses, it delivers consistent quality and high performance. \u00a0 \u00a0Satisfaction Guaranteed or Your Money Back. Your trust is our priority. If for any reason&hellip;","_links":{"self":[{"href":"https:\/\/www.oleaia.com\/no\/wp-json\/wp\/v2\/product\/23635","targetHints":{"allow":["GET"]}}],"collection":[{"href":"https:\/\/www.oleaia.com\/no\/wp-json\/wp\/v2\/product"}],"about":[{"href":"https:\/\/www.oleaia.com\/no\/wp-json\/wp\/v2\/types\/product"}],"replies":[{"embeddable":true,"href":"https:\/\/www.oleaia.com\/no\/wp-json\/wp\/v2\/comments?post=23635"}],"version-history":[{"count":3,"href":"https:\/\/www.oleaia.com\/no\/wp-json\/wp\/v2\/product\/23635\/revisions"}],"predecessor-version":[{"id":78035,"href":"https:\/\/www.oleaia.com\/no\/wp-json\/wp\/v2\/product\/23635\/revisions\/78035"}],"wp:featuredmedia":[{"embeddable":true,"href":"https:\/\/www.oleaia.com\/no\/wp-json\/wp\/v2\/media\/23834"}],"wp:attachment":[{"href":"https:\/\/www.oleaia.com\/no\/wp-json\/wp\/v2\/media?parent=23635"}],"wp:term":[{"taxonomy":"product_brand","embeddable":true,"href":"https:\/\/www.oleaia.com\/no\/wp-json\/wp\/v2\/product_brand?post=23635"},{"taxonomy":"product_cat","embeddable":true,"href":"https:\/\/www.oleaia.com\/no\/wp-json\/wp\/v2\/product_cat?post=23635"},{"taxonomy":"product_tag","embeddable":true,"href":"https:\/\/www.oleaia.com\/no\/wp-json\/wp\/v2\/product_tag?post=23635"}],"curies":[{"name":"wp","href":"https:\/\/api.w.org\/{rel}","templated":true}]}}