{"id":178,"date":"2025-04-11T06:43:33","date_gmt":"2025-04-11T04:43:33","guid":{"rendered":"https:\/\/www.stoprodent.com\/?page_id=178"},"modified":"2025-05-27T07:42:10","modified_gmt":"2025-05-27T05:42:10","slug":"shipping-policy","status":"publish","type":"page","link":"https:\/\/www.oleaia.com\/pl\/shipping-policy\/","title":{"rendered":"Zasady wysy\u0142ki"},"content":{"rendered":"<p><strong>Artyku\u0142 1. Informacje og\u00f3lne<\/strong><\/p>\n\n\n\n<p>Ta strona przedstawia koszty i czasy dostawy zwi\u0105zane z wysy\u0142k\u0105 paczki. Podczas sk\u0142adania zam\u00f3wienia oferowane s\u0105 r\u00f3\u017cne opcje dostawy. R\u00f3\u017cni\u0105 si\u0119 one w zale\u017cno\u015bci od rodzaju produktu, adresu dostawy i wymiar\u00f3w produktu. Aby przesy\u0142ka zosta\u0142a dostarczona na czas, karta musi zosta\u0107 najpierw obci\u0105\u017cona, poniewa\u017c wysy\u0142amy produkty dopiero po potwierdzeniu p\u0142atno\u015bci.<\/p>\n\n\n\n<p>&nbsp;<strong>Artyku\u0142 2. Kraj przeznaczenia<\/strong><\/p>\n\n\n\n<p>Dzi\u0119ki kilku platformom wysy\u0142kowym, w tym jednej w Europie, jednej w Ameryce, jednej w Azji i jednej w Oceanii, mo\u017cemy oferowa\u0107 dostawy na ca\u0142ym \u015bwiecie, w tym na najbardziej odleg\u0142e wyspy i obszary. Czas dostawy nigdy nie przekracza 5 dni, bez wzgl\u0119du na to, gdzie chcesz dostarczy\u0107 przedmiot, i zawsze mo\u017cesz wybra\u0107 dostaw\u0119 24-godzinn\u0105.<\/p>\n\n\n\n<p>&nbsp;<strong>Artyku\u0142 3. Dostawa standardowa<\/strong><\/p>\n\n\n\n<p>Przesy\u0142ka standardowa dociera do odbiorcy zazwyczaj w ci\u0105gu 2-4 dni roboczych. Przy odbiorze przesy\u0142ki zawsze wymagany jest podpis. Wa\u017cne jest, aby poda\u0107 numer telefonu podczas sk\u0142adania zam\u00f3wienia, poniewa\u017c przekazujemy go przewo\u017anikowi, kt\u00f3ry u\u017cyje go w przypadku jakichkolwiek problem\u00f3w ze zlokalizowaniem adresu. Paczki nigdy nie s\u0105 dostarczane do skrzynki pocztowej, chyba \u017ce przewo\u017anik zrzeknie si\u0119 ich przed dor\u0119czeniem.<\/p>\n\n\n\n<p>&nbsp;<strong>Artyku\u0142 4. Przesy\u0142ka ekspresowa<\/strong><\/p>\n\n\n\n<p>W przypadku dostawy ekspresowej paczk\u0119 dostarczamy w ci\u0105gu 24 godzin. Dzi\u0119ki naszej umowie transportowej, je\u015bli otrzymasz paczk\u0119 p\u00f3\u017aniej, przewo\u017anik zwr\u00f3ci koszty dostawy. Zam\u00f3wienie musi zosta\u0107 op\u0142acone przez PayPal lub kart\u0105 kredytow\u0105. Je\u015bli zdecydujesz si\u0119 zap\u0142aci\u0107 przelewem bankowym, nie wy\u015blemy zam\u00f3wienia, dop\u00f3ki nie otrzymamy \u015brodk\u00f3w.<\/p>\n\n\n\n<p>&nbsp;<strong>Artyku\u0142 5. Koszty dostawy<\/strong><\/p>\n\n\n\n<p>Koszty dostawy s\u0105 obliczane automatycznie podczas sk\u0142adania zam\u00f3wienia na podstawie wagi, wymiar\u00f3w i kraju dostawy. Aby okre\u015bli\u0107 ich wysoko\u015b\u0107, nale\u017cy doda\u0107 wybrane produkty do koszyka, a nast\u0119pnie przej\u015b\u0107 do kasy, aby zobaczy\u0107 koszty dostawy.<\/p>\n\n\n\n<p>&nbsp;<strong>Artyku\u0142 6. Terminy dostaw<\/strong><\/p>\n\n\n\n<p>Czasy dostawy s\u0105 r\u00f3wnie\u017c wy\u015bwietlane podczas p\u0142atno\u015bci. Zale\u017c\u0105 one od wybranej opcji dostawy, a tak\u017ce kraju dostawy. W ka\u017cdym przypadku, niezale\u017cnie od kraju dostawy, dostawa jest zawsze mo\u017cliwa w ci\u0105gu 24 godzin.<\/p>\n\n\n\n<p>&nbsp;<strong>Artyku\u0142 7. Godziny odbioru paczek<\/strong><\/p>\n\n\n\n<p>Przewo\u017anicy odbieraj\u0105 paczki z naszych magazyn\u00f3w od poniedzia\u0142ku do pi\u0105tku. W przypadku standardowych dostaw przewo\u017anicy odbieraj\u0105 paczki o godzinie 11:00. W przypadku przesy\u0142ek ekspresowych przewo\u017anicy odbieraj\u0105 paczki o godzinie 1:00pm. Wszelkie zam\u00f3wienia z\u0142o\u017cone po tych godzinach granicznych zostan\u0105 przekazane przewo\u017anikom nast\u0119pnego dnia.<\/p>\n\n\n\n<p>&nbsp;<strong>Artyku\u0142 8. \u015aledzenie przesy\u0142ek<\/strong><\/p>\n\n\n\n<p>W ci\u0105gu maksymalnie 12 godzin od z\u0142o\u017cenia zam\u00f3wienia otrzymasz wiadomo\u015b\u0107 e-mail i SMS z powiadomieniem, \u017ce przesy\u0142ka zosta\u0142a wys\u0142ana. Dostarczymy ci numer \u015bledzenia, aby\u015b m\u00f3g\u0142 \u015bledzi\u0107 przesy\u0142k\u0119 w czasie rzeczywistym.<\/p>","protected":false},"excerpt":{"rendered":"<p>Article 1. General Information This page presents the costs and delivery times associated with shipping a package. The various delivery options are offered when placing an order. They vary based on the type of product, the delivery address and the dimensions of the product. To be delivered on time, your card must first be debited, [&hellip;]<\/p>\n","protected":false},"author":1,"featured_media":0,"parent":0,"menu_order":0,"comment_status":"closed","ping_status":"closed","template":"","meta":{"_uag_custom_page_level_css":"","site-sidebar-layout":"default","site-content-layout":"","ast-site-content-layout":"default","site-content-style":"default","site-sidebar-style":"default","ast-global-header-display":"","ast-banner-title-visibility":"","ast-main-header-display":"","ast-hfb-above-header-display":"","ast-hfb-below-header-display":"","ast-hfb-mobile-header-display":"","site-post-title":"","ast-breadcrumbs-content":"","ast-featured-img":"","footer-sml-layout":"","ast-disable-related-posts":"","theme-transparent-header-meta":"","adv-header-id-meta":"","stick-header-meta":"","header-above-stick-meta":"","header-main-stick-meta":"","header-below-stick-meta":"","astra-migrate-meta-layouts":"set","ast-page-background-enabled":"default","ast-page-background-meta":{"desktop":{"background-color":"var(--ast-global-color-4)","background-image":"","background-repeat":"repeat","background-position":"center center","background-size":"auto","background-attachment":"scroll","background-type":"","background-media":"","overlay-type":"","overlay-color":"","overlay-opacity":"","overlay-gradient":""},"tablet":{"background-color":"","background-image":"","background-repeat":"repeat","background-position":"center center","background-size":"auto","background-attachment":"scroll","background-type":"","background-media":"","overlay-type":"","overlay-color":"","overlay-opacity":"","overlay-gradient":""},"mobile":{"background-color":"","background-image":"","background-repeat":"repeat","background-position":"center center","background-size":"auto","background-attachment":"scroll","background-type":"","background-media":"","overlay-type":"","overlay-color":"","overlay-opacity":"","overlay-gradient":""}},"ast-content-background-meta":{"desktop":{"background-color":"var(--ast-global-color-5)","background-image":"","background-repeat":"repeat","background-position":"center center","background-size":"auto","background-attachment":"scroll","background-type":"","background-media":"","overlay-type":"","overlay-color":"","overlay-opacity":"","overlay-gradient":""},"tablet":{"background-color":"var(--ast-global-color-5)","background-image":"","background-repeat":"repeat","background-position":"center center","background-size":"auto","background-attachment":"scroll","background-type":"","background-media":"","overlay-type":"","overlay-color":"","overlay-opacity":"","overlay-gradient":""},"mobile":{"background-color":"var(--ast-global-color-5)","background-image":"","background-repeat":"repeat","background-position":"center center","background-size":"auto","background-attachment":"scroll","background-type":"","background-media":"","overlay-type":"","overlay-color":"","overlay-opacity":"","overlay-gradient":""}},"footnotes":""},"class_list":["post-178","page","type-page","status-publish","hentry"],"spectra_custom_meta":{"_edit_lock":["1752849643:1"],"_wpml_word_count":["462"],"_edit_last":["1"],"_wpml_media_duplicate":["1"],"_wpml_media_featured":["1"],"rank_math_news_sitemap_robots":["index"],"rank_math_robots":["a:1:{i:0;s:5:\"index\";}"],"_uag_custom_page_level_css":[""],"site-sidebar-layout":["default"],"site-content-layout":[""],"ast-site-content-layout":["default"],"site-content-style":["default"],"site-sidebar-style":["default"],"ast-global-header-display":[""],"ast-banner-title-visibility":[""],"ast-main-header-display":[""],"ast-hfb-above-header-display":[""],"ast-hfb-below-header-display":[""],"ast-hfb-mobile-header-display":[""],"site-post-title":[""],"ast-breadcrumbs-content":[""],"ast-featured-img":[""],"footer-sml-layout":[""],"theme-transparent-header-meta":[""],"adv-header-id-meta":[""],"stick-header-meta":[""],"header-above-stick-meta":[""],"header-main-stick-meta":[""],"header-below-stick-meta":[""],"astra-migrate-meta-layouts":["set"],"ast-page-background-enabled":["default"],"ast-page-background-meta":["a:3:{s:7:\"desktop\";a:12:{s:16:\"background-color\";s:25:\"var(--ast-global-color-4)\";s:16:\"background-image\";s:0:\"\";s:17:\"background-repeat\";s:6:\"repeat\";s:19:\"background-position\";s:13:\"center center\";s:15:\"background-size\";s:4:\"auto\";s:21:\"background-attachment\";s:6:\"scroll\";s:15:\"background-type\";s:0:\"\";s:16:\"background-media\";s:0:\"\";s:12:\"overlay-type\";s:0:\"\";s:13:\"overlay-color\";s:0:\"\";s:15:\"overlay-opacity\";s:0:\"\";s:16:\"overlay-gradient\";s:0:\"\";}s:6:\"tablet\";a:12:{s:16:\"background-color\";s:0:\"\";s:16:\"background-image\";s:0:\"\";s:17:\"background-repeat\";s:6:\"repeat\";s:19:\"background-position\";s:13:\"center center\";s:15:\"background-size\";s:4:\"auto\";s:21:\"background-attachment\";s:6:\"scroll\";s:15:\"background-type\";s:0:\"\";s:16:\"background-media\";s:0:\"\";s:12:\"overlay-type\";s:0:\"\";s:13:\"overlay-color\";s:0:\"\";s:15:\"overlay-opacity\";s:0:\"\";s:16:\"overlay-gradient\";s:0:\"\";}s:6:\"mobile\";a:12:{s:16:\"background-color\";s:0:\"\";s:16:\"background-image\";s:0:\"\";s:17:\"background-repeat\";s:6:\"repeat\";s:19:\"background-position\";s:13:\"center center\";s:15:\"background-size\";s:4:\"auto\";s:21:\"background-attachment\";s:6:\"scroll\";s:15:\"background-type\";s:0:\"\";s:16:\"background-media\";s:0:\"\";s:12:\"overlay-type\";s:0:\"\";s:13:\"overlay-color\";s:0:\"\";s:15:\"overlay-opacity\";s:0:\"\";s:16:\"overlay-gradient\";s:0:\"\";}}"],"ast-content-background-meta":["a:3:{s:7:\"desktop\";a:12:{s:16:\"background-color\";s:25:\"var(--ast-global-color-5)\";s:16:\"background-image\";s:0:\"\";s:17:\"background-repeat\";s:6:\"repeat\";s:19:\"background-position\";s:13:\"center center\";s:15:\"background-size\";s:4:\"auto\";s:21:\"background-attachment\";s:6:\"scroll\";s:15:\"background-type\";s:0:\"\";s:16:\"background-media\";s:0:\"\";s:12:\"overlay-type\";s:0:\"\";s:13:\"overlay-color\";s:0:\"\";s:15:\"overlay-opacity\";s:0:\"\";s:16:\"overlay-gradient\";s:0:\"\";}s:6:\"tablet\";a:12:{s:16:\"background-color\";s:25:\"var(--ast-global-color-5)\";s:16:\"background-image\";s:0:\"\";s:17:\"background-repeat\";s:6:\"repeat\";s:19:\"background-position\";s:13:\"center center\";s:15:\"background-size\";s:4:\"auto\";s:21:\"background-attachment\";s:6:\"scroll\";s:15:\"background-type\";s:0:\"\";s:16:\"background-media\";s:0:\"\";s:12:\"overlay-type\";s:0:\"\";s:13:\"overlay-color\";s:0:\"\";s:15:\"overlay-opacity\";s:0:\"\";s:16:\"overlay-gradient\";s:0:\"\";}s:6:\"mobile\";a:12:{s:16:\"background-color\";s:25:\"var(--ast-global-color-5)\";s:16:\"background-image\";s:0:\"\";s:17:\"background-repeat\";s:6:\"repeat\";s:19:\"background-position\";s:13:\"center center\";s:15:\"background-size\";s:4:\"auto\";s:21:\"background-attachment\";s:6:\"scroll\";s:15:\"background-type\";s:0:\"\";s:16:\"background-media\";s:0:\"\";s:12:\"overlay-type\";s:0:\"\";s:13:\"overlay-color\";s:0:\"\";s:15:\"overlay-opacity\";s:0:\"\";s:16:\"overlay-gradient\";s:0:\"\";}}"],"footnotes":[""],"_elementor_edit_mode":[""],"_elementor_template_type":[""],"_elementor_data":[""],"_elementor_conditions":["a:0:{}"],"_uag_css_file_name":["uag-css-178.css"],"_uag_page_assets":["a:9:{s:3:\"css\";s:7156:\".uag-blocks-common-selector{z-index:var(--z-index-desktop) !important}@media (max-width: 976px){.uag-blocks-common-selector{z-index:var(--z-index-tablet) !important}}@media (max-width: 767px){.uag-blocks-common-selector{z-index:var(--z-index-mobile) !important}}\n.wp-block-uagb-image{display:flex}.wp-block-uagb-image__figure{position:relative;display:flex;flex-direction:column;max-width:100%;height:auto;margin:0}.wp-block-uagb-image__figure img{height:auto;display:flex;max-width:100%;transition:box-shadow 0.2s ease}.wp-block-uagb-image__figure>a{display:inline-block}.wp-block-uagb-image__figure figcaption{text-align:center;margin-top:0.5em;margin-bottom:1em}.wp-block-uagb-image .components-placeholder.block-editor-media-placeholder .components-placeholder__instructions{align-self:center}.wp-block-uagb-image--align-left{text-align:left}.wp-block-uagb-image--align-right{text-align:right}.wp-block-uagb-image--align-center{text-align:center}.wp-block-uagb-image--align-full .wp-block-uagb-image__figure{margin-left:calc(50% - 50vw);margin-right:calc(50% - 50vw);max-width:100vw;width:100vw;height:auto}.wp-block-uagb-image--align-full .wp-block-uagb-image__figure img{height:auto;width:100% !important}.wp-block-uagb-image--align-wide .wp-block-uagb-image__figure img{height:auto;width:100%}.wp-block-uagb-image--layout-overlay__color-wrapper{position:absolute;left:0;top:0;right:0;bottom:0;opacity:0.2;background:rgba(0,0,0,0.5);transition:opacity 0.35s ease-in-out}.wp-block-uagb-image--layout-overlay-link{position:absolute;left:0;right:0;bottom:0;top:0}.wp-block-uagb-image--layout-overlay .wp-block-uagb-image__figure:hover .wp-block-uagb-image--layout-overlay__color-wrapper{opacity:1}.wp-block-uagb-image--layout-overlay__inner{position:absolute;left:15px;right:15px;bottom:15px;top:15px;display:flex;align-items:center;justify-content:center;flex-direction:column;border-color:#fff;transition:0.35s ease-in-out}.wp-block-uagb-image--layout-overlay__inner.top-left,.wp-block-uagb-image--layout-overlay__inner.top-center,.wp-block-uagb-image--layout-overlay__inner.top-right{justify-content:flex-start}.wp-block-uagb-image--layout-overlay__inner.bottom-left,.wp-block-uagb-image--layout-overlay__inner.bottom-center,.wp-block-uagb-image--layout-overlay__inner.bottom-right{justify-content:flex-end}.wp-block-uagb-image--layout-overlay__inner.top-left,.wp-block-uagb-image--layout-overlay__inner.center-left,.wp-block-uagb-image--layout-overlay__inner.bottom-left{align-items:flex-start}.wp-block-uagb-image--layout-overlay__inner.top-right,.wp-block-uagb-image--layout-overlay__inner.center-right,.wp-block-uagb-image--layout-overlay__inner.bottom-right{align-items:flex-end}.wp-block-uagb-image--layout-overlay__inner .uagb-image-heading{color:#fff;transition:transform 0.35s, opacity 0.35s ease-in-out;transform:translate3d(0, 24px, 0);margin:0;line-height:1em}.wp-block-uagb-image--layout-overlay__inner .uagb-image-separator{width:30%;border-top-width:2px;border-top-color:#fff;border-top-style:solid;margin-bottom:10px;opacity:0;transition:transform 0.4s, opacity 0.4s ease-in-out;transform:translate3d(0, 30px, 0)}.wp-block-uagb-image--layout-overlay__inner .uagb-image-caption{opacity:0;overflow:visible;color:#fff;transition:transform 0.45s, opacity 0.45s ease-in-out;transform:translate3d(0, 35px, 0)}.wp-block-uagb-image--layout-overlay__inner:hover .uagb-image-heading,.wp-block-uagb-image--layout-overlay__inner:hover .uagb-image-separator,.wp-block-uagb-image--layout-overlay__inner:hover .uagb-image-caption{opacity:1;transform:translate3d(0, 0, 0)}.wp-block-uagb-image--effect-zoomin .wp-block-uagb-image__figure img,.wp-block-uagb-image--effect-zoomin .wp-block-uagb-image__figure .wp-block-uagb-image--layout-overlay__color-wrapper{transform:scale(1);transition:transform 0.35s ease-in-out}.wp-block-uagb-image--effect-zoomin .wp-block-uagb-image__figure:hover img,.wp-block-uagb-image--effect-zoomin .wp-block-uagb-image__figure:hover .wp-block-uagb-image--layout-overlay__color-wrapper{transform:scale(1.05)}.wp-block-uagb-image--effect-slide .wp-block-uagb-image__figure img,.wp-block-uagb-image--effect-slide .wp-block-uagb-image__figure .wp-block-uagb-image--layout-overlay__color-wrapper{width:calc(100% + 40px) !important;max-width:none !important;transform:translate3d(-40px, 0, 0);transition:transform 0.35s ease-in-out}.wp-block-uagb-image--effect-slide .wp-block-uagb-image__figure:hover img,.wp-block-uagb-image--effect-slide .wp-block-uagb-image__figure:hover .wp-block-uagb-image--layout-overlay__color-wrapper{transform:translate3d(0, 0, 0)}.wp-block-uagb-image--effect-grayscale img{filter:grayscale(0%);transition:0.35s ease-in-out}.wp-block-uagb-image--effect-grayscale:hover img{filter:grayscale(100%)}.wp-block-uagb-image--effect-blur img{filter:blur(0);transition:0.35s ease-in-out}.wp-block-uagb-image--effect-blur:hover img{filter:blur(3px)}\n.uagb-block-e6f939b3.wp-block-uagb-image--layout-default figure img{box-shadow: 0px 0px 0 #00000070;}.uagb-block-e6f939b3.wp-block-uagb-image .wp-block-uagb-image__figure figcaption{font-style: normal;align-self: center;}.uagb-block-e6f939b3.wp-block-uagb-image--layout-overlay figure img{box-shadow: 0px 0px 0 #00000070;}.uagb-block-e6f939b3.wp-block-uagb-image--layout-overlay .wp-block-uagb-image--layout-overlay__color-wrapper{opacity: 0.2;}.uagb-block-e6f939b3.wp-block-uagb-image--layout-overlay .wp-block-uagb-image--layout-overlay__inner{left: 15px;right: 15px;top: 15px;bottom: 15px;}.uagb-block-e6f939b3.wp-block-uagb-image--layout-overlay .wp-block-uagb-image--layout-overlay__inner .uagb-image-heading{font-style: normal;color: #fff;opacity: 1;}.uagb-block-e6f939b3.wp-block-uagb-image--layout-overlay .wp-block-uagb-image--layout-overlay__inner .uagb-image-heading a{color: #fff;}.uagb-block-e6f939b3.wp-block-uagb-image--layout-overlay .wp-block-uagb-image--layout-overlay__inner .uagb-image-caption{opacity: 0;}.uagb-block-e6f939b3.wp-block-uagb-image--layout-overlay .wp-block-uagb-image__figure:hover .wp-block-uagb-image--layout-overlay__color-wrapper{opacity: 1;}.uagb-block-e6f939b3.wp-block-uagb-image .wp-block-uagb-image--layout-overlay__inner .uagb-image-separator{width: 30%;border-top-width: 2px;border-top-color: #fff;opacity: 0;}.uagb-block-e6f939b3.wp-block-uagb-image .wp-block-uagb-image__figure img{width: px;height: auto;}.uagb-block-e6f939b3.wp-block-uagb-image .wp-block-uagb-image__figure:hover .wp-block-uagb-image--layout-overlay__inner .uagb-image-caption{opacity: 1;}.uagb-block-e6f939b3.wp-block-uagb-image .wp-block-uagb-image__figure:hover .wp-block-uagb-image--layout-overlay__inner .uagb-image-separator{opacity: 1;}.uagb-block-e6f939b3.wp-block-uagb-image--layout-default figure:hover img{box-shadow: 0px 0px 0 #00000070;}.uagb-block-e6f939b3.wp-block-uagb-image--layout-overlay figure:hover img{box-shadow: 0px 0px 0 #00000070;}@media only screen and (max-width: 976px) {.uagb-block-e6f939b3.wp-block-uagb-image .wp-block-uagb-image__figure img{width: px;height: auto;}}@media only screen and (max-width: 767px) {.uagb-block-e6f939b3.wp-block-uagb-image .wp-block-uagb-image__figure img{width: px;height: auto;}}\";s:2:\"js\";s:0:\"\";s:18:\"current_block_list\";a:13:{i:0;s:14:\"core\/paragraph\";i:1;s:11:\"core\/search\";i:2;s:10:\"core\/group\";i:3;s:12:\"core\/heading\";i:4;s:17:\"core\/latest-posts\";i:5;s:20:\"core\/latest-comments\";i:6;s:13:\"core\/archives\";i:7;s:15:\"core\/categories\";i:8;s:10:\"uagb\/image\";i:9;s:11:\"core\/spacer\";i:10;s:30:\"woocommerce\/product-categories\";i:11;s:10:\"core\/image\";i:12;s:14:\"core\/shortcode\";}s:8:\"uag_flag\";b:1;s:11:\"uag_version\";s:10:\"1776464773\";s:6:\"gfonts\";a:0:{}s:10:\"gfonts_url\";s:0:\"\";s:12:\"gfonts_files\";a:0:{}s:14:\"uag_faq_layout\";b:0;}"]},"uagb_featured_image_src":{"full":false,"thumbnail":false,"medium":false,"medium_large":false,"large":false,"1536x1536":false,"2048x2048":false,"trp-custom-language-flag":false,"woocommerce_thumbnail":false,"woocommerce_single":false,"woocommerce_gallery_thumbnail":false},"uagb_author_info":{"display_name":"admin","author_link":"https:\/\/www.oleaia.com\/pl\/author\/admin2721\/"},"uagb_comment_info":0,"uagb_excerpt":"Article 1. General Information This page presents the costs and delivery times associated with shipping a package. The various delivery options are offered when placing an order. They vary based on the type of product, the delivery address and the dimensions of the product. To be delivered on time, your card must first be debited,&hellip;","_links":{"self":[{"href":"https:\/\/www.oleaia.com\/pl\/wp-json\/wp\/v2\/pages\/178","targetHints":{"allow":["GET"]}}],"collection":[{"href":"https:\/\/www.oleaia.com\/pl\/wp-json\/wp\/v2\/pages"}],"about":[{"href":"https:\/\/www.oleaia.com\/pl\/wp-json\/wp\/v2\/types\/page"}],"author":[{"embeddable":true,"href":"https:\/\/www.oleaia.com\/pl\/wp-json\/wp\/v2\/users\/1"}],"replies":[{"embeddable":true,"href":"https:\/\/www.oleaia.com\/pl\/wp-json\/wp\/v2\/comments?post=178"}],"version-history":[{"count":2,"href":"https:\/\/www.oleaia.com\/pl\/wp-json\/wp\/v2\/pages\/178\/revisions"}],"predecessor-version":[{"id":22945,"href":"https:\/\/www.oleaia.com\/pl\/wp-json\/wp\/v2\/pages\/178\/revisions\/22945"}],"wp:attachment":[{"href":"https:\/\/www.oleaia.com\/pl\/wp-json\/wp\/v2\/media?parent=178"}],"curies":[{"name":"wp","href":"https:\/\/api.w.org\/{rel}","templated":true}]}}