{"id":180,"date":"2025-04-11T06:44:20","date_gmt":"2025-04-11T04:44:20","guid":{"rendered":"https:\/\/www.stoprodent.com\/?page_id=180"},"modified":"2025-04-11T06:44:21","modified_gmt":"2025-04-11T04:44:21","slug":"payment-method","status":"publish","type":"page","link":"https:\/\/www.oleaia.com\/pl\/payment-method\/","title":{"rendered":"Metoda p\u0142atno\u015bci"},"content":{"rendered":"<p><strong>Artyku\u0142 1. Postanowienia og\u00f3lne<\/strong><\/p>\n\n\n\n<p>Oferujemy r\u00f3\u017cne metody p\u0142atno\u015bci w celu zatwierdzenia zam\u00f3wienia. W zale\u017cno\u015bci od kwoty zam\u00f3wienia, wybranej metody dostawy lub adresu dostawy dost\u0119pne b\u0119d\u0105 okre\u015blone metody p\u0142atno\u015bci. Poni\u017cej znajduj\u0105 si\u0119 szczeg\u00f3\u0142y powszechnie akceptowanych metod p\u0142atno\u015bci.<\/p>\n\n\n\n<p><strong>Artyku\u0142 2. Karta bankowa<\/strong><\/p>\n\n\n\n<p>W przypadku wszystkich p\u0142atno\u015bci kart\u0105 kredytow\u0105 transakcja jest zabezpieczona przy u\u017cyciu technologii szyfrowania SSL. W rzeczywisto\u015bci wszystkie informacje zwi\u0105zane z p\u0142atno\u015bci\u0105 s\u0105 szyfrowane od komputera do serwera banku. Przetwarzanie komputerowe za pomoc\u0105 zakodowanego klucza umo\u017cliwia korzystanie z informacji bankowych. Wszystkie te informacje pozostaj\u0105 poufne i nie mog\u0105 by\u0107 przegl\u0105dane ani wykorzystywane bez wiedzy u\u017cytkownika. Ta metoda p\u0142atno\u015bci pozwala na szybkie przetwarzanie zam\u00f3wie\u0144. Akceptujemy wszystkie karty, w tym Visa, Mastercard, Carte Bleue, Maestro, Visa Electron, American Express, Discover, Diners Club, China UnionPay i JCB.<\/p>\n\n\n\n<p><strong>Artyku\u0142 3. PayPal<\/strong><\/p>\n\n\n\n<p>Je\u015bli posiadasz konto PayPal i powi\u0105zan\u0105 z nim kart\u0119 kredytow\u0105, mo\u017cesz skorzysta\u0107 z tej metody p\u0142atno\u015bci za zam\u00f3wienie, pod warunkiem, \u017ce wszystkie produkty w koszyku s\u0105 dost\u0119pne w magazynie. Po zako\u0144czeniu p\u0142atno\u015bci PayPal nale\u017cy pami\u0119ta\u0107 o potwierdzeniu zam\u00f3wienia (post\u0119puj zgodnie z instrukcjami PayPal podczas p\u0142atno\u015bci). Odliczenie zostanie dokonane przez PayPal po potwierdzeniu zam\u00f3wienia na naszej stronie internetowej. Nale\u017cy pami\u0119ta\u0107, \u017ce z wyj\u0105tkiem nowego zam\u00f3wienia, nigdy nie nale\u017cy wysy\u0142a\u0107 p\u0142atno\u015bci PayPal bezpo\u015brednio.<\/p>\n\n\n\n<p><strong>Artyku\u0142 4. Czek bankowy<\/strong><\/p>\n\n\n\n<p>Po zatwierdzeniu zam\u00f3wienia nasz zesp\u00f3\u0142 skontaktuje si\u0119 z Tob\u0105 w celu przekazania szczeg\u00f3\u0142\u00f3w p\u0142atno\u015bci. Prosimy o podanie numeru zam\u00f3wienia na odwrocie czeku. Numer ten jest r\u00f3wnie\u017c podany w otrzymanej wiadomo\u015bci e-mail z potwierdzeniem zam\u00f3wienia. Numer zam\u00f3wienia mo\u017cna r\u00f3wnie\u017c zapisa\u0107 na zwyk\u0142ym papierze lub do\u0142\u0105czy\u0107 do listu kopi\u0119 wiadomo\u015bci e-mail z potwierdzeniem zam\u00f3wienia. W przypadku zam\u00f3wie\u0144 o warto\u015bci powy\u017cej 2000 \u20ac op\u0142acanych czekiem mo\u017ce by\u0107 wymagany czek kasjerski. Zalecamy skontaktowanie si\u0119 z bankiem w celu uzyskania takiego czeku. Nale\u017cy pami\u0119ta\u0107, \u017ce przygotowanie zam\u00f3wienia i rezerwacja przedmiot\u00f3w nast\u0105pi dopiero po otrzymaniu p\u0142atno\u015bci.<\/p>\n\n\n\n<p><strong>Artyku\u0142 5. Przelew bankowy<\/strong><\/p>\n\n\n\n<p>Akceptujemy p\u0142atno\u015bci przelewem bankowym za wszystkie zam\u00f3wienia. Po potwierdzeniu otrzymania przelewu przez nasze s\u0142u\u017cby, zam\u00f3wienie mo\u017ce zosta\u0107 potwierdzone. Nale\u017cy pami\u0119ta\u0107, \u017ce produkty nie s\u0105 zarezerwowane, dop\u00f3ki nie potwierdzimy p\u0142atno\u015bci. Je\u015bli chcesz otrzyma\u0107 zam\u00f3wienie tak szybko, jak to mo\u017cliwe, zalecamy p\u0142atno\u015b\u0107 kart\u0105 kredytow\u0105. Aby otrzyma\u0107 nasze dane bankowe, prosimy o przes\u0142anie ich poczt\u0105 elektroniczn\u0105. Wa\u017cne jest, aby poda\u0107 numer zam\u00f3wienia w numerze referencyjnym p\u0142atno\u015bci.<\/p>","protected":false},"excerpt":{"rendered":"<p>Article 1. General We offer various different payment methods to validate an order. Depending on the order amount, chosen delivery method, or delivery address, certain payment methods will be available. Below, you&#8217;ll find the details of the commonly accepted payment methods. Article 2. Bank card For all your credit card payments, the transaction is secured [&hellip;]<\/p>\n","protected":false},"author":1,"featured_media":0,"parent":0,"menu_order":0,"comment_status":"closed","ping_status":"closed","template":"","meta":{"_uag_custom_page_level_css":"","site-sidebar-layout":"default","site-content-layout":"","ast-site-content-layout":"default","site-content-style":"default","site-sidebar-style":"default","ast-global-header-display":"","ast-banner-title-visibility":"","ast-main-header-display":"","ast-hfb-above-header-display":"","ast-hfb-below-header-display":"","ast-hfb-mobile-header-display":"","site-post-title":"","ast-breadcrumbs-content":"","ast-featured-img":"","footer-sml-layout":"","ast-disable-related-posts":"","theme-transparent-header-meta":"","adv-header-id-meta":"","stick-header-meta":"","header-above-stick-meta":"","header-main-stick-meta":"","header-below-stick-meta":"","astra-migrate-meta-layouts":"default","ast-page-background-enabled":"default","ast-page-background-meta":{"desktop":{"background-color":"var(--ast-global-color-4)","background-image":"","background-repeat":"repeat","background-position":"center center","background-size":"auto","background-attachment":"scroll","background-type":"","background-media":"","overlay-type":"","overlay-color":"","overlay-opacity":"","overlay-gradient":""},"tablet":{"background-color":"","background-image":"","background-repeat":"repeat","background-position":"center center","background-size":"auto","background-attachment":"scroll","background-type":"","background-media":"","overlay-type":"","overlay-color":"","overlay-opacity":"","overlay-gradient":""},"mobile":{"background-color":"","background-image":"","background-repeat":"repeat","background-position":"center center","background-size":"auto","background-attachment":"scroll","background-type":"","background-media":"","overlay-type":"","overlay-color":"","overlay-opacity":"","overlay-gradient":""}},"ast-content-background-meta":{"desktop":{"background-color":"var(--ast-global-color-5)","background-image":"","background-repeat":"repeat","background-position":"center center","background-size":"auto","background-attachment":"scroll","background-type":"","background-media":"","overlay-type":"","overlay-color":"","overlay-opacity":"","overlay-gradient":""},"tablet":{"background-color":"var(--ast-global-color-5)","background-image":"","background-repeat":"repeat","background-position":"center center","background-size":"auto","background-attachment":"scroll","background-type":"","background-media":"","overlay-type":"","overlay-color":"","overlay-opacity":"","overlay-gradient":""},"mobile":{"background-color":"var(--ast-global-color-5)","background-image":"","background-repeat":"repeat","background-position":"center center","background-size":"auto","background-attachment":"scroll","background-type":"","background-media":"","overlay-type":"","overlay-color":"","overlay-opacity":"","overlay-gradient":""}},"footnotes":""},"class_list":["post-180","page","type-page","status-publish","hentry"],"spectra_custom_meta":{"_edit_lock":["1752849010:1"],"_wpml_word_count":["409"],"_edit_last":["1"],"_wpml_media_duplicate":["1"],"_wpml_media_featured":["1"],"rank_math_news_sitemap_robots":["index"],"rank_math_robots":["a:1:{i:0;s:5:\"index\";}"],"_uag_css_file_name":["uag-css-180.css"],"_uag_page_assets":["a:9:{s:3:\"css\";s:7156:\".uag-blocks-common-selector{z-index:var(--z-index-desktop) !important}@media (max-width: 976px){.uag-blocks-common-selector{z-index:var(--z-index-tablet) !important}}@media (max-width: 767px){.uag-blocks-common-selector{z-index:var(--z-index-mobile) !important}}\n.wp-block-uagb-image{display:flex}.wp-block-uagb-image__figure{position:relative;display:flex;flex-direction:column;max-width:100%;height:auto;margin:0}.wp-block-uagb-image__figure img{height:auto;display:flex;max-width:100%;transition:box-shadow 0.2s ease}.wp-block-uagb-image__figure>a{display:inline-block}.wp-block-uagb-image__figure figcaption{text-align:center;margin-top:0.5em;margin-bottom:1em}.wp-block-uagb-image .components-placeholder.block-editor-media-placeholder .components-placeholder__instructions{align-self:center}.wp-block-uagb-image--align-left{text-align:left}.wp-block-uagb-image--align-right{text-align:right}.wp-block-uagb-image--align-center{text-align:center}.wp-block-uagb-image--align-full .wp-block-uagb-image__figure{margin-left:calc(50% - 50vw);margin-right:calc(50% - 50vw);max-width:100vw;width:100vw;height:auto}.wp-block-uagb-image--align-full .wp-block-uagb-image__figure img{height:auto;width:100% !important}.wp-block-uagb-image--align-wide .wp-block-uagb-image__figure img{height:auto;width:100%}.wp-block-uagb-image--layout-overlay__color-wrapper{position:absolute;left:0;top:0;right:0;bottom:0;opacity:0.2;background:rgba(0,0,0,0.5);transition:opacity 0.35s ease-in-out}.wp-block-uagb-image--layout-overlay-link{position:absolute;left:0;right:0;bottom:0;top:0}.wp-block-uagb-image--layout-overlay .wp-block-uagb-image__figure:hover .wp-block-uagb-image--layout-overlay__color-wrapper{opacity:1}.wp-block-uagb-image--layout-overlay__inner{position:absolute;left:15px;right:15px;bottom:15px;top:15px;display:flex;align-items:center;justify-content:center;flex-direction:column;border-color:#fff;transition:0.35s ease-in-out}.wp-block-uagb-image--layout-overlay__inner.top-left,.wp-block-uagb-image--layout-overlay__inner.top-center,.wp-block-uagb-image--layout-overlay__inner.top-right{justify-content:flex-start}.wp-block-uagb-image--layout-overlay__inner.bottom-left,.wp-block-uagb-image--layout-overlay__inner.bottom-center,.wp-block-uagb-image--layout-overlay__inner.bottom-right{justify-content:flex-end}.wp-block-uagb-image--layout-overlay__inner.top-left,.wp-block-uagb-image--layout-overlay__inner.center-left,.wp-block-uagb-image--layout-overlay__inner.bottom-left{align-items:flex-start}.wp-block-uagb-image--layout-overlay__inner.top-right,.wp-block-uagb-image--layout-overlay__inner.center-right,.wp-block-uagb-image--layout-overlay__inner.bottom-right{align-items:flex-end}.wp-block-uagb-image--layout-overlay__inner .uagb-image-heading{color:#fff;transition:transform 0.35s, opacity 0.35s ease-in-out;transform:translate3d(0, 24px, 0);margin:0;line-height:1em}.wp-block-uagb-image--layout-overlay__inner .uagb-image-separator{width:30%;border-top-width:2px;border-top-color:#fff;border-top-style:solid;margin-bottom:10px;opacity:0;transition:transform 0.4s, opacity 0.4s ease-in-out;transform:translate3d(0, 30px, 0)}.wp-block-uagb-image--layout-overlay__inner .uagb-image-caption{opacity:0;overflow:visible;color:#fff;transition:transform 0.45s, opacity 0.45s ease-in-out;transform:translate3d(0, 35px, 0)}.wp-block-uagb-image--layout-overlay__inner:hover .uagb-image-heading,.wp-block-uagb-image--layout-overlay__inner:hover .uagb-image-separator,.wp-block-uagb-image--layout-overlay__inner:hover .uagb-image-caption{opacity:1;transform:translate3d(0, 0, 0)}.wp-block-uagb-image--effect-zoomin .wp-block-uagb-image__figure img,.wp-block-uagb-image--effect-zoomin .wp-block-uagb-image__figure .wp-block-uagb-image--layout-overlay__color-wrapper{transform:scale(1);transition:transform 0.35s ease-in-out}.wp-block-uagb-image--effect-zoomin .wp-block-uagb-image__figure:hover img,.wp-block-uagb-image--effect-zoomin .wp-block-uagb-image__figure:hover .wp-block-uagb-image--layout-overlay__color-wrapper{transform:scale(1.05)}.wp-block-uagb-image--effect-slide .wp-block-uagb-image__figure img,.wp-block-uagb-image--effect-slide .wp-block-uagb-image__figure .wp-block-uagb-image--layout-overlay__color-wrapper{width:calc(100% + 40px) !important;max-width:none !important;transform:translate3d(-40px, 0, 0);transition:transform 0.35s ease-in-out}.wp-block-uagb-image--effect-slide .wp-block-uagb-image__figure:hover img,.wp-block-uagb-image--effect-slide .wp-block-uagb-image__figure:hover .wp-block-uagb-image--layout-overlay__color-wrapper{transform:translate3d(0, 0, 0)}.wp-block-uagb-image--effect-grayscale img{filter:grayscale(0%);transition:0.35s ease-in-out}.wp-block-uagb-image--effect-grayscale:hover img{filter:grayscale(100%)}.wp-block-uagb-image--effect-blur img{filter:blur(0);transition:0.35s ease-in-out}.wp-block-uagb-image--effect-blur:hover img{filter:blur(3px)}\n.uagb-block-e6f939b3.wp-block-uagb-image--layout-default figure img{box-shadow: 0px 0px 0 #00000070;}.uagb-block-e6f939b3.wp-block-uagb-image .wp-block-uagb-image__figure figcaption{font-style: normal;align-self: center;}.uagb-block-e6f939b3.wp-block-uagb-image--layout-overlay figure img{box-shadow: 0px 0px 0 #00000070;}.uagb-block-e6f939b3.wp-block-uagb-image--layout-overlay .wp-block-uagb-image--layout-overlay__color-wrapper{opacity: 0.2;}.uagb-block-e6f939b3.wp-block-uagb-image--layout-overlay .wp-block-uagb-image--layout-overlay__inner{left: 15px;right: 15px;top: 15px;bottom: 15px;}.uagb-block-e6f939b3.wp-block-uagb-image--layout-overlay .wp-block-uagb-image--layout-overlay__inner .uagb-image-heading{font-style: normal;color: #fff;opacity: 1;}.uagb-block-e6f939b3.wp-block-uagb-image--layout-overlay .wp-block-uagb-image--layout-overlay__inner .uagb-image-heading a{color: #fff;}.uagb-block-e6f939b3.wp-block-uagb-image--layout-overlay .wp-block-uagb-image--layout-overlay__inner .uagb-image-caption{opacity: 0;}.uagb-block-e6f939b3.wp-block-uagb-image--layout-overlay .wp-block-uagb-image__figure:hover .wp-block-uagb-image--layout-overlay__color-wrapper{opacity: 1;}.uagb-block-e6f939b3.wp-block-uagb-image .wp-block-uagb-image--layout-overlay__inner .uagb-image-separator{width: 30%;border-top-width: 2px;border-top-color: #fff;opacity: 0;}.uagb-block-e6f939b3.wp-block-uagb-image .wp-block-uagb-image__figure img{width: px;height: auto;}.uagb-block-e6f939b3.wp-block-uagb-image .wp-block-uagb-image__figure:hover .wp-block-uagb-image--layout-overlay__inner .uagb-image-caption{opacity: 1;}.uagb-block-e6f939b3.wp-block-uagb-image .wp-block-uagb-image__figure:hover .wp-block-uagb-image--layout-overlay__inner .uagb-image-separator{opacity: 1;}.uagb-block-e6f939b3.wp-block-uagb-image--layout-default figure:hover img{box-shadow: 0px 0px 0 #00000070;}.uagb-block-e6f939b3.wp-block-uagb-image--layout-overlay figure:hover img{box-shadow: 0px 0px 0 #00000070;}@media only screen and (max-width: 976px) {.uagb-block-e6f939b3.wp-block-uagb-image .wp-block-uagb-image__figure img{width: px;height: auto;}}@media only screen and (max-width: 767px) {.uagb-block-e6f939b3.wp-block-uagb-image .wp-block-uagb-image__figure img{width: px;height: auto;}}\";s:2:\"js\";s:0:\"\";s:18:\"current_block_list\";a:13:{i:0;s:14:\"core\/paragraph\";i:1;s:11:\"core\/search\";i:2;s:10:\"core\/group\";i:3;s:12:\"core\/heading\";i:4;s:17:\"core\/latest-posts\";i:5;s:20:\"core\/latest-comments\";i:6;s:13:\"core\/archives\";i:7;s:15:\"core\/categories\";i:8;s:10:\"uagb\/image\";i:9;s:11:\"core\/spacer\";i:10;s:30:\"woocommerce\/product-categories\";i:11;s:10:\"core\/image\";i:12;s:14:\"core\/shortcode\";}s:8:\"uag_flag\";b:1;s:11:\"uag_version\";s:10:\"1776464642\";s:6:\"gfonts\";a:0:{}s:10:\"gfonts_url\";s:0:\"\";s:12:\"gfonts_files\";a:0:{}s:14:\"uag_faq_layout\";b:0;}"]},"uagb_featured_image_src":{"full":false,"thumbnail":false,"medium":false,"medium_large":false,"large":false,"1536x1536":false,"2048x2048":false,"trp-custom-language-flag":false,"woocommerce_thumbnail":false,"woocommerce_single":false,"woocommerce_gallery_thumbnail":false},"uagb_author_info":{"display_name":"admin","author_link":"https:\/\/www.oleaia.com\/pl\/author\/admin2721\/"},"uagb_comment_info":0,"uagb_excerpt":"Article 1. General We offer various different payment methods to validate an order. Depending on the order amount, chosen delivery method, or delivery address, certain payment methods will be available. Below, you&#8217;ll find the details of the commonly accepted payment methods. Article 2. Bank card For all your credit card payments, the transaction is secured&hellip;","_links":{"self":[{"href":"https:\/\/www.oleaia.com\/pl\/wp-json\/wp\/v2\/pages\/180","targetHints":{"allow":["GET"]}}],"collection":[{"href":"https:\/\/www.oleaia.com\/pl\/wp-json\/wp\/v2\/pages"}],"about":[{"href":"https:\/\/www.oleaia.com\/pl\/wp-json\/wp\/v2\/types\/page"}],"author":[{"embeddable":true,"href":"https:\/\/www.oleaia.com\/pl\/wp-json\/wp\/v2\/users\/1"}],"replies":[{"embeddable":true,"href":"https:\/\/www.oleaia.com\/pl\/wp-json\/wp\/v2\/comments?post=180"}],"version-history":[{"count":1,"href":"https:\/\/www.oleaia.com\/pl\/wp-json\/wp\/v2\/pages\/180\/revisions"}],"predecessor-version":[{"id":181,"href":"https:\/\/www.oleaia.com\/pl\/wp-json\/wp\/v2\/pages\/180\/revisions\/181"}],"wp:attachment":[{"href":"https:\/\/www.oleaia.com\/pl\/wp-json\/wp\/v2\/media?parent=180"}],"curies":[{"name":"wp","href":"https:\/\/api.w.org\/{rel}","templated":true}]}}