{"id":23655,"date":"2025-08-08T15:06:01","date_gmt":"2025-08-08T13:06:01","guid":{"rendered":"https:\/\/www.oleaia.com\/?post_type=product&#038;p=23655"},"modified":"2026-03-02T17:32:47","modified_gmt":"2026-03-02T16:32:47","slug":"atlas-cedarwood-oil","status":"publish","type":"product","link":"https:\/\/www.oleaia.com\/pl\/products\/atlas-cedarwood-oil\/","title":{"rendered":"Olejek z drzewa cedrowego Atlas - 1 litr"},"content":{"rendered":"<p><strong><img decoding=\"async\" style=\"margin-right: 12px;\" src=\"https:\/\/www.oleaia.com\/wp-content\/uploads\/2026\/03\/Check.svg\" alt=\"\" width=\"18\" height=\"15\" \/>Niezr\u00f3wnana skuteczno\u015b\u0107 uziemiaj\u0105cego relaksu i r\u00f3wnowagi emocjonalnej.<\/strong> Olejek z drzewa cedrowego Atlas jest najskuteczniejszym naturalnym rozwi\u0105zaniem promuj\u0105cym spokojny, skoncentrowany stan umys\u0142u, jednocze\u015bnie wspieraj\u0105c jasno\u015b\u0107 emocjonaln\u0105. Jego ciep\u0142y, drzewny aromat jest tradycyjnie ceniony w aromaterapii za pomoc w zmniejszaniu uczucia napi\u0119cia, zach\u0119caniu do skupienia umys\u0142u i tworzeniu stabilnej, komfortowej atmosfery, kt\u00f3ra wspiera codzienne dobre samopoczucie.<\/p>\n<p><strong><img decoding=\"async\" style=\"margin-right: 12px;\" src=\"https:\/\/www.oleaia.com\/wp-content\/uploads\/2026\/03\/Check.svg\" alt=\"\" width=\"18\" height=\"15\" \/>Najta\u0144szy dost\u0119pny olejek z drzewa cedrowego klasy premium.<\/strong> Jeste\u015bmy najta\u0144si na rynku przy jednoczesnym zachowaniu rygorystycznych standard\u00f3w jako\u015bci, zapewniaj\u0105c wyj\u0105tkow\u0105 warto\u015b\u0107 bez uszczerbku dla bogactwa aromatu lub wydajno\u015bci. Ta przyst\u0119pna cena umo\u017cliwia w\u0142\u0105czenie olejku z drzewa cedrowego atlas do codziennych rytua\u0142\u00f3w bez ogranicze\u0144 finansowych.<\/p>\n<p><strong><img decoding=\"async\" style=\"margin-right: 12px;\" src=\"https:\/\/www.oleaia.com\/wp-content\/uploads\/2026\/03\/Check.svg\" alt=\"\" width=\"18\" height=\"15\" \/>Szybka i niezawodna dostawa w ci\u0105gu 24 godzin.<\/strong> Zawsze oferujemy 24-godzinn\u0105 dostaw\u0119, dzi\u0119ki czemu olejek z drzewa cedrowego atlas dociera szybko i niezawodnie. Szybka wysy\u0142ka zapewnia nieprzerwany dost\u0119p, niezale\u017cnie od tego, czy jest on u\u017cywany do relaksu, medytacji czy rutynowych zabieg\u00f3w piel\u0119gnacyjnych.<\/p>\n<p><strong><img decoding=\"async\" style=\"margin-right: 12px;\" src=\"https:\/\/www.oleaia.com\/wp-content\/uploads\/2026\/03\/Check.svg\" alt=\"\" width=\"18\" height=\"15\" \/>Gwarancja zwrotu pieni\u0119dzy dla pe\u0142nej pewno\u015bci.<\/strong> Oferujemy gwarancj\u0119 zwrotu pieni\u0119dzy. Je\u015bli klient nie b\u0119dzie zadowolony, zwr\u00f3cimy mu pieni\u0105dze. To wyra\u017ane zobowi\u0105zanie odzwierciedla zaufanie do jako\u015bci produktu i pozwala na korzystanie z niego bez ryzyka.<\/p>\n<p><strong><img decoding=\"async\" style=\"margin-right: 12px;\" src=\"https:\/\/www.oleaia.com\/wp-content\/uploads\/2026\/03\/Check.svg\" alt=\"\" width=\"18\" height=\"15\" \/>Ca\u0142kowicie organiczny dla autentycznej piel\u0119gnacji botanicznej.<\/strong> Nasz olejek z drzewa cedrowego jest ca\u0142kowicie organiczny, produkowany z poszanowaniem odpowiedzialno\u015bci za \u015brodowisko i integralno\u015bci ro\u015blin. Zapewnia to produkt zgodny z zasadami naturalnego \u017cycia i holistycznymi praktykami wellness.<\/p>\n<p><strong><img decoding=\"async\" style=\"margin-right: 12px;\" src=\"https:\/\/www.oleaia.com\/wp-content\/uploads\/2026\/03\/Check.svg\" alt=\"\" width=\"18\" height=\"15\" \/>Wspiera spokojne i harmonijne \u015brodowisko.<\/strong> G\u0142\u0119boki, drzewny aromat olejku z drzewa cedrowego pomaga przekszta\u0142ci\u0107 wn\u0119trza w spokojne, zach\u0119caj\u0105ce miejsca. Idealny do stosowania w dyfuzorach, wspomaga medytacj\u0119, jog\u0119 i sesje relaksacyjne, zapewniaj\u0105c spokojn\u0105 atmosfer\u0119.<\/p>\n<p><strong><img decoding=\"async\" style=\"margin-right: 12px;\" src=\"https:\/\/www.oleaia.com\/wp-content\/uploads\/2026\/03\/Check.svg\" alt=\"\" width=\"18\" height=\"15\" \/>Wspomaga r\u00f3wnowag\u0119 sk\u00f3ry g\u0142owy i zdrowszy wygl\u0105d w\u0142os\u00f3w.<\/strong> Olejek z drzewa cedrowego Atlas jest tradycyjnie w\u0142\u0105czany do rutynowych zabieg\u00f3w piel\u0119gnacyjnych w\u0142os\u00f3w, aby pom\u00f3c utrzyma\u0107 zr\u00f3wnowa\u017cone \u015brodowisko sk\u00f3ry g\u0142owy. Przy konsekwentnym stosowaniu wspomaga w\u0142osy, kt\u00f3re wydaj\u0105 si\u0119 mocniejsze, pe\u0142niejsze i bardziej \u017cywe.<\/p>\n<p><strong><img decoding=\"async\" style=\"margin-right: 12px;\" src=\"https:\/\/www.oleaia.com\/wp-content\/uploads\/2026\/03\/Check.svg\" alt=\"\" width=\"18\" height=\"15\" \/>Zapewnia sk\u00f3rze komfort i czysto\u015b\u0107.<\/strong> Olejek z drzewa cedrowego stosowany miejscowo wspomaga wygl\u0105d zr\u00f3wnowa\u017conej sk\u00f3ry. Przyczynia si\u0119 do wyg\u0142adzenia tekstury i pomaga utrzyma\u0107 komfortowe, od\u015bwie\u017cone uczucie sk\u00f3ry w ramach codziennej piel\u0119gnacji cia\u0142a.<\/p>\n<p><strong><img decoding=\"async\" style=\"margin-right: 12px;\" src=\"https:\/\/www.oleaia.com\/wp-content\/uploads\/2026\/03\/Check.svg\" alt=\"\" width=\"18\" height=\"15\" \/>Idealny do wieczornych rytua\u0142\u00f3w i radzenia sobie ze stresem.<\/strong> Uziemiaj\u0105cy zapach sprawia, \u017ce olejek z drzewa cedrowego Atlas jest szczeg\u00f3lnie odpowiedni do stosowania na noc. Uzupe\u0142nia rutyn\u0119 przed snem, zach\u0119caj\u0105c do relaksu i przygotowuj\u0105c umys\u0142 do regeneruj\u0105cego odpoczynku.<\/p>\n<p><strong><img decoding=\"async\" style=\"margin-right: 12px;\" src=\"https:\/\/www.oleaia.com\/wp-content\/uploads\/2026\/03\/Check.svg\" alt=\"\" width=\"18\" height=\"15\" \/>Wzbogacony od\u017cywczym olejkiem dla wi\u0119kszego komfortu i \u0142atwo\u015bci aplikacji.<\/strong> Nasz olejek z drzewa cedrowego atlas jest ju\u017c wzbogacony olejkiem od\u017cywczym, aby zapewni\u0107 delikatn\u0105 aplikacj\u0119, lepsze rozprowadzanie, optymalny komfort i \u0142atwo\u015b\u0107 u\u017cycia. Ta przemy\u015blana formu\u0142a poprawia po\u015blizg podczas masa\u017cu i zapewnia g\u0142adkie, r\u00f3wnomierne pokrycie podczas stosowania miejscowego.<\/p>\n<h2><strong>Instrukcje<\/strong><\/h2>\n<ul>\n<li>W przypadku stosowania aromatycznego, doda\u0107 3 do 5 kropli do dyfuzora wype\u0142nionego wod\u0105 i dyfuzowa\u0107 przez 20 do 30 minut.<\/li>\n<li>Stosowa\u0107 wieczorem w celu odpr\u0119\u017cenia lub podczas sesji medytacyjnych w celu zwi\u0119kszenia koncentracji.<\/li>\n<li>W celu piel\u0119gnacji sk\u00f3ry g\u0142owy nanie\u015b\u0107 od 5 do 8 kropli na sk\u00f3r\u0119 g\u0142owy i delikatnie masowa\u0107 przez kilka minut.<\/li>\n<li>Pozostawi\u0107 na co najmniej 30 minut przed umyciem \u0142agodnym szamponem.<\/li>\n<li>W celu g\u0142\u0119bszego od\u017cywienia w\u0142os\u00f3w, pozostawi\u0107 na noc i dok\u0142adnie umy\u0107 nast\u0119pnego ranka.<\/li>\n<li>W przypadku stosowania miejscowego na cia\u0142o, nanie\u015b\u0107 niewielk\u0105 ilo\u015b\u0107 na czyst\u0105, such\u0105 sk\u00f3r\u0119 i wmasowa\u0107 do ca\u0142kowitego wch\u0142oni\u0119cia.<\/li>\n<li>Zalecana maksymalna dzienna dawka do stosowania miejscowego wynosi oko\u0142o 6 do 10 kropli, podzielonych na obszary aplikacji.<\/li>\n<li>Przed pierwszym u\u017cyciem nale\u017cy wykona\u0107 test p\u0142atkowy, aby oceni\u0107 kompatybilno\u015b\u0107 ze sk\u00f3r\u0105.<\/li>\n<li>Unika\u0107 kontaktu z oczami, b\u0142onami \u015bluzowymi oraz wra\u017cliw\u0105 lub podra\u017cnion\u0105 sk\u00f3r\u0105.<\/li>\n<li>Nie stosowa\u0107 na uszkodzon\u0105 sk\u00f3r\u0119.<\/li>\n<li>Stosuj konsekwentnie jako cz\u0119\u015b\u0107 regularnej piel\u0119gnacji w\u0142os\u00f3w, sk\u00f3ry lub rutyny relaksacyjnej, aby uzyska\u0107 optymalne rezultaty.<\/li>\n<li>Przechowywa\u0107 w ch\u0142odnym, suchym miejscu z dala od bezpo\u015bredniego \u015bwiat\u0142a s\u0142onecznego i upewni\u0107 si\u0119, \u017ce butelka jest szczelnie zamkni\u0119ta po ka\u017cdym u\u017cyciu.<\/li>\n<\/ul>","protected":false},"excerpt":{"rendered":"<p>Unmatched effectiveness for grounding relaxation and emotional balance. Atlas cedarwood oil is the most effective natural solution for promoting a calm, centered state of mind while supporting emotional clarity. Its warm, woody aroma is traditionally valued in aromatherapy for helping reduce feelings of tension, encouraging mental focus, and creating a stable, comforting atmosphere that supports [&hellip;]<\/p>\n","protected":false},"featured_media":23829,"comment_status":"open","ping_status":"closed","template":"","meta":{"_uag_custom_page_level_css":"","site-sidebar-layout":"default","site-content-layout":"","ast-site-content-layout":"default","site-content-style":"default","site-sidebar-style":"default","ast-global-header-display":"","ast-banner-title-visibility":"","ast-main-header-display":"","ast-hfb-above-header-display":"","ast-hfb-below-header-display":"","ast-hfb-mobile-header-display":"","site-post-title":"","ast-breadcrumbs-content":"","ast-featured-img":"","footer-sml-layout":"","ast-disable-related-posts":"","theme-transparent-header-meta":"default","adv-header-id-meta":"","stick-header-meta":"","header-above-stick-meta":"","header-main-stick-meta":"","header-below-stick-meta":"","astra-migrate-meta-layouts":"set","ast-page-background-enabled":"default","ast-page-background-meta":{"desktop":{"background-color":"var(--ast-global-color-4)","background-image":"","background-repeat":"repeat","background-position":"center center","background-size":"auto","background-attachment":"scroll","background-type":"","background-media":"","overlay-type":"","overlay-color":"","overlay-opacity":"","overlay-gradient":""},"tablet":{"background-color":"","background-image":"","background-repeat":"repeat","background-position":"center center","background-size":"auto","background-attachment":"scroll","background-type":"","background-media":"","overlay-type":"","overlay-color":"","overlay-opacity":"","overlay-gradient":""},"mobile":{"background-color":"","background-image":"","background-repeat":"repeat","background-position":"center center","background-size":"auto","background-attachment":"scroll","background-type":"","background-media":"","overlay-type":"","overlay-color":"","overlay-opacity":"","overlay-gradient":""}},"ast-content-background-meta":{"desktop":{"background-color":"var(--ast-global-color-5)","background-image":"","background-repeat":"repeat","background-position":"center center","background-size":"auto","background-attachment":"scroll","background-type":"","background-media":"","overlay-type":"","overlay-color":"","overlay-opacity":"","overlay-gradient":""},"tablet":{"background-color":"var(--ast-global-color-5)","background-image":"","background-repeat":"repeat","background-position":"center center","background-size":"auto","background-attachment":"scroll","background-type":"","background-media":"","overlay-type":"","overlay-color":"","overlay-opacity":"","overlay-gradient":""},"mobile":{"background-color":"var(--ast-global-color-5)","background-image":"","background-repeat":"repeat","background-position":"center center","background-size":"auto","background-attachment":"scroll","background-type":"","background-media":"","overlay-type":"","overlay-color":"","overlay-opacity":"","overlay-gradient":""}}},"product_brand":[],"product_cat":[15],"product_tag":[],"class_list":{"0":"post-23655","1":"product","2":"type-product","3":"status-publish","4":"has-post-thumbnail","6":"product_cat-shop","7":"desktop-align-left","8":"tablet-align-left","9":"mobile-align-left","11":"first","12":"instock","13":"shipping-taxable","14":"purchasable","15":"product-type-simple"},"spectra_custom_meta":{"_edit_lock":["1772469038:1"],"_edit_last":["1"],"merchant-center-availability":["yes"],"merchant-center-category":["6104"],"_thumbnail_id":["23829"],"_wp_page_template":["default"],"_sku":["OLATLASCEDARWOODOIL"],"_global_unique_id":["5056773822122"],"_regular_price":["29.90"],"total_sales":["32"],"_tax_status":["taxable"],"_tax_class":[""],"_manage_stock":["no"],"_backorders":["no"],"_sold_individually":["no"],"_weight":["1.3"],"_virtual":["no"],"_downloadable":["no"],"_download_limit":["-1"],"_download_expiry":["-1"],"_stock":[null],"_stock_status":["instock"],"_wc_average_rating":["5.00"],"_wc_review_count":["20"],"_product_version":["10.5.2"],"_price":["29.90"],"site-sidebar-layout":["default"],"ast-site-content-layout":["default"],"site-content-style":["default"],"site-sidebar-style":["default"],"theme-transparent-header-meta":["default"],"_wp_old_slug":["atlas-cedarwood-oil-1-liter"],"_wc_rating_count":["a:1:{i:5;i:20;}"],"astra-migrate-meta-layouts":["set"],"_uag_css_file_name":["uag-css-23655.css"],"_elementor_page_assets":["a:0:{}"],"_uag_page_assets":["a:9:{s:3:\"css\";s:6893:\".wp-block-uagb-image{display:flex}.wp-block-uagb-image__figure{position:relative;display:flex;flex-direction:column;max-width:100%;height:auto;margin:0}.wp-block-uagb-image__figure img{height:auto;display:flex;max-width:100%;transition:box-shadow 0.2s ease}.wp-block-uagb-image__figure>a{display:inline-block}.wp-block-uagb-image__figure figcaption{text-align:center;margin-top:0.5em;margin-bottom:1em}.wp-block-uagb-image .components-placeholder.block-editor-media-placeholder .components-placeholder__instructions{align-self:center}.wp-block-uagb-image--align-left{text-align:left}.wp-block-uagb-image--align-right{text-align:right}.wp-block-uagb-image--align-center{text-align:center}.wp-block-uagb-image--align-full .wp-block-uagb-image__figure{margin-left:calc(50% - 50vw);margin-right:calc(50% - 50vw);max-width:100vw;width:100vw;height:auto}.wp-block-uagb-image--align-full .wp-block-uagb-image__figure img{height:auto;width:100% !important}.wp-block-uagb-image--align-wide .wp-block-uagb-image__figure img{height:auto;width:100%}.wp-block-uagb-image--layout-overlay__color-wrapper{position:absolute;left:0;top:0;right:0;bottom:0;opacity:0.2;background:rgba(0,0,0,0.5);transition:opacity 0.35s ease-in-out}.wp-block-uagb-image--layout-overlay-link{position:absolute;left:0;right:0;bottom:0;top:0}.wp-block-uagb-image--layout-overlay .wp-block-uagb-image__figure:hover .wp-block-uagb-image--layout-overlay__color-wrapper{opacity:1}.wp-block-uagb-image--layout-overlay__inner{position:absolute;left:15px;right:15px;bottom:15px;top:15px;display:flex;align-items:center;justify-content:center;flex-direction:column;border-color:#fff;transition:0.35s ease-in-out}.wp-block-uagb-image--layout-overlay__inner.top-left,.wp-block-uagb-image--layout-overlay__inner.top-center,.wp-block-uagb-image--layout-overlay__inner.top-right{justify-content:flex-start}.wp-block-uagb-image--layout-overlay__inner.bottom-left,.wp-block-uagb-image--layout-overlay__inner.bottom-center,.wp-block-uagb-image--layout-overlay__inner.bottom-right{justify-content:flex-end}.wp-block-uagb-image--layout-overlay__inner.top-left,.wp-block-uagb-image--layout-overlay__inner.center-left,.wp-block-uagb-image--layout-overlay__inner.bottom-left{align-items:flex-start}.wp-block-uagb-image--layout-overlay__inner.top-right,.wp-block-uagb-image--layout-overlay__inner.center-right,.wp-block-uagb-image--layout-overlay__inner.bottom-right{align-items:flex-end}.wp-block-uagb-image--layout-overlay__inner .uagb-image-heading{color:#fff;transition:transform 0.35s, opacity 0.35s ease-in-out;transform:translate3d(0, 24px, 0);margin:0;line-height:1em}.wp-block-uagb-image--layout-overlay__inner .uagb-image-separator{width:30%;border-top-width:2px;border-top-color:#fff;border-top-style:solid;margin-bottom:10px;opacity:0;transition:transform 0.4s, opacity 0.4s ease-in-out;transform:translate3d(0, 30px, 0)}.wp-block-uagb-image--layout-overlay__inner .uagb-image-caption{opacity:0;overflow:visible;color:#fff;transition:transform 0.45s, opacity 0.45s ease-in-out;transform:translate3d(0, 35px, 0)}.wp-block-uagb-image--layout-overlay__inner:hover .uagb-image-heading,.wp-block-uagb-image--layout-overlay__inner:hover .uagb-image-separator,.wp-block-uagb-image--layout-overlay__inner:hover .uagb-image-caption{opacity:1;transform:translate3d(0, 0, 0)}.wp-block-uagb-image--effect-zoomin .wp-block-uagb-image__figure img,.wp-block-uagb-image--effect-zoomin .wp-block-uagb-image__figure .wp-block-uagb-image--layout-overlay__color-wrapper{transform:scale(1);transition:transform 0.35s ease-in-out}.wp-block-uagb-image--effect-zoomin .wp-block-uagb-image__figure:hover img,.wp-block-uagb-image--effect-zoomin .wp-block-uagb-image__figure:hover .wp-block-uagb-image--layout-overlay__color-wrapper{transform:scale(1.05)}.wp-block-uagb-image--effect-slide .wp-block-uagb-image__figure img,.wp-block-uagb-image--effect-slide .wp-block-uagb-image__figure .wp-block-uagb-image--layout-overlay__color-wrapper{width:calc(100% + 40px) !important;max-width:none !important;transform:translate3d(-40px, 0, 0);transition:transform 0.35s ease-in-out}.wp-block-uagb-image--effect-slide .wp-block-uagb-image__figure:hover img,.wp-block-uagb-image--effect-slide .wp-block-uagb-image__figure:hover .wp-block-uagb-image--layout-overlay__color-wrapper{transform:translate3d(0, 0, 0)}.wp-block-uagb-image--effect-grayscale img{filter:grayscale(0%);transition:0.35s ease-in-out}.wp-block-uagb-image--effect-grayscale:hover img{filter:grayscale(100%)}.wp-block-uagb-image--effect-blur img{filter:blur(0);transition:0.35s ease-in-out}.wp-block-uagb-image--effect-blur:hover img{filter:blur(3px)}\n.uagb-block-e6f939b3.wp-block-uagb-image--layout-default figure img{box-shadow: 0px 0px 0 #00000070;}.uagb-block-e6f939b3.wp-block-uagb-image .wp-block-uagb-image__figure figcaption{font-style: normal;align-self: center;}.uagb-block-e6f939b3.wp-block-uagb-image--layout-overlay figure img{box-shadow: 0px 0px 0 #00000070;}.uagb-block-e6f939b3.wp-block-uagb-image--layout-overlay .wp-block-uagb-image--layout-overlay__color-wrapper{opacity: 0.2;}.uagb-block-e6f939b3.wp-block-uagb-image--layout-overlay .wp-block-uagb-image--layout-overlay__inner{left: 15px;right: 15px;top: 15px;bottom: 15px;}.uagb-block-e6f939b3.wp-block-uagb-image--layout-overlay .wp-block-uagb-image--layout-overlay__inner .uagb-image-heading{font-style: normal;color: #fff;opacity: 1;}.uagb-block-e6f939b3.wp-block-uagb-image--layout-overlay .wp-block-uagb-image--layout-overlay__inner .uagb-image-heading a{color: #fff;}.uagb-block-e6f939b3.wp-block-uagb-image--layout-overlay .wp-block-uagb-image--layout-overlay__inner .uagb-image-caption{opacity: 0;}.uagb-block-e6f939b3.wp-block-uagb-image--layout-overlay .wp-block-uagb-image__figure:hover .wp-block-uagb-image--layout-overlay__color-wrapper{opacity: 1;}.uagb-block-e6f939b3.wp-block-uagb-image .wp-block-uagb-image--layout-overlay__inner .uagb-image-separator{width: 30%;border-top-width: 2px;border-top-color: #fff;opacity: 0;}.uagb-block-e6f939b3.wp-block-uagb-image .wp-block-uagb-image__figure img{width: px;height: auto;}.uagb-block-e6f939b3.wp-block-uagb-image .wp-block-uagb-image__figure:hover .wp-block-uagb-image--layout-overlay__inner .uagb-image-caption{opacity: 1;}.uagb-block-e6f939b3.wp-block-uagb-image .wp-block-uagb-image__figure:hover .wp-block-uagb-image--layout-overlay__inner .uagb-image-separator{opacity: 1;}.uagb-block-e6f939b3.wp-block-uagb-image--layout-default figure:hover img{box-shadow: 0px 0px 0 #00000070;}.uagb-block-e6f939b3.wp-block-uagb-image--layout-overlay figure:hover img{box-shadow: 0px 0px 0 #00000070;}@media only screen and (max-width: 976px) {.uagb-block-e6f939b3.wp-block-uagb-image .wp-block-uagb-image__figure img{width: px;height: auto;}}@media only screen and (max-width: 767px) {.uagb-block-e6f939b3.wp-block-uagb-image .wp-block-uagb-image__figure img{width: px;height: auto;}}\";s:2:\"js\";s:0:\"\";s:18:\"current_block_list\";a:13:{i:0;s:11:\"core\/search\";i:1;s:10:\"core\/group\";i:2;s:12:\"core\/heading\";i:3;s:17:\"core\/latest-posts\";i:4;s:20:\"core\/latest-comments\";i:5;s:13:\"core\/archives\";i:6;s:15:\"core\/categories\";i:7;s:14:\"core\/paragraph\";i:8;s:10:\"uagb\/image\";i:9;s:11:\"core\/spacer\";i:10;s:30:\"woocommerce\/product-categories\";i:11;s:10:\"core\/image\";i:12;s:14:\"core\/shortcode\";}s:8:\"uag_flag\";b:1;s:11:\"uag_version\";s:10:\"1776421339\";s:6:\"gfonts\";a:0:{}s:10:\"gfonts_url\";s:0:\"\";s:12:\"gfonts_files\";a:0:{}s:14:\"uag_faq_layout\";b:0;}"]},"uagb_featured_image_src":{"full":["https:\/\/www.oleaia.com\/wp-content\/uploads\/2025\/08\/Oleaia-Atlas-Cedarwood-Oil-1L.jpg",2560,2560,false],"thumbnail":["https:\/\/www.oleaia.com\/wp-content\/uploads\/2025\/08\/Oleaia-Atlas-Cedarwood-Oil-1L-150x150.jpg",150,150,true],"medium":["https:\/\/www.oleaia.com\/wp-content\/uploads\/2025\/08\/Oleaia-Atlas-Cedarwood-Oil-1L-300x300.jpg",300,300,true],"medium_large":["https:\/\/www.oleaia.com\/wp-content\/uploads\/2025\/08\/Oleaia-Atlas-Cedarwood-Oil-1L-768x768.jpg",768,768,true],"large":["https:\/\/www.oleaia.com\/wp-content\/uploads\/2025\/08\/Oleaia-Atlas-Cedarwood-Oil-1L-1024x1024.jpg",1024,1024,true],"1536x1536":["https:\/\/www.oleaia.com\/wp-content\/uploads\/2025\/08\/Oleaia-Atlas-Cedarwood-Oil-1L-1536x1536.jpg",1536,1536,true],"2048x2048":["https:\/\/www.oleaia.com\/wp-content\/uploads\/2025\/08\/Oleaia-Atlas-Cedarwood-Oil-1L-2048x2048.jpg",2048,2048,true],"trp-custom-language-flag":["https:\/\/www.oleaia.com\/wp-content\/uploads\/2025\/08\/Oleaia-Atlas-Cedarwood-Oil-1L-12x12.jpg",12,12,true],"woocommerce_thumbnail":["https:\/\/www.oleaia.com\/wp-content\/uploads\/2025\/08\/Oleaia-Atlas-Cedarwood-Oil-1L-300x300.jpg",300,300,true],"woocommerce_single":["https:\/\/www.oleaia.com\/wp-content\/uploads\/2025\/08\/Oleaia-Atlas-Cedarwood-Oil-1L-600x600.jpg",600,600,true],"woocommerce_gallery_thumbnail":["https:\/\/www.oleaia.com\/wp-content\/uploads\/2025\/08\/Oleaia-Atlas-Cedarwood-Oil-1L-100x100.jpg",100,100,true]},"uagb_author_info":{"display_name":"admin","author_link":"https:\/\/www.oleaia.com\/pl\/author\/"},"uagb_comment_info":20,"uagb_excerpt":"Unmatched effectiveness for grounding relaxation and emotional balance. Atlas cedarwood oil is the most effective natural solution for promoting a calm, centered state of mind while supporting emotional clarity. Its warm, woody aroma is traditionally valued in aromatherapy for helping reduce feelings of tension, encouraging mental focus, and creating a stable, comforting atmosphere that supports&hellip;","_links":{"self":[{"href":"https:\/\/www.oleaia.com\/pl\/wp-json\/wp\/v2\/product\/23655","targetHints":{"allow":["GET"]}}],"collection":[{"href":"https:\/\/www.oleaia.com\/pl\/wp-json\/wp\/v2\/product"}],"about":[{"href":"https:\/\/www.oleaia.com\/pl\/wp-json\/wp\/v2\/types\/product"}],"replies":[{"embeddable":true,"href":"https:\/\/www.oleaia.com\/pl\/wp-json\/wp\/v2\/comments?post=23655"}],"version-history":[{"count":5,"href":"https:\/\/www.oleaia.com\/pl\/wp-json\/wp\/v2\/product\/23655\/revisions"}],"predecessor-version":[{"id":78002,"href":"https:\/\/www.oleaia.com\/pl\/wp-json\/wp\/v2\/product\/23655\/revisions\/78002"}],"wp:featuredmedia":[{"embeddable":true,"href":"https:\/\/www.oleaia.com\/pl\/wp-json\/wp\/v2\/media\/23829"}],"wp:attachment":[{"href":"https:\/\/www.oleaia.com\/pl\/wp-json\/wp\/v2\/media?parent=23655"}],"wp:term":[{"taxonomy":"product_brand","embeddable":true,"href":"https:\/\/www.oleaia.com\/pl\/wp-json\/wp\/v2\/product_brand?post=23655"},{"taxonomy":"product_cat","embeddable":true,"href":"https:\/\/www.oleaia.com\/pl\/wp-json\/wp\/v2\/product_cat?post=23655"},{"taxonomy":"product_tag","embeddable":true,"href":"https:\/\/www.oleaia.com\/pl\/wp-json\/wp\/v2\/product_tag?post=23655"}],"curies":[{"name":"wp","href":"https:\/\/api.w.org\/{rel}","templated":true}]}}