{"id":23120,"date":"2025-07-26T12:16:12","date_gmt":"2025-07-26T10:16:12","guid":{"rendered":"https:\/\/www.oleaia.com\/?post_type=product&#038;p=23120"},"modified":"2026-03-02T18:36:04","modified_gmt":"2026-03-02T17:36:04","slug":"canola-oil","status":"publish","type":"product","link":"https:\/\/www.oleaia.com\/pt\/products\/canola-oil\/","title":{"rendered":"\u00d3leo de canola - 5 litros"},"content":{"rendered":"<p><strong><img decoding=\"async\" style=\"margin-right: 12px;\" src=\"https:\/\/www.oleaia.com\/wp-content\/uploads\/2026\/03\/Check.svg\" alt=\"\" width=\"18\" height=\"15\" \/>Efic\u00e1cia inigual\u00e1vel para manter a suavidade da pele e uma hidrata\u00e7\u00e3o equilibrada.<\/strong> O \u00f3leo de canola \u00e9 a solu\u00e7\u00e3o natural mais eficaz para apoiar uma pele suave e flex\u00edvel e melhorar a reten\u00e7\u00e3o global de humidade. Naturalmente rico em \u00e1cidos gordos ben\u00e9ficos, ajuda a refor\u00e7ar a barreira protetora da pele, melhora o aspeto da elasticidade e contribui para uma tez confort\u00e1vel e bem nutrida com uma utiliza\u00e7\u00e3o consistente.<\/p>\n<p><strong><img decoding=\"async\" style=\"margin-right: 12px;\" src=\"https:\/\/www.oleaia.com\/wp-content\/uploads\/2026\/03\/Check.svg\" alt=\"\" width=\"18\" height=\"15\" \/>O \u00f3leo de canola de qualidade superior mais barato que existe.<\/strong> Somos os mais baratos do mercado, mantendo padr\u00f5es de qualidade rigorosos, garantindo um valor excecional sem comprometer a qualidade ou a versatilidade. Esta acessibilidade torna o \u00f3leo de canola acess\u00edvel para os cuidados di\u00e1rios com a pele, o cabelo e as pr\u00e1ticas culin\u00e1rias de bem-estar.<\/p>\n<p><strong><img decoding=\"async\" style=\"margin-right: 12px;\" src=\"https:\/\/www.oleaia.com\/wp-content\/uploads\/2026\/03\/Check.svg\" alt=\"\" width=\"18\" height=\"15\" \/>Entrega r\u00e1pida e fi\u00e1vel 24 horas por dia.<\/strong> Oferecemos sempre entregas 24 horas por dia, garantindo que o \u00f3leo de canola chega de forma r\u00e1pida e eficiente. O envio r\u00e1pido garante a continuidade ininterrupta das rotinas de cuidados pessoais e nutricionais.<\/p>\n<p><strong><img decoding=\"async\" style=\"margin-right: 12px;\" src=\"https:\/\/www.oleaia.com\/wp-content\/uploads\/2026\/03\/Check.svg\" alt=\"\" width=\"18\" height=\"15\" \/>Garantia de devolu\u00e7\u00e3o do dinheiro para uma tranquilidade total.<\/strong> Oferecemos uma garantia de devolu\u00e7\u00e3o do dinheiro. Se o cliente n\u00e3o ficar satisfeito, reembols\u00e1-lo-emos. Este compromisso transparente reflecte a confian\u00e7a na qualidade do produto e proporciona uma experi\u00eancia de compra totalmente isenta de riscos.<\/p>\n<p><strong><img decoding=\"async\" style=\"margin-right: 12px;\" src=\"https:\/\/www.oleaia.com\/wp-content\/uploads\/2026\/03\/Check.svg\" alt=\"\" width=\"18\" height=\"15\" \/>Totalmente biol\u00f3gico para uma vida natural aut\u00eantica.<\/strong> O nosso \u00f3leo de canola \u00e9 totalmente biol\u00f3gico, produzido com um respeito cuidadoso pela responsabilidade ambiental e pela integridade das plantas. Este compromisso garante o alinhamento com valores de vida limpa e pr\u00e1ticas de estilo de vida hol\u00edstico.<\/p>\n<p><strong><img decoding=\"async\" style=\"margin-right: 12px;\" src=\"https:\/\/www.oleaia.com\/wp-content\/uploads\/2026\/03\/Check.svg\" alt=\"\" width=\"18\" height=\"15\" \/>Apoia uma barreira cut\u00e2nea refor\u00e7ada e uma textura melhorada.<\/strong> Com a aplica\u00e7\u00e3o t\u00f3pica regular, o \u00f3leo de canola ajuda a manter a hidrata\u00e7\u00e3o, a suavizar as \u00e1reas \u00e1speras e a promover uma superf\u00edcie mais macia e refinada.<\/p>\n<p><strong><img decoding=\"async\" style=\"margin-right: 12px;\" src=\"https:\/\/www.oleaia.com\/wp-content\/uploads\/2026\/03\/Check.svg\" alt=\"\" width=\"18\" height=\"15\" \/>Favorece o brilho e a maleabilidade do cabelo.<\/strong> Quando aplicado no comprimento e nas pontas do cabelo, o \u00f3leo de canola ajuda a reduzir o aspeto seco e frisado, deixando os fios mais suaves e f\u00e1ceis de pentear.<\/p>\n<p><strong><img decoding=\"async\" style=\"margin-right: 12px;\" src=\"https:\/\/www.oleaia.com\/wp-content\/uploads\/2026\/03\/Check.svg\" alt=\"\" width=\"18\" height=\"15\" \/>Favorece o conforto e a nutri\u00e7\u00e3o do couro cabeludo.<\/strong> Como parte de uma rotina de massagem do couro cabeludo, o \u00f3leo de canola ajuda a manter o equil\u00edbrio da humidade e contribui para um ambiente mais saud\u00e1vel do couro cabeludo.<\/p>\n<p><strong><img decoding=\"async\" style=\"margin-right: 12px;\" src=\"https:\/\/www.oleaia.com\/wp-content\/uploads\/2026\/03\/Check.svg\" alt=\"\" width=\"18\" height=\"15\" \/>Adequado tanto para uso cosm\u00e9tico como culin\u00e1rio.<\/strong> O \u00f3leo de canola integra-se perfeitamente numa nutri\u00e7\u00e3o equilibrada quando utilizado em quantidades adequadas, servindo tamb\u00e9m como um ingrediente vers\u00e1til nas rotinas de cuidados da pele e do cabelo.<\/p>\n<p><strong><img decoding=\"async\" style=\"margin-right: 12px;\" src=\"https:\/\/www.oleaia.com\/wp-content\/uploads\/2026\/03\/Check.svg\" alt=\"\" width=\"18\" height=\"15\" \/>Textura leve ideal para uma utiliza\u00e7\u00e3o di\u00e1ria.<\/strong> A sua consist\u00eancia suave \u00e9 absorvida confortavelmente sem ser pesada, tornando-a adequada para uma aplica\u00e7\u00e3o regular no rosto e no corpo.<\/p>\n<p><strong><img decoding=\"async\" style=\"margin-right: 12px;\" src=\"https:\/\/www.oleaia.com\/wp-content\/uploads\/2026\/03\/Check.svg\" alt=\"\" width=\"18\" height=\"15\" \/>Vers\u00e1til para utiliza\u00e7\u00e3o no rosto, corpo, couro cabeludo e cozinha.<\/strong> O \u00f3leo de canola pode ser utilizado como hidratante corporal, tratamento capilar, \u00f3leo de massagem ou como parte de uma rotina nutricional estruturada.<\/p>\n<p><strong><img decoding=\"async\" style=\"margin-right: 12px;\" src=\"https:\/\/www.oleaia.com\/wp-content\/uploads\/2026\/03\/Check.svg\" alt=\"\" width=\"18\" height=\"15\" \/>J\u00e1 enriquecido com um \u00f3leo nutritivo para uma aplica\u00e7\u00e3o t\u00f3pica suave e um conforto \u00f3timo.<\/strong> O nosso \u00f3leo de canola j\u00e1 est\u00e1 enriquecido com um \u00f3leo nutritivo para garantir uma aplica\u00e7\u00e3o suave, uma melhor espalhabilidade, um conforto \u00f3timo e uma utiliza\u00e7\u00e3o f\u00e1cil. Esta f\u00f3rmula cuidadosa melhora a absor\u00e7\u00e3o e assegura uma cobertura suave e uniforme durante a utiliza\u00e7\u00e3o externa.<\/p>\n<h2><strong>Instru\u00e7\u00f5es<\/strong><\/h2>\n<ul>\n<li>Para cuidados faciais, aplicar 2 a 4 gotas na pele limpa e seca e massajar suavemente at\u00e9 ser totalmente absorvido.<\/li>\n<li>Utilizar uma ou duas vezes por dia, consoante as necessidades de hidrata\u00e7\u00e3o.<\/li>\n<li>Para aplica\u00e7\u00e3o no corpo, aplicar uma quantidade moderada ap\u00f3s o banho para ajudar a manter a hidrata\u00e7\u00e3o.<\/li>\n<li>Para o cuidado do cabelo, aplicar 1 a 3 gotas no comprimento e nas pontas do cabelo h\u00famido ou seco para aumentar a suavidade e o brilho.<\/li>\n<li>Como tratamento do couro cabeludo, massajar 5 a 8 gotas no couro cabeludo e deixar atuar durante 30 a 60 minutos antes de lavar.<\/li>\n<li>Para uso culin\u00e1rio, incorporar 1 a 2 colheres de sopa por dia nas refei\u00e7\u00f5es, como parte de uma dieta equilibrada.<\/li>\n<li>N\u00e3o exceder a dose recomendada na dieta sem aconselhamento profissional.<\/li>\n<li>Efetuar um teste de contacto antes da primeira utiliza\u00e7\u00e3o t\u00f3pica para avaliar a compatibilidade com a pele.<\/li>\n<li>Evitar o contacto com os olhos e as mucosas sens\u00edveis.<\/li>\n<li>Guardar num local fresco e seco, longe da luz solar direta, e manter o frasco bem fechado ap\u00f3s cada utiliza\u00e7\u00e3o.<\/li>\n<\/ul>","protected":false},"excerpt":{"rendered":"<p>Unmatched effectiveness for maintaining skin softness and balanced hydration. Canola oil is the most effective natural solution for supporting smooth, supple skin and enhancing overall moisture retention. Naturally rich in beneficial fatty acids, it helps reinforce the skin\u2019s protective barrier, improve the appearance of elasticity, and contribute to a comfortable, well-nourished complexion with consistent use. [&hellip;]<\/p>\n","protected":false},"featured_media":23121,"comment_status":"open","ping_status":"closed","template":"","meta":{"_uag_custom_page_level_css":"","site-sidebar-layout":"default","site-content-layout":"","ast-site-content-layout":"default","site-content-style":"default","site-sidebar-style":"default","ast-global-header-display":"","ast-banner-title-visibility":"","ast-main-header-display":"","ast-hfb-above-header-display":"","ast-hfb-below-header-display":"","ast-hfb-mobile-header-display":"","site-post-title":"","ast-breadcrumbs-content":"","ast-featured-img":"","footer-sml-layout":"","ast-disable-related-posts":"","theme-transparent-header-meta":"default","adv-header-id-meta":"","stick-header-meta":"","header-above-stick-meta":"","header-main-stick-meta":"","header-below-stick-meta":"","astra-migrate-meta-layouts":"set","ast-page-background-enabled":"default","ast-page-background-meta":{"desktop":{"background-color":"var(--ast-global-color-4)","background-image":"","background-repeat":"repeat","background-position":"center center","background-size":"auto","background-attachment":"scroll","background-type":"","background-media":"","overlay-type":"","overlay-color":"","overlay-opacity":"","overlay-gradient":""},"tablet":{"background-color":"","background-image":"","background-repeat":"repeat","background-position":"center center","background-size":"auto","background-attachment":"scroll","background-type":"","background-media":"","overlay-type":"","overlay-color":"","overlay-opacity":"","overlay-gradient":""},"mobile":{"background-color":"","background-image":"","background-repeat":"repeat","background-position":"center center","background-size":"auto","background-attachment":"scroll","background-type":"","background-media":"","overlay-type":"","overlay-color":"","overlay-opacity":"","overlay-gradient":""}},"ast-content-background-meta":{"desktop":{"background-color":"var(--ast-global-color-5)","background-image":"","background-repeat":"repeat","background-position":"center center","background-size":"auto","background-attachment":"scroll","background-type":"","background-media":"","overlay-type":"","overlay-color":"","overlay-opacity":"","overlay-gradient":""},"tablet":{"background-color":"var(--ast-global-color-5)","background-image":"","background-repeat":"repeat","background-position":"center center","background-size":"auto","background-attachment":"scroll","background-type":"","background-media":"","overlay-type":"","overlay-color":"","overlay-opacity":"","overlay-gradient":""},"mobile":{"background-color":"var(--ast-global-color-5)","background-image":"","background-repeat":"repeat","background-position":"center center","background-size":"auto","background-attachment":"scroll","background-type":"","background-media":"","overlay-type":"","overlay-color":"","overlay-opacity":"","overlay-gradient":""}}},"product_brand":[],"product_cat":[15],"product_tag":[],"class_list":{"0":"post-23120","1":"product","2":"type-product","3":"status-publish","4":"has-post-thumbnail","6":"product_cat-shop","7":"desktop-align-left","8":"tablet-align-left","9":"mobile-align-left","11":"first","12":"instock","13":"shipping-taxable","14":"purchasable","15":"product-type-simple"},"spectra_custom_meta":{"_edit_lock":["1772472903:1"],"_edit_last":["1"],"merchant-center-availability":["yes"],"merchant-center-category":["6104"],"_thumbnail_id":["23121"],"_wp_page_template":["default"],"_sku":["OLCANOLAOIL"],"_global_unique_id":["5056773820869"],"_regular_price":["29.90"],"total_sales":["17"],"_tax_status":["taxable"],"_tax_class":[""],"_manage_stock":["no"],"_backorders":["no"],"_sold_individually":["no"],"_weight":["5.7"],"_virtual":["no"],"_downloadable":["no"],"_download_limit":["-1"],"_download_expiry":["-1"],"_stock":[null],"_stock_status":["instock"],"_wc_average_rating":["5.00"],"_wc_review_count":["20"],"_product_version":["10.5.2"],"_price":["29.90"],"site-sidebar-layout":["default"],"ast-site-content-layout":["default"],"site-content-style":["default"],"site-sidebar-style":["default"],"theme-transparent-header-meta":["default"],"_wc_rating_count":["a:1:{i:5;i:20;}"],"astra-migrate-meta-layouts":["set"],"_uag_css_file_name":["uag-css-23120.css"],"_elementor_page_assets":["a:0:{}"]},"uagb_featured_image_src":{"full":["https:\/\/www.oleaia.com\/wp-content\/uploads\/2025\/07\/Oleaia-Canola-Oil-5L.png",2560,2560,false],"thumbnail":["https:\/\/www.oleaia.com\/wp-content\/uploads\/2025\/07\/Oleaia-Canola-Oil-5L-150x150.png",150,150,true],"medium":["https:\/\/www.oleaia.com\/wp-content\/uploads\/2025\/07\/Oleaia-Canola-Oil-5L-300x300.png",300,300,true],"medium_large":["https:\/\/www.oleaia.com\/wp-content\/uploads\/2025\/07\/Oleaia-Canola-Oil-5L-768x768.png",768,768,true],"large":["https:\/\/www.oleaia.com\/wp-content\/uploads\/2025\/07\/Oleaia-Canola-Oil-5L-1024x1024.png",1024,1024,true],"1536x1536":["https:\/\/www.oleaia.com\/wp-content\/uploads\/2025\/07\/Oleaia-Canola-Oil-5L-1536x1536.png",1536,1536,true],"2048x2048":["https:\/\/www.oleaia.com\/wp-content\/uploads\/2025\/07\/Oleaia-Canola-Oil-5L-2048x2048.png",2048,2048,true],"trp-custom-language-flag":["https:\/\/www.oleaia.com\/wp-content\/uploads\/2025\/07\/Oleaia-Canola-Oil-5L-12x12.png",12,12,true],"woocommerce_thumbnail":["https:\/\/www.oleaia.com\/wp-content\/uploads\/2025\/07\/Oleaia-Canola-Oil-5L-300x300.png",300,300,true],"woocommerce_single":["https:\/\/www.oleaia.com\/wp-content\/uploads\/2025\/07\/Oleaia-Canola-Oil-5L-600x600.png",600,600,true],"woocommerce_gallery_thumbnail":["https:\/\/www.oleaia.com\/wp-content\/uploads\/2025\/07\/Oleaia-Canola-Oil-5L-100x100.png",100,100,true]},"uagb_author_info":{"display_name":"admin","author_link":"https:\/\/www.oleaia.com\/pt\/author\/"},"uagb_comment_info":20,"uagb_excerpt":"Unmatched effectiveness for maintaining skin softness and balanced hydration. Canola oil is the most effective natural solution for supporting smooth, supple skin and enhancing overall moisture retention. Naturally rich in beneficial fatty acids, it helps reinforce the skin\u2019s protective barrier, improve the appearance of elasticity, and contribute to a comfortable, well-nourished complexion with consistent use.&hellip;","_links":{"self":[{"href":"https:\/\/www.oleaia.com\/pt\/wp-json\/wp\/v2\/product\/23120","targetHints":{"allow":["GET"]}}],"collection":[{"href":"https:\/\/www.oleaia.com\/pt\/wp-json\/wp\/v2\/product"}],"about":[{"href":"https:\/\/www.oleaia.com\/pt\/wp-json\/wp\/v2\/types\/product"}],"replies":[{"embeddable":true,"href":"https:\/\/www.oleaia.com\/pt\/wp-json\/wp\/v2\/comments?post=23120"}],"version-history":[{"count":4,"href":"https:\/\/www.oleaia.com\/pt\/wp-json\/wp\/v2\/product\/23120\/revisions"}],"predecessor-version":[{"id":78040,"href":"https:\/\/www.oleaia.com\/pt\/wp-json\/wp\/v2\/product\/23120\/revisions\/78040"}],"wp:featuredmedia":[{"embeddable":true,"href":"https:\/\/www.oleaia.com\/pt\/wp-json\/wp\/v2\/media\/23121"}],"wp:attachment":[{"href":"https:\/\/www.oleaia.com\/pt\/wp-json\/wp\/v2\/media?parent=23120"}],"wp:term":[{"taxonomy":"product_brand","embeddable":true,"href":"https:\/\/www.oleaia.com\/pt\/wp-json\/wp\/v2\/product_brand?post=23120"},{"taxonomy":"product_cat","embeddable":true,"href":"https:\/\/www.oleaia.com\/pt\/wp-json\/wp\/v2\/product_cat?post=23120"},{"taxonomy":"product_tag","embeddable":true,"href":"https:\/\/www.oleaia.com\/pt\/wp-json\/wp\/v2\/product_tag?post=23120"}],"curies":[{"name":"wp","href":"https:\/\/api.w.org\/{rel}","templated":true}]}}