{"id":23568,"date":"2025-08-08T13:51:11","date_gmt":"2025-08-08T11:51:11","guid":{"rendered":"https:\/\/www.oleaia.com\/?post_type=product&#038;p=23568"},"modified":"2026-03-27T12:29:46","modified_gmt":"2026-03-27T11:29:46","slug":"saro-oil","status":"publish","type":"product","link":"https:\/\/www.oleaia.com\/pt\/products\/saro-oil\/","title":{"rendered":"\u00d3leo de Saro - 1 Litro"},"content":{"rendered":"<p><strong><img decoding=\"async\" style=\"margin-right: 12px;\" src=\"https:\/\/www.oleaia.com\/wp-content\/uploads\/2026\/03\/Check.svg\" alt=\"\" width=\"18\" height=\"15\" \/>Efic\u00e1cia inigual\u00e1vel para conforto respirat\u00f3rio, apoio imunit\u00e1rio e bem-estar revitalizante.<\/strong> O \u00f3leo de Saro \u00e9 a solu\u00e7\u00e3o natural mais eficaz para promover uma respira\u00e7\u00e3o clara, apoiar as defesas naturais do corpo e melhorar a vitalidade geral. Nativo de Madag\u00e1scar e tradicionalmente valorizado pelas suas propriedades poderosas mas bem toleradas, ajuda a refrescar o sistema respirat\u00f3rio, revigora os sentidos e contribui para um estado equilibrado e energizado com uma utiliza\u00e7\u00e3o consistente.<\/p>\n<p><strong><img decoding=\"async\" style=\"margin-right: 12px;\" src=\"https:\/\/www.oleaia.com\/wp-content\/uploads\/2026\/03\/Check.svg\" alt=\"\" width=\"18\" height=\"15\" \/>O \u00f3leo de saro de qualidade superior mais barato dispon\u00edvel.<\/strong> Somos os mais baratos do mercado, mantendo padr\u00f5es de qualidade rigorosos, garantindo um valor excecional sem comprometer a pureza ou a efic\u00e1cia. Este pre\u00e7o acess\u00edvel permite que o \u00f3leo de saro seja utilizado regularmente em aromaterapia, cuidados sazonais e rotinas di\u00e1rias de bem-estar.<\/p>\n<p><strong><img decoding=\"async\" style=\"margin-right: 12px;\" src=\"https:\/\/www.oleaia.com\/wp-content\/uploads\/2026\/03\/Check.svg\" alt=\"\" width=\"18\" height=\"15\" \/>Entrega r\u00e1pida e fi\u00e1vel 24 horas por dia.<\/strong> Oferecemos sempre entrega 24 horas por dia, garantindo que o \u00f3leo de saro chega r\u00e1pida e eficazmente. O envio r\u00e1pido assegura a continuidade ininterrupta dos cuidados pessoais e das pr\u00e1ticas centradas na sa\u00fade.<\/p>\n<p><strong><img decoding=\"async\" style=\"margin-right: 12px;\" src=\"https:\/\/www.oleaia.com\/wp-content\/uploads\/2026\/03\/Check.svg\" alt=\"\" width=\"18\" height=\"15\" \/>Garantia de devolu\u00e7\u00e3o do dinheiro para uma tranquilidade total.<\/strong> Oferecemos uma garantia de devolu\u00e7\u00e3o do dinheiro. Se o cliente n\u00e3o ficar satisfeito, reembols\u00e1-lo-emos. Este compromisso transparente reflecte a confian\u00e7a na qualidade do produto e proporciona uma experi\u00eancia de compra totalmente isenta de riscos.<\/p>\n<p><strong><img decoding=\"async\" style=\"margin-right: 12px;\" src=\"https:\/\/www.oleaia.com\/wp-content\/uploads\/2026\/03\/Check.svg\" alt=\"\" width=\"18\" height=\"15\" \/>Totalmente biol\u00f3gico para um aut\u00eantico bem-estar bot\u00e2nico.<\/strong> O nosso \u00f3leo de saro \u00e9 totalmente biol\u00f3gico, produzido com um respeito cuidadoso pela responsabilidade ambiental e pela integridade das plantas. Este compromisso assegura o alinhamento com as tradi\u00e7\u00f5es de bem-estar natural e os princ\u00edpios de uma vida limpa.<\/p>\n<p><strong><img decoding=\"async\" style=\"margin-right: 12px;\" src=\"https:\/\/www.oleaia.com\/wp-content\/uploads\/2026\/03\/Check.svg\" alt=\"\" width=\"18\" height=\"15\" \/>Favorece a frescura respirat\u00f3ria e uma sensa\u00e7\u00e3o de respira\u00e7\u00e3o aberta.<\/strong> O \u00f3leo de saro \u00e9 muito apreciado por ajudar a criar uma sensa\u00e7\u00e3o de desobstru\u00e7\u00e3o das vias respirat\u00f3rias, o que o torna ideal durante as mudan\u00e7as sazonais ou per\u00edodos de desconforto.<\/p>\n<p><strong><img decoding=\"async\" style=\"margin-right: 12px;\" src=\"https:\/\/www.oleaia.com\/wp-content\/uploads\/2026\/03\/Check.svg\" alt=\"\" width=\"18\" height=\"15\" \/>Favorece o equil\u00edbrio imunit\u00e1rio e as defesas naturais.<\/strong> Com uma utiliza\u00e7\u00e3o regular, ajuda a apoiar a resili\u00eancia do corpo, contribuindo para uma sensa\u00e7\u00e3o mais forte de bem-estar geral.<\/p>\n<p><strong><img decoding=\"async\" style=\"margin-right: 12px;\" src=\"https:\/\/www.oleaia.com\/wp-content\/uploads\/2026\/03\/Check.svg\" alt=\"\" width=\"18\" height=\"15\" \/>Favorece a revitaliza\u00e7\u00e3o e a redu\u00e7\u00e3o da sensa\u00e7\u00e3o de fadiga.<\/strong> As suas propriedades estimulantes ajudam a restaurar a energia, a combater a sensa\u00e7\u00e3o de cansa\u00e7o e a promover a vitalidade di\u00e1ria.<\/p>\n<p><strong><img decoding=\"async\" style=\"margin-right: 12px;\" src=\"https:\/\/www.oleaia.com\/wp-content\/uploads\/2026\/03\/Check.svg\" alt=\"\" width=\"18\" height=\"15\" \/>Aumenta a clareza mental e a concentra\u00e7\u00e3o.<\/strong> O aroma fresco e ligeiramente canforado ajuda a despertar a mente, apoiando a concentra\u00e7\u00e3o e a aten\u00e7\u00e3o.<\/p>\n<p><strong><img decoding=\"async\" style=\"margin-right: 12px;\" src=\"https:\/\/www.oleaia.com\/wp-content\/uploads\/2026\/03\/Check.svg\" alt=\"\" width=\"18\" height=\"15\" \/>Apoia o tratamento calmante dos m\u00fasculos e o conforto f\u00edsico.<\/strong> Aplicado em forma dilu\u00edda, ajuda a manter o conforto ap\u00f3s o esfor\u00e7o ou a tens\u00e3o.<\/p>\n<p><strong><img decoding=\"async\" style=\"margin-right: 12px;\" src=\"https:\/\/www.oleaia.com\/wp-content\/uploads\/2026\/03\/Check.svg\" alt=\"\" width=\"18\" height=\"15\" \/>Promove a purifica\u00e7\u00e3o e um ambiente interior limpo.<\/strong> A difus\u00e3o do \u00f3leo de saro ajuda a criar uma atmosfera fresca e revigorante, apoiando simultaneamente o bem-estar geral.<\/p>\n<p><strong><img decoding=\"async\" style=\"margin-right: 12px;\" src=\"https:\/\/www.oleaia.com\/wp-content\/uploads\/2026\/03\/Check.svg\" alt=\"\" width=\"18\" height=\"15\" \/>Ideal para o bem-estar sazonal, aromaterapia e rotinas de recupera\u00e7\u00e3o.<\/strong> O \u00f3leo de Saro \u00e9 particularmente indicado para per\u00edodos que requerem apoio respirat\u00f3rio, energia e refor\u00e7o imunit\u00e1rio.<\/p>\n<p><strong><img decoding=\"async\" style=\"margin-right: 12px;\" src=\"https:\/\/www.oleaia.com\/wp-content\/uploads\/2026\/03\/Check.svg\" alt=\"\" width=\"18\" height=\"15\" \/>Vers\u00e1til para aromaterapia, uso t\u00f3pico dilu\u00eddo e rotinas de bem-estar.<\/strong> O \u00f3leo de saro integra-se perfeitamente nas pr\u00e1ticas de cuidados globais quando utilizado de forma adequada.<\/p>\n<p><strong><img decoding=\"async\" style=\"margin-right: 12px;\" src=\"https:\/\/www.oleaia.com\/wp-content\/uploads\/2026\/03\/Check.svg\" alt=\"\" width=\"18\" height=\"15\" \/>J\u00e1 enriquecido com um \u00f3leo nutritivo para uma aplica\u00e7\u00e3o suave e um conforto \u00f3timo.<\/strong> O nosso \u00f3leo de saro j\u00e1 est\u00e1 enriquecido com um \u00f3leo nutritivo para garantir uma intensidade controlada, uma melhor espalhabilidade, um conforto \u00f3timo e uma utiliza\u00e7\u00e3o f\u00e1cil. Esta f\u00f3rmula cuidada permite uma aplica\u00e7\u00e3o segura e agrad\u00e1vel na pele.<\/p>\n<h2><strong>Instru\u00e7\u00f5es<\/strong><\/h2>\n<ul>\n<li>Para utiliza\u00e7\u00e3o arom\u00e1tica, adicionar 3 a 5 gotas a um difusor cheio de \u00e1gua e difundir durante 15 a 30 minutos.<\/li>\n<li>Para conforto respirat\u00f3rio, difundir numa sala bem ventilada ou inalar suavemente com as m\u00e3os.<\/li>\n<li>Para uso t\u00f3pico, diluir e aplicar 1 a 3 gotas no peito, costas ou p\u00e9s.<\/li>\n<li>Utilizar uma ou duas vezes por dia, consoante as necessidades individuais.<\/li>\n<li>Para conforto muscular, massajar o \u00f3leo dilu\u00eddo nas zonas-alvo ap\u00f3s a atividade.<\/li>\n<li>A dose m\u00e1xima di\u00e1ria recomendada para uso t\u00f3pico \u00e9 de aproximadamente 4 a 5 gotas dilu\u00eddas.<\/li>\n<li>Efetuar um teste de contacto antes da primeira utiliza\u00e7\u00e3o para avaliar a compatibilidade com a pele.<\/li>\n<li>Evitar o contacto com os olhos, as mucosas e as zonas sens\u00edveis.<\/li>\n<li>N\u00e3o aplicar na pele irritada ou danificada.<\/li>\n<li>N\u00e3o recomendado durante a gravidez, amamenta\u00e7\u00e3o ou para crian\u00e7as pequenas sem aconselhamento profissional.<\/li>\n<li>Utilizar em quantidades moderadas devido \u00e0s suas propriedades activas.<\/li>\n<li>Guardar num local fresco e seco, longe da luz solar direta, e manter o frasco bem fechado ap\u00f3s cada utiliza\u00e7\u00e3o.<\/li>\n<\/ul>","protected":false},"excerpt":{"rendered":"<p>Unmatched effectiveness for respiratory comfort, immune support, and revitalizing wellness. Saro oil is the most effective natural solution for promoting clear breathing, supporting the body\u2019s natural defenses, and enhancing overall vitality. Native to Madagascar and traditionally valued for its powerful yet well-tolerated properties, it helps refresh the respiratory system, invigorate the senses, and contribute to [&hellip;]<\/p>\n","protected":false},"featured_media":23853,"comment_status":"open","ping_status":"closed","template":"","meta":{"_uag_custom_page_level_css":"","site-sidebar-layout":"default","site-content-layout":"","ast-site-content-layout":"default","site-content-style":"default","site-sidebar-style":"default","ast-global-header-display":"","ast-banner-title-visibility":"","ast-main-header-display":"","ast-hfb-above-header-display":"","ast-hfb-below-header-display":"","ast-hfb-mobile-header-display":"","site-post-title":"","ast-breadcrumbs-content":"","ast-featured-img":"","footer-sml-layout":"","ast-disable-related-posts":"","theme-transparent-header-meta":"default","adv-header-id-meta":"","stick-header-meta":"","header-above-stick-meta":"","header-main-stick-meta":"","header-below-stick-meta":"","astra-migrate-meta-layouts":"set","ast-page-background-enabled":"default","ast-page-background-meta":{"desktop":{"background-color":"var(--ast-global-color-4)","background-image":"","background-repeat":"repeat","background-position":"center center","background-size":"auto","background-attachment":"scroll","background-type":"","background-media":"","overlay-type":"","overlay-color":"","overlay-opacity":"","overlay-gradient":""},"tablet":{"background-color":"","background-image":"","background-repeat":"repeat","background-position":"center center","background-size":"auto","background-attachment":"scroll","background-type":"","background-media":"","overlay-type":"","overlay-color":"","overlay-opacity":"","overlay-gradient":""},"mobile":{"background-color":"","background-image":"","background-repeat":"repeat","background-position":"center center","background-size":"auto","background-attachment":"scroll","background-type":"","background-media":"","overlay-type":"","overlay-color":"","overlay-opacity":"","overlay-gradient":""}},"ast-content-background-meta":{"desktop":{"background-color":"var(--ast-global-color-5)","background-image":"","background-repeat":"repeat","background-position":"center center","background-size":"auto","background-attachment":"scroll","background-type":"","background-media":"","overlay-type":"","overlay-color":"","overlay-opacity":"","overlay-gradient":""},"tablet":{"background-color":"var(--ast-global-color-5)","background-image":"","background-repeat":"repeat","background-position":"center center","background-size":"auto","background-attachment":"scroll","background-type":"","background-media":"","overlay-type":"","overlay-color":"","overlay-opacity":"","overlay-gradient":""},"mobile":{"background-color":"var(--ast-global-color-5)","background-image":"","background-repeat":"repeat","background-position":"center center","background-size":"auto","background-attachment":"scroll","background-type":"","background-media":"","overlay-type":"","overlay-color":"","overlay-opacity":"","overlay-gradient":""}}},"product_brand":[],"product_cat":[15],"product_tag":[],"class_list":{"0":"post-23568","1":"product","2":"type-product","3":"status-publish","4":"has-post-thumbnail","6":"product_cat-shop","7":"desktop-align-left","8":"tablet-align-left","9":"mobile-align-left","11":"first","12":"instock","13":"shipping-taxable","14":"purchasable","15":"product-type-simple"},"spectra_custom_meta":{"_edit_lock":["1774610845:1"],"_edit_last":["1"],"merchant-center-availability":["yes"],"merchant-center-category":["6104"],"_thumbnail_id":["23853"],"_wp_page_template":["default"],"_sku":["OLSAROOIL"],"_global_unique_id":["5056773821859"],"_regular_price":["29.90"],"total_sales":["1"],"_tax_status":["taxable"],"_tax_class":[""],"_manage_stock":["no"],"_backorders":["no"],"_sold_individually":["no"],"_weight":["1.3"],"_virtual":["no"],"_downloadable":["no"],"_download_limit":["-1"],"_download_expiry":["-1"],"_stock":[null],"_stock_status":["instock"],"_wc_average_rating":["5.00"],"_wc_review_count":["20"],"_product_version":["10.6.1"],"_price":["29.90"],"site-sidebar-layout":["default"],"ast-site-content-layout":["default"],"site-content-style":["default"],"site-sidebar-style":["default"],"theme-transparent-header-meta":["default"],"_wc_rating_count":["a:1:{i:5;i:20;}"],"astra-migrate-meta-layouts":["set"],"_uag_css_file_name":["uag-css-23568.css"],"_elementor_page_assets":["a:0:{}"],"_uag_page_assets":["a:9:{s:3:\"css\";s:6893:\".wp-block-uagb-image{display:flex}.wp-block-uagb-image__figure{position:relative;display:flex;flex-direction:column;max-width:100%;height:auto;margin:0}.wp-block-uagb-image__figure img{height:auto;display:flex;max-width:100%;transition:box-shadow 0.2s ease}.wp-block-uagb-image__figure>a{display:inline-block}.wp-block-uagb-image__figure figcaption{text-align:center;margin-top:0.5em;margin-bottom:1em}.wp-block-uagb-image .components-placeholder.block-editor-media-placeholder .components-placeholder__instructions{align-self:center}.wp-block-uagb-image--align-left{text-align:left}.wp-block-uagb-image--align-right{text-align:right}.wp-block-uagb-image--align-center{text-align:center}.wp-block-uagb-image--align-full .wp-block-uagb-image__figure{margin-left:calc(50% - 50vw);margin-right:calc(50% - 50vw);max-width:100vw;width:100vw;height:auto}.wp-block-uagb-image--align-full .wp-block-uagb-image__figure img{height:auto;width:100% !important}.wp-block-uagb-image--align-wide .wp-block-uagb-image__figure img{height:auto;width:100%}.wp-block-uagb-image--layout-overlay__color-wrapper{position:absolute;left:0;top:0;right:0;bottom:0;opacity:0.2;background:rgba(0,0,0,0.5);transition:opacity 0.35s ease-in-out}.wp-block-uagb-image--layout-overlay-link{position:absolute;left:0;right:0;bottom:0;top:0}.wp-block-uagb-image--layout-overlay .wp-block-uagb-image__figure:hover .wp-block-uagb-image--layout-overlay__color-wrapper{opacity:1}.wp-block-uagb-image--layout-overlay__inner{position:absolute;left:15px;right:15px;bottom:15px;top:15px;display:flex;align-items:center;justify-content:center;flex-direction:column;border-color:#fff;transition:0.35s ease-in-out}.wp-block-uagb-image--layout-overlay__inner.top-left,.wp-block-uagb-image--layout-overlay__inner.top-center,.wp-block-uagb-image--layout-overlay__inner.top-right{justify-content:flex-start}.wp-block-uagb-image--layout-overlay__inner.bottom-left,.wp-block-uagb-image--layout-overlay__inner.bottom-center,.wp-block-uagb-image--layout-overlay__inner.bottom-right{justify-content:flex-end}.wp-block-uagb-image--layout-overlay__inner.top-left,.wp-block-uagb-image--layout-overlay__inner.center-left,.wp-block-uagb-image--layout-overlay__inner.bottom-left{align-items:flex-start}.wp-block-uagb-image--layout-overlay__inner.top-right,.wp-block-uagb-image--layout-overlay__inner.center-right,.wp-block-uagb-image--layout-overlay__inner.bottom-right{align-items:flex-end}.wp-block-uagb-image--layout-overlay__inner .uagb-image-heading{color:#fff;transition:transform 0.35s, opacity 0.35s ease-in-out;transform:translate3d(0, 24px, 0);margin:0;line-height:1em}.wp-block-uagb-image--layout-overlay__inner .uagb-image-separator{width:30%;border-top-width:2px;border-top-color:#fff;border-top-style:solid;margin-bottom:10px;opacity:0;transition:transform 0.4s, opacity 0.4s ease-in-out;transform:translate3d(0, 30px, 0)}.wp-block-uagb-image--layout-overlay__inner .uagb-image-caption{opacity:0;overflow:visible;color:#fff;transition:transform 0.45s, opacity 0.45s ease-in-out;transform:translate3d(0, 35px, 0)}.wp-block-uagb-image--layout-overlay__inner:hover .uagb-image-heading,.wp-block-uagb-image--layout-overlay__inner:hover .uagb-image-separator,.wp-block-uagb-image--layout-overlay__inner:hover .uagb-image-caption{opacity:1;transform:translate3d(0, 0, 0)}.wp-block-uagb-image--effect-zoomin .wp-block-uagb-image__figure img,.wp-block-uagb-image--effect-zoomin .wp-block-uagb-image__figure .wp-block-uagb-image--layout-overlay__color-wrapper{transform:scale(1);transition:transform 0.35s ease-in-out}.wp-block-uagb-image--effect-zoomin .wp-block-uagb-image__figure:hover img,.wp-block-uagb-image--effect-zoomin .wp-block-uagb-image__figure:hover .wp-block-uagb-image--layout-overlay__color-wrapper{transform:scale(1.05)}.wp-block-uagb-image--effect-slide .wp-block-uagb-image__figure img,.wp-block-uagb-image--effect-slide .wp-block-uagb-image__figure .wp-block-uagb-image--layout-overlay__color-wrapper{width:calc(100% + 40px) !important;max-width:none !important;transform:translate3d(-40px, 0, 0);transition:transform 0.35s ease-in-out}.wp-block-uagb-image--effect-slide .wp-block-uagb-image__figure:hover img,.wp-block-uagb-image--effect-slide .wp-block-uagb-image__figure:hover .wp-block-uagb-image--layout-overlay__color-wrapper{transform:translate3d(0, 0, 0)}.wp-block-uagb-image--effect-grayscale img{filter:grayscale(0%);transition:0.35s ease-in-out}.wp-block-uagb-image--effect-grayscale:hover img{filter:grayscale(100%)}.wp-block-uagb-image--effect-blur img{filter:blur(0);transition:0.35s ease-in-out}.wp-block-uagb-image--effect-blur:hover img{filter:blur(3px)}\n.uagb-block-e6f939b3.wp-block-uagb-image--layout-default figure img{box-shadow: 0px 0px 0 #00000070;}.uagb-block-e6f939b3.wp-block-uagb-image .wp-block-uagb-image__figure figcaption{font-style: normal;align-self: center;}.uagb-block-e6f939b3.wp-block-uagb-image--layout-overlay figure img{box-shadow: 0px 0px 0 #00000070;}.uagb-block-e6f939b3.wp-block-uagb-image--layout-overlay .wp-block-uagb-image--layout-overlay__color-wrapper{opacity: 0.2;}.uagb-block-e6f939b3.wp-block-uagb-image--layout-overlay .wp-block-uagb-image--layout-overlay__inner{left: 15px;right: 15px;top: 15px;bottom: 15px;}.uagb-block-e6f939b3.wp-block-uagb-image--layout-overlay .wp-block-uagb-image--layout-overlay__inner .uagb-image-heading{font-style: normal;color: #fff;opacity: 1;}.uagb-block-e6f939b3.wp-block-uagb-image--layout-overlay .wp-block-uagb-image--layout-overlay__inner .uagb-image-heading a{color: #fff;}.uagb-block-e6f939b3.wp-block-uagb-image--layout-overlay .wp-block-uagb-image--layout-overlay__inner .uagb-image-caption{opacity: 0;}.uagb-block-e6f939b3.wp-block-uagb-image--layout-overlay .wp-block-uagb-image__figure:hover .wp-block-uagb-image--layout-overlay__color-wrapper{opacity: 1;}.uagb-block-e6f939b3.wp-block-uagb-image .wp-block-uagb-image--layout-overlay__inner .uagb-image-separator{width: 30%;border-top-width: 2px;border-top-color: #fff;opacity: 0;}.uagb-block-e6f939b3.wp-block-uagb-image .wp-block-uagb-image__figure img{width: px;height: auto;}.uagb-block-e6f939b3.wp-block-uagb-image .wp-block-uagb-image__figure:hover .wp-block-uagb-image--layout-overlay__inner .uagb-image-caption{opacity: 1;}.uagb-block-e6f939b3.wp-block-uagb-image .wp-block-uagb-image__figure:hover .wp-block-uagb-image--layout-overlay__inner .uagb-image-separator{opacity: 1;}.uagb-block-e6f939b3.wp-block-uagb-image--layout-default figure:hover img{box-shadow: 0px 0px 0 #00000070;}.uagb-block-e6f939b3.wp-block-uagb-image--layout-overlay figure:hover img{box-shadow: 0px 0px 0 #00000070;}@media only screen and (max-width: 976px) {.uagb-block-e6f939b3.wp-block-uagb-image .wp-block-uagb-image__figure img{width: px;height: auto;}}@media only screen and (max-width: 767px) {.uagb-block-e6f939b3.wp-block-uagb-image .wp-block-uagb-image__figure img{width: px;height: auto;}}\";s:2:\"js\";s:0:\"\";s:18:\"current_block_list\";a:13:{i:0;s:11:\"core\/search\";i:1;s:10:\"core\/group\";i:2;s:12:\"core\/heading\";i:3;s:17:\"core\/latest-posts\";i:4;s:20:\"core\/latest-comments\";i:5;s:13:\"core\/archives\";i:6;s:15:\"core\/categories\";i:7;s:14:\"core\/paragraph\";i:8;s:10:\"uagb\/image\";i:9;s:11:\"core\/spacer\";i:10;s:30:\"woocommerce\/product-categories\";i:11;s:10:\"core\/image\";i:12;s:14:\"core\/shortcode\";}s:8:\"uag_flag\";b:1;s:11:\"uag_version\";s:10:\"1776374510\";s:6:\"gfonts\";a:0:{}s:10:\"gfonts_url\";s:0:\"\";s:12:\"gfonts_files\";a:0:{}s:14:\"uag_faq_layout\";b:0;}"]},"uagb_featured_image_src":{"full":["https:\/\/www.oleaia.com\/wp-content\/uploads\/2025\/08\/Oleaia-Saro-Oil-1L.jpg",2560,2560,false],"thumbnail":["https:\/\/www.oleaia.com\/wp-content\/uploads\/2025\/08\/Oleaia-Saro-Oil-1L-150x150.jpg",150,150,true],"medium":["https:\/\/www.oleaia.com\/wp-content\/uploads\/2025\/08\/Oleaia-Saro-Oil-1L-300x300.jpg",300,300,true],"medium_large":["https:\/\/www.oleaia.com\/wp-content\/uploads\/2025\/08\/Oleaia-Saro-Oil-1L-768x768.jpg",768,768,true],"large":["https:\/\/www.oleaia.com\/wp-content\/uploads\/2025\/08\/Oleaia-Saro-Oil-1L-1024x1024.jpg",1024,1024,true],"1536x1536":["https:\/\/www.oleaia.com\/wp-content\/uploads\/2025\/08\/Oleaia-Saro-Oil-1L-1536x1536.jpg",1536,1536,true],"2048x2048":["https:\/\/www.oleaia.com\/wp-content\/uploads\/2025\/08\/Oleaia-Saro-Oil-1L-2048x2048.jpg",2048,2048,true],"trp-custom-language-flag":["https:\/\/www.oleaia.com\/wp-content\/uploads\/2025\/08\/Oleaia-Saro-Oil-1L-12x12.jpg",12,12,true],"woocommerce_thumbnail":["https:\/\/www.oleaia.com\/wp-content\/uploads\/2025\/08\/Oleaia-Saro-Oil-1L-300x300.jpg",300,300,true],"woocommerce_single":["https:\/\/www.oleaia.com\/wp-content\/uploads\/2025\/08\/Oleaia-Saro-Oil-1L-600x600.jpg",600,600,true],"woocommerce_gallery_thumbnail":["https:\/\/www.oleaia.com\/wp-content\/uploads\/2025\/08\/Oleaia-Saro-Oil-1L-100x100.jpg",100,100,true]},"uagb_author_info":{"display_name":"admin","author_link":"https:\/\/www.oleaia.com\/pt\/author\/"},"uagb_comment_info":20,"uagb_excerpt":"Unmatched effectiveness for respiratory comfort, immune support, and revitalizing wellness. Saro oil is the most effective natural solution for promoting clear breathing, supporting the body\u2019s natural defenses, and enhancing overall vitality. Native to Madagascar and traditionally valued for its powerful yet well-tolerated properties, it helps refresh the respiratory system, invigorate the senses, and contribute to&hellip;","_links":{"self":[{"href":"https:\/\/www.oleaia.com\/pt\/wp-json\/wp\/v2\/product\/23568","targetHints":{"allow":["GET"]}}],"collection":[{"href":"https:\/\/www.oleaia.com\/pt\/wp-json\/wp\/v2\/product"}],"about":[{"href":"https:\/\/www.oleaia.com\/pt\/wp-json\/wp\/v2\/types\/product"}],"replies":[{"embeddable":true,"href":"https:\/\/www.oleaia.com\/pt\/wp-json\/wp\/v2\/comments?post=23568"}],"version-history":[{"count":2,"href":"https:\/\/www.oleaia.com\/pt\/wp-json\/wp\/v2\/product\/23568\/revisions"}],"predecessor-version":[{"id":81254,"href":"https:\/\/www.oleaia.com\/pt\/wp-json\/wp\/v2\/product\/23568\/revisions\/81254"}],"wp:featuredmedia":[{"embeddable":true,"href":"https:\/\/www.oleaia.com\/pt\/wp-json\/wp\/v2\/media\/23853"}],"wp:attachment":[{"href":"https:\/\/www.oleaia.com\/pt\/wp-json\/wp\/v2\/media?parent=23568"}],"wp:term":[{"taxonomy":"product_brand","embeddable":true,"href":"https:\/\/www.oleaia.com\/pt\/wp-json\/wp\/v2\/product_brand?post=23568"},{"taxonomy":"product_cat","embeddable":true,"href":"https:\/\/www.oleaia.com\/pt\/wp-json\/wp\/v2\/product_cat?post=23568"},{"taxonomy":"product_tag","embeddable":true,"href":"https:\/\/www.oleaia.com\/pt\/wp-json\/wp\/v2\/product_tag?post=23568"}],"curies":[{"name":"wp","href":"https:\/\/api.w.org\/{rel}","templated":true}]}}