{"id":22839,"date":"2025-05-14T12:10:46","date_gmt":"2025-05-14T10:10:46","guid":{"rendered":"https:\/\/www.stoprodent.com\/?page_id=22839"},"modified":"2025-07-18T15:38:28","modified_gmt":"2025-07-18T13:38:28","slug":"affiliate-terms-and-conditions","status":"publish","type":"page","link":"https:\/\/www.oleaia.com\/ro\/affiliate-terms-and-conditions\/","title":{"rendered":"Termeni \u0219i condi\u021bii de afiliere"},"content":{"rendered":"<p>Ace\u0219ti Termeni \u0219i condi\u021bii generale de utilizare (denumi\u021bi \u00een continuare \"Termeni generali\") reglementeaz\u0103 rela\u021bia contractual\u0103 dintre Oleaia LLC, o societate cu r\u0103spundere limitat\u0103 \u00eenregistrat\u0103 \u00een mod corespunz\u0103tor \u00een statul Delaware cu num\u0103rul de \u00eenregistrare 10141920, cu sediul social la 213 N Market Street #1042, Wilmington, DE 19801, Statele Unite ale Americii (denumit\u0103 \u00een continuare \"Comerciantul\" sau \"noi\"), \u0219i orice persoan\u0103 fizic\u0103 sau juridic\u0103 care acceseaz\u0103 Programul de afiliere \u00een calitate de partener promo\u021bional (denumit \u00een continuare \"Afiliatul\" sau \"dumneavoastr\u0103\").<\/p>\n\n\n\n<p>Participarea la Programul de afiliere implic\u0103 acceptarea deplin\u0103, complet\u0103 \u0219i necondi\u021bionat\u0103 de c\u0103tre afiliat a prezentelor condi\u021bii generale. \u00cen cazul \u00een care Afiliatul nu accept\u0103 \u00een mod expres \u0219i complet ace\u0219ti termeni, \u00eei este strict interzis s\u0103 se \u00eenregistreze sau s\u0103 participe la Programul respectiv sub orice form\u0103.<\/p>\n\n\n\n<p><strong>Articolul 1. Aprobarea sau respingerea \u00eenregistr\u0103rii<\/strong><\/p>\n\n\n\n<p>Comerciantul \u00ee\u0219i rezerv\u0103 \u00een mod expres dreptul discre\u021bionar, f\u0103r\u0103 a fi necesar\u0103 nicio justificare, de a accepta sau respinge orice cerere de aderare la programul de afiliere. Comerciantul nu va fi r\u0103spunz\u0103tor pentru niciun prejudiciu, daune directe sau indirecte sau pierderi de oportunit\u0103\u021bi rezultate \u00een urma unui astfel de refuz. Afiliatul renun\u021b\u0103 \u00een mod expres la orice ac\u021biune, revendicare sau recurs \u00eempotriva comerciantului \u00een cazul \u00een care cererea sa este respins\u0103.<\/p>\n\n\n\n<p><strong>Articolul 2. R\u0103spunderea civil\u0103<\/strong><\/p>\n\n\n\n<p>Orice act, publicare, declara\u021bie sau comportament de natur\u0103 s\u0103 prejudicieze reputa\u021bia, imaginea, drepturile, interesele sau credibilitatea comerciantului, a societ\u0103\u021bii-mam\u0103, a filialelor sau a partenerilor s\u0103i de afaceri, s\u0103v\u00e2r\u0219it direct sau indirect, \u00een mod inten\u021bionat sau nu, pe durata programului sau \u00een termen de zece (10) ani de la \u00eencetarea acestuia, va avea ca rezultat obligarea afiliatului la plata, cu titlu de clauz\u0103 penal\u0103, a unei desp\u0103gubiri forfetare nereductibile de o sut\u0103 de mii de dolari SUA (100.000 USD), f\u0103r\u0103 a aduce atingere oric\u0103ror daune suplimentare care pot fi solicitate de comerciant drept compensa\u021bie pentru prejudiciul suferit.<\/p>\n\n\n\n<p><strong>Articolul 3. Leg\u0103turi afiliate \u0219i cupoane<\/strong><\/p>\n\n\n\n<p>Un link unic de afiliat este generat automat pentru afiliat \u00een scopul urm\u0103ririi \u0219i atribuirii comisionului. Afiliatul poate crea, de asemenea, linkuri specifice c\u0103tre produse, colec\u021bii sau pagini selectate. Dac\u0103 un utilizator face clic succesiv pe mai multe linkuri afiliate, numai ultima interac\u021biune valid\u0103 va fi re\u021binut\u0103 \u00een scopul remuner\u0103rii.<\/p>\n\n\n\n<p>Codurile promo\u021bionale personale pot fi atribuite afiliatului \u00een conformitate cu termenii defini\u021bi \u00een tabloul de bord personal al acestuia. \u00cen cazul \u00een care un client utilizeaz\u0103 simultan un link afiliat \u0219i un cod promo\u021bional legat de afiliat, se va contabiliza un singur comision \u0219i se exclude orice dubl\u0103 remunerare. Dac\u0103 niciun cod nu este atribuit \u00een mod explicit, orice utilizare sau promovare a unui astfel de cod de c\u0103tre afiliat este strict interzis\u0103.<br>Afiliatul este autorizat s\u0103 promoveze produsele sau serviciile comerciantului prin diverse canale, inclusiv, dar f\u0103r\u0103 a se limita la, platforme digitale (Facebook, Instagram etc.), site-uri de anun\u021buri clasificate, presa scris\u0103 sau orice alt mijloc publicitar legal.<\/p>\n\n\n\n<p><strong>Articolul 4. Comisioane \u0219i plat\u0103<\/strong><\/p>\n\n\n\n<p>Afiliatul este eligibil s\u0103 primeasc\u0103 un comision pentru orice tranzac\u021bie efectuat\u0103 de un client recomandat prin intermediul linkului s\u0103u de afiliat, cu condi\u021bia ca respectiva comand\u0103 s\u0103 fie validat\u0103 definitiv \u0219i s\u0103 nu fac\u0103 obiectul niciunei anul\u0103ri, litigii, retroced\u0103ri sau cereri de rambursare.<\/p>\n\n\n\n<p>Valoarea comisionului este determinat\u0103 pe baza structurii tarifare aplicabile, disponibil\u0103 \u00een orice moment pe tabloul de bord. Calculul se face pe baza valorii nete a comenzii, excluz\u00e2nd taxele, costurile de expediere \u0219i alte taxe auxiliare.<\/p>\n\n\n\n<p>Afiliatul trebuie s\u0103 furnizeze, prin intermediul interfe\u021bei desemnate, detaliile bancare sau identificatorii necesari pentru a primi pl\u0103\u021bile. Plata sumelor datorate se face \u00een conformitate cu calendarul stipulat \u00een Ghidul afiliatului. Tranzac\u021biile frauduloase sau cele care \u00eencalc\u0103 regulile programului nu vor fi eligibile pentru plat\u0103.<\/p>\n\n\n\n<p><strong>Articolul 5. Instrument de marketing<\/strong><\/p>\n\n\n\n<p>Comerciantul pune la dispozi\u021bia afiliatului, prin intermediul unei zone dedicate, materiale publicitare (bannere, logo-uri, elemente vizuale ale campaniei etc.). Aceste elemente pot fi utilizate exclusiv \u00een cadrul Programului, \u00een conformitate cu condi\u021biile furnizate de Comerciant. Orice utilizare abuziv\u0103, modificare neautorizat\u0103 sau distribuire c\u0103tre ter\u021be p\u0103r\u021bi este interzis\u0103.<\/p>\n\n\n\n<p><strong>Articolul 6. Re\u021beaua<\/strong><\/p>\n\n\n\n<p>Atunci c\u00e2nd op\u021biunea \"Re\u021bea\" este activat\u0103, afiliatul este autorizat s\u0103 trimit\u0103 al\u021bi afilia\u021bi din aval. Linkul de recomandare este furnizat prin intermediul zonei personale a afiliatului. Dac\u0103 un afiliat din aval genereaz\u0103 v\u00e2nz\u0103ri prin propriile canale, afiliatul din amonte poate primi un a\u0219a-numit comision \"de re\u021bea\", \u00een func\u021bie de parametrii aplicabili.<br>Fiecare afiliat nou \u00eenregistrat \u00een acest mod trebuie s\u0103 utilizeze link-ul de re\u021bea pentru a asigura atribuirea corect\u0103 \u00een sistemul comerciantului.<\/p>\n\n\n\n<p><strong>Articolul 7. Cookie-uri<\/strong><\/p>\n\n\n\n<p>Urm\u0103rirea activit\u0103\u021bilor generatoare de comisioane se bazeaz\u0103 pe utilizarea de module cookie. Este responsabilitatea afiliatului s\u0103 informeze utilizatorii finali cu privire la aceast\u0103 condi\u021bie, \u00een conformitate cu legisla\u021bia privind protec\u021bia datelor.<\/p>\n\n\n\n<p>Dac\u0103 utilizatorul final refuz\u0103 sau \u0219terge modulele cookie, nu poate avea loc nicio urm\u0103rire, ceea ce exclude orice drept la remunera\u021bie. Perioada de valabilitate a cookie-ului este specificat\u0103 la momentul \u00eenregistr\u0103rii afiliatului \u0219i intr\u0103 \u00een vigoare de la primul clic pe link sau de la utilizarea cuponului.<\/p>\n\n\n\n<p><strong>Articolul 8. Ordinea produselor libere<\/strong><\/p>\n\n\n\n<p>Orice comand\u0103 de produse gratuite de c\u0103tre afiliat implic\u0103 obliga\u021bia de a publica, \u00een termen de \u0219apte (7) zile de la primire, un con\u021binut promo\u021bional substan\u021bial (cum ar fi un videoclip, un articol pe blog, o postare pe social media etc.). \u00cen caz de \u00eent\u00e2rziere, se va aplica automat o penalizare de cincizeci de dolari americani (50 USD) pe zi, deductibil\u0103 din orice c\u00e2\u0219tig poten\u021bial.<\/p>\n\n\n\n<p>\u00cen cazul \u00een care publicarea promo\u021bional\u0103 nu se face \u00eentr-o perioad\u0103 maxim\u0103 de dou\u0103zeci \u0219i opt (28) de zile, programul de afiliere va fi considerat reziliat la ini\u021biativa afiliatului. Acesta din urm\u0103 trebuie s\u0103 ramburseze \u00eentreaga valoare public\u0103 a produselor primite, precum \u0219i o penalitate fix\u0103 de reziliere de o mie patru sute de dolari SUA (1.400 USD).<\/p>\n\n\n\n<p>Eliminarea neautorizat\u0103 a con\u021binutului promo\u021bional deja publicat va fi considerat\u0103 ca o reziliere ini\u021biat\u0103 de c\u0103tre afiliat, cu acelea\u0219i consecin\u021be financiare.<\/p>\n\n\n\n<p><strong>Articolul 9. Clauza de neconcuren\u021b\u0103<\/strong><\/p>\n\n\n\n<p>Pe \u00eentreaga perioad\u0103 de participare la program \u0219i pentru o perioad\u0103 ulterioar\u0103 de un (1) an de la \u00eencetarea acestuia, afiliatului \u00eei este strict interzis s\u0103 promoveze, direct sau indirect, orice produs sau serviciu concurent cu cele ale comerciantului. Nerespectarea acestei clauze va duce la aplicarea unei amenzi forfetare nereductibile de dou\u0103zeci de mii de dolari SUA (20.000 USD) pentru fiecare \u00eenc\u0103lcare dovedit\u0103.<\/p>\n\n\n\n<p><strong>Articolul 10. Termenul de promovare<\/strong><\/p>\n\n\n\n<p>De la data aprob\u0103rii \u00eenregistr\u0103rii, afiliatul are la dispozi\u021bie o perioad\u0103 neextensibil\u0103 de dou\u0103zeci \u0219i opt (28) de zile pentru a publica cel pu\u021bin o comunicare public\u0103 de promovare a m\u0103rcii comerciantului. \u00cen absen\u021ba unei astfel de promov\u0103ri \u00een aceast\u0103 perioad\u0103, Programul va fi considerat automat reziliat din vina exclusiv\u0103 a Afiliatului.<\/p>\n\n\n\n<p><strong>Articolul 11. Rezilierea contractului<\/strong><\/p>\n\n\n\n<p>Orice reziliere, indiferent dac\u0103 este ini\u021biat\u0103 de afiliat sau de comerciant, va duce la plata unei indemniza\u021bii compensatorii forfetare de o mie patru sute de dolari americani (1 400 USD), f\u0103r\u0103 a aduce atingere sumelor deja primite sau datorate \u00een ceea ce prive\u0219te comisioanele. Aceast\u0103 indemniza\u021bie poate fi dedus\u0103 din veniturile viitoare sau poate necesita rambursare \u00een cazul unui sold insuficient.<\/p>\n\n\n\n<p>Dac\u0103 este cazul, afiliatul ramburseaz\u0103, de asemenea, pre\u021bul public integral al produselor gratuite primite anterior. \u00cencetarea programului nu exonereaz\u0103 afiliatul de obliga\u021biile sale anterioare, \u00een special cele legate de clauzele de neconcuren\u021b\u0103 \u0219i de confiden\u021bialitate.<\/p>\n\n\n\n<p><\/p>","protected":false},"excerpt":{"rendered":"<p>These General Terms and Conditions of Use (hereinafter the \u201cGeneral Terms\u201d) govern the contractual relationship between Oleaia LLC, a limited liability company duly registered in the State of Delaware under registration number 10141920, with its registered office at 213 N Market Street #1042, Wilmington, DE 19801, United States of America (hereinafter referred to as the [&hellip;]<\/p>\n","protected":false},"author":1,"featured_media":0,"parent":0,"menu_order":0,"comment_status":"closed","ping_status":"closed","template":"","meta":{"_uag_custom_page_level_css":"","site-sidebar-layout":"default","site-content-layout":"","ast-site-content-layout":"default","site-content-style":"default","site-sidebar-style":"default","ast-global-header-display":"","ast-banner-title-visibility":"","ast-main-header-display":"","ast-hfb-above-header-display":"","ast-hfb-below-header-display":"","ast-hfb-mobile-header-display":"","site-post-title":"","ast-breadcrumbs-content":"","ast-featured-img":"","footer-sml-layout":"","ast-disable-related-posts":"","theme-transparent-header-meta":"","adv-header-id-meta":"","stick-header-meta":"","header-above-stick-meta":"","header-main-stick-meta":"","header-below-stick-meta":"","astra-migrate-meta-layouts":"set","ast-page-background-enabled":"default","ast-page-background-meta":{"desktop":{"background-color":"var(--ast-global-color-4)","background-image":"","background-repeat":"repeat","background-position":"center center","background-size":"auto","background-attachment":"scroll","background-type":"","background-media":"","overlay-type":"","overlay-color":"","overlay-opacity":"","overlay-gradient":""},"tablet":{"background-color":"","background-image":"","background-repeat":"repeat","background-position":"center center","background-size":"auto","background-attachment":"scroll","background-type":"","background-media":"","overlay-type":"","overlay-color":"","overlay-opacity":"","overlay-gradient":""},"mobile":{"background-color":"","background-image":"","background-repeat":"repeat","background-position":"center center","background-size":"auto","background-attachment":"scroll","background-type":"","background-media":"","overlay-type":"","overlay-color":"","overlay-opacity":"","overlay-gradient":""}},"ast-content-background-meta":{"desktop":{"background-color":"var(--ast-global-color-5)","background-image":"","background-repeat":"repeat","background-position":"center center","background-size":"auto","background-attachment":"scroll","background-type":"","background-media":"","overlay-type":"","overlay-color":"","overlay-opacity":"","overlay-gradient":""},"tablet":{"background-color":"var(--ast-global-color-5)","background-image":"","background-repeat":"repeat","background-position":"center center","background-size":"auto","background-attachment":"scroll","background-type":"","background-media":"","overlay-type":"","overlay-color":"","overlay-opacity":"","overlay-gradient":""},"mobile":{"background-color":"var(--ast-global-color-5)","background-image":"","background-repeat":"repeat","background-position":"center center","background-size":"auto","background-attachment":"scroll","background-type":"","background-media":"","overlay-type":"","overlay-color":"","overlay-opacity":"","overlay-gradient":""}},"footnotes":""},"class_list":["post-22839","page","type-page","status-publish","hentry"],"spectra_custom_meta":{"_edit_lock":["1752845912:1"],"_uag_custom_page_level_css":[""],"site-sidebar-layout":["default"],"site-content-layout":[""],"ast-site-content-layout":["default"],"site-content-style":["default"],"site-sidebar-style":["default"],"ast-global-header-display":[""],"ast-banner-title-visibility":[""],"ast-main-header-display":[""],"ast-hfb-above-header-display":[""],"ast-hfb-below-header-display":[""],"ast-hfb-mobile-header-display":[""],"site-post-title":[""],"ast-breadcrumbs-content":[""],"ast-featured-img":[""],"footer-sml-layout":[""],"theme-transparent-header-meta":[""],"adv-header-id-meta":[""],"stick-header-meta":[""],"header-above-stick-meta":[""],"header-main-stick-meta":[""],"header-below-stick-meta":[""],"astra-migrate-meta-layouts":["set"],"ast-page-background-enabled":["default"],"ast-page-background-meta":["a:3:{s:7:\"desktop\";a:12:{s:16:\"background-color\";s:25:\"var(--ast-global-color-4)\";s:16:\"background-image\";s:0:\"\";s:17:\"background-repeat\";s:6:\"repeat\";s:19:\"background-position\";s:13:\"center center\";s:15:\"background-size\";s:4:\"auto\";s:21:\"background-attachment\";s:6:\"scroll\";s:15:\"background-type\";s:0:\"\";s:16:\"background-media\";s:0:\"\";s:12:\"overlay-type\";s:0:\"\";s:13:\"overlay-color\";s:0:\"\";s:15:\"overlay-opacity\";s:0:\"\";s:16:\"overlay-gradient\";s:0:\"\";}s:6:\"tablet\";a:12:{s:16:\"background-color\";s:0:\"\";s:16:\"background-image\";s:0:\"\";s:17:\"background-repeat\";s:6:\"repeat\";s:19:\"background-position\";s:13:\"center center\";s:15:\"background-size\";s:4:\"auto\";s:21:\"background-attachment\";s:6:\"scroll\";s:15:\"background-type\";s:0:\"\";s:16:\"background-media\";s:0:\"\";s:12:\"overlay-type\";s:0:\"\";s:13:\"overlay-color\";s:0:\"\";s:15:\"overlay-opacity\";s:0:\"\";s:16:\"overlay-gradient\";s:0:\"\";}s:6:\"mobile\";a:12:{s:16:\"background-color\";s:0:\"\";s:16:\"background-image\";s:0:\"\";s:17:\"background-repeat\";s:6:\"repeat\";s:19:\"background-position\";s:13:\"center center\";s:15:\"background-size\";s:4:\"auto\";s:21:\"background-attachment\";s:6:\"scroll\";s:15:\"background-type\";s:0:\"\";s:16:\"background-media\";s:0:\"\";s:12:\"overlay-type\";s:0:\"\";s:13:\"overlay-color\";s:0:\"\";s:15:\"overlay-opacity\";s:0:\"\";s:16:\"overlay-gradient\";s:0:\"\";}}"],"ast-content-background-meta":["a:3:{s:7:\"desktop\";a:12:{s:16:\"background-color\";s:25:\"var(--ast-global-color-5)\";s:16:\"background-image\";s:0:\"\";s:17:\"background-repeat\";s:6:\"repeat\";s:19:\"background-position\";s:13:\"center center\";s:15:\"background-size\";s:4:\"auto\";s:21:\"background-attachment\";s:6:\"scroll\";s:15:\"background-type\";s:0:\"\";s:16:\"background-media\";s:0:\"\";s:12:\"overlay-type\";s:0:\"\";s:13:\"overlay-color\";s:0:\"\";s:15:\"overlay-opacity\";s:0:\"\";s:16:\"overlay-gradient\";s:0:\"\";}s:6:\"tablet\";a:12:{s:16:\"background-color\";s:25:\"var(--ast-global-color-5)\";s:16:\"background-image\";s:0:\"\";s:17:\"background-repeat\";s:6:\"repeat\";s:19:\"background-position\";s:13:\"center center\";s:15:\"background-size\";s:4:\"auto\";s:21:\"background-attachment\";s:6:\"scroll\";s:15:\"background-type\";s:0:\"\";s:16:\"background-media\";s:0:\"\";s:12:\"overlay-type\";s:0:\"\";s:13:\"overlay-color\";s:0:\"\";s:15:\"overlay-opacity\";s:0:\"\";s:16:\"overlay-gradient\";s:0:\"\";}s:6:\"mobile\";a:12:{s:16:\"background-color\";s:25:\"var(--ast-global-color-5)\";s:16:\"background-image\";s:0:\"\";s:17:\"background-repeat\";s:6:\"repeat\";s:19:\"background-position\";s:13:\"center center\";s:15:\"background-size\";s:4:\"auto\";s:21:\"background-attachment\";s:6:\"scroll\";s:15:\"background-type\";s:0:\"\";s:16:\"background-media\";s:0:\"\";s:12:\"overlay-type\";s:0:\"\";s:13:\"overlay-color\";s:0:\"\";s:15:\"overlay-opacity\";s:0:\"\";s:16:\"overlay-gradient\";s:0:\"\";}}"],"footnotes":[""],"_elementor_edit_mode":[""],"_elementor_template_type":[""],"_elementor_data":[""],"_elementor_conditions":["a:0:{}"],"rank_math_news_sitemap_robots":["index"],"rank_math_robots":["a:1:{i:0;s:5:\"index\";}"],"_edit_last":["1"],"_uag_css_file_name":["uag-css-22839.css"],"_uag_page_assets":["a:9:{s:3:\"css\";s:6893:\".wp-block-uagb-image{display:flex}.wp-block-uagb-image__figure{position:relative;display:flex;flex-direction:column;max-width:100%;height:auto;margin:0}.wp-block-uagb-image__figure img{height:auto;display:flex;max-width:100%;transition:box-shadow 0.2s ease}.wp-block-uagb-image__figure>a{display:inline-block}.wp-block-uagb-image__figure figcaption{text-align:center;margin-top:0.5em;margin-bottom:1em}.wp-block-uagb-image .components-placeholder.block-editor-media-placeholder .components-placeholder__instructions{align-self:center}.wp-block-uagb-image--align-left{text-align:left}.wp-block-uagb-image--align-right{text-align:right}.wp-block-uagb-image--align-center{text-align:center}.wp-block-uagb-image--align-full .wp-block-uagb-image__figure{margin-left:calc(50% - 50vw);margin-right:calc(50% - 50vw);max-width:100vw;width:100vw;height:auto}.wp-block-uagb-image--align-full .wp-block-uagb-image__figure img{height:auto;width:100% !important}.wp-block-uagb-image--align-wide .wp-block-uagb-image__figure img{height:auto;width:100%}.wp-block-uagb-image--layout-overlay__color-wrapper{position:absolute;left:0;top:0;right:0;bottom:0;opacity:0.2;background:rgba(0,0,0,0.5);transition:opacity 0.35s ease-in-out}.wp-block-uagb-image--layout-overlay-link{position:absolute;left:0;right:0;bottom:0;top:0}.wp-block-uagb-image--layout-overlay .wp-block-uagb-image__figure:hover .wp-block-uagb-image--layout-overlay__color-wrapper{opacity:1}.wp-block-uagb-image--layout-overlay__inner{position:absolute;left:15px;right:15px;bottom:15px;top:15px;display:flex;align-items:center;justify-content:center;flex-direction:column;border-color:#fff;transition:0.35s ease-in-out}.wp-block-uagb-image--layout-overlay__inner.top-left,.wp-block-uagb-image--layout-overlay__inner.top-center,.wp-block-uagb-image--layout-overlay__inner.top-right{justify-content:flex-start}.wp-block-uagb-image--layout-overlay__inner.bottom-left,.wp-block-uagb-image--layout-overlay__inner.bottom-center,.wp-block-uagb-image--layout-overlay__inner.bottom-right{justify-content:flex-end}.wp-block-uagb-image--layout-overlay__inner.top-left,.wp-block-uagb-image--layout-overlay__inner.center-left,.wp-block-uagb-image--layout-overlay__inner.bottom-left{align-items:flex-start}.wp-block-uagb-image--layout-overlay__inner.top-right,.wp-block-uagb-image--layout-overlay__inner.center-right,.wp-block-uagb-image--layout-overlay__inner.bottom-right{align-items:flex-end}.wp-block-uagb-image--layout-overlay__inner .uagb-image-heading{color:#fff;transition:transform 0.35s, opacity 0.35s ease-in-out;transform:translate3d(0, 24px, 0);margin:0;line-height:1em}.wp-block-uagb-image--layout-overlay__inner .uagb-image-separator{width:30%;border-top-width:2px;border-top-color:#fff;border-top-style:solid;margin-bottom:10px;opacity:0;transition:transform 0.4s, opacity 0.4s ease-in-out;transform:translate3d(0, 30px, 0)}.wp-block-uagb-image--layout-overlay__inner .uagb-image-caption{opacity:0;overflow:visible;color:#fff;transition:transform 0.45s, opacity 0.45s ease-in-out;transform:translate3d(0, 35px, 0)}.wp-block-uagb-image--layout-overlay__inner:hover .uagb-image-heading,.wp-block-uagb-image--layout-overlay__inner:hover .uagb-image-separator,.wp-block-uagb-image--layout-overlay__inner:hover .uagb-image-caption{opacity:1;transform:translate3d(0, 0, 0)}.wp-block-uagb-image--effect-zoomin .wp-block-uagb-image__figure img,.wp-block-uagb-image--effect-zoomin .wp-block-uagb-image__figure .wp-block-uagb-image--layout-overlay__color-wrapper{transform:scale(1);transition:transform 0.35s ease-in-out}.wp-block-uagb-image--effect-zoomin .wp-block-uagb-image__figure:hover img,.wp-block-uagb-image--effect-zoomin .wp-block-uagb-image__figure:hover .wp-block-uagb-image--layout-overlay__color-wrapper{transform:scale(1.05)}.wp-block-uagb-image--effect-slide .wp-block-uagb-image__figure img,.wp-block-uagb-image--effect-slide .wp-block-uagb-image__figure .wp-block-uagb-image--layout-overlay__color-wrapper{width:calc(100% + 40px) !important;max-width:none !important;transform:translate3d(-40px, 0, 0);transition:transform 0.35s ease-in-out}.wp-block-uagb-image--effect-slide .wp-block-uagb-image__figure:hover img,.wp-block-uagb-image--effect-slide .wp-block-uagb-image__figure:hover .wp-block-uagb-image--layout-overlay__color-wrapper{transform:translate3d(0, 0, 0)}.wp-block-uagb-image--effect-grayscale img{filter:grayscale(0%);transition:0.35s ease-in-out}.wp-block-uagb-image--effect-grayscale:hover img{filter:grayscale(100%)}.wp-block-uagb-image--effect-blur img{filter:blur(0);transition:0.35s ease-in-out}.wp-block-uagb-image--effect-blur:hover img{filter:blur(3px)}\n.uagb-block-e6f939b3.wp-block-uagb-image--layout-default figure img{box-shadow: 0px 0px 0 #00000070;}.uagb-block-e6f939b3.wp-block-uagb-image .wp-block-uagb-image__figure figcaption{font-style: normal;align-self: center;}.uagb-block-e6f939b3.wp-block-uagb-image--layout-overlay figure img{box-shadow: 0px 0px 0 #00000070;}.uagb-block-e6f939b3.wp-block-uagb-image--layout-overlay .wp-block-uagb-image--layout-overlay__color-wrapper{opacity: 0.2;}.uagb-block-e6f939b3.wp-block-uagb-image--layout-overlay .wp-block-uagb-image--layout-overlay__inner{left: 15px;right: 15px;top: 15px;bottom: 15px;}.uagb-block-e6f939b3.wp-block-uagb-image--layout-overlay .wp-block-uagb-image--layout-overlay__inner .uagb-image-heading{font-style: normal;color: #fff;opacity: 1;}.uagb-block-e6f939b3.wp-block-uagb-image--layout-overlay .wp-block-uagb-image--layout-overlay__inner .uagb-image-heading a{color: #fff;}.uagb-block-e6f939b3.wp-block-uagb-image--layout-overlay .wp-block-uagb-image--layout-overlay__inner .uagb-image-caption{opacity: 0;}.uagb-block-e6f939b3.wp-block-uagb-image--layout-overlay .wp-block-uagb-image__figure:hover .wp-block-uagb-image--layout-overlay__color-wrapper{opacity: 1;}.uagb-block-e6f939b3.wp-block-uagb-image .wp-block-uagb-image--layout-overlay__inner .uagb-image-separator{width: 30%;border-top-width: 2px;border-top-color: #fff;opacity: 0;}.uagb-block-e6f939b3.wp-block-uagb-image .wp-block-uagb-image__figure img{width: px;height: auto;}.uagb-block-e6f939b3.wp-block-uagb-image .wp-block-uagb-image__figure:hover .wp-block-uagb-image--layout-overlay__inner .uagb-image-caption{opacity: 1;}.uagb-block-e6f939b3.wp-block-uagb-image .wp-block-uagb-image__figure:hover .wp-block-uagb-image--layout-overlay__inner .uagb-image-separator{opacity: 1;}.uagb-block-e6f939b3.wp-block-uagb-image--layout-default figure:hover img{box-shadow: 0px 0px 0 #00000070;}.uagb-block-e6f939b3.wp-block-uagb-image--layout-overlay figure:hover img{box-shadow: 0px 0px 0 #00000070;}@media only screen and (max-width: 976px) {.uagb-block-e6f939b3.wp-block-uagb-image .wp-block-uagb-image__figure img{width: px;height: auto;}}@media only screen and (max-width: 767px) {.uagb-block-e6f939b3.wp-block-uagb-image .wp-block-uagb-image__figure img{width: px;height: auto;}}\";s:2:\"js\";s:0:\"\";s:18:\"current_block_list\";a:13:{i:0;s:14:\"core\/paragraph\";i:1;s:11:\"core\/search\";i:2;s:10:\"core\/group\";i:3;s:12:\"core\/heading\";i:4;s:17:\"core\/latest-posts\";i:5;s:20:\"core\/latest-comments\";i:6;s:13:\"core\/archives\";i:7;s:15:\"core\/categories\";i:8;s:10:\"uagb\/image\";i:9;s:11:\"core\/spacer\";i:10;s:30:\"woocommerce\/product-categories\";i:11;s:10:\"core\/image\";i:12;s:14:\"core\/shortcode\";}s:8:\"uag_flag\";b:1;s:11:\"uag_version\";s:10:\"1776324126\";s:6:\"gfonts\";a:0:{}s:10:\"gfonts_url\";s:0:\"\";s:12:\"gfonts_files\";a:0:{}s:14:\"uag_faq_layout\";b:0;}"]},"uagb_featured_image_src":{"full":false,"thumbnail":false,"medium":false,"medium_large":false,"large":false,"1536x1536":false,"2048x2048":false,"trp-custom-language-flag":false,"woocommerce_thumbnail":false,"woocommerce_single":false,"woocommerce_gallery_thumbnail":false},"uagb_author_info":{"display_name":"admin","author_link":"https:\/\/www.oleaia.com\/ro\/author\/admin2721\/"},"uagb_comment_info":0,"uagb_excerpt":"These General Terms and Conditions of Use (hereinafter the \u201cGeneral Terms\u201d) govern the contractual relationship between Oleaia LLC, a limited liability company duly registered in the State of Delaware under registration number 10141920, with its registered office at 213 N Market Street #1042, Wilmington, DE 19801, United States of America (hereinafter referred to as the&hellip;","_links":{"self":[{"href":"https:\/\/www.oleaia.com\/ro\/wp-json\/wp\/v2\/pages\/22839","targetHints":{"allow":["GET"]}}],"collection":[{"href":"https:\/\/www.oleaia.com\/ro\/wp-json\/wp\/v2\/pages"}],"about":[{"href":"https:\/\/www.oleaia.com\/ro\/wp-json\/wp\/v2\/types\/page"}],"author":[{"embeddable":true,"href":"https:\/\/www.oleaia.com\/ro\/wp-json\/wp\/v2\/users\/1"}],"replies":[{"embeddable":true,"href":"https:\/\/www.oleaia.com\/ro\/wp-json\/wp\/v2\/comments?post=22839"}],"version-history":[{"count":2,"href":"https:\/\/www.oleaia.com\/ro\/wp-json\/wp\/v2\/pages\/22839\/revisions"}],"predecessor-version":[{"id":22993,"href":"https:\/\/www.oleaia.com\/ro\/wp-json\/wp\/v2\/pages\/22839\/revisions\/22993"}],"wp:attachment":[{"href":"https:\/\/www.oleaia.com\/ro\/wp-json\/wp\/v2\/media?parent=22839"}],"curies":[{"name":"wp","href":"https:\/\/api.w.org\/{rel}","templated":true}]}}