{"id":23101,"date":"2025-07-26T12:01:51","date_gmt":"2025-07-26T10:01:51","guid":{"rendered":"https:\/\/www.oleaia.com\/?post_type=product&#038;p=23101"},"modified":"2026-03-04T10:10:24","modified_gmt":"2026-03-04T09:10:24","slug":"evening-primrose-oil","status":"publish","type":"product","link":"https:\/\/www.oleaia.com\/ro\/products\/evening-primrose-oil\/","title":{"rendered":"Ulei de lumini\u021ba-nop\u021bii - 1 litru"},"content":{"rendered":"<p><strong><img decoding=\"async\" style=\"margin-right: 12px;\" src=\"https:\/\/www.oleaia.com\/wp-content\/uploads\/2026\/03\/Check.svg\" alt=\"\" width=\"18\" height=\"15\" \/>Eficacitate de neegalat pentru sus\u021binerea echilibrului pielii \u0219i a s\u0103n\u0103t\u0103\u021bii hormonale.<\/strong> Uleiul de onoas\u0103 este cea mai eficient\u0103 solu\u021bie natural\u0103 pentru promovarea echilibrului pielii, \u00eembun\u0103t\u0103\u021birea aspectului elasticit\u0103\u021bii \u0219i sus\u021binerea armoniei interne generale. Apreciat \u00een mod tradi\u021bional pentru acizii s\u0103i gra\u0219i benefici, acesta ajut\u0103 la men\u021binerea confortului pielii, contribuie la un ten mai neted \u0219i sprijin\u0103 rutinele de wellness ale femeilor cu utilizare consecvent\u0103.<\/p>\n<p><strong><img decoding=\"async\" style=\"margin-right: 12px;\" src=\"https:\/\/www.oleaia.com\/wp-content\/uploads\/2026\/03\/Check.svg\" alt=\"\" width=\"18\" height=\"15\" \/>Cel mai ieftin ulei premium de primrose de sear\u0103 disponibil.<\/strong> Suntem cei mai ieftini de pe pia\u021b\u0103, men\u021bin\u00e2nd \u00een acela\u0219i timp standarde stricte de calitate, asigur\u00e2nd o valoare excep\u021bional\u0103 f\u0103r\u0103 a compromite eficacitatea sau puritatea. Acest pre\u021b accesibil permite ca uleiul de primrose de sear\u0103 s\u0103 fie utilizat \u00een mod regulat ca parte a practicilor de \u00eengrijire a pielii \u0219i de wellness.<\/p>\n<p><strong><img decoding=\"async\" style=\"margin-right: 12px;\" src=\"https:\/\/www.oleaia.com\/wp-content\/uploads\/2026\/03\/Check.svg\" alt=\"\" width=\"18\" height=\"15\" \/>Livrare rapid\u0103 \u0219i fiabil\u0103 \u00een 24 de ore.<\/strong> Oferim \u00eentotdeauna livrare \u00een 24 de ore, garant\u00e2nd c\u0103 uleiul de primrose de sear\u0103 ajunge rapid \u0219i eficient. Livrarea prompt\u0103 asigur\u0103 o continuitate ne\u00eentrerupt\u0103 \u00een rutinele de frumuse\u021be \u0219i s\u0103n\u0103tate.<\/p>\n<p><strong><img decoding=\"async\" style=\"margin-right: 12px;\" src=\"https:\/\/www.oleaia.com\/wp-content\/uploads\/2026\/03\/Check.svg\" alt=\"\" width=\"18\" height=\"15\" \/>Garan\u021bie de restituire a banilor pentru o reasigurare complet\u0103.<\/strong> Oferim o garan\u021bie de returnare a banilor. Dac\u0103 clientul nu este mul\u021bumit, \u00eel vom rambursa. Acest angajament transparent reflect\u0103 \u00eencrederea \u00een calitatea produsului \u0219i ofer\u0103 o experien\u021b\u0103 de cump\u0103rare complet lipsit\u0103 de riscuri.<\/p>\n<p><strong><img decoding=\"async\" style=\"margin-right: 12px;\" src=\"https:\/\/www.oleaia.com\/wp-content\/uploads\/2026\/03\/Check.svg\" alt=\"\" width=\"18\" height=\"15\" \/>\u00cen \u00eentregime organic pentru o wellness botanic\u0103 autentic\u0103.<\/strong> Uleiul nostru de primrose de sear\u0103 este \u00een \u00eentregime organic, produs cu un respect deosebit pentru responsabilitatea fa\u021b\u0103 de mediu \u0219i integritatea plantelor. Acest angajament asigur\u0103 alinierea la tradi\u021biile de s\u0103n\u0103tate natural\u0103 \u0219i la standardele de frumuse\u021be curat\u0103.<\/p>\n<p><strong><img decoding=\"async\" style=\"margin-right: 12px;\" src=\"https:\/\/www.oleaia.com\/wp-content\/uploads\/2026\/03\/Check.svg\" alt=\"\" width=\"18\" height=\"15\" \/>Sus\u021bine o piele mai fin\u0103, hidratat\u0103 \u0219i echilibrat\u0103.<\/strong> Uleiul de primrose de sear\u0103 ajut\u0103 la men\u021binerea echilibrului de hidratare, \u00eembun\u0103t\u0103\u021bind \u00een acela\u0219i timp aspectul de usc\u0103ciune, l\u0103s\u00e2nd pielea moale, confortabil\u0103 \u0219i vizibil hr\u0103nit\u0103.<\/p>\n<p><strong><img decoding=\"async\" style=\"margin-right: 12px;\" src=\"https:\/\/www.oleaia.com\/wp-content\/uploads\/2026\/03\/Check.svg\" alt=\"\" width=\"18\" height=\"15\" \/>Promoveaz\u0103 \u00eembun\u0103t\u0103\u021birea elasticit\u0103\u021bii pielii \u0219i aspectul tineresc.<\/strong> Cu o aplicare consecvent\u0103, uleiul de primrose de sear\u0103 contribuie la o piele supl\u0103 \u0219i rezistent\u0103, care pare mai neted\u0103 \u0219i mai radiant\u0103.<\/p>\n<p><strong><img decoding=\"async\" style=\"margin-right: 12px;\" src=\"https:\/\/www.oleaia.com\/wp-content\/uploads\/2026\/03\/Check.svg\" alt=\"\" width=\"18\" height=\"15\" \/>\u00cencurajeaz\u0103 echilibrul hormonal \u0219i confortul intern.<\/strong> \u00cencorporat \u00een mod tradi\u021bional \u00een rutinele de wellness, uleiul de primrose de sear\u0103 sus\u021bine armonia hormonal\u0103 general\u0103 \u0219i contribuie la un sentiment de bun\u0103stare.<\/p>\n<p><strong><img decoding=\"async\" style=\"margin-right: 12px;\" src=\"https:\/\/www.oleaia.com\/wp-content\/uploads\/2026\/03\/Check.svg\" alt=\"\" width=\"18\" height=\"15\" \/>\u00cembun\u0103t\u0103\u021be\u0219te rezisten\u021ba p\u0103rului \u0219i hidratarea scalpului.<\/strong> Aplicat pe scalp \u0219i pe p\u0103r, uleiul de primroz\u0103 de sear\u0103 ajut\u0103 la hr\u0103nirea firelor, \u00eembun\u0103t\u0103\u021be\u0219te moliciunea \u0219i promoveaz\u0103 un p\u0103r cu aspect mai s\u0103n\u0103tos.<\/p>\n<p><strong><img decoding=\"async\" style=\"margin-right: 12px;\" src=\"https:\/\/www.oleaia.com\/wp-content\/uploads\/2026\/03\/Check.svg\" alt=\"\" width=\"18\" height=\"15\" \/>Ideal pentru tipurile de piele mature, uscate sau sensibile.<\/strong> Uleiul de primrose de sear\u0103 este deosebit de potrivit pentru pielea care necesit\u0103 hran\u0103 \u0219i sprijin suplimentar, ajut\u00e2nd la restabilirea confortului \u0219i vitalit\u0103\u021bii.<\/p>\n<p><strong><img decoding=\"async\" style=\"margin-right: 12px;\" src=\"https:\/\/www.oleaia.com\/wp-content\/uploads\/2026\/03\/Check.svg\" alt=\"\" width=\"18\" height=\"15\" \/>Versatil at\u00e2t pentru uz intern, c\u00e2t \u0219i topic.<\/strong> Uleiul de onagra se integreaz\u0103 perfect \u00een rutinele holistice atunci c\u00e2nd este administrat \u00een cantit\u0103\u021bi m\u0103surate sau aplicat extern ca parte a practicilor de \u00eengrijire a pielii \u0219i a p\u0103rului.<\/p>\n<p><strong><img decoding=\"async\" style=\"margin-right: 12px;\" src=\"https:\/\/www.oleaia.com\/wp-content\/uploads\/2026\/03\/Check.svg\" alt=\"\" width=\"18\" height=\"15\" \/>Deja \u00eembog\u0103\u021bit cu un ulei hr\u0103nitor pentru o aplicare topic\u0103 delicat\u0103 \u0219i confort optim.<\/strong> Uleiul nostru de primrose de sear\u0103 este deja \u00eembog\u0103\u021bit cu un ulei nutritiv pentru a asigura o aplicare delicat\u0103, o tartinabilitate \u00eembun\u0103t\u0103\u021bit\u0103, confort optim \u0219i u\u0219urin\u021b\u0103 de utilizare. Aceast\u0103 formul\u0103 bine g\u00e2ndit\u0103 \u00eembun\u0103t\u0103\u021be\u0219te absorb\u021bia \u0219i asigur\u0103 o acoperire neted\u0103 \u0219i uniform\u0103 pe piele \u0219i p\u0103r.<\/p>\n<h2><strong>Instruc\u021biuni<\/strong><\/h2>\n<ul>\n<li>Pentru uz intern, lua\u021bi 1 linguri\u021b\u0103 pe zi cu alimente, ca parte a unei rutine echilibrate.<\/li>\n<li>Nu dep\u0103\u0219i\u021bi 2 linguri\u021be pe zi dec\u00e2t dac\u0103 sunte\u021bi sf\u0103tuit de un specialist.<\/li>\n<li>Pentru \u00eengrijirea fe\u021bei, aplica\u021bi 2 p\u00e2n\u0103 la 4 pic\u0103turi pe pielea curat\u0103 \u0219i uscat\u0103 \u0219i masa\u021bi u\u0219or p\u00e2n\u0103 la absorb\u021bia complet\u0103.<\/li>\n<li>Utiliza\u021bi o dat\u0103 sau de dou\u0103 ori pe zi, \u00een func\u021bie de nevoile individuale ale pielii.<\/li>\n<li>Pentru \u00eengrijirea corpului, aplica\u021bi o cantitate moderat\u0103 pe zonele uscate \u0219i masa\u021bi bine.<\/li>\n<li>Pentru \u00eengrijirea p\u0103rului, aplica\u021bi 1 p\u00e2n\u0103 la 3 pic\u0103turi pe lungimea \u0219i pe v\u00e2rfurile p\u0103rului umed sau uscat.<\/li>\n<li>Ca tratament pentru scalp, masa\u021bi \u00eentre 5 \u0219i 8 pic\u0103turi \u00een scalp \u0219i l\u0103sa\u021bi s\u0103 ac\u021bioneze timp de 30 p\u00e2n\u0103 la 60 de minute \u00eenainte de sp\u0103lare.<\/li>\n<li>Efectua\u021bi un test cutanat \u00eenainte de prima utilizare topic\u0103 pentru a evalua compatibilitatea pielii.<\/li>\n<li>Evita\u021bi contactul cu ochii \u0219i zonele mucoase sensibile.<\/li>\n<li>Nu se recomand\u0103 \u00een timpul sarcinii f\u0103r\u0103 consiliere profesional\u0103.<\/li>\n<li>Depozita\u021bi \u00eentr-un loc r\u0103coros, uscat, ferit de lumina direct\u0103 a soarelui \u0219i p\u0103stra\u021bi flaconul bine \u00eenchis dup\u0103 fiecare utilizare.<\/li>\n<\/ul>","protected":false},"excerpt":{"rendered":"<p>Unmatched effectiveness for supporting skin balance and hormonal wellness. Evening primrose oil is the most effective natural solution for promoting balanced skin, improving the appearance of elasticity, and supporting overall internal harmony. Traditionally valued for its beneficial fatty acids, it helps maintain skin comfort, contributes to a smoother complexion, and supports women\u2019s wellness routines with [&hellip;]<\/p>\n","protected":false},"featured_media":23943,"comment_status":"open","ping_status":"closed","template":"","meta":{"_uag_custom_page_level_css":"","site-sidebar-layout":"default","site-content-layout":"","ast-site-content-layout":"default","site-content-style":"default","site-sidebar-style":"default","ast-global-header-display":"","ast-banner-title-visibility":"","ast-main-header-display":"","ast-hfb-above-header-display":"","ast-hfb-below-header-display":"","ast-hfb-mobile-header-display":"","site-post-title":"","ast-breadcrumbs-content":"","ast-featured-img":"","footer-sml-layout":"","ast-disable-related-posts":"","theme-transparent-header-meta":"default","adv-header-id-meta":"","stick-header-meta":"","header-above-stick-meta":"","header-main-stick-meta":"","header-below-stick-meta":"","astra-migrate-meta-layouts":"set","ast-page-background-enabled":"default","ast-page-background-meta":{"desktop":{"background-color":"var(--ast-global-color-4)","background-image":"","background-repeat":"repeat","background-position":"center center","background-size":"auto","background-attachment":"scroll","background-type":"","background-media":"","overlay-type":"","overlay-color":"","overlay-opacity":"","overlay-gradient":""},"tablet":{"background-color":"","background-image":"","background-repeat":"repeat","background-position":"center center","background-size":"auto","background-attachment":"scroll","background-type":"","background-media":"","overlay-type":"","overlay-color":"","overlay-opacity":"","overlay-gradient":""},"mobile":{"background-color":"","background-image":"","background-repeat":"repeat","background-position":"center center","background-size":"auto","background-attachment":"scroll","background-type":"","background-media":"","overlay-type":"","overlay-color":"","overlay-opacity":"","overlay-gradient":""}},"ast-content-background-meta":{"desktop":{"background-color":"var(--ast-global-color-5)","background-image":"","background-repeat":"repeat","background-position":"center center","background-size":"auto","background-attachment":"scroll","background-type":"","background-media":"","overlay-type":"","overlay-color":"","overlay-opacity":"","overlay-gradient":""},"tablet":{"background-color":"var(--ast-global-color-5)","background-image":"","background-repeat":"repeat","background-position":"center center","background-size":"auto","background-attachment":"scroll","background-type":"","background-media":"","overlay-type":"","overlay-color":"","overlay-opacity":"","overlay-gradient":""},"mobile":{"background-color":"var(--ast-global-color-5)","background-image":"","background-repeat":"repeat","background-position":"center center","background-size":"auto","background-attachment":"scroll","background-type":"","background-media":"","overlay-type":"","overlay-color":"","overlay-opacity":"","overlay-gradient":""}}},"product_brand":[],"product_cat":[15],"product_tag":[],"class_list":{"0":"post-23101","1":"product","2":"type-product","3":"status-publish","4":"has-post-thumbnail","6":"product_cat-shop","7":"desktop-align-left","8":"tablet-align-left","9":"mobile-align-left","11":"first","12":"instock","13":"shipping-taxable","14":"purchasable","15":"product-type-simple"},"spectra_custom_meta":{"_edit_lock":["1774353032:1"],"_edit_last":["1"],"merchant-center-availability":["yes"],"merchant-center-category":["6104"],"_thumbnail_id":["23943"],"_wp_page_template":["default"],"_sku":["OLEVENINGPRIMROSEOIL"],"_global_unique_id":["5056773820814"],"_regular_price":["29.90"],"total_sales":["43"],"_tax_status":["taxable"],"_tax_class":[""],"_manage_stock":["no"],"_backorders":["no"],"_sold_individually":["no"],"_weight":["1.3"],"_virtual":["no"],"_downloadable":["no"],"_download_limit":["-1"],"_download_expiry":["-1"],"_stock":[null],"_stock_status":["instock"],"_wc_average_rating":["5.00"],"_wc_review_count":["20"],"_product_version":["10.5.3"],"_price":["29.90"],"site-sidebar-layout":["default"],"ast-site-content-layout":["default"],"site-content-style":["default"],"site-sidebar-style":["default"],"theme-transparent-header-meta":["default"],"_wc_rating_count":["a:1:{i:5;i:20;}"],"astra-migrate-meta-layouts":["set"],"_uag_css_file_name":["uag-css-23101.css"],"_elementor_page_assets":["a:0:{}"],"_uag_page_assets":["a:9:{s:3:\"css\";s:7156:\".uag-blocks-common-selector{z-index:var(--z-index-desktop) !important}@media (max-width: 976px){.uag-blocks-common-selector{z-index:var(--z-index-tablet) !important}}@media (max-width: 767px){.uag-blocks-common-selector{z-index:var(--z-index-mobile) !important}}\n.wp-block-uagb-image{display:flex}.wp-block-uagb-image__figure{position:relative;display:flex;flex-direction:column;max-width:100%;height:auto;margin:0}.wp-block-uagb-image__figure img{height:auto;display:flex;max-width:100%;transition:box-shadow 0.2s ease}.wp-block-uagb-image__figure>a{display:inline-block}.wp-block-uagb-image__figure figcaption{text-align:center;margin-top:0.5em;margin-bottom:1em}.wp-block-uagb-image .components-placeholder.block-editor-media-placeholder .components-placeholder__instructions{align-self:center}.wp-block-uagb-image--align-left{text-align:left}.wp-block-uagb-image--align-right{text-align:right}.wp-block-uagb-image--align-center{text-align:center}.wp-block-uagb-image--align-full .wp-block-uagb-image__figure{margin-left:calc(50% - 50vw);margin-right:calc(50% - 50vw);max-width:100vw;width:100vw;height:auto}.wp-block-uagb-image--align-full .wp-block-uagb-image__figure img{height:auto;width:100% !important}.wp-block-uagb-image--align-wide .wp-block-uagb-image__figure img{height:auto;width:100%}.wp-block-uagb-image--layout-overlay__color-wrapper{position:absolute;left:0;top:0;right:0;bottom:0;opacity:0.2;background:rgba(0,0,0,0.5);transition:opacity 0.35s ease-in-out}.wp-block-uagb-image--layout-overlay-link{position:absolute;left:0;right:0;bottom:0;top:0}.wp-block-uagb-image--layout-overlay .wp-block-uagb-image__figure:hover .wp-block-uagb-image--layout-overlay__color-wrapper{opacity:1}.wp-block-uagb-image--layout-overlay__inner{position:absolute;left:15px;right:15px;bottom:15px;top:15px;display:flex;align-items:center;justify-content:center;flex-direction:column;border-color:#fff;transition:0.35s ease-in-out}.wp-block-uagb-image--layout-overlay__inner.top-left,.wp-block-uagb-image--layout-overlay__inner.top-center,.wp-block-uagb-image--layout-overlay__inner.top-right{justify-content:flex-start}.wp-block-uagb-image--layout-overlay__inner.bottom-left,.wp-block-uagb-image--layout-overlay__inner.bottom-center,.wp-block-uagb-image--layout-overlay__inner.bottom-right{justify-content:flex-end}.wp-block-uagb-image--layout-overlay__inner.top-left,.wp-block-uagb-image--layout-overlay__inner.center-left,.wp-block-uagb-image--layout-overlay__inner.bottom-left{align-items:flex-start}.wp-block-uagb-image--layout-overlay__inner.top-right,.wp-block-uagb-image--layout-overlay__inner.center-right,.wp-block-uagb-image--layout-overlay__inner.bottom-right{align-items:flex-end}.wp-block-uagb-image--layout-overlay__inner .uagb-image-heading{color:#fff;transition:transform 0.35s, opacity 0.35s ease-in-out;transform:translate3d(0, 24px, 0);margin:0;line-height:1em}.wp-block-uagb-image--layout-overlay__inner .uagb-image-separator{width:30%;border-top-width:2px;border-top-color:#fff;border-top-style:solid;margin-bottom:10px;opacity:0;transition:transform 0.4s, opacity 0.4s ease-in-out;transform:translate3d(0, 30px, 0)}.wp-block-uagb-image--layout-overlay__inner .uagb-image-caption{opacity:0;overflow:visible;color:#fff;transition:transform 0.45s, opacity 0.45s ease-in-out;transform:translate3d(0, 35px, 0)}.wp-block-uagb-image--layout-overlay__inner:hover .uagb-image-heading,.wp-block-uagb-image--layout-overlay__inner:hover .uagb-image-separator,.wp-block-uagb-image--layout-overlay__inner:hover .uagb-image-caption{opacity:1;transform:translate3d(0, 0, 0)}.wp-block-uagb-image--effect-zoomin .wp-block-uagb-image__figure img,.wp-block-uagb-image--effect-zoomin .wp-block-uagb-image__figure .wp-block-uagb-image--layout-overlay__color-wrapper{transform:scale(1);transition:transform 0.35s ease-in-out}.wp-block-uagb-image--effect-zoomin .wp-block-uagb-image__figure:hover img,.wp-block-uagb-image--effect-zoomin .wp-block-uagb-image__figure:hover .wp-block-uagb-image--layout-overlay__color-wrapper{transform:scale(1.05)}.wp-block-uagb-image--effect-slide .wp-block-uagb-image__figure img,.wp-block-uagb-image--effect-slide .wp-block-uagb-image__figure .wp-block-uagb-image--layout-overlay__color-wrapper{width:calc(100% + 40px) !important;max-width:none !important;transform:translate3d(-40px, 0, 0);transition:transform 0.35s ease-in-out}.wp-block-uagb-image--effect-slide .wp-block-uagb-image__figure:hover img,.wp-block-uagb-image--effect-slide .wp-block-uagb-image__figure:hover .wp-block-uagb-image--layout-overlay__color-wrapper{transform:translate3d(0, 0, 0)}.wp-block-uagb-image--effect-grayscale img{filter:grayscale(0%);transition:0.35s ease-in-out}.wp-block-uagb-image--effect-grayscale:hover img{filter:grayscale(100%)}.wp-block-uagb-image--effect-blur img{filter:blur(0);transition:0.35s ease-in-out}.wp-block-uagb-image--effect-blur:hover img{filter:blur(3px)}\n.uagb-block-e6f939b3.wp-block-uagb-image--layout-default figure img{box-shadow: 0px 0px 0 #00000070;}.uagb-block-e6f939b3.wp-block-uagb-image .wp-block-uagb-image__figure figcaption{font-style: normal;align-self: center;}.uagb-block-e6f939b3.wp-block-uagb-image--layout-overlay figure img{box-shadow: 0px 0px 0 #00000070;}.uagb-block-e6f939b3.wp-block-uagb-image--layout-overlay .wp-block-uagb-image--layout-overlay__color-wrapper{opacity: 0.2;}.uagb-block-e6f939b3.wp-block-uagb-image--layout-overlay .wp-block-uagb-image--layout-overlay__inner{left: 15px;right: 15px;top: 15px;bottom: 15px;}.uagb-block-e6f939b3.wp-block-uagb-image--layout-overlay .wp-block-uagb-image--layout-overlay__inner .uagb-image-heading{font-style: normal;color: #fff;opacity: 1;}.uagb-block-e6f939b3.wp-block-uagb-image--layout-overlay .wp-block-uagb-image--layout-overlay__inner .uagb-image-heading a{color: #fff;}.uagb-block-e6f939b3.wp-block-uagb-image--layout-overlay .wp-block-uagb-image--layout-overlay__inner .uagb-image-caption{opacity: 0;}.uagb-block-e6f939b3.wp-block-uagb-image--layout-overlay .wp-block-uagb-image__figure:hover .wp-block-uagb-image--layout-overlay__color-wrapper{opacity: 1;}.uagb-block-e6f939b3.wp-block-uagb-image .wp-block-uagb-image--layout-overlay__inner .uagb-image-separator{width: 30%;border-top-width: 2px;border-top-color: #fff;opacity: 0;}.uagb-block-e6f939b3.wp-block-uagb-image .wp-block-uagb-image__figure img{width: px;height: auto;}.uagb-block-e6f939b3.wp-block-uagb-image .wp-block-uagb-image__figure:hover .wp-block-uagb-image--layout-overlay__inner .uagb-image-caption{opacity: 1;}.uagb-block-e6f939b3.wp-block-uagb-image .wp-block-uagb-image__figure:hover .wp-block-uagb-image--layout-overlay__inner .uagb-image-separator{opacity: 1;}.uagb-block-e6f939b3.wp-block-uagb-image--layout-default figure:hover img{box-shadow: 0px 0px 0 #00000070;}.uagb-block-e6f939b3.wp-block-uagb-image--layout-overlay figure:hover img{box-shadow: 0px 0px 0 #00000070;}@media only screen and (max-width: 976px) {.uagb-block-e6f939b3.wp-block-uagb-image .wp-block-uagb-image__figure img{width: px;height: auto;}}@media only screen and (max-width: 767px) {.uagb-block-e6f939b3.wp-block-uagb-image .wp-block-uagb-image__figure img{width: px;height: auto;}}\";s:2:\"js\";s:0:\"\";s:18:\"current_block_list\";a:13:{i:0;s:11:\"core\/search\";i:1;s:10:\"core\/group\";i:2;s:12:\"core\/heading\";i:3;s:17:\"core\/latest-posts\";i:4;s:20:\"core\/latest-comments\";i:5;s:13:\"core\/archives\";i:6;s:15:\"core\/categories\";i:7;s:14:\"core\/paragraph\";i:8;s:10:\"uagb\/image\";i:9;s:11:\"core\/spacer\";i:10;s:30:\"woocommerce\/product-categories\";i:11;s:10:\"core\/image\";i:12;s:14:\"core\/shortcode\";}s:8:\"uag_flag\";b:1;s:11:\"uag_version\";s:10:\"1776385147\";s:6:\"gfonts\";a:0:{}s:10:\"gfonts_url\";s:0:\"\";s:12:\"gfonts_files\";a:0:{}s:14:\"uag_faq_layout\";b:0;}"]},"uagb_featured_image_src":{"full":["https:\/\/www.oleaia.com\/wp-content\/uploads\/2025\/07\/Oleaia-Evening-Primrose-Oil-1L.jpg",2560,2560,false],"thumbnail":["https:\/\/www.oleaia.com\/wp-content\/uploads\/2025\/07\/Oleaia-Evening-Primrose-Oil-1L-150x150.jpg",150,150,true],"medium":["https:\/\/www.oleaia.com\/wp-content\/uploads\/2025\/07\/Oleaia-Evening-Primrose-Oil-1L-300x300.jpg",300,300,true],"medium_large":["https:\/\/www.oleaia.com\/wp-content\/uploads\/2025\/07\/Oleaia-Evening-Primrose-Oil-1L-768x768.jpg",768,768,true],"large":["https:\/\/www.oleaia.com\/wp-content\/uploads\/2025\/07\/Oleaia-Evening-Primrose-Oil-1L-1024x1024.jpg",1024,1024,true],"1536x1536":["https:\/\/www.oleaia.com\/wp-content\/uploads\/2025\/07\/Oleaia-Evening-Primrose-Oil-1L-1536x1536.jpg",1536,1536,true],"2048x2048":["https:\/\/www.oleaia.com\/wp-content\/uploads\/2025\/07\/Oleaia-Evening-Primrose-Oil-1L-2048x2048.jpg",2048,2048,true],"trp-custom-language-flag":["https:\/\/www.oleaia.com\/wp-content\/uploads\/2025\/07\/Oleaia-Evening-Primrose-Oil-1L-12x12.jpg",12,12,true],"woocommerce_thumbnail":["https:\/\/www.oleaia.com\/wp-content\/uploads\/2025\/07\/Oleaia-Evening-Primrose-Oil-1L-300x300.jpg",300,300,true],"woocommerce_single":["https:\/\/www.oleaia.com\/wp-content\/uploads\/2025\/07\/Oleaia-Evening-Primrose-Oil-1L-600x600.jpg",600,600,true],"woocommerce_gallery_thumbnail":["https:\/\/www.oleaia.com\/wp-content\/uploads\/2025\/07\/Oleaia-Evening-Primrose-Oil-1L-100x100.jpg",100,100,true]},"uagb_author_info":{"display_name":"admin","author_link":"https:\/\/www.oleaia.com\/ro\/author\/"},"uagb_comment_info":20,"uagb_excerpt":"Unmatched effectiveness for supporting skin balance and hormonal wellness. Evening primrose oil is the most effective natural solution for promoting balanced skin, improving the appearance of elasticity, and supporting overall internal harmony. Traditionally valued for its beneficial fatty acids, it helps maintain skin comfort, contributes to a smoother complexion, and supports women\u2019s wellness routines with&hellip;","_links":{"self":[{"href":"https:\/\/www.oleaia.com\/ro\/wp-json\/wp\/v2\/product\/23101","targetHints":{"allow":["GET"]}}],"collection":[{"href":"https:\/\/www.oleaia.com\/ro\/wp-json\/wp\/v2\/product"}],"about":[{"href":"https:\/\/www.oleaia.com\/ro\/wp-json\/wp\/v2\/types\/product"}],"replies":[{"embeddable":true,"href":"https:\/\/www.oleaia.com\/ro\/wp-json\/wp\/v2\/comments?post=23101"}],"version-history":[{"count":4,"href":"https:\/\/www.oleaia.com\/ro\/wp-json\/wp\/v2\/product\/23101\/revisions"}],"predecessor-version":[{"id":78261,"href":"https:\/\/www.oleaia.com\/ro\/wp-json\/wp\/v2\/product\/23101\/revisions\/78261"}],"wp:featuredmedia":[{"embeddable":true,"href":"https:\/\/www.oleaia.com\/ro\/wp-json\/wp\/v2\/media\/23943"}],"wp:attachment":[{"href":"https:\/\/www.oleaia.com\/ro\/wp-json\/wp\/v2\/media?parent=23101"}],"wp:term":[{"taxonomy":"product_brand","embeddable":true,"href":"https:\/\/www.oleaia.com\/ro\/wp-json\/wp\/v2\/product_brand?post=23101"},{"taxonomy":"product_cat","embeddable":true,"href":"https:\/\/www.oleaia.com\/ro\/wp-json\/wp\/v2\/product_cat?post=23101"},{"taxonomy":"product_tag","embeddable":true,"href":"https:\/\/www.oleaia.com\/ro\/wp-json\/wp\/v2\/product_tag?post=23101"}],"curies":[{"name":"wp","href":"https:\/\/api.w.org\/{rel}","templated":true}]}}