{"id":23135,"date":"2025-07-26T15:32:49","date_gmt":"2025-07-26T13:32:49","guid":{"rendered":"https:\/\/www.oleaia.com\/?post_type=product&#038;p=23135"},"modified":"2026-03-02T18:57:06","modified_gmt":"2026-03-02T17:57:06","slug":"chebe-oil","status":"publish","type":"product","link":"https:\/\/www.oleaia.com\/ro\/products\/chebe-oil\/","title":{"rendered":"Ulei de Chebe - 1 litru"},"content":{"rendered":"<p><strong><img decoding=\"async\" style=\"margin-right: 12px;\" src=\"https:\/\/www.oleaia.com\/wp-content\/uploads\/2026\/03\/Check.svg\" alt=\"\" width=\"18\" height=\"15\" \/>Eficacitate de neegalat pentru \u00eent\u0103rirea \u0219i men\u021binerea lungimii.<\/strong> Uleiul de chebe este cea mai eficient\u0103 solu\u021bie natural\u0103 pentru a sus\u021bine un p\u0103r cu aspect mai puternic, pentru a reduce aspectul ruperii \u0219i pentru a promova o mai bun\u0103 men\u021binere a lungimii \u00een timp. Inspirat din practicile tradi\u021bionale de \u00eengrijire a p\u0103rului, ajut\u0103 la \u00eent\u0103rirea firelor de la r\u0103d\u0103cin\u0103 la v\u00e2rfuri \u0219i contribuie la un p\u0103r mai plin, cu aspect mai s\u0103n\u0103tos, prin utilizare consecvent\u0103.<\/p>\n<p><strong><img decoding=\"async\" style=\"margin-right: 12px;\" src=\"https:\/\/www.oleaia.com\/wp-content\/uploads\/2026\/03\/Check.svg\" alt=\"\" width=\"18\" height=\"15\" \/>Cel mai ieftin ulei de chebe premium disponibil.<\/strong> Suntem cei mai ieftini de pe pia\u021b\u0103, men\u021bin\u00e2nd \u00een acela\u0219i timp standarde stricte de calitate, asigur\u00e2nd o valoare excep\u021bional\u0103 f\u0103r\u0103 a compromite performan\u021ba. Aceast\u0103 accesibilitate permite utilizarea consecvent\u0103 \u0219i pe termen lung, care este esen\u021bial\u0103 pentru ob\u021binerea unor \u00eembun\u0103t\u0103\u021biri vizibile ale rezisten\u021bei p\u0103rului.<\/p>\n<p><strong><img decoding=\"async\" style=\"margin-right: 12px;\" src=\"https:\/\/www.oleaia.com\/wp-content\/uploads\/2026\/03\/Check.svg\" alt=\"\" width=\"18\" height=\"15\" \/>Livrare rapid\u0103 \u0219i fiabil\u0103 \u00een 24 de ore.<\/strong> Oferim \u00eentotdeauna livrare \u00een 24 de ore, garant\u00e2nd c\u0103 uleiul de chebe ajunge rapid \u0219i eficient. Livrarea prompt\u0103 asigur\u0103 o continuitate ne\u00eentrerupt\u0103 \u00een rutinele structurate de \u00eengrijire a p\u0103rului.<\/p>\n<p><strong><img decoding=\"async\" style=\"margin-right: 12px;\" src=\"https:\/\/www.oleaia.com\/wp-content\/uploads\/2026\/03\/Check.svg\" alt=\"\" width=\"18\" height=\"15\" \/>Garan\u021bie de bani \u00eenapoi pentru \u00eencredere deplin\u0103.<\/strong> Oferim o garan\u021bie de returnare a banilor. Dac\u0103 clientul nu este mul\u021bumit, \u00eel vom rambursa. Acest angajament transparent reflect\u0103 \u00eencrederea \u00een calitatea produsului \u0219i ofer\u0103 o experien\u021b\u0103 de cump\u0103rare complet lipsit\u0103 de riscuri.<\/p>\n<p><strong><img decoding=\"async\" style=\"margin-right: 12px;\" src=\"https:\/\/www.oleaia.com\/wp-content\/uploads\/2026\/03\/Check.svg\" alt=\"\" width=\"18\" height=\"15\" \/>\u00cen \u00eentregime organic pentru o \u00eengrijire botanic\u0103 autentic\u0103 a p\u0103rului.<\/strong> Uleiul nostru de chebe este \u00een \u00eentregime organic, produs cu un respect atent pentru responsabilitatea fa\u021b\u0103 de mediu \u0219i integritatea plantelor. Acest angajament asigur\u0103 alinierea la standardele de frumuse\u021be curat\u0103 \u0219i la filosofiile tradi\u021bionale de \u00eengrijire natural\u0103 a p\u0103rului.<\/p>\n<p><strong><img decoding=\"async\" style=\"margin-right: 12px;\" src=\"https:\/\/www.oleaia.com\/wp-content\/uploads\/2026\/03\/Check.svg\" alt=\"\" width=\"18\" height=\"15\" \/>Sprijin\u0103 apari\u021bia redus\u0103 a ruperii p\u0103rului.<\/strong> Uleiul de chebe ajut\u0103 la men\u021binerea umidit\u0103\u021bii \u00een firul de p\u0103r, sus\u021bin\u00e2nd firele care par mai puternice \u0219i mai pu\u021bin predispuse la rupere \u00een timpul coaf\u0103rii sau manipul\u0103rii.<\/p>\n<p><strong><img decoding=\"async\" style=\"margin-right: 12px;\" src=\"https:\/\/www.oleaia.com\/wp-content\/uploads\/2026\/03\/Check.svg\" alt=\"\" width=\"18\" height=\"15\" \/>Promoveaz\u0103 \u00eembun\u0103t\u0103\u021birea aspectului grosimii \u0219i densit\u0103\u021bii p\u0103rului.<\/strong> Cu o aplicare consecvent\u0103, uleiul de chebe contribuie la un p\u0103r care pare mai plin \u0219i mai voluminos, \u00eembun\u0103t\u0103\u021bind corpul \u0219i textura general\u0103.<\/p>\n<p><strong><img decoding=\"async\" style=\"margin-right: 12px;\" src=\"https:\/\/www.oleaia.com\/wp-content\/uploads\/2026\/03\/Check.svg\" alt=\"\" width=\"18\" height=\"15\" \/>\u00cencurajeaz\u0103 confortul scalpului \u0219i hidratarea echilibrat\u0103.<\/strong> Aplicat pe scalp, uleiul de chebe ajut\u0103 la men\u021binerea echilibrului hidric \u0219i sus\u021bine o baz\u0103 cu aspect s\u0103n\u0103tos pentru o vitalitate sus\u021binut\u0103 a p\u0103rului.<\/p>\n<p><strong><img decoding=\"async\" style=\"margin-right: 12px;\" src=\"https:\/\/www.oleaia.com\/wp-content\/uploads\/2026\/03\/Check.svg\" alt=\"\" width=\"18\" height=\"15\" \/>\u00cembun\u0103t\u0103\u021be\u0219te moliciunea \u0219i manevrabilitatea.<\/strong> Profilul hr\u0103nitor al uleiului de chebe \u00eembun\u0103t\u0103\u021be\u0219te textura p\u0103rului, f\u0103c\u00e2nd firele mai u\u0219or de descurcat, coafat \u0219i \u00eentre\u021binut, promov\u00e2nd \u00een acela\u0219i timp un finisaj mai neted.<\/p>\n<p><strong><img decoding=\"async\" style=\"margin-right: 12px;\" src=\"https:\/\/www.oleaia.com\/wp-content\/uploads\/2026\/03\/Check.svg\" alt=\"\" width=\"18\" height=\"15\" \/>Ideal pentru stylingul de protec\u021bie \u0219i rutinele de \u00eengrijire pe termen lung.<\/strong> Uleiul de chebe este deosebit de potrivit pentru coafurile \u00eempletite, r\u0103sucite sau de protec\u021bie, ajut\u00e2nd la men\u021binerea hidrat\u0103rii \u0219i sus\u021bin\u00e2nd men\u021binerea lungimii \u00eentre zilele de sp\u0103lare.<\/p>\n<p><strong><img decoding=\"async\" style=\"margin-right: 12px;\" src=\"https:\/\/www.oleaia.com\/wp-content\/uploads\/2026\/03\/Check.svg\" alt=\"\" width=\"18\" height=\"15\" \/>Potrivit pentru p\u0103rul uscat, texturat sau tratat chimic.<\/strong> Uleiul de chebe ajut\u0103 la restabilirea confortului \u0219i a catifel\u0103rii p\u0103rului expus la styling termic, stres ambiental sau tratamente chimice.<\/p>\n<p><strong><img decoding=\"async\" style=\"margin-right: 12px;\" src=\"https:\/\/www.oleaia.com\/wp-content\/uploads\/2026\/03\/Check.svg\" alt=\"\" width=\"18\" height=\"15\" \/>Deja \u00eembog\u0103\u021bit cu un ulei hr\u0103nitor pentru o aplicare delicat\u0103 \u0219i confort optim.<\/strong> Uleiul nostru de chebe este deja \u00eembog\u0103\u021bit cu un ulei nutritiv pentru a asigura o aplicare delicat\u0103, o r\u0103sp\u00e2ndire \u00eembun\u0103t\u0103\u021bit\u0103, confort optim \u0219i u\u0219urin\u021b\u0103 \u00een utilizare. Aceast\u0103 formul\u0103 bine g\u00e2ndit\u0103 \u00eembun\u0103t\u0103\u021be\u0219te masajul scalpului \u0219i asigur\u0103 o distribu\u021bie uniform\u0103 de la r\u0103d\u0103cini la v\u00e2rfuri.<\/p>\n<h2><strong>Instruc\u021biuni<\/strong><\/h2>\n<ul>\n<li>Aplica\u021bi \u00eentre 5 \u0219i 10 pic\u0103turi direct pe scalp \u0219i masa\u021bi u\u0219or timp de 5-10 minute.<\/li>\n<li>Distribui\u021bi o cantitate mic\u0103 suplimentar\u0103 pe lungimea \u0219i la v\u00e2rfurile p\u0103rului.<\/li>\n<li>Utiliza\u021bi de dou\u0103 p\u00e2n\u0103 la trei ori pe s\u0103pt\u0103m\u00e2n\u0103 pentru rezultate vizibile optime.<\/li>\n<li>Pentru \u00eengrijire intensiv\u0103, l\u0103sa\u021bi s\u0103 ac\u021bioneze timp de cel pu\u021bin 1 or\u0103 \u00eenainte de sp\u0103lare cu un \u0219ampon bl\u00e2nd.<\/li>\n<li>Pentru o condi\u021bionare mai profund\u0103, se las\u0103 peste noapte \u0219i se spal\u0103 bine \u00een diminea\u021ba urm\u0103toare.<\/li>\n<li>Pentru stylingul de protec\u021bie, aplica\u021bi o cantitate mic\u0103 \u00eenainte de \u00eempletire sau r\u0103sucire pentru a men\u021bine hidratarea.<\/li>\n<li>Doza zilnic\u0103 maxim\u0103 recomandat\u0103 pentru aplicarea pe scalp este de aproximativ 10 pic\u0103turi, ajustat\u0103 \u00een func\u021bie de grosimea \u0219i lungimea p\u0103rului.<\/li>\n<li>Efectua\u021bi un test cutanat \u00eenainte de prima utilizare pentru a evalua compatibilitatea scalpului.<\/li>\n<li>Evita\u021bi contactul cu ochii \u0219i zonele sensibile.<\/li>\n<li>Nu aplica\u021bi pe scalpul iritat sau deteriorat.<\/li>\n<li>Utiliza\u021bi \u00een mod constant ca parte a unei rutine structurate de \u00eengrijire a p\u0103rului pentru beneficii sus\u021binute.<\/li>\n<li>Depozita\u021bi \u00eentr-un loc r\u0103coros, uscat, ferit de lumina direct\u0103 a soarelui \u0219i p\u0103stra\u021bi flaconul bine \u00eenchis dup\u0103 fiecare utilizare.<\/li>\n<\/ul>","protected":false},"excerpt":{"rendered":"<p>Unmatched effectiveness for strengthening and length retention. Chebe oil is the most effective natural solution for supporting stronger-looking hair, reducing the appearance of breakage, and promoting improved length retention over time. Inspired by traditional hair care practices, it helps reinforce strands from root to tip and contributes to fuller, healthier-looking hair with consistent use. The [&hellip;]<\/p>\n","protected":false},"featured_media":23937,"comment_status":"open","ping_status":"closed","template":"","meta":{"_uag_custom_page_level_css":"","site-sidebar-layout":"default","site-content-layout":"","ast-site-content-layout":"default","site-content-style":"default","site-sidebar-style":"default","ast-global-header-display":"","ast-banner-title-visibility":"","ast-main-header-display":"","ast-hfb-above-header-display":"","ast-hfb-below-header-display":"","ast-hfb-mobile-header-display":"","site-post-title":"","ast-breadcrumbs-content":"","ast-featured-img":"","footer-sml-layout":"","ast-disable-related-posts":"","theme-transparent-header-meta":"default","adv-header-id-meta":"","stick-header-meta":"","header-above-stick-meta":"","header-main-stick-meta":"","header-below-stick-meta":"","astra-migrate-meta-layouts":"set","ast-page-background-enabled":"default","ast-page-background-meta":{"desktop":{"background-color":"var(--ast-global-color-4)","background-image":"","background-repeat":"repeat","background-position":"center center","background-size":"auto","background-attachment":"scroll","background-type":"","background-media":"","overlay-type":"","overlay-color":"","overlay-opacity":"","overlay-gradient":""},"tablet":{"background-color":"","background-image":"","background-repeat":"repeat","background-position":"center center","background-size":"auto","background-attachment":"scroll","background-type":"","background-media":"","overlay-type":"","overlay-color":"","overlay-opacity":"","overlay-gradient":""},"mobile":{"background-color":"","background-image":"","background-repeat":"repeat","background-position":"center center","background-size":"auto","background-attachment":"scroll","background-type":"","background-media":"","overlay-type":"","overlay-color":"","overlay-opacity":"","overlay-gradient":""}},"ast-content-background-meta":{"desktop":{"background-color":"var(--ast-global-color-5)","background-image":"","background-repeat":"repeat","background-position":"center center","background-size":"auto","background-attachment":"scroll","background-type":"","background-media":"","overlay-type":"","overlay-color":"","overlay-opacity":"","overlay-gradient":""},"tablet":{"background-color":"var(--ast-global-color-5)","background-image":"","background-repeat":"repeat","background-position":"center center","background-size":"auto","background-attachment":"scroll","background-type":"","background-media":"","overlay-type":"","overlay-color":"","overlay-opacity":"","overlay-gradient":""},"mobile":{"background-color":"var(--ast-global-color-5)","background-image":"","background-repeat":"repeat","background-position":"center center","background-size":"auto","background-attachment":"scroll","background-type":"","background-media":"","overlay-type":"","overlay-color":"","overlay-opacity":"","overlay-gradient":""}}},"product_brand":[],"product_cat":[15],"product_tag":[],"class_list":{"0":"post-23135","1":"product","2":"type-product","3":"status-publish","4":"has-post-thumbnail","6":"product_cat-shop","7":"desktop-align-left","8":"tablet-align-left","9":"mobile-align-left","11":"first","12":"instock","13":"shipping-taxable","14":"purchasable","15":"product-type-simple"},"spectra_custom_meta":{"_edit_lock":["1772474089:1"],"_edit_last":["1"],"merchant-center-availability":["yes"],"merchant-center-category":["6104"],"_thumbnail_id":["23937"],"_wp_page_template":["default"],"_sku":["OLCHEBEOIL"],"_global_unique_id":["5056773820913"],"_regular_price":["29.90"],"total_sales":["4"],"_tax_status":["taxable"],"_tax_class":[""],"_manage_stock":["no"],"_backorders":["no"],"_sold_individually":["no"],"_weight":["1.3"],"_virtual":["no"],"_downloadable":["no"],"_download_limit":["-1"],"_download_expiry":["-1"],"_stock":[null],"_stock_status":["instock"],"_wc_average_rating":["5.00"],"_wc_review_count":["20"],"_product_version":["10.5.2"],"_price":["29.90"],"site-sidebar-layout":["default"],"ast-site-content-layout":["default"],"site-content-style":["default"],"site-sidebar-style":["default"],"theme-transparent-header-meta":["default"],"_wc_rating_count":["a:1:{i:5;i:20;}"],"astra-migrate-meta-layouts":["set"],"_uag_css_file_name":["uag-css-23135.css"],"_elementor_page_assets":["a:0:{}"],"_uag_page_assets":["a:9:{s:3:\"css\";s:7156:\".uag-blocks-common-selector{z-index:var(--z-index-desktop) !important}@media (max-width: 976px){.uag-blocks-common-selector{z-index:var(--z-index-tablet) !important}}@media (max-width: 767px){.uag-blocks-common-selector{z-index:var(--z-index-mobile) !important}}\n.wp-block-uagb-image{display:flex}.wp-block-uagb-image__figure{position:relative;display:flex;flex-direction:column;max-width:100%;height:auto;margin:0}.wp-block-uagb-image__figure img{height:auto;display:flex;max-width:100%;transition:box-shadow 0.2s ease}.wp-block-uagb-image__figure>a{display:inline-block}.wp-block-uagb-image__figure figcaption{text-align:center;margin-top:0.5em;margin-bottom:1em}.wp-block-uagb-image .components-placeholder.block-editor-media-placeholder .components-placeholder__instructions{align-self:center}.wp-block-uagb-image--align-left{text-align:left}.wp-block-uagb-image--align-right{text-align:right}.wp-block-uagb-image--align-center{text-align:center}.wp-block-uagb-image--align-full .wp-block-uagb-image__figure{margin-left:calc(50% - 50vw);margin-right:calc(50% - 50vw);max-width:100vw;width:100vw;height:auto}.wp-block-uagb-image--align-full .wp-block-uagb-image__figure img{height:auto;width:100% !important}.wp-block-uagb-image--align-wide .wp-block-uagb-image__figure img{height:auto;width:100%}.wp-block-uagb-image--layout-overlay__color-wrapper{position:absolute;left:0;top:0;right:0;bottom:0;opacity:0.2;background:rgba(0,0,0,0.5);transition:opacity 0.35s ease-in-out}.wp-block-uagb-image--layout-overlay-link{position:absolute;left:0;right:0;bottom:0;top:0}.wp-block-uagb-image--layout-overlay .wp-block-uagb-image__figure:hover .wp-block-uagb-image--layout-overlay__color-wrapper{opacity:1}.wp-block-uagb-image--layout-overlay__inner{position:absolute;left:15px;right:15px;bottom:15px;top:15px;display:flex;align-items:center;justify-content:center;flex-direction:column;border-color:#fff;transition:0.35s ease-in-out}.wp-block-uagb-image--layout-overlay__inner.top-left,.wp-block-uagb-image--layout-overlay__inner.top-center,.wp-block-uagb-image--layout-overlay__inner.top-right{justify-content:flex-start}.wp-block-uagb-image--layout-overlay__inner.bottom-left,.wp-block-uagb-image--layout-overlay__inner.bottom-center,.wp-block-uagb-image--layout-overlay__inner.bottom-right{justify-content:flex-end}.wp-block-uagb-image--layout-overlay__inner.top-left,.wp-block-uagb-image--layout-overlay__inner.center-left,.wp-block-uagb-image--layout-overlay__inner.bottom-left{align-items:flex-start}.wp-block-uagb-image--layout-overlay__inner.top-right,.wp-block-uagb-image--layout-overlay__inner.center-right,.wp-block-uagb-image--layout-overlay__inner.bottom-right{align-items:flex-end}.wp-block-uagb-image--layout-overlay__inner .uagb-image-heading{color:#fff;transition:transform 0.35s, opacity 0.35s ease-in-out;transform:translate3d(0, 24px, 0);margin:0;line-height:1em}.wp-block-uagb-image--layout-overlay__inner .uagb-image-separator{width:30%;border-top-width:2px;border-top-color:#fff;border-top-style:solid;margin-bottom:10px;opacity:0;transition:transform 0.4s, opacity 0.4s ease-in-out;transform:translate3d(0, 30px, 0)}.wp-block-uagb-image--layout-overlay__inner .uagb-image-caption{opacity:0;overflow:visible;color:#fff;transition:transform 0.45s, opacity 0.45s ease-in-out;transform:translate3d(0, 35px, 0)}.wp-block-uagb-image--layout-overlay__inner:hover .uagb-image-heading,.wp-block-uagb-image--layout-overlay__inner:hover .uagb-image-separator,.wp-block-uagb-image--layout-overlay__inner:hover .uagb-image-caption{opacity:1;transform:translate3d(0, 0, 0)}.wp-block-uagb-image--effect-zoomin .wp-block-uagb-image__figure img,.wp-block-uagb-image--effect-zoomin .wp-block-uagb-image__figure .wp-block-uagb-image--layout-overlay__color-wrapper{transform:scale(1);transition:transform 0.35s ease-in-out}.wp-block-uagb-image--effect-zoomin .wp-block-uagb-image__figure:hover img,.wp-block-uagb-image--effect-zoomin .wp-block-uagb-image__figure:hover .wp-block-uagb-image--layout-overlay__color-wrapper{transform:scale(1.05)}.wp-block-uagb-image--effect-slide .wp-block-uagb-image__figure img,.wp-block-uagb-image--effect-slide .wp-block-uagb-image__figure .wp-block-uagb-image--layout-overlay__color-wrapper{width:calc(100% + 40px) !important;max-width:none !important;transform:translate3d(-40px, 0, 0);transition:transform 0.35s ease-in-out}.wp-block-uagb-image--effect-slide .wp-block-uagb-image__figure:hover img,.wp-block-uagb-image--effect-slide .wp-block-uagb-image__figure:hover .wp-block-uagb-image--layout-overlay__color-wrapper{transform:translate3d(0, 0, 0)}.wp-block-uagb-image--effect-grayscale img{filter:grayscale(0%);transition:0.35s ease-in-out}.wp-block-uagb-image--effect-grayscale:hover img{filter:grayscale(100%)}.wp-block-uagb-image--effect-blur img{filter:blur(0);transition:0.35s ease-in-out}.wp-block-uagb-image--effect-blur:hover img{filter:blur(3px)}\n.uagb-block-e6f939b3.wp-block-uagb-image--layout-default figure img{box-shadow: 0px 0px 0 #00000070;}.uagb-block-e6f939b3.wp-block-uagb-image .wp-block-uagb-image__figure figcaption{font-style: normal;align-self: center;}.uagb-block-e6f939b3.wp-block-uagb-image--layout-overlay figure img{box-shadow: 0px 0px 0 #00000070;}.uagb-block-e6f939b3.wp-block-uagb-image--layout-overlay .wp-block-uagb-image--layout-overlay__color-wrapper{opacity: 0.2;}.uagb-block-e6f939b3.wp-block-uagb-image--layout-overlay .wp-block-uagb-image--layout-overlay__inner{left: 15px;right: 15px;top: 15px;bottom: 15px;}.uagb-block-e6f939b3.wp-block-uagb-image--layout-overlay .wp-block-uagb-image--layout-overlay__inner .uagb-image-heading{font-style: normal;color: #fff;opacity: 1;}.uagb-block-e6f939b3.wp-block-uagb-image--layout-overlay .wp-block-uagb-image--layout-overlay__inner .uagb-image-heading a{color: #fff;}.uagb-block-e6f939b3.wp-block-uagb-image--layout-overlay .wp-block-uagb-image--layout-overlay__inner .uagb-image-caption{opacity: 0;}.uagb-block-e6f939b3.wp-block-uagb-image--layout-overlay .wp-block-uagb-image__figure:hover .wp-block-uagb-image--layout-overlay__color-wrapper{opacity: 1;}.uagb-block-e6f939b3.wp-block-uagb-image .wp-block-uagb-image--layout-overlay__inner .uagb-image-separator{width: 30%;border-top-width: 2px;border-top-color: #fff;opacity: 0;}.uagb-block-e6f939b3.wp-block-uagb-image .wp-block-uagb-image__figure img{width: px;height: auto;}.uagb-block-e6f939b3.wp-block-uagb-image .wp-block-uagb-image__figure:hover .wp-block-uagb-image--layout-overlay__inner .uagb-image-caption{opacity: 1;}.uagb-block-e6f939b3.wp-block-uagb-image .wp-block-uagb-image__figure:hover .wp-block-uagb-image--layout-overlay__inner .uagb-image-separator{opacity: 1;}.uagb-block-e6f939b3.wp-block-uagb-image--layout-default figure:hover img{box-shadow: 0px 0px 0 #00000070;}.uagb-block-e6f939b3.wp-block-uagb-image--layout-overlay figure:hover img{box-shadow: 0px 0px 0 #00000070;}@media only screen and (max-width: 976px) {.uagb-block-e6f939b3.wp-block-uagb-image .wp-block-uagb-image__figure img{width: px;height: auto;}}@media only screen and (max-width: 767px) {.uagb-block-e6f939b3.wp-block-uagb-image .wp-block-uagb-image__figure img{width: px;height: auto;}}\";s:2:\"js\";s:0:\"\";s:18:\"current_block_list\";a:13:{i:0;s:11:\"core\/search\";i:1;s:10:\"core\/group\";i:2;s:12:\"core\/heading\";i:3;s:17:\"core\/latest-posts\";i:4;s:20:\"core\/latest-comments\";i:5;s:13:\"core\/archives\";i:6;s:15:\"core\/categories\";i:7;s:14:\"core\/paragraph\";i:8;s:10:\"uagb\/image\";i:9;s:11:\"core\/spacer\";i:10;s:30:\"woocommerce\/product-categories\";i:11;s:10:\"core\/image\";i:12;s:14:\"core\/shortcode\";}s:8:\"uag_flag\";b:1;s:11:\"uag_version\";s:10:\"1776365216\";s:6:\"gfonts\";a:0:{}s:10:\"gfonts_url\";s:0:\"\";s:12:\"gfonts_files\";a:0:{}s:14:\"uag_faq_layout\";b:0;}"]},"uagb_featured_image_src":{"full":["https:\/\/www.oleaia.com\/wp-content\/uploads\/2025\/07\/Oleaia-Chebe-Oil-1L.jpg",2560,2560,false],"thumbnail":["https:\/\/www.oleaia.com\/wp-content\/uploads\/2025\/07\/Oleaia-Chebe-Oil-1L-150x150.jpg",150,150,true],"medium":["https:\/\/www.oleaia.com\/wp-content\/uploads\/2025\/07\/Oleaia-Chebe-Oil-1L-300x300.jpg",300,300,true],"medium_large":["https:\/\/www.oleaia.com\/wp-content\/uploads\/2025\/07\/Oleaia-Chebe-Oil-1L-768x768.jpg",768,768,true],"large":["https:\/\/www.oleaia.com\/wp-content\/uploads\/2025\/07\/Oleaia-Chebe-Oil-1L-1024x1024.jpg",1024,1024,true],"1536x1536":["https:\/\/www.oleaia.com\/wp-content\/uploads\/2025\/07\/Oleaia-Chebe-Oil-1L-1536x1536.jpg",1536,1536,true],"2048x2048":["https:\/\/www.oleaia.com\/wp-content\/uploads\/2025\/07\/Oleaia-Chebe-Oil-1L-2048x2048.jpg",2048,2048,true],"trp-custom-language-flag":["https:\/\/www.oleaia.com\/wp-content\/uploads\/2025\/07\/Oleaia-Chebe-Oil-1L-12x12.jpg",12,12,true],"woocommerce_thumbnail":["https:\/\/www.oleaia.com\/wp-content\/uploads\/2025\/07\/Oleaia-Chebe-Oil-1L-300x300.jpg",300,300,true],"woocommerce_single":["https:\/\/www.oleaia.com\/wp-content\/uploads\/2025\/07\/Oleaia-Chebe-Oil-1L-600x600.jpg",600,600,true],"woocommerce_gallery_thumbnail":["https:\/\/www.oleaia.com\/wp-content\/uploads\/2025\/07\/Oleaia-Chebe-Oil-1L-100x100.jpg",100,100,true]},"uagb_author_info":{"display_name":"admin","author_link":"https:\/\/www.oleaia.com\/ro\/author\/"},"uagb_comment_info":20,"uagb_excerpt":"Unmatched effectiveness for strengthening and length retention. Chebe oil is the most effective natural solution for supporting stronger-looking hair, reducing the appearance of breakage, and promoting improved length retention over time. Inspired by traditional hair care practices, it helps reinforce strands from root to tip and contributes to fuller, healthier-looking hair with consistent use. The&hellip;","_links":{"self":[{"href":"https:\/\/www.oleaia.com\/ro\/wp-json\/wp\/v2\/product\/23135","targetHints":{"allow":["GET"]}}],"collection":[{"href":"https:\/\/www.oleaia.com\/ro\/wp-json\/wp\/v2\/product"}],"about":[{"href":"https:\/\/www.oleaia.com\/ro\/wp-json\/wp\/v2\/types\/product"}],"replies":[{"embeddable":true,"href":"https:\/\/www.oleaia.com\/ro\/wp-json\/wp\/v2\/comments?post=23135"}],"version-history":[{"count":4,"href":"https:\/\/www.oleaia.com\/ro\/wp-json\/wp\/v2\/product\/23135\/revisions"}],"predecessor-version":[{"id":78053,"href":"https:\/\/www.oleaia.com\/ro\/wp-json\/wp\/v2\/product\/23135\/revisions\/78053"}],"wp:featuredmedia":[{"embeddable":true,"href":"https:\/\/www.oleaia.com\/ro\/wp-json\/wp\/v2\/media\/23937"}],"wp:attachment":[{"href":"https:\/\/www.oleaia.com\/ro\/wp-json\/wp\/v2\/media?parent=23135"}],"wp:term":[{"taxonomy":"product_brand","embeddable":true,"href":"https:\/\/www.oleaia.com\/ro\/wp-json\/wp\/v2\/product_brand?post=23135"},{"taxonomy":"product_cat","embeddable":true,"href":"https:\/\/www.oleaia.com\/ro\/wp-json\/wp\/v2\/product_cat?post=23135"},{"taxonomy":"product_tag","embeddable":true,"href":"https:\/\/www.oleaia.com\/ro\/wp-json\/wp\/v2\/product_tag?post=23135"}],"curies":[{"name":"wp","href":"https:\/\/api.w.org\/{rel}","templated":true}]}}