{"id":23405,"date":"2025-07-27T23:04:39","date_gmt":"2025-07-27T21:04:39","guid":{"rendered":"https:\/\/www.oleaia.com\/?post_type=product&#038;p=23405"},"modified":"2026-03-27T12:31:09","modified_gmt":"2026-03-27T11:31:09","slug":"scots-pine-oil","status":"publish","type":"product","link":"https:\/\/www.oleaia.com\/ro\/products\/scots-pine-oil\/","title":{"rendered":"Ulei de pin sco\u021bian - 1 litru"},"content":{"rendered":"<p><strong><img decoding=\"async\" style=\"margin-right: 12px;\" src=\"https:\/\/www.oleaia.com\/wp-content\/uploads\/2026\/03\/Check.svg\" alt=\"\" width=\"18\" height=\"15\" \/>Eficacitate de neegalat pentru claritate respiratorie, u\u0219urare muscular\u0103 \u0219i vitalitate revigorant\u0103.<\/strong> Uleiul de pin silvestru este cea mai eficient\u0103 solu\u021bie natural\u0103 pentru promovarea unei respira\u021bii clare, calmarea senza\u021biei de tensiune muscular\u0103 \u0219i revitalizarea corpului \u0219i a min\u021bii. Extras din acele pinului, este apreciat \u00een mod tradi\u021bional pentru aroma sa r\u0103coritoare, asem\u0103n\u0103toare cu cea a p\u0103durii, care ajut\u0103 la purificarea aerului, stimuleaz\u0103 senza\u021biile de circula\u021bie \u0219i contribuie la o stare de energie \u0219i re\u00eemprosp\u0103tare prin utilizarea constant\u0103.<\/p>\n<p><strong><img decoding=\"async\" style=\"margin-right: 12px;\" src=\"https:\/\/www.oleaia.com\/wp-content\/uploads\/2026\/03\/Check.svg\" alt=\"\" width=\"18\" height=\"15\" \/>Cel mai ieftin ulei premium de pin sco\u021bian disponibil.<\/strong> Suntem cei mai ieftini de pe pia\u021b\u0103, men\u021bin\u00e2nd \u00een acela\u0219i timp standarde stricte de calitate, asigur\u00e2nd o valoare excep\u021bional\u0103 f\u0103r\u0103 a compromite puritatea, prospe\u021bimea sau eficacitatea. Acest pre\u021b accesibil permite uleiului de pin sco\u021bian s\u0103 fie utilizat zilnic \u00een aromaterapie, masaj \u0219i rutine de wellness.<\/p>\n<p><strong><img decoding=\"async\" style=\"margin-right: 12px;\" src=\"https:\/\/www.oleaia.com\/wp-content\/uploads\/2026\/03\/Check.svg\" alt=\"\" width=\"18\" height=\"15\" \/>Livrare rapid\u0103 \u0219i fiabil\u0103 \u00een 24 de ore.<\/strong> Oferim \u00eentotdeauna livrare \u00een 24 de ore, garant\u00e2nd c\u0103 uleiul de pin sco\u021bian ajunge rapid \u0219i eficient. Livrarea prompt\u0103 asigur\u0103 o continuitate ne\u00eentrerupt\u0103 \u00een practicile de \u00eengrijire respiratorie \u0219i revitalizare.<\/p>\n<p><strong><img decoding=\"async\" style=\"margin-right: 12px;\" src=\"https:\/\/www.oleaia.com\/wp-content\/uploads\/2026\/03\/Check.svg\" alt=\"\" width=\"18\" height=\"15\" \/>Garan\u021bie de restituire a banilor pentru o reasigurare complet\u0103.<\/strong> Oferim o garan\u021bie de returnare a banilor. Dac\u0103 clientul nu este mul\u021bumit, \u00eel vom rambursa. Acest angajament transparent reflect\u0103 \u00eencrederea \u00een calitatea produsului \u0219i ofer\u0103 o experien\u021b\u0103 de cump\u0103rare complet lipsit\u0103 de riscuri.<\/p>\n<p><strong><img decoding=\"async\" style=\"margin-right: 12px;\" src=\"https:\/\/www.oleaia.com\/wp-content\/uploads\/2026\/03\/Check.svg\" alt=\"\" width=\"18\" height=\"15\" \/>Complet organic pentru o wellness autentic\u0103 din p\u0103dure.<\/strong> Uleiul nostru de pin sco\u021bian este \u00een \u00eentregime organic, produs cu un respect atent pentru responsabilitatea fa\u021b\u0103 de mediu \u0219i recoltarea durabil\u0103 a acelor de pin. Acest angajament asigur\u0103 alinierea la tradi\u021biile naturale de wellness \u0219i la principiile unei vie\u021bi curate.<\/p>\n<p><strong><img decoding=\"async\" style=\"margin-right: 12px;\" src=\"https:\/\/www.oleaia.com\/wp-content\/uploads\/2026\/03\/Check.svg\" alt=\"\" width=\"18\" height=\"15\" \/>Sus\u021bine prospe\u021bimea respiratorie \u0219i o senza\u021bie de respira\u021bie clar\u0103.<\/strong> Uleiul de pin silvestru este apreciat pe scar\u0103 larg\u0103 pentru c\u0103 ajut\u0103 la deschiderea c\u0103ilor respiratorii \u0219i promoveaz\u0103 un sentiment de respira\u021bie mai u\u0219oar\u0103 atunci c\u00e2nd este utilizat \u00een aromaterapie.<\/p>\n<p><strong><img decoding=\"async\" style=\"margin-right: 12px;\" src=\"https:\/\/www.oleaia.com\/wp-content\/uploads\/2026\/03\/Check.svg\" alt=\"\" width=\"18\" height=\"15\" \/>Promoveaz\u0103 confortul muscular \u0219i recuperarea post-activitate.<\/strong> Folosit \u00een mod regulat \u00een masaj, ajut\u0103 la men\u021binerea confortului fizic, \u00een special dup\u0103 efort sau tensiune prelungit\u0103.<\/p>\n<p><strong><img decoding=\"async\" style=\"margin-right: 12px;\" src=\"https:\/\/www.oleaia.com\/wp-content\/uploads\/2026\/03\/Check.svg\" alt=\"\" width=\"18\" height=\"15\" \/>\u00cencurajeaz\u0103 senza\u021bia de circula\u021bie \u0219i vitalitatea corpului.<\/strong> Propriet\u0103\u021bile sale stimulante ajut\u0103 la crearea unui efect de \u00eenc\u0103lzire \u0219i energizare asupra pielii, contribuind la o senza\u021bie de revitalizare.<\/p>\n<p><strong><img decoding=\"async\" style=\"margin-right: 12px;\" src=\"https:\/\/www.oleaia.com\/wp-content\/uploads\/2026\/03\/Check.svg\" alt=\"\" width=\"18\" height=\"15\" \/>\u00cembun\u0103t\u0103\u021be\u0219te claritatea mental\u0103 \u0219i reduce oboseala.<\/strong> Aroma pl\u0103cut\u0103 \u0219i lemnoas\u0103 ajut\u0103 la trezirea sim\u021burilor, \u00eembun\u0103t\u0103\u021be\u0219te concentrarea \u0219i reduce senza\u021bia de oboseal\u0103 mental\u0103.<\/p>\n<p><strong><img decoding=\"async\" style=\"margin-right: 12px;\" src=\"https:\/\/www.oleaia.com\/wp-content\/uploads\/2026\/03\/Check.svg\" alt=\"\" width=\"18\" height=\"15\" \/>Sprijin\u0103 purificarea mediului interior.<\/strong> Difuzat \u00een spa\u021biile de locuit, uleiul de pin silvestru ajut\u0103 la crearea unei atmosfere curate, proaspete \u0219i asem\u0103n\u0103toare p\u0103durii, care promoveaz\u0103 starea de bine.<\/p>\n<p><strong><img decoding=\"async\" style=\"margin-right: 12px;\" src=\"https:\/\/www.oleaia.com\/wp-content\/uploads\/2026\/03\/Check.svg\" alt=\"\" width=\"18\" height=\"15\" \/>Promoveaz\u0103 relaxarea combinat\u0103 cu stimularea bl\u00e2nd\u0103.<\/strong> Echilibreaz\u0103 \u00een mod unic efectele calmante \u0219i energizante, f\u0103c\u00e2ndu-l potrivit at\u00e2t pentru recuperare, c\u00e2t \u0219i pentru concentrare.<\/p>\n<p><strong><img decoding=\"async\" style=\"margin-right: 12px;\" src=\"https:\/\/www.oleaia.com\/wp-content\/uploads\/2026\/03\/Check.svg\" alt=\"\" width=\"18\" height=\"15\" \/>Ideal pentru rutinele sezoniere de wellness, masaj \u0219i aromaterapie.<\/strong> Uleiul de pin silvestru este deosebit de potrivit pentru perioadele care necesit\u0103 sprijin respirator, recuperare fizic\u0103 \u0219i energie re\u00eennoit\u0103.<\/p>\n<p><strong><img decoding=\"async\" style=\"margin-right: 12px;\" src=\"https:\/\/www.oleaia.com\/wp-content\/uploads\/2026\/03\/Check.svg\" alt=\"\" width=\"18\" height=\"15\" \/>Versatil pentru aromaterapie, utilizare topic\u0103 diluat\u0103 \u0219i masaj.<\/strong> Uleiul de pin silvestru se integreaz\u0103 perfect \u00een rutinele cuprinz\u0103toare de wellness atunci c\u00e2nd este utilizat \u00een mod corespunz\u0103tor.<\/p>\n<p><strong><img decoding=\"async\" style=\"margin-right: 12px;\" src=\"https:\/\/www.oleaia.com\/wp-content\/uploads\/2026\/03\/Check.svg\" alt=\"\" width=\"18\" height=\"15\" \/>Deja \u00eembog\u0103\u021bit cu un ulei hr\u0103nitor pentru o aplicare delicat\u0103 \u0219i confort optim.<\/strong> Uleiul nostru de pin sco\u021bian este deja \u00eembog\u0103\u021bit cu un ulei hr\u0103nitor pentru a asigura o intensitate controlat\u0103, o r\u0103sp\u00e2ndire \u00eembun\u0103t\u0103\u021bit\u0103, confort optim \u0219i u\u0219urin\u021b\u0103 de utilizare. Aceast\u0103 formul\u0103 bine g\u00e2ndit\u0103 permite o aplicare lin\u0103 \u0219i sigur\u0103 pe piele.<\/p>\n<h2><strong>Instruc\u021biuni<\/strong><\/h2>\n<ul>\n<li>Pentru utilizare aromatic\u0103, ad\u0103uga\u021bi 3 p\u00e2n\u0103 la 5 pic\u0103turi \u00eentr-un difuzor plin cu ap\u0103 \u0219i difuza\u021bi timp de 15 p\u00e2n\u0103 la 30 de minute.<\/li>\n<li>Pentru confort respirator, se difuzeaz\u0103 \u00eentr-o camer\u0103 bine ventilat\u0103 sau se inspir\u0103 u\u0219or din m\u00e2ini.<\/li>\n<li>Pentru uz topic, dilua\u021bi \u0219i aplica\u021bi 2-4 pic\u0103turi pe piept, spate sau picioare.<\/li>\n<li>Pentru ameliorarea mu\u0219chilor, masa\u021bi uleiul diluat \u00een zonele vizate, cum ar fi picioarele, umerii sau partea inferioar\u0103 a spatelui.<\/li>\n<li>Se utilizeaz\u0103 o dat\u0103 sau de dou\u0103 ori pe zi, \u00een func\u021bie de nevoile individuale.<\/li>\n<li>Doza zilnic\u0103 maxim\u0103 recomandat\u0103 pentru uz topic este de aproximativ 5-6 pic\u0103turi diluate.<\/li>\n<li>Efectua\u021bi un test cutanat \u00eenainte de prima utilizare pentru a evalua compatibilitatea cu pielea.<\/li>\n<li>Evita\u021bi contactul cu ochii, membranele mucoase \u0219i zonele sensibile.<\/li>\n<li>Nu aplica\u021bi pe pielea iritat\u0103 sau deteriorat\u0103.<\/li>\n<li>Nu se recomand\u0103 \u00een timpul sarcinii sau pentru copiii mici f\u0103r\u0103 consiliere profesional\u0103.<\/li>\n<li>Se utilizeaz\u0103 \u00een cantit\u0103\u021bi moderate datorit\u0103 naturii sale active.<\/li>\n<li>Depozita\u021bi \u00eentr-un loc r\u0103coros, uscat, ferit de lumina direct\u0103 a soarelui \u0219i p\u0103stra\u021bi flaconul bine \u00eenchis dup\u0103 fiecare utilizare.<\/li>\n<\/ul>","protected":false},"excerpt":{"rendered":"<p>Unmatched effectiveness for respiratory clarity, muscle relief, and invigorating vitality. Scots pine oil is the most effective natural solution for promoting clear breathing, soothing the sensation of muscular tension, and revitalizing both body and mind. Extracted from the needles of the pine tree, it is traditionally valued for its refreshing, forest-like aroma that helps purify [&hellip;]<\/p>\n","protected":false},"featured_media":23889,"comment_status":"open","ping_status":"closed","template":"","meta":{"_uag_custom_page_level_css":"","site-sidebar-layout":"default","site-content-layout":"","ast-site-content-layout":"default","site-content-style":"default","site-sidebar-style":"default","ast-global-header-display":"","ast-banner-title-visibility":"","ast-main-header-display":"","ast-hfb-above-header-display":"","ast-hfb-below-header-display":"","ast-hfb-mobile-header-display":"","site-post-title":"","ast-breadcrumbs-content":"","ast-featured-img":"","footer-sml-layout":"","ast-disable-related-posts":"","theme-transparent-header-meta":"default","adv-header-id-meta":"","stick-header-meta":"","header-above-stick-meta":"","header-main-stick-meta":"","header-below-stick-meta":"","astra-migrate-meta-layouts":"set","ast-page-background-enabled":"default","ast-page-background-meta":{"desktop":{"background-color":"var(--ast-global-color-4)","background-image":"","background-repeat":"repeat","background-position":"center center","background-size":"auto","background-attachment":"scroll","background-type":"","background-media":"","overlay-type":"","overlay-color":"","overlay-opacity":"","overlay-gradient":""},"tablet":{"background-color":"","background-image":"","background-repeat":"repeat","background-position":"center center","background-size":"auto","background-attachment":"scroll","background-type":"","background-media":"","overlay-type":"","overlay-color":"","overlay-opacity":"","overlay-gradient":""},"mobile":{"background-color":"","background-image":"","background-repeat":"repeat","background-position":"center center","background-size":"auto","background-attachment":"scroll","background-type":"","background-media":"","overlay-type":"","overlay-color":"","overlay-opacity":"","overlay-gradient":""}},"ast-content-background-meta":{"desktop":{"background-color":"var(--ast-global-color-5)","background-image":"","background-repeat":"repeat","background-position":"center center","background-size":"auto","background-attachment":"scroll","background-type":"","background-media":"","overlay-type":"","overlay-color":"","overlay-opacity":"","overlay-gradient":""},"tablet":{"background-color":"var(--ast-global-color-5)","background-image":"","background-repeat":"repeat","background-position":"center center","background-size":"auto","background-attachment":"scroll","background-type":"","background-media":"","overlay-type":"","overlay-color":"","overlay-opacity":"","overlay-gradient":""},"mobile":{"background-color":"var(--ast-global-color-5)","background-image":"","background-repeat":"repeat","background-position":"center center","background-size":"auto","background-attachment":"scroll","background-type":"","background-media":"","overlay-type":"","overlay-color":"","overlay-opacity":"","overlay-gradient":""}}},"product_brand":[],"product_cat":[15],"product_tag":[],"class_list":{"0":"post-23405","1":"product","2":"type-product","3":"status-publish","4":"has-post-thumbnail","6":"product_cat-shop","7":"desktop-align-left","8":"tablet-align-left","9":"mobile-align-left","11":"first","12":"instock","13":"shipping-taxable","14":"purchasable","15":"product-type-simple"},"spectra_custom_meta":{"_edit_lock":["1774610980:1"],"_edit_last":["1"],"merchant-center-availability":["yes"],"merchant-center-category":["6104"],"_thumbnail_id":["23889"],"_wp_page_template":["default"],"_sku":["OLSCOTSPINEOIL"],"_global_unique_id":["5056773821477"],"_regular_price":["29.90"],"total_sales":["3"],"_tax_status":["taxable"],"_tax_class":[""],"_manage_stock":["no"],"_backorders":["no"],"_sold_individually":["no"],"_weight":["1.3"],"_virtual":["no"],"_downloadable":["no"],"_download_limit":["-1"],"_download_expiry":["-1"],"_stock":[null],"_stock_status":["instock"],"_wc_average_rating":["5.00"],"_wc_review_count":["4"],"_product_version":["10.6.1"],"_price":["29.90"],"site-sidebar-layout":["default"],"ast-site-content-layout":["default"],"site-content-style":["default"],"site-sidebar-style":["default"],"theme-transparent-header-meta":["default"],"_wc_rating_count":["a:1:{i:5;i:4;}"],"astra-migrate-meta-layouts":["set"],"_uag_css_file_name":["uag-css-23405.css"],"_elementor_page_assets":["a:0:{}"],"_uag_page_assets":["a:9:{s:3:\"css\";s:6893:\".wp-block-uagb-image{display:flex}.wp-block-uagb-image__figure{position:relative;display:flex;flex-direction:column;max-width:100%;height:auto;margin:0}.wp-block-uagb-image__figure img{height:auto;display:flex;max-width:100%;transition:box-shadow 0.2s ease}.wp-block-uagb-image__figure>a{display:inline-block}.wp-block-uagb-image__figure figcaption{text-align:center;margin-top:0.5em;margin-bottom:1em}.wp-block-uagb-image .components-placeholder.block-editor-media-placeholder .components-placeholder__instructions{align-self:center}.wp-block-uagb-image--align-left{text-align:left}.wp-block-uagb-image--align-right{text-align:right}.wp-block-uagb-image--align-center{text-align:center}.wp-block-uagb-image--align-full .wp-block-uagb-image__figure{margin-left:calc(50% - 50vw);margin-right:calc(50% - 50vw);max-width:100vw;width:100vw;height:auto}.wp-block-uagb-image--align-full .wp-block-uagb-image__figure img{height:auto;width:100% !important}.wp-block-uagb-image--align-wide .wp-block-uagb-image__figure img{height:auto;width:100%}.wp-block-uagb-image--layout-overlay__color-wrapper{position:absolute;left:0;top:0;right:0;bottom:0;opacity:0.2;background:rgba(0,0,0,0.5);transition:opacity 0.35s ease-in-out}.wp-block-uagb-image--layout-overlay-link{position:absolute;left:0;right:0;bottom:0;top:0}.wp-block-uagb-image--layout-overlay .wp-block-uagb-image__figure:hover .wp-block-uagb-image--layout-overlay__color-wrapper{opacity:1}.wp-block-uagb-image--layout-overlay__inner{position:absolute;left:15px;right:15px;bottom:15px;top:15px;display:flex;align-items:center;justify-content:center;flex-direction:column;border-color:#fff;transition:0.35s ease-in-out}.wp-block-uagb-image--layout-overlay__inner.top-left,.wp-block-uagb-image--layout-overlay__inner.top-center,.wp-block-uagb-image--layout-overlay__inner.top-right{justify-content:flex-start}.wp-block-uagb-image--layout-overlay__inner.bottom-left,.wp-block-uagb-image--layout-overlay__inner.bottom-center,.wp-block-uagb-image--layout-overlay__inner.bottom-right{justify-content:flex-end}.wp-block-uagb-image--layout-overlay__inner.top-left,.wp-block-uagb-image--layout-overlay__inner.center-left,.wp-block-uagb-image--layout-overlay__inner.bottom-left{align-items:flex-start}.wp-block-uagb-image--layout-overlay__inner.top-right,.wp-block-uagb-image--layout-overlay__inner.center-right,.wp-block-uagb-image--layout-overlay__inner.bottom-right{align-items:flex-end}.wp-block-uagb-image--layout-overlay__inner .uagb-image-heading{color:#fff;transition:transform 0.35s, opacity 0.35s ease-in-out;transform:translate3d(0, 24px, 0);margin:0;line-height:1em}.wp-block-uagb-image--layout-overlay__inner .uagb-image-separator{width:30%;border-top-width:2px;border-top-color:#fff;border-top-style:solid;margin-bottom:10px;opacity:0;transition:transform 0.4s, opacity 0.4s ease-in-out;transform:translate3d(0, 30px, 0)}.wp-block-uagb-image--layout-overlay__inner .uagb-image-caption{opacity:0;overflow:visible;color:#fff;transition:transform 0.45s, opacity 0.45s ease-in-out;transform:translate3d(0, 35px, 0)}.wp-block-uagb-image--layout-overlay__inner:hover .uagb-image-heading,.wp-block-uagb-image--layout-overlay__inner:hover .uagb-image-separator,.wp-block-uagb-image--layout-overlay__inner:hover .uagb-image-caption{opacity:1;transform:translate3d(0, 0, 0)}.wp-block-uagb-image--effect-zoomin .wp-block-uagb-image__figure img,.wp-block-uagb-image--effect-zoomin .wp-block-uagb-image__figure .wp-block-uagb-image--layout-overlay__color-wrapper{transform:scale(1);transition:transform 0.35s ease-in-out}.wp-block-uagb-image--effect-zoomin .wp-block-uagb-image__figure:hover img,.wp-block-uagb-image--effect-zoomin .wp-block-uagb-image__figure:hover .wp-block-uagb-image--layout-overlay__color-wrapper{transform:scale(1.05)}.wp-block-uagb-image--effect-slide .wp-block-uagb-image__figure img,.wp-block-uagb-image--effect-slide .wp-block-uagb-image__figure .wp-block-uagb-image--layout-overlay__color-wrapper{width:calc(100% + 40px) !important;max-width:none !important;transform:translate3d(-40px, 0, 0);transition:transform 0.35s ease-in-out}.wp-block-uagb-image--effect-slide .wp-block-uagb-image__figure:hover img,.wp-block-uagb-image--effect-slide .wp-block-uagb-image__figure:hover .wp-block-uagb-image--layout-overlay__color-wrapper{transform:translate3d(0, 0, 0)}.wp-block-uagb-image--effect-grayscale img{filter:grayscale(0%);transition:0.35s ease-in-out}.wp-block-uagb-image--effect-grayscale:hover img{filter:grayscale(100%)}.wp-block-uagb-image--effect-blur img{filter:blur(0);transition:0.35s ease-in-out}.wp-block-uagb-image--effect-blur:hover img{filter:blur(3px)}\n.uagb-block-e6f939b3.wp-block-uagb-image--layout-default figure img{box-shadow: 0px 0px 0 #00000070;}.uagb-block-e6f939b3.wp-block-uagb-image .wp-block-uagb-image__figure figcaption{font-style: normal;align-self: center;}.uagb-block-e6f939b3.wp-block-uagb-image--layout-overlay figure img{box-shadow: 0px 0px 0 #00000070;}.uagb-block-e6f939b3.wp-block-uagb-image--layout-overlay .wp-block-uagb-image--layout-overlay__color-wrapper{opacity: 0.2;}.uagb-block-e6f939b3.wp-block-uagb-image--layout-overlay .wp-block-uagb-image--layout-overlay__inner{left: 15px;right: 15px;top: 15px;bottom: 15px;}.uagb-block-e6f939b3.wp-block-uagb-image--layout-overlay .wp-block-uagb-image--layout-overlay__inner .uagb-image-heading{font-style: normal;color: #fff;opacity: 1;}.uagb-block-e6f939b3.wp-block-uagb-image--layout-overlay .wp-block-uagb-image--layout-overlay__inner .uagb-image-heading a{color: #fff;}.uagb-block-e6f939b3.wp-block-uagb-image--layout-overlay .wp-block-uagb-image--layout-overlay__inner .uagb-image-caption{opacity: 0;}.uagb-block-e6f939b3.wp-block-uagb-image--layout-overlay .wp-block-uagb-image__figure:hover .wp-block-uagb-image--layout-overlay__color-wrapper{opacity: 1;}.uagb-block-e6f939b3.wp-block-uagb-image .wp-block-uagb-image--layout-overlay__inner .uagb-image-separator{width: 30%;border-top-width: 2px;border-top-color: #fff;opacity: 0;}.uagb-block-e6f939b3.wp-block-uagb-image .wp-block-uagb-image__figure img{width: px;height: auto;}.uagb-block-e6f939b3.wp-block-uagb-image .wp-block-uagb-image__figure:hover .wp-block-uagb-image--layout-overlay__inner .uagb-image-caption{opacity: 1;}.uagb-block-e6f939b3.wp-block-uagb-image .wp-block-uagb-image__figure:hover .wp-block-uagb-image--layout-overlay__inner .uagb-image-separator{opacity: 1;}.uagb-block-e6f939b3.wp-block-uagb-image--layout-default figure:hover img{box-shadow: 0px 0px 0 #00000070;}.uagb-block-e6f939b3.wp-block-uagb-image--layout-overlay figure:hover img{box-shadow: 0px 0px 0 #00000070;}@media only screen and (max-width: 976px) {.uagb-block-e6f939b3.wp-block-uagb-image .wp-block-uagb-image__figure img{width: px;height: auto;}}@media only screen and (max-width: 767px) {.uagb-block-e6f939b3.wp-block-uagb-image .wp-block-uagb-image__figure img{width: px;height: auto;}}\";s:2:\"js\";s:0:\"\";s:18:\"current_block_list\";a:13:{i:0;s:11:\"core\/search\";i:1;s:10:\"core\/group\";i:2;s:12:\"core\/heading\";i:3;s:17:\"core\/latest-posts\";i:4;s:20:\"core\/latest-comments\";i:5;s:13:\"core\/archives\";i:6;s:15:\"core\/categories\";i:7;s:14:\"core\/paragraph\";i:8;s:10:\"uagb\/image\";i:9;s:11:\"core\/spacer\";i:10;s:30:\"woocommerce\/product-categories\";i:11;s:10:\"core\/image\";i:12;s:14:\"core\/shortcode\";}s:8:\"uag_flag\";b:1;s:11:\"uag_version\";s:10:\"1776347411\";s:6:\"gfonts\";a:0:{}s:10:\"gfonts_url\";s:0:\"\";s:12:\"gfonts_files\";a:0:{}s:14:\"uag_faq_layout\";b:0;}"]},"uagb_featured_image_src":{"full":["https:\/\/www.oleaia.com\/wp-content\/uploads\/2025\/07\/Oleaia-Scots-Pine-Oil-1L.jpg",2560,2560,false],"thumbnail":["https:\/\/www.oleaia.com\/wp-content\/uploads\/2025\/07\/Oleaia-Scots-Pine-Oil-1L-150x150.jpg",150,150,true],"medium":["https:\/\/www.oleaia.com\/wp-content\/uploads\/2025\/07\/Oleaia-Scots-Pine-Oil-1L-300x300.jpg",300,300,true],"medium_large":["https:\/\/www.oleaia.com\/wp-content\/uploads\/2025\/07\/Oleaia-Scots-Pine-Oil-1L-768x768.jpg",768,768,true],"large":["https:\/\/www.oleaia.com\/wp-content\/uploads\/2025\/07\/Oleaia-Scots-Pine-Oil-1L-1024x1024.jpg",1024,1024,true],"1536x1536":["https:\/\/www.oleaia.com\/wp-content\/uploads\/2025\/07\/Oleaia-Scots-Pine-Oil-1L-1536x1536.jpg",1536,1536,true],"2048x2048":["https:\/\/www.oleaia.com\/wp-content\/uploads\/2025\/07\/Oleaia-Scots-Pine-Oil-1L-2048x2048.jpg",2048,2048,true],"trp-custom-language-flag":["https:\/\/www.oleaia.com\/wp-content\/uploads\/2025\/07\/Oleaia-Scots-Pine-Oil-1L-12x12.jpg",12,12,true],"woocommerce_thumbnail":["https:\/\/www.oleaia.com\/wp-content\/uploads\/2025\/07\/Oleaia-Scots-Pine-Oil-1L-300x300.jpg",300,300,true],"woocommerce_single":["https:\/\/www.oleaia.com\/wp-content\/uploads\/2025\/07\/Oleaia-Scots-Pine-Oil-1L-600x600.jpg",600,600,true],"woocommerce_gallery_thumbnail":["https:\/\/www.oleaia.com\/wp-content\/uploads\/2025\/07\/Oleaia-Scots-Pine-Oil-1L-100x100.jpg",100,100,true]},"uagb_author_info":{"display_name":"admin","author_link":"https:\/\/www.oleaia.com\/ro\/author\/"},"uagb_comment_info":4,"uagb_excerpt":"Unmatched effectiveness for respiratory clarity, muscle relief, and invigorating vitality. Scots pine oil is the most effective natural solution for promoting clear breathing, soothing the sensation of muscular tension, and revitalizing both body and mind. Extracted from the needles of the pine tree, it is traditionally valued for its refreshing, forest-like aroma that helps purify&hellip;","_links":{"self":[{"href":"https:\/\/www.oleaia.com\/ro\/wp-json\/wp\/v2\/product\/23405","targetHints":{"allow":["GET"]}}],"collection":[{"href":"https:\/\/www.oleaia.com\/ro\/wp-json\/wp\/v2\/product"}],"about":[{"href":"https:\/\/www.oleaia.com\/ro\/wp-json\/wp\/v2\/types\/product"}],"replies":[{"embeddable":true,"href":"https:\/\/www.oleaia.com\/ro\/wp-json\/wp\/v2\/comments?post=23405"}],"version-history":[{"count":4,"href":"https:\/\/www.oleaia.com\/ro\/wp-json\/wp\/v2\/product\/23405\/revisions"}],"predecessor-version":[{"id":81255,"href":"https:\/\/www.oleaia.com\/ro\/wp-json\/wp\/v2\/product\/23405\/revisions\/81255"}],"wp:featuredmedia":[{"embeddable":true,"href":"https:\/\/www.oleaia.com\/ro\/wp-json\/wp\/v2\/media\/23889"}],"wp:attachment":[{"href":"https:\/\/www.oleaia.com\/ro\/wp-json\/wp\/v2\/media?parent=23405"}],"wp:term":[{"taxonomy":"product_brand","embeddable":true,"href":"https:\/\/www.oleaia.com\/ro\/wp-json\/wp\/v2\/product_brand?post=23405"},{"taxonomy":"product_cat","embeddable":true,"href":"https:\/\/www.oleaia.com\/ro\/wp-json\/wp\/v2\/product_cat?post=23405"},{"taxonomy":"product_tag","embeddable":true,"href":"https:\/\/www.oleaia.com\/ro\/wp-json\/wp\/v2\/product_tag?post=23405"}],"curies":[{"name":"wp","href":"https:\/\/api.w.org\/{rel}","templated":true}]}}