{"id":23775,"date":"2025-08-12T11:51:55","date_gmt":"2025-08-12T09:51:55","guid":{"rendered":"https:\/\/www.oleaia.com\/?post_type=product&#038;p=23775"},"modified":"2026-03-04T08:54:56","modified_gmt":"2026-03-04T07:54:56","slug":"coriander-oil","status":"publish","type":"product","link":"https:\/\/www.oleaia.com\/ro\/products\/coriander-oil\/","title":{"rendered":"Ulei de coriandru - 1 litru"},"content":{"rendered":"<p><strong><img decoding=\"async\" style=\"margin-right: 12px;\" src=\"https:\/\/www.oleaia.com\/wp-content\/uploads\/2026\/03\/Check.svg\" alt=\"\" width=\"18\" height=\"15\" \/>Eficacitate de neegalat pentru confort digestiv \u0219i echilibru revitalizant.<\/strong> Uleiul de coriandru este cea mai eficient\u0103 solu\u021bie natural\u0103 pentru sus\u021binerea armoniei digestive, promovarea echilibrului intern \u0219i \u00eencurajarea unui sentiment de bun\u0103stare revigorat. Apreciat \u00een mod tradi\u021bional \u00een tradi\u021biile de wellness pe baz\u0103 de plante, acesta ajut\u0103 la men\u021binerea confortului digestiv, contribuind \u00een acela\u0219i timp la o senza\u021bie de revitalizare atunci c\u00e2nd este utilizat \u00een mod constant ca parte a unei rutine structurate.<\/p>\n<p><strong><img decoding=\"async\" style=\"margin-right: 12px;\" src=\"https:\/\/www.oleaia.com\/wp-content\/uploads\/2026\/03\/Check.svg\" alt=\"\" width=\"18\" height=\"15\" \/>Cel mai ieftin ulei de coriandru premium disponibil.<\/strong> Suntem cei mai ieftini de pe pia\u021b\u0103, men\u021bin\u00e2nd \u00een acela\u0219i timp standarde stricte de calitate, asigur\u00e2nd o valoare excep\u021bional\u0103 f\u0103r\u0103 a compromite bog\u0103\u021bia aromatic\u0103 sau performan\u021ba. Acest pre\u021b accesibil face ca uleiul de coriandru s\u0103 fie accesibil pentru practicile zilnice de wellness \u0219i \u00eengrijire personal\u0103.<\/p>\n<p><strong><img decoding=\"async\" style=\"margin-right: 12px;\" src=\"https:\/\/www.oleaia.com\/wp-content\/uploads\/2026\/03\/Check.svg\" alt=\"\" width=\"18\" height=\"15\" \/>Livrare rapid\u0103 \u0219i fiabil\u0103 \u00een 24 de ore.<\/strong> Oferim \u00eentotdeauna livrare \u00een 24 de ore, garant\u00e2nd c\u0103 uleiul de coriandru ajunge rapid \u0219i eficient. Livrarea prompt\u0103 asigur\u0103 continuitatea ne\u00eentrerupt\u0103 \u00een rutinele de aromaterapie \u0219i \u00eengrijire holistic\u0103.<\/p>\n<p><strong><img decoding=\"async\" style=\"margin-right: 12px;\" src=\"https:\/\/www.oleaia.com\/wp-content\/uploads\/2026\/03\/Check.svg\" alt=\"\" width=\"18\" height=\"15\" \/>Garan\u021bie de restituire a banilor pentru o reasigurare complet\u0103.<\/strong> Oferim o garan\u021bie de returnare a banilor. Dac\u0103 clientul nu este mul\u021bumit, \u00eel vom rambursa. Acest angajament transparent reflect\u0103 \u00eencrederea \u00een calitatea produsului \u0219i ofer\u0103 o experien\u021b\u0103 de cump\u0103rare complet lipsit\u0103 de riscuri.<\/p>\n<p><strong><img decoding=\"async\" style=\"margin-right: 12px;\" src=\"https:\/\/www.oleaia.com\/wp-content\/uploads\/2026\/03\/Check.svg\" alt=\"\" width=\"18\" height=\"15\" \/>\u00cen \u00eentregime organic pentru o wellness botanic\u0103 autentic\u0103.<\/strong> Uleiul nostru de coriandru este \u00een \u00eentregime organic, produs cu un respect atent pentru responsabilitatea fa\u021b\u0103 de mediu \u0219i integritatea plantelor. Acest angajament asigur\u0103 alinierea la valorile vie\u021bii naturale \u0219i la tradi\u021biile aromatice curate.<\/p>\n<p><strong><img decoding=\"async\" style=\"margin-right: 12px;\" src=\"https:\/\/www.oleaia.com\/wp-content\/uploads\/2026\/03\/Check.svg\" alt=\"\" width=\"18\" height=\"15\" \/>Sus\u021bine armonia digestiv\u0103 \u0219i u\u0219urin\u021ba dup\u0103 mese.<\/strong> Uleiul de coriandru este apreciat \u00een mod tradi\u021bional pentru c\u0103 ajut\u0103 la men\u021binerea unui proces digestiv confortabil, contribuind la un mediu intern echilibrat \u0219i la un sentiment de lejeritate.<\/p>\n<p><strong><img decoding=\"async\" style=\"margin-right: 12px;\" src=\"https:\/\/www.oleaia.com\/wp-content\/uploads\/2026\/03\/Check.svg\" alt=\"\" width=\"18\" height=\"15\" \/>Promoveaz\u0103 claritatea mental\u0103 \u0219i echilibrul emo\u021bional.<\/strong> Aroma cald\u0103, u\u0219or picant\u0103 a uleiului de coriandru ajut\u0103 la crearea unei atmosfere lini\u0219titoare \u0219i \u00een\u0103l\u021b\u0103toare care sus\u021bine concentrarea, relaxarea \u0219i stabilitatea emo\u021bional\u0103.<\/p>\n<p><strong><img decoding=\"async\" style=\"margin-right: 12px;\" src=\"https:\/\/www.oleaia.com\/wp-content\/uploads\/2026\/03\/Check.svg\" alt=\"\" width=\"18\" height=\"15\" \/>\u00cencurajeaz\u0103 relaxarea muscular\u0103 \u0219i confortul corpului.<\/strong> Atunci c\u00e2nd este utilizat \u00een timpul rutinelor de masaj, uleiul de coriandru ajut\u0103 la men\u021binerea confortului muscular \u0219i a u\u0219urin\u021bei fizice dup\u0103 activit\u0103\u021bile zilnice sau efort.<\/p>\n<p><strong><img decoding=\"async\" style=\"margin-right: 12px;\" src=\"https:\/\/www.oleaia.com\/wp-content\/uploads\/2026\/03\/Check.svg\" alt=\"\" width=\"18\" height=\"15\" \/>\u00cembun\u0103t\u0103\u021be\u0219te mediile aromatice cu o arom\u0103 cald\u0103 de plante.<\/strong> Difuzat \u00een spa\u021biile de locuit, uleiul de coriandru promoveaz\u0103 o atmosfer\u0103 primitoare \u0219i r\u0103coritoare, care favorizeaz\u0103 relaxarea \u0219i claritatea mental\u0103.<\/p>\n<p><strong><img decoding=\"async\" style=\"margin-right: 12px;\" src=\"https:\/\/www.oleaia.com\/wp-content\/uploads\/2026\/03\/Check.svg\" alt=\"\" width=\"18\" height=\"15\" \/>Ideal pentru wellness sezonier \u0219i rutine digestive.<\/strong> Uleiul de coriandru este adesea \u00eencorporat \u00een practicile holistice menite s\u0103 men\u021bin\u0103 echilibrul \u00een timpul tranzi\u021biilor sezoniere.<\/p>\n<p><strong><img decoding=\"async\" style=\"margin-right: 12px;\" src=\"https:\/\/www.oleaia.com\/wp-content\/uploads\/2026\/03\/Check.svg\" alt=\"\" width=\"18\" height=\"15\" \/>Versatil pentru difuzie, masaj \u0219i utilizare intern\u0103 structurat\u0103.<\/strong> Uleiul de coriandru se integreaz\u0103 perfect \u00een practicile globale de wellness atunci c\u00e2nd este utilizat \u00een cantit\u0103\u021bi m\u0103surate corespunz\u0103tor.<\/p>\n<p><strong><img decoding=\"async\" style=\"margin-right: 12px;\" src=\"https:\/\/www.oleaia.com\/wp-content\/uploads\/2026\/03\/Check.svg\" alt=\"\" width=\"18\" height=\"15\" \/>Deja \u00eembog\u0103\u021bit cu un ulei hr\u0103nitor pentru o aplicare delicat\u0103 \u0219i confort optim.<\/strong> Uleiul nostru de coriandru este deja \u00eembog\u0103\u021bit cu un ulei nutritiv pentru a asigura o aplicare delicat\u0103, o r\u0103sp\u00e2ndire \u00eembun\u0103t\u0103\u021bit\u0103, confort optim \u0219i u\u0219urin\u021b\u0103 \u00een utilizare. Aceast\u0103 formul\u0103 bine g\u00e2ndit\u0103 \u00eembun\u0103t\u0103\u021be\u0219te alunecarea \u00een timpul masajului \u0219i asigur\u0103 o acoperire neted\u0103 \u0219i uniform\u0103 pe \u00eentreaga piele.<\/p>\n<h2><strong>Instruc\u021biuni<\/strong><\/h2>\n<ul>\n<li>Pentru utilizare aromatic\u0103, ad\u0103uga\u021bi 2-4 pic\u0103turi la un difuzor plin cu ap\u0103 \u0219i difuza\u021bi timp de 15-30 de minute.<\/li>\n<li>Pentru aplicare local\u0103, aplica\u021bi 3 p\u00e2n\u0103 la 6 pic\u0103turi pe pielea curat\u0103 \u0219i uscat\u0103 \u0219i masa\u021bi u\u0219or p\u00e2n\u0103 la absorb\u021bie.<\/li>\n<li>Pentru confort muscular, masa\u021bi 5 p\u00e2n\u0103 la 8 pic\u0103turi \u00een zonele externe vizate, cum ar fi umerii, spatele sau picioarele.<\/li>\n<li>Doza zilnic\u0103 maxim\u0103 recomandat\u0103 pentru uz topic este de aproximativ 8 p\u00e2n\u0103 la 10 pic\u0103turi \u00eemp\u0103r\u021bite pe zonele de aplicare.<\/li>\n<li>Pentru uz intern, lua\u021bi 1 pic\u0103tur\u0103 diluat\u0103 \u00eentr-o linguri\u021b\u0103 de miere sau ap\u0103 cald\u0103 o dat\u0103 pe zi.<\/li>\n<li>Nu dep\u0103\u0219i\u021bi 2 pic\u0103turi pe zi pentru uz intern, cu excep\u021bia cazului \u00een care sunte\u021bi sf\u0103tuit de un specialist.<\/li>\n<li>Efectua\u021bi un test cutanat \u00eenainte de prima utilizare extern\u0103 pentru a evalua compatibilitatea cu pielea.<\/li>\n<li>Evita\u021bi contactul cu ochii, membranele mucoase \u0219i pielea sensibil\u0103 sau iritat\u0103.<\/li>\n<li>Nu se recomand\u0103 \u00een timpul sarcinii sau al\u0103pt\u0103rii f\u0103r\u0103 consiliere profesional\u0103.<\/li>\n<li>Depozita\u021bi \u00eentr-un loc r\u0103coros, uscat, ferit de lumina direct\u0103 a soarelui \u0219i p\u0103stra\u021bi flaconul bine \u00eenchis dup\u0103 fiecare utilizare.<\/li>\n<\/ul>","protected":false},"excerpt":{"rendered":"<p>Unmatched effectiveness for digestive comfort and revitalizing balance. Coriander oil is the most effective natural solution for supporting digestive harmony, promoting internal balance, and encouraging a refreshed sense of well-being. Traditionally valued in herbal wellness traditions, it helps maintain digestive comfort while also contributing to a revitalized feeling when used consistently as part of a [&hellip;]<\/p>\n","protected":false},"featured_media":23793,"comment_status":"open","ping_status":"closed","template":"","meta":{"_uag_custom_page_level_css":"","site-sidebar-layout":"default","site-content-layout":"","ast-site-content-layout":"default","site-content-style":"default","site-sidebar-style":"default","ast-global-header-display":"","ast-banner-title-visibility":"","ast-main-header-display":"","ast-hfb-above-header-display":"","ast-hfb-below-header-display":"","ast-hfb-mobile-header-display":"","site-post-title":"","ast-breadcrumbs-content":"","ast-featured-img":"","footer-sml-layout":"","ast-disable-related-posts":"","theme-transparent-header-meta":"default","adv-header-id-meta":"","stick-header-meta":"","header-above-stick-meta":"","header-main-stick-meta":"","header-below-stick-meta":"","astra-migrate-meta-layouts":"set","ast-page-background-enabled":"default","ast-page-background-meta":{"desktop":{"background-color":"var(--ast-global-color-4)","background-image":"","background-repeat":"repeat","background-position":"center center","background-size":"auto","background-attachment":"scroll","background-type":"","background-media":"","overlay-type":"","overlay-color":"","overlay-opacity":"","overlay-gradient":""},"tablet":{"background-color":"","background-image":"","background-repeat":"repeat","background-position":"center center","background-size":"auto","background-attachment":"scroll","background-type":"","background-media":"","overlay-type":"","overlay-color":"","overlay-opacity":"","overlay-gradient":""},"mobile":{"background-color":"","background-image":"","background-repeat":"repeat","background-position":"center center","background-size":"auto","background-attachment":"scroll","background-type":"","background-media":"","overlay-type":"","overlay-color":"","overlay-opacity":"","overlay-gradient":""}},"ast-content-background-meta":{"desktop":{"background-color":"var(--ast-global-color-5)","background-image":"","background-repeat":"repeat","background-position":"center center","background-size":"auto","background-attachment":"scroll","background-type":"","background-media":"","overlay-type":"","overlay-color":"","overlay-opacity":"","overlay-gradient":""},"tablet":{"background-color":"var(--ast-global-color-5)","background-image":"","background-repeat":"repeat","background-position":"center center","background-size":"auto","background-attachment":"scroll","background-type":"","background-media":"","overlay-type":"","overlay-color":"","overlay-opacity":"","overlay-gradient":""},"mobile":{"background-color":"var(--ast-global-color-5)","background-image":"","background-repeat":"repeat","background-position":"center center","background-size":"auto","background-attachment":"scroll","background-type":"","background-media":"","overlay-type":"","overlay-color":"","overlay-opacity":"","overlay-gradient":""}}},"product_brand":[],"product_cat":[15],"product_tag":[],"class_list":{"0":"post-23775","1":"product","2":"type-product","3":"status-publish","4":"has-post-thumbnail","6":"product_cat-shop","7":"desktop-align-left","8":"tablet-align-left","9":"mobile-align-left","11":"first","12":"instock","13":"shipping-taxable","14":"purchasable","15":"product-type-simple"},"spectra_custom_meta":{"_edit_lock":["1774353005:1"],"_edit_last":["1"],"merchant-center-availability":["yes"],"merchant-center-category":["6104"],"_thumbnail_id":["23793"],"_wp_page_template":["default"],"_sku":["OLCORIANDEROIL"],"_global_unique_id":["5056773822481"],"_regular_price":["29.90"],"total_sales":["7"],"_tax_status":["taxable"],"_tax_class":[""],"_manage_stock":["no"],"_backorders":["no"],"_sold_individually":["no"],"_weight":["1.3"],"_virtual":["no"],"_downloadable":["no"],"_download_limit":["-1"],"_download_expiry":["-1"],"_stock":[null],"_stock_status":["instock"],"_wc_average_rating":["5.00"],"_wc_review_count":["13"],"_product_version":["10.5.3"],"_price":["29.90"],"site-sidebar-layout":["default"],"ast-site-content-layout":["default"],"site-content-style":["default"],"site-sidebar-style":["default"],"theme-transparent-header-meta":["default"],"_wc_rating_count":["a:1:{i:5;i:13;}"],"astra-migrate-meta-layouts":["set"],"_uag_css_file_name":["uag-css-23775.css"],"_elementor_page_assets":["a:0:{}"],"_uag_page_assets":["a:9:{s:3:\"css\";s:7156:\".uag-blocks-common-selector{z-index:var(--z-index-desktop) !important}@media (max-width: 976px){.uag-blocks-common-selector{z-index:var(--z-index-tablet) !important}}@media (max-width: 767px){.uag-blocks-common-selector{z-index:var(--z-index-mobile) !important}}\n.wp-block-uagb-image{display:flex}.wp-block-uagb-image__figure{position:relative;display:flex;flex-direction:column;max-width:100%;height:auto;margin:0}.wp-block-uagb-image__figure img{height:auto;display:flex;max-width:100%;transition:box-shadow 0.2s ease}.wp-block-uagb-image__figure>a{display:inline-block}.wp-block-uagb-image__figure figcaption{text-align:center;margin-top:0.5em;margin-bottom:1em}.wp-block-uagb-image .components-placeholder.block-editor-media-placeholder .components-placeholder__instructions{align-self:center}.wp-block-uagb-image--align-left{text-align:left}.wp-block-uagb-image--align-right{text-align:right}.wp-block-uagb-image--align-center{text-align:center}.wp-block-uagb-image--align-full .wp-block-uagb-image__figure{margin-left:calc(50% - 50vw);margin-right:calc(50% - 50vw);max-width:100vw;width:100vw;height:auto}.wp-block-uagb-image--align-full .wp-block-uagb-image__figure img{height:auto;width:100% !important}.wp-block-uagb-image--align-wide .wp-block-uagb-image__figure img{height:auto;width:100%}.wp-block-uagb-image--layout-overlay__color-wrapper{position:absolute;left:0;top:0;right:0;bottom:0;opacity:0.2;background:rgba(0,0,0,0.5);transition:opacity 0.35s ease-in-out}.wp-block-uagb-image--layout-overlay-link{position:absolute;left:0;right:0;bottom:0;top:0}.wp-block-uagb-image--layout-overlay .wp-block-uagb-image__figure:hover .wp-block-uagb-image--layout-overlay__color-wrapper{opacity:1}.wp-block-uagb-image--layout-overlay__inner{position:absolute;left:15px;right:15px;bottom:15px;top:15px;display:flex;align-items:center;justify-content:center;flex-direction:column;border-color:#fff;transition:0.35s ease-in-out}.wp-block-uagb-image--layout-overlay__inner.top-left,.wp-block-uagb-image--layout-overlay__inner.top-center,.wp-block-uagb-image--layout-overlay__inner.top-right{justify-content:flex-start}.wp-block-uagb-image--layout-overlay__inner.bottom-left,.wp-block-uagb-image--layout-overlay__inner.bottom-center,.wp-block-uagb-image--layout-overlay__inner.bottom-right{justify-content:flex-end}.wp-block-uagb-image--layout-overlay__inner.top-left,.wp-block-uagb-image--layout-overlay__inner.center-left,.wp-block-uagb-image--layout-overlay__inner.bottom-left{align-items:flex-start}.wp-block-uagb-image--layout-overlay__inner.top-right,.wp-block-uagb-image--layout-overlay__inner.center-right,.wp-block-uagb-image--layout-overlay__inner.bottom-right{align-items:flex-end}.wp-block-uagb-image--layout-overlay__inner .uagb-image-heading{color:#fff;transition:transform 0.35s, opacity 0.35s ease-in-out;transform:translate3d(0, 24px, 0);margin:0;line-height:1em}.wp-block-uagb-image--layout-overlay__inner .uagb-image-separator{width:30%;border-top-width:2px;border-top-color:#fff;border-top-style:solid;margin-bottom:10px;opacity:0;transition:transform 0.4s, opacity 0.4s ease-in-out;transform:translate3d(0, 30px, 0)}.wp-block-uagb-image--layout-overlay__inner .uagb-image-caption{opacity:0;overflow:visible;color:#fff;transition:transform 0.45s, opacity 0.45s ease-in-out;transform:translate3d(0, 35px, 0)}.wp-block-uagb-image--layout-overlay__inner:hover .uagb-image-heading,.wp-block-uagb-image--layout-overlay__inner:hover .uagb-image-separator,.wp-block-uagb-image--layout-overlay__inner:hover .uagb-image-caption{opacity:1;transform:translate3d(0, 0, 0)}.wp-block-uagb-image--effect-zoomin .wp-block-uagb-image__figure img,.wp-block-uagb-image--effect-zoomin .wp-block-uagb-image__figure .wp-block-uagb-image--layout-overlay__color-wrapper{transform:scale(1);transition:transform 0.35s ease-in-out}.wp-block-uagb-image--effect-zoomin .wp-block-uagb-image__figure:hover img,.wp-block-uagb-image--effect-zoomin .wp-block-uagb-image__figure:hover .wp-block-uagb-image--layout-overlay__color-wrapper{transform:scale(1.05)}.wp-block-uagb-image--effect-slide .wp-block-uagb-image__figure img,.wp-block-uagb-image--effect-slide .wp-block-uagb-image__figure .wp-block-uagb-image--layout-overlay__color-wrapper{width:calc(100% + 40px) !important;max-width:none !important;transform:translate3d(-40px, 0, 0);transition:transform 0.35s ease-in-out}.wp-block-uagb-image--effect-slide .wp-block-uagb-image__figure:hover img,.wp-block-uagb-image--effect-slide .wp-block-uagb-image__figure:hover .wp-block-uagb-image--layout-overlay__color-wrapper{transform:translate3d(0, 0, 0)}.wp-block-uagb-image--effect-grayscale img{filter:grayscale(0%);transition:0.35s ease-in-out}.wp-block-uagb-image--effect-grayscale:hover img{filter:grayscale(100%)}.wp-block-uagb-image--effect-blur img{filter:blur(0);transition:0.35s ease-in-out}.wp-block-uagb-image--effect-blur:hover img{filter:blur(3px)}\n.uagb-block-e6f939b3.wp-block-uagb-image--layout-default figure img{box-shadow: 0px 0px 0 #00000070;}.uagb-block-e6f939b3.wp-block-uagb-image .wp-block-uagb-image__figure figcaption{font-style: normal;align-self: center;}.uagb-block-e6f939b3.wp-block-uagb-image--layout-overlay figure img{box-shadow: 0px 0px 0 #00000070;}.uagb-block-e6f939b3.wp-block-uagb-image--layout-overlay .wp-block-uagb-image--layout-overlay__color-wrapper{opacity: 0.2;}.uagb-block-e6f939b3.wp-block-uagb-image--layout-overlay .wp-block-uagb-image--layout-overlay__inner{left: 15px;right: 15px;top: 15px;bottom: 15px;}.uagb-block-e6f939b3.wp-block-uagb-image--layout-overlay .wp-block-uagb-image--layout-overlay__inner .uagb-image-heading{font-style: normal;color: #fff;opacity: 1;}.uagb-block-e6f939b3.wp-block-uagb-image--layout-overlay .wp-block-uagb-image--layout-overlay__inner .uagb-image-heading a{color: #fff;}.uagb-block-e6f939b3.wp-block-uagb-image--layout-overlay .wp-block-uagb-image--layout-overlay__inner .uagb-image-caption{opacity: 0;}.uagb-block-e6f939b3.wp-block-uagb-image--layout-overlay .wp-block-uagb-image__figure:hover .wp-block-uagb-image--layout-overlay__color-wrapper{opacity: 1;}.uagb-block-e6f939b3.wp-block-uagb-image .wp-block-uagb-image--layout-overlay__inner .uagb-image-separator{width: 30%;border-top-width: 2px;border-top-color: #fff;opacity: 0;}.uagb-block-e6f939b3.wp-block-uagb-image .wp-block-uagb-image__figure img{width: px;height: auto;}.uagb-block-e6f939b3.wp-block-uagb-image .wp-block-uagb-image__figure:hover .wp-block-uagb-image--layout-overlay__inner .uagb-image-caption{opacity: 1;}.uagb-block-e6f939b3.wp-block-uagb-image .wp-block-uagb-image__figure:hover .wp-block-uagb-image--layout-overlay__inner .uagb-image-separator{opacity: 1;}.uagb-block-e6f939b3.wp-block-uagb-image--layout-default figure:hover img{box-shadow: 0px 0px 0 #00000070;}.uagb-block-e6f939b3.wp-block-uagb-image--layout-overlay figure:hover img{box-shadow: 0px 0px 0 #00000070;}@media only screen and (max-width: 976px) {.uagb-block-e6f939b3.wp-block-uagb-image .wp-block-uagb-image__figure img{width: px;height: auto;}}@media only screen and (max-width: 767px) {.uagb-block-e6f939b3.wp-block-uagb-image .wp-block-uagb-image__figure img{width: px;height: auto;}}\";s:2:\"js\";s:0:\"\";s:18:\"current_block_list\";a:13:{i:0;s:11:\"core\/search\";i:1;s:10:\"core\/group\";i:2;s:12:\"core\/heading\";i:3;s:17:\"core\/latest-posts\";i:4;s:20:\"core\/latest-comments\";i:5;s:13:\"core\/archives\";i:6;s:15:\"core\/categories\";i:7;s:14:\"core\/paragraph\";i:8;s:10:\"uagb\/image\";i:9;s:11:\"core\/spacer\";i:10;s:30:\"woocommerce\/product-categories\";i:11;s:10:\"core\/image\";i:12;s:14:\"core\/shortcode\";}s:8:\"uag_flag\";b:1;s:11:\"uag_version\";s:10:\"1776336382\";s:6:\"gfonts\";a:0:{}s:10:\"gfonts_url\";s:0:\"\";s:12:\"gfonts_files\";a:0:{}s:14:\"uag_faq_layout\";b:0;}"]},"uagb_featured_image_src":{"full":["https:\/\/www.oleaia.com\/wp-content\/uploads\/2025\/08\/Oleaia-Coriander-Oil-1L.jpg",2560,2560,false],"thumbnail":["https:\/\/www.oleaia.com\/wp-content\/uploads\/2025\/08\/Oleaia-Coriander-Oil-1L-150x150.jpg",150,150,true],"medium":["https:\/\/www.oleaia.com\/wp-content\/uploads\/2025\/08\/Oleaia-Coriander-Oil-1L-300x300.jpg",300,300,true],"medium_large":["https:\/\/www.oleaia.com\/wp-content\/uploads\/2025\/08\/Oleaia-Coriander-Oil-1L-768x768.jpg",768,768,true],"large":["https:\/\/www.oleaia.com\/wp-content\/uploads\/2025\/08\/Oleaia-Coriander-Oil-1L-1024x1024.jpg",1024,1024,true],"1536x1536":["https:\/\/www.oleaia.com\/wp-content\/uploads\/2025\/08\/Oleaia-Coriander-Oil-1L-1536x1536.jpg",1536,1536,true],"2048x2048":["https:\/\/www.oleaia.com\/wp-content\/uploads\/2025\/08\/Oleaia-Coriander-Oil-1L-2048x2048.jpg",2048,2048,true],"trp-custom-language-flag":["https:\/\/www.oleaia.com\/wp-content\/uploads\/2025\/08\/Oleaia-Coriander-Oil-1L-12x12.jpg",12,12,true],"woocommerce_thumbnail":["https:\/\/www.oleaia.com\/wp-content\/uploads\/2025\/08\/Oleaia-Coriander-Oil-1L-300x300.jpg",300,300,true],"woocommerce_single":["https:\/\/www.oleaia.com\/wp-content\/uploads\/2025\/08\/Oleaia-Coriander-Oil-1L-600x600.jpg",600,600,true],"woocommerce_gallery_thumbnail":["https:\/\/www.oleaia.com\/wp-content\/uploads\/2025\/08\/Oleaia-Coriander-Oil-1L-100x100.jpg",100,100,true]},"uagb_author_info":{"display_name":"admin","author_link":"https:\/\/www.oleaia.com\/ro\/author\/"},"uagb_comment_info":13,"uagb_excerpt":"Unmatched effectiveness for digestive comfort and revitalizing balance. Coriander oil is the most effective natural solution for supporting digestive harmony, promoting internal balance, and encouraging a refreshed sense of well-being. Traditionally valued in herbal wellness traditions, it helps maintain digestive comfort while also contributing to a revitalized feeling when used consistently as part of a&hellip;","_links":{"self":[{"href":"https:\/\/www.oleaia.com\/ro\/wp-json\/wp\/v2\/product\/23775","targetHints":{"allow":["GET"]}}],"collection":[{"href":"https:\/\/www.oleaia.com\/ro\/wp-json\/wp\/v2\/product"}],"about":[{"href":"https:\/\/www.oleaia.com\/ro\/wp-json\/wp\/v2\/types\/product"}],"replies":[{"embeddable":true,"href":"https:\/\/www.oleaia.com\/ro\/wp-json\/wp\/v2\/comments?post=23775"}],"version-history":[{"count":3,"href":"https:\/\/www.oleaia.com\/ro\/wp-json\/wp\/v2\/product\/23775\/revisions"}],"predecessor-version":[{"id":78241,"href":"https:\/\/www.oleaia.com\/ro\/wp-json\/wp\/v2\/product\/23775\/revisions\/78241"}],"wp:featuredmedia":[{"embeddable":true,"href":"https:\/\/www.oleaia.com\/ro\/wp-json\/wp\/v2\/media\/23793"}],"wp:attachment":[{"href":"https:\/\/www.oleaia.com\/ro\/wp-json\/wp\/v2\/media?parent=23775"}],"wp:term":[{"taxonomy":"product_brand","embeddable":true,"href":"https:\/\/www.oleaia.com\/ro\/wp-json\/wp\/v2\/product_brand?post=23775"},{"taxonomy":"product_cat","embeddable":true,"href":"https:\/\/www.oleaia.com\/ro\/wp-json\/wp\/v2\/product_cat?post=23775"},{"taxonomy":"product_tag","embeddable":true,"href":"https:\/\/www.oleaia.com\/ro\/wp-json\/wp\/v2\/product_tag?post=23775"}],"curies":[{"name":"wp","href":"https:\/\/api.w.org\/{rel}","templated":true}]}}