{"id":3,"date":"2025-04-10T11:35:39","date_gmt":"2025-04-10T09:35:39","guid":{"rendered":"https:\/\/www.stoprodent.com\/?page_id=3"},"modified":"2025-07-18T16:34:45","modified_gmt":"2025-07-18T14:34:45","slug":"privacy-policy","status":"publish","type":"page","link":"https:\/\/www.oleaia.com\/se\/privacy-policy\/","title":{"rendered":"Integritetspolicy"},"content":{"rendered":"<p><strong>Artikel 1. Presentation av webbplatsen<\/strong><\/p>\n\n\n\n<p>F\u00f6r webbplatsens anv\u00e4ndare anges identiteten p\u00e5 de olika intressenterna i samband med genomf\u00f6randet och uppf\u00f6ljningen :<\/p>\n\n\n\n<p>\u00c4gare : Oleaia LLC<br>Adress: 213 N Market Street #1042, Wilmington, DE 19801, USA<br>Aktiekapital: USD 100.000<br>Juridisk form : Aktiebolag med begr\u00e4nsat ansvar<br>Arkivnummer: 10141920<\/p>\n\n\n\n<p>V\u00e4rd : OVH SAS, 2 rue Kellermann, Roubaix, 59100, Frankrike<\/p>\n\n\n\n<p><strong>Artikel 2. Allm\u00e4nna villkor f\u00f6r anv\u00e4ndning<\/strong>&nbsp;<strong>av webbplatsen och de tj\u00e4nster som erbjuds<\/strong><\/p>\n\n\n\n<p>Anv\u00e4ndningen av webbplatsen inneb\u00e4r ett fullst\u00e4ndigt godk\u00e4nnande av de allm\u00e4nna anv\u00e4ndningsvillkor som beskrivs nedan. Dessa anv\u00e4ndarvillkor kan n\u00e4r som helst \u00e4ndras eller kompletteras, och webbplatsens anv\u00e4ndare uppmanas d\u00e4rf\u00f6r att regelbundet ta del av dem.<\/p>\n\n\n\n<p>Denna webbplats \u00e4r normalt tillg\u00e4nglig f\u00f6r anv\u00e4ndare n\u00e4r som helst. Ett avbrott p\u00e5 grund av tekniskt underh\u00e5ll kan dock beslutas av Oleaia LLC , som d\u00e5 kommer att str\u00e4va efter att kommunicera till anv\u00e4ndarna f\u00f6re datum och tider f\u00f6r ingripandet.<\/p>\n\n\n\n<p>Webbplatsen uppdateras regelbundet av Oleaia LLC . P\u00e5 samma s\u00e4tt kan de juridiska meddelandena \u00e4ndras n\u00e4r som helst : de p\u00e5tvingar sig \u00e4nd\u00e5 anv\u00e4ndaren som uppmanas att h\u00e4nvisa till dem s\u00e5 ofta som m\u00f6jligt f\u00f6r att bekanta sig med dem.<\/p>\n\n\n\n<p><strong>Artikel 3. Beskrivning av de tj\u00e4nster som tillhandah\u00e5lls<\/strong><\/p>\n\n\n\n<p>Syftet med webbplatsen \u00e4r att ge information om bolagets samtliga aktiviteter.<\/p>\n\n\n\n<p>Oleaia LLC str\u00e4var efter att tillhandah\u00e5lla information p\u00e5 webbplatsen som \u00e4r s\u00e5 korrekt som m\u00f6jligt. Det kan dock inte h\u00e5llas ansvarigt f\u00f6r utel\u00e4mnanden, felaktigheter och brister i uppdateringen, vare sig av sig sj\u00e4lv eller av de tredjepartspartners som tillhandah\u00e5ller den h\u00e4r informationen.<\/p>\n\n\n\n<p>All information som anges p\u00e5 webbplatsen ges endast i informationssyfte och kan komma att \u00e4ndras. Informationen p\u00e5 webbplatsen \u00e4r inte heller utt\u00f6mmande. De ges med f\u00f6rbeh\u00e5ll f\u00f6r att \u00e4ndringar kan ha gjorts sedan de lades ut p\u00e5 n\u00e4tet.<\/p>\n\n\n\n<p><strong>Artikel 4. Avtalsm\u00e4ssiga begr\u00e4nsningar avseende tekniska data<\/strong><\/p>\n\n\n\n<p>Webbplatsen anv\u00e4nder JavaScript-teknik.<\/p>\n\n\n\n<p>Webbplatsen kan inte h\u00e5llas ansvarig f\u00f6r materiella skador relaterade till anv\u00e4ndningen av webbplatsen. Dessutom samtycker anv\u00e4ndaren av webbplatsen till att komma \u00e5t webbplatsen med hj\u00e4lp av ny utrustning, som inte inneh\u00e5ller virus och med en uppdaterad webbl\u00e4sare av den senaste generationen.<\/p>\n\n\n\n<p><strong>Artikel 5. Immateriella r\u00e4ttigheter och varum\u00e4rkesf\u00f6rfalskningar<\/strong><\/p>\n\n\n\n<p>Oleaia LLC \u00e4r \u00e4gare till immateriella r\u00e4ttigheter eller innehar anv\u00e4ndarr\u00e4ttigheterna f\u00f6r alla element som \u00e4r tillg\u00e4ngliga p\u00e5 webbplatsen, s\u00e4rskilt texter, bilder, grafik, logotyp, ikoner, ljud, programvara.<\/p>\n\n\n\n<p>All reproduktion, representation, modifiering, publicering, anpassning av hela eller delar av webbplatsens element, oavsett vilket medel eller vilken process som anv\u00e4nds, \u00e4r f\u00f6rbjuden, f\u00f6rutom med f\u00f6reg\u00e5ende skriftligt tillst\u00e5nd fr\u00e5n : Oleaia LLC .<\/p>\n\n\n\n<p>All obeh\u00f6rig anv\u00e4ndning av webbplatsen eller n\u00e5got av de element som den inneh\u00e5ller kommer att betraktas som ett intr\u00e5ng och \u00e5talas.<\/p>\n\n\n\n<p><strong>Artikel 6. Begr\u00e4nsning av ansvar<\/strong><\/p>\n\n\n\n<p>Oleaia LLC kan inte h\u00e5llas ansvarigt f\u00f6r direkta eller indirekta skador som orsakas av anv\u00e4ndarens utrustning vid \u00e5tkomst till webbplatsen och som antingen beror p\u00e5 anv\u00e4ndning av utrustning som inte uppfyller specifikationerna som anges i punkt 4, antingen uppkomsten av en bugg eller en inkompatibilitet.<\/p>\n\n\n\n<p>Oleaia kan inte heller h\u00e5llas ansvarigt f\u00f6r f\u00f6ljdskador (s\u00e5som f\u00f6rlust av marknad eller f\u00f6rlust av m\u00f6jlighet) som uppst\u00e5r till f\u00f6ljd av anv\u00e4ndningen av webbplatsen.<\/p>\n\n\n\n<p>Interaktiva utrymmen (m\u00f6jlighet att st\u00e4lla fr\u00e5gor i kontaktutrymmet) \u00e4r tillg\u00e4ngliga f\u00f6r anv\u00e4ndarna. Oleaia LLC f\u00f6rbeh\u00e5ller sig r\u00e4tten att utan f\u00f6reg\u00e5ende meddelande radera allt inneh\u00e5ll som publiceras i detta utrymme som skulle strida mot till\u00e4mplig lagstiftning i s\u00e4ljarens hemland, s\u00e4rskilt best\u00e4mmelserna om dataskydd. I f\u00f6rekommande fall f\u00f6rbeh\u00e5ller sig Oleaia LLC ocks\u00e5 r\u00e4tten att ifr\u00e5gas\u00e4tta anv\u00e4ndarens civilr\u00e4ttsliga och \/ eller straffr\u00e4ttsliga ansvar, s\u00e4rskilt i h\u00e4ndelse av ett rasistiskt, kr\u00e4nkande, \u00e4rekr\u00e4nkande eller pornografiskt meddelande, oavsett vilket medium som anv\u00e4nds (text, fotografi etc.).<\/p>\n\n\n\n<p><strong>Artikel 7. Hantering av personuppgifter<\/strong><\/p>\n\n\n\n<p>Vid anv\u00e4ndning av webbplatsen kan f\u00f6ljande uppgifter samlas in: webbadressen till de l\u00e4nkar genom vilka anv\u00e4ndaren kommer till webbplatsen, anv\u00e4ndarens leverant\u00f6r av \u00e5tkomst, anv\u00e4ndarens IP-adress (Internet Protocol Address).<\/p>\n\n\n\n<p>I vilket fall som helst samlar Oleaia LLC endast in personlig information om anv\u00e4ndaren f\u00f6r behovet av vissa tj\u00e4nster som erbjuds av webbplatsen. Anv\u00e4ndaren tillhandah\u00e5ller denna information med full k\u00e4nnedom om fakta, s\u00e4rskilt n\u00e4r han sj\u00e4lv anger den. Det specificeras sedan f\u00f6r anv\u00e4ndaren av webbplatsen skyldigheten eller inte att tillhandah\u00e5lla denna information.<\/p>\n\n\n\n<p>I enlighet med best\u00e4mmelserna om databehandling, filer och friheter har varje anv\u00e4ndare r\u00e4tt att f\u00e5 tillg\u00e5ng till, r\u00e4tta till och inv\u00e4nda mot personuppgifter som r\u00f6r honom genom att g\u00f6ra en skriftlig och undertecknad beg\u00e4ran, \u00e5tf\u00f6ljd av en kopia av identitetshandlingen med underskrift av innehavaren av handlingen, med angivande av den adress till vilken svaret ska skickas.<\/p>\n\n\n\n<p>Ingen personlig information om anv\u00e4ndaren av webbplatsen publiceras utan anv\u00e4ndarens vetskap, utbyts, \u00f6verf\u00f6rs, tilldelas eller s\u00e4ljs p\u00e5 n\u00e5got medium \u00f6verhuvudtaget till tredje part. Endast antagandet om f\u00f6rv\u00e4rvet av Oleaia LLC och dess r\u00e4ttigheter skulle till\u00e5ta \u00f6verf\u00f6ring av n\u00e4mnda information till den potentiella k\u00f6paren som i sin tur skulle vara bunden av samma skyldighet att lagra och \u00e4ndra data med avseende p\u00e5 anv\u00e4ndaren av webbplatsen. webb.<\/p>\n\n\n\n<p>Databaserna skyddas av best\u00e4mmelserna om r\u00e4ttsligt skydd f\u00f6r databaser.<\/p>\n\n\n\n<p><strong>Artikel 8. Hypertextl\u00e4nkar och cookies<\/strong><\/p>\n\n\n\n<p>Webbplatsen inneh\u00e5ller ett antal hypertextl\u00e4nkar till andra webbplatser, inf\u00f6rda med tillst\u00e5nd fr\u00e5n Oleaia LLC . Oleaia LLC har dock inte m\u00f6jlighet att verifiera inneh\u00e5llet p\u00e5 de webbplatser som bes\u00f6ks p\u00e5 detta s\u00e4tt och tar d\u00e4rf\u00f6r inget ansvar f\u00f6r detta faktum.<\/p>\n\n\n\n<p>N\u00e4r du surfar p\u00e5 webbplatsen kommer det sannolikt att installeras en eller flera cookies p\u00e5 anv\u00e4ndarens dator. En cookie \u00e4r en liten fil som inte g\u00f6r det m\u00f6jligt att identifiera anv\u00e4ndaren, men som registrerar information om hur en dator navigerar p\u00e5 en webbplats. De uppgifter som samlas in p\u00e5 detta s\u00e4tt \u00e4r avsedda att underl\u00e4tta efterf\u00f6ljande navigering p\u00e5 webbplatsen, och \u00e4r ocks\u00e5 avsedda att m\u00f6jligg\u00f6ra olika m\u00e4tningar av n\u00e4rvaro.<\/p>\n\n\n\n<p>Om man v\u00e4grar att installera en cookie kan det inneb\u00e4ra att man inte f\u00e5r tillg\u00e5ng till vissa tj\u00e4nster. Anv\u00e4ndaren kan dock konfigurera sin dator p\u00e5 f\u00f6ljande s\u00e4tt f\u00f6r att v\u00e4gra installation av cookies :<\/p>\n\n\n\n<p>I Internet Explorer : verktygsfliken (piktogram i form av en kugge l\u00e4ngst upp till h\u00f6ger) \/ internetalternativ. Klicka p\u00e5 Sekretess och v\u00e4lj Blockera alla cookies. Validera p\u00e5 Ok.<\/p>\n\n\n\n<p>Under Firefox : l\u00e4ngst upp i webbl\u00e4sarf\u00f6nstret klickar du p\u00e5 Firefox-knappen och g\u00e5r sedan till fliken Alternativ. Klicka p\u00e5 fliken Sekretess. St\u00e4ll in lagringsreglerna till : anv\u00e4nd anpassade inst\u00e4llningar f\u00f6r historik. Avmarkera slutligen f\u00f6r att inaktivera cookies.<\/p>\n\n\n\n<p>I Safari : Klicka l\u00e4ngst upp till h\u00f6ger i webbl\u00e4saren p\u00e5 menyikonen (symboliserad av en kugge). V\u00e4lj Inst\u00e4llningar. Klicka p\u00e5 Visa avancerade inst\u00e4llningar. I avsnittet \"Sekretess\" klickar du p\u00e5 Inneh\u00e5llsinst\u00e4llningar. I avsnittet \"Cookies\" kan du blockera cookies.<\/p>\n\n\n\n<p>I Chrome : Klicka l\u00e4ngst upp till h\u00f6ger i webbl\u00e4saren p\u00e5 menyikonen (symboliserad av tre horisontella linjer). V\u00e4lj Inst\u00e4llningar. Klicka p\u00e5 Visa avancerade inst\u00e4llningar. I avsnittet \"Sekretess\" klickar du p\u00e5 preferenser. P\u00e5 fliken \"Sekretess\" kan du blockera cookies.<strong>&nbsp;<\/strong><\/p>\n\n\n\n<p><strong>Artikel 9. Till\u00e4mplig lag och tilldelning av beh\u00f6righet<\/strong><\/p>\n\n\n\n<p>Alla tvister i samband med anv\u00e4ndningen av webbplatsen omfattas av g\u00e4llande lag i det land d\u00e4r s\u00e4ljaren har sin hemvist. Exklusiv jurisdiktion ges till de beh\u00f6riga domstolarna i s\u00e4ljarens hemland.<\/p>\n\n\n\n<p><strong>Artikel 10. Ordlista<\/strong>&nbsp;<\/p>\n\n\n\n<p>Anv\u00e4ndare : Internetanv\u00e4ndare som ansluter och anv\u00e4nder den ovann\u00e4mnda webbplatsen.<\/p>\n\n\n\n<p>Personuppgifter : Uppgifter som p\u00e5 n\u00e5got s\u00e4tt, direkt eller indirekt, g\u00f6r det m\u00f6jligt att identifiera de fysiska personer som de avser.<\/p>","protected":false},"excerpt":{"rendered":"<p>Article 1. Presentation of the site It is specified to users of the website the identity of the various stakeholders in the context of its realization and its follow-up : Owner : Oleaia LLCAddress : 213 N Market Street #1042, Wilmington, DE 19801, USAShare capital : USD 100,000Legal form : Limited liability companyFile number : [&hellip;]<\/p>\n","protected":false},"author":1,"featured_media":0,"parent":0,"menu_order":0,"comment_status":"closed","ping_status":"open","template":"","meta":{"_uag_custom_page_level_css":"","site-sidebar-layout":"default","site-content-layout":"","ast-site-content-layout":"default","site-content-style":"default","site-sidebar-style":"default","ast-global-header-display":"","ast-banner-title-visibility":"","ast-main-header-display":"","ast-hfb-above-header-display":"","ast-hfb-below-header-display":"","ast-hfb-mobile-header-display":"","site-post-title":"","ast-breadcrumbs-content":"","ast-featured-img":"","footer-sml-layout":"","ast-disable-related-posts":"","theme-transparent-header-meta":"","adv-header-id-meta":"","stick-header-meta":"","header-above-stick-meta":"","header-main-stick-meta":"","header-below-stick-meta":"","astra-migrate-meta-layouts":"set","ast-page-background-enabled":"default","ast-page-background-meta":{"desktop":{"background-color":"var(--ast-global-color-4)","background-image":"","background-repeat":"repeat","background-position":"center center","background-size":"auto","background-attachment":"scroll","background-type":"","background-media":"","overlay-type":"","overlay-color":"","overlay-opacity":"","overlay-gradient":""},"tablet":{"background-color":"","background-image":"","background-repeat":"repeat","background-position":"center center","background-size":"auto","background-attachment":"scroll","background-type":"","background-media":"","overlay-type":"","overlay-color":"","overlay-opacity":"","overlay-gradient":""},"mobile":{"background-color":"","background-image":"","background-repeat":"repeat","background-position":"center center","background-size":"auto","background-attachment":"scroll","background-type":"","background-media":"","overlay-type":"","overlay-color":"","overlay-opacity":"","overlay-gradient":""}},"ast-content-background-meta":{"desktop":{"background-color":"var(--ast-global-color-5)","background-image":"","background-repeat":"repeat","background-position":"center center","background-size":"auto","background-attachment":"scroll","background-type":"","background-media":"","overlay-type":"","overlay-color":"","overlay-opacity":"","overlay-gradient":""},"tablet":{"background-color":"var(--ast-global-color-5)","background-image":"","background-repeat":"repeat","background-position":"center center","background-size":"auto","background-attachment":"scroll","background-type":"","background-media":"","overlay-type":"","overlay-color":"","overlay-opacity":"","overlay-gradient":""},"mobile":{"background-color":"var(--ast-global-color-5)","background-image":"","background-repeat":"repeat","background-position":"center center","background-size":"auto","background-attachment":"scroll","background-type":"","background-media":"","overlay-type":"","overlay-color":"","overlay-opacity":"","overlay-gradient":""}},"footnotes":""},"class_list":["post-3","page","type-page","status-publish","hentry"],"spectra_custom_meta":{"_wp_page_template":["default"],"_wpml_word_count":["1292"],"_edit_lock":["1752849289:1"],"_wpml_location_migration_done":["1"],"_edit_last":["1"],"_wpml_media_duplicate":["1"],"_wpml_media_featured":["1"],"rank_math_news_sitemap_robots":["index"],"rank_math_robots":["a:1:{i:0;s:5:\"index\";}"],"_uag_custom_page_level_css":[""],"site-sidebar-layout":["default"],"site-content-layout":[""],"ast-site-content-layout":["default"],"site-content-style":["default"],"site-sidebar-style":["default"],"ast-global-header-display":[""],"ast-banner-title-visibility":[""],"ast-main-header-display":[""],"ast-hfb-above-header-display":[""],"ast-hfb-below-header-display":[""],"ast-hfb-mobile-header-display":[""],"site-post-title":[""],"ast-breadcrumbs-content":[""],"ast-featured-img":[""],"footer-sml-layout":[""],"theme-transparent-header-meta":[""],"adv-header-id-meta":[""],"stick-header-meta":[""],"header-above-stick-meta":[""],"header-main-stick-meta":[""],"header-below-stick-meta":[""],"astra-migrate-meta-layouts":["set"],"ast-page-background-enabled":["default"],"ast-page-background-meta":["a:3:{s:7:\"desktop\";a:12:{s:16:\"background-color\";s:25:\"var(--ast-global-color-4)\";s:16:\"background-image\";s:0:\"\";s:17:\"background-repeat\";s:6:\"repeat\";s:19:\"background-position\";s:13:\"center center\";s:15:\"background-size\";s:4:\"auto\";s:21:\"background-attachment\";s:6:\"scroll\";s:15:\"background-type\";s:0:\"\";s:16:\"background-media\";s:0:\"\";s:12:\"overlay-type\";s:0:\"\";s:13:\"overlay-color\";s:0:\"\";s:15:\"overlay-opacity\";s:0:\"\";s:16:\"overlay-gradient\";s:0:\"\";}s:6:\"tablet\";a:12:{s:16:\"background-color\";s:0:\"\";s:16:\"background-image\";s:0:\"\";s:17:\"background-repeat\";s:6:\"repeat\";s:19:\"background-position\";s:13:\"center center\";s:15:\"background-size\";s:4:\"auto\";s:21:\"background-attachment\";s:6:\"scroll\";s:15:\"background-type\";s:0:\"\";s:16:\"background-media\";s:0:\"\";s:12:\"overlay-type\";s:0:\"\";s:13:\"overlay-color\";s:0:\"\";s:15:\"overlay-opacity\";s:0:\"\";s:16:\"overlay-gradient\";s:0:\"\";}s:6:\"mobile\";a:12:{s:16:\"background-color\";s:0:\"\";s:16:\"background-image\";s:0:\"\";s:17:\"background-repeat\";s:6:\"repeat\";s:19:\"background-position\";s:13:\"center center\";s:15:\"background-size\";s:4:\"auto\";s:21:\"background-attachment\";s:6:\"scroll\";s:15:\"background-type\";s:0:\"\";s:16:\"background-media\";s:0:\"\";s:12:\"overlay-type\";s:0:\"\";s:13:\"overlay-color\";s:0:\"\";s:15:\"overlay-opacity\";s:0:\"\";s:16:\"overlay-gradient\";s:0:\"\";}}"],"ast-content-background-meta":["a:3:{s:7:\"desktop\";a:12:{s:16:\"background-color\";s:25:\"var(--ast-global-color-5)\";s:16:\"background-image\";s:0:\"\";s:17:\"background-repeat\";s:6:\"repeat\";s:19:\"background-position\";s:13:\"center center\";s:15:\"background-size\";s:4:\"auto\";s:21:\"background-attachment\";s:6:\"scroll\";s:15:\"background-type\";s:0:\"\";s:16:\"background-media\";s:0:\"\";s:12:\"overlay-type\";s:0:\"\";s:13:\"overlay-color\";s:0:\"\";s:15:\"overlay-opacity\";s:0:\"\";s:16:\"overlay-gradient\";s:0:\"\";}s:6:\"tablet\";a:12:{s:16:\"background-color\";s:25:\"var(--ast-global-color-5)\";s:16:\"background-image\";s:0:\"\";s:17:\"background-repeat\";s:6:\"repeat\";s:19:\"background-position\";s:13:\"center center\";s:15:\"background-size\";s:4:\"auto\";s:21:\"background-attachment\";s:6:\"scroll\";s:15:\"background-type\";s:0:\"\";s:16:\"background-media\";s:0:\"\";s:12:\"overlay-type\";s:0:\"\";s:13:\"overlay-color\";s:0:\"\";s:15:\"overlay-opacity\";s:0:\"\";s:16:\"overlay-gradient\";s:0:\"\";}s:6:\"mobile\";a:12:{s:16:\"background-color\";s:25:\"var(--ast-global-color-5)\";s:16:\"background-image\";s:0:\"\";s:17:\"background-repeat\";s:6:\"repeat\";s:19:\"background-position\";s:13:\"center center\";s:15:\"background-size\";s:4:\"auto\";s:21:\"background-attachment\";s:6:\"scroll\";s:15:\"background-type\";s:0:\"\";s:16:\"background-media\";s:0:\"\";s:12:\"overlay-type\";s:0:\"\";s:13:\"overlay-color\";s:0:\"\";s:15:\"overlay-opacity\";s:0:\"\";s:16:\"overlay-gradient\";s:0:\"\";}}"],"footnotes":[""],"_elementor_edit_mode":[""],"_elementor_template_type":[""],"_elementor_data":[""],"_elementor_conditions":["a:0:{}"],"_uag_css_file_name":["uag-css-3.css"],"_uag_page_assets":["a:9:{s:3:\"css\";s:7156:\".uag-blocks-common-selector{z-index:var(--z-index-desktop) !important}@media (max-width: 976px){.uag-blocks-common-selector{z-index:var(--z-index-tablet) !important}}@media (max-width: 767px){.uag-blocks-common-selector{z-index:var(--z-index-mobile) !important}}\n.wp-block-uagb-image{display:flex}.wp-block-uagb-image__figure{position:relative;display:flex;flex-direction:column;max-width:100%;height:auto;margin:0}.wp-block-uagb-image__figure img{height:auto;display:flex;max-width:100%;transition:box-shadow 0.2s ease}.wp-block-uagb-image__figure>a{display:inline-block}.wp-block-uagb-image__figure figcaption{text-align:center;margin-top:0.5em;margin-bottom:1em}.wp-block-uagb-image .components-placeholder.block-editor-media-placeholder .components-placeholder__instructions{align-self:center}.wp-block-uagb-image--align-left{text-align:left}.wp-block-uagb-image--align-right{text-align:right}.wp-block-uagb-image--align-center{text-align:center}.wp-block-uagb-image--align-full .wp-block-uagb-image__figure{margin-left:calc(50% - 50vw);margin-right:calc(50% - 50vw);max-width:100vw;width:100vw;height:auto}.wp-block-uagb-image--align-full .wp-block-uagb-image__figure img{height:auto;width:100% !important}.wp-block-uagb-image--align-wide .wp-block-uagb-image__figure img{height:auto;width:100%}.wp-block-uagb-image--layout-overlay__color-wrapper{position:absolute;left:0;top:0;right:0;bottom:0;opacity:0.2;background:rgba(0,0,0,0.5);transition:opacity 0.35s ease-in-out}.wp-block-uagb-image--layout-overlay-link{position:absolute;left:0;right:0;bottom:0;top:0}.wp-block-uagb-image--layout-overlay .wp-block-uagb-image__figure:hover .wp-block-uagb-image--layout-overlay__color-wrapper{opacity:1}.wp-block-uagb-image--layout-overlay__inner{position:absolute;left:15px;right:15px;bottom:15px;top:15px;display:flex;align-items:center;justify-content:center;flex-direction:column;border-color:#fff;transition:0.35s ease-in-out}.wp-block-uagb-image--layout-overlay__inner.top-left,.wp-block-uagb-image--layout-overlay__inner.top-center,.wp-block-uagb-image--layout-overlay__inner.top-right{justify-content:flex-start}.wp-block-uagb-image--layout-overlay__inner.bottom-left,.wp-block-uagb-image--layout-overlay__inner.bottom-center,.wp-block-uagb-image--layout-overlay__inner.bottom-right{justify-content:flex-end}.wp-block-uagb-image--layout-overlay__inner.top-left,.wp-block-uagb-image--layout-overlay__inner.center-left,.wp-block-uagb-image--layout-overlay__inner.bottom-left{align-items:flex-start}.wp-block-uagb-image--layout-overlay__inner.top-right,.wp-block-uagb-image--layout-overlay__inner.center-right,.wp-block-uagb-image--layout-overlay__inner.bottom-right{align-items:flex-end}.wp-block-uagb-image--layout-overlay__inner .uagb-image-heading{color:#fff;transition:transform 0.35s, opacity 0.35s ease-in-out;transform:translate3d(0, 24px, 0);margin:0;line-height:1em}.wp-block-uagb-image--layout-overlay__inner .uagb-image-separator{width:30%;border-top-width:2px;border-top-color:#fff;border-top-style:solid;margin-bottom:10px;opacity:0;transition:transform 0.4s, opacity 0.4s ease-in-out;transform:translate3d(0, 30px, 0)}.wp-block-uagb-image--layout-overlay__inner .uagb-image-caption{opacity:0;overflow:visible;color:#fff;transition:transform 0.45s, opacity 0.45s ease-in-out;transform:translate3d(0, 35px, 0)}.wp-block-uagb-image--layout-overlay__inner:hover .uagb-image-heading,.wp-block-uagb-image--layout-overlay__inner:hover .uagb-image-separator,.wp-block-uagb-image--layout-overlay__inner:hover .uagb-image-caption{opacity:1;transform:translate3d(0, 0, 0)}.wp-block-uagb-image--effect-zoomin .wp-block-uagb-image__figure img,.wp-block-uagb-image--effect-zoomin .wp-block-uagb-image__figure .wp-block-uagb-image--layout-overlay__color-wrapper{transform:scale(1);transition:transform 0.35s ease-in-out}.wp-block-uagb-image--effect-zoomin .wp-block-uagb-image__figure:hover img,.wp-block-uagb-image--effect-zoomin .wp-block-uagb-image__figure:hover .wp-block-uagb-image--layout-overlay__color-wrapper{transform:scale(1.05)}.wp-block-uagb-image--effect-slide .wp-block-uagb-image__figure img,.wp-block-uagb-image--effect-slide .wp-block-uagb-image__figure .wp-block-uagb-image--layout-overlay__color-wrapper{width:calc(100% + 40px) !important;max-width:none !important;transform:translate3d(-40px, 0, 0);transition:transform 0.35s ease-in-out}.wp-block-uagb-image--effect-slide .wp-block-uagb-image__figure:hover img,.wp-block-uagb-image--effect-slide .wp-block-uagb-image__figure:hover .wp-block-uagb-image--layout-overlay__color-wrapper{transform:translate3d(0, 0, 0)}.wp-block-uagb-image--effect-grayscale img{filter:grayscale(0%);transition:0.35s ease-in-out}.wp-block-uagb-image--effect-grayscale:hover img{filter:grayscale(100%)}.wp-block-uagb-image--effect-blur img{filter:blur(0);transition:0.35s ease-in-out}.wp-block-uagb-image--effect-blur:hover img{filter:blur(3px)}\n.uagb-block-e6f939b3.wp-block-uagb-image--layout-default figure img{box-shadow: 0px 0px 0 #00000070;}.uagb-block-e6f939b3.wp-block-uagb-image .wp-block-uagb-image__figure figcaption{font-style: normal;align-self: center;}.uagb-block-e6f939b3.wp-block-uagb-image--layout-overlay figure img{box-shadow: 0px 0px 0 #00000070;}.uagb-block-e6f939b3.wp-block-uagb-image--layout-overlay .wp-block-uagb-image--layout-overlay__color-wrapper{opacity: 0.2;}.uagb-block-e6f939b3.wp-block-uagb-image--layout-overlay .wp-block-uagb-image--layout-overlay__inner{left: 15px;right: 15px;top: 15px;bottom: 15px;}.uagb-block-e6f939b3.wp-block-uagb-image--layout-overlay .wp-block-uagb-image--layout-overlay__inner .uagb-image-heading{font-style: normal;color: #fff;opacity: 1;}.uagb-block-e6f939b3.wp-block-uagb-image--layout-overlay .wp-block-uagb-image--layout-overlay__inner .uagb-image-heading a{color: #fff;}.uagb-block-e6f939b3.wp-block-uagb-image--layout-overlay .wp-block-uagb-image--layout-overlay__inner .uagb-image-caption{opacity: 0;}.uagb-block-e6f939b3.wp-block-uagb-image--layout-overlay .wp-block-uagb-image__figure:hover .wp-block-uagb-image--layout-overlay__color-wrapper{opacity: 1;}.uagb-block-e6f939b3.wp-block-uagb-image .wp-block-uagb-image--layout-overlay__inner .uagb-image-separator{width: 30%;border-top-width: 2px;border-top-color: #fff;opacity: 0;}.uagb-block-e6f939b3.wp-block-uagb-image .wp-block-uagb-image__figure img{width: px;height: auto;}.uagb-block-e6f939b3.wp-block-uagb-image .wp-block-uagb-image__figure:hover .wp-block-uagb-image--layout-overlay__inner .uagb-image-caption{opacity: 1;}.uagb-block-e6f939b3.wp-block-uagb-image .wp-block-uagb-image__figure:hover .wp-block-uagb-image--layout-overlay__inner .uagb-image-separator{opacity: 1;}.uagb-block-e6f939b3.wp-block-uagb-image--layout-default figure:hover img{box-shadow: 0px 0px 0 #00000070;}.uagb-block-e6f939b3.wp-block-uagb-image--layout-overlay figure:hover img{box-shadow: 0px 0px 0 #00000070;}@media only screen and (max-width: 976px) {.uagb-block-e6f939b3.wp-block-uagb-image .wp-block-uagb-image__figure img{width: px;height: auto;}}@media only screen and (max-width: 767px) {.uagb-block-e6f939b3.wp-block-uagb-image .wp-block-uagb-image__figure img{width: px;height: auto;}}\";s:2:\"js\";s:0:\"\";s:18:\"current_block_list\";a:13:{i:0;s:14:\"core\/paragraph\";i:1;s:11:\"core\/search\";i:2;s:10:\"core\/group\";i:3;s:12:\"core\/heading\";i:4;s:17:\"core\/latest-posts\";i:5;s:20:\"core\/latest-comments\";i:6;s:13:\"core\/archives\";i:7;s:15:\"core\/categories\";i:8;s:10:\"uagb\/image\";i:9;s:11:\"core\/spacer\";i:10;s:30:\"woocommerce\/product-categories\";i:11;s:10:\"core\/image\";i:12;s:14:\"core\/shortcode\";}s:8:\"uag_flag\";b:1;s:11:\"uag_version\";s:10:\"1776323510\";s:6:\"gfonts\";a:0:{}s:10:\"gfonts_url\";s:0:\"\";s:12:\"gfonts_files\";a:0:{}s:14:\"uag_faq_layout\";b:0;}"]},"uagb_featured_image_src":{"full":false,"thumbnail":false,"medium":false,"medium_large":false,"large":false,"1536x1536":false,"2048x2048":false,"trp-custom-language-flag":false,"woocommerce_thumbnail":false,"woocommerce_single":false,"woocommerce_gallery_thumbnail":false},"uagb_author_info":{"display_name":"admin","author_link":"https:\/\/www.oleaia.com\/se\/author\/admin2721\/"},"uagb_comment_info":0,"uagb_excerpt":"Article 1. Presentation of the site It is specified to users of the website the identity of the various stakeholders in the context of its realization and its follow-up : Owner : Oleaia LLCAddress : 213 N Market Street #1042, Wilmington, DE 19801, USAShare capital : USD 100,000Legal form : Limited liability companyFile number :&hellip;","_links":{"self":[{"href":"https:\/\/www.oleaia.com\/se\/wp-json\/wp\/v2\/pages\/3","targetHints":{"allow":["GET"]}}],"collection":[{"href":"https:\/\/www.oleaia.com\/se\/wp-json\/wp\/v2\/pages"}],"about":[{"href":"https:\/\/www.oleaia.com\/se\/wp-json\/wp\/v2\/types\/page"}],"author":[{"embeddable":true,"href":"https:\/\/www.oleaia.com\/se\/wp-json\/wp\/v2\/users\/1"}],"replies":[{"embeddable":true,"href":"https:\/\/www.oleaia.com\/se\/wp-json\/wp\/v2\/comments?post=3"}],"version-history":[{"count":4,"href":"https:\/\/www.oleaia.com\/se\/wp-json\/wp\/v2\/pages\/3\/revisions"}],"predecessor-version":[{"id":23021,"href":"https:\/\/www.oleaia.com\/se\/wp-json\/wp\/v2\/pages\/3\/revisions\/23021"}],"wp:attachment":[{"href":"https:\/\/www.oleaia.com\/se\/wp-json\/wp\/v2\/media?parent=3"}],"curies":[{"name":"wp","href":"https:\/\/api.w.org\/{rel}","templated":true}]}}