{"id":23129,"date":"2025-07-26T13:03:28","date_gmt":"2025-07-26T11:03:28","guid":{"rendered":"https:\/\/www.oleaia.com\/?post_type=product&#038;p=23129"},"modified":"2026-03-27T11:29:26","modified_gmt":"2026-03-27T10:29:26","slug":"pumpkin-seed-oil","status":"publish","type":"product","link":"https:\/\/www.oleaia.com\/se\/products\/pumpkin-seed-oil\/","title":{"rendered":"Pumpafr\u00f6olja - 5 liter"},"content":{"rendered":"<p><strong><img decoding=\"async\" style=\"margin-right: 12px;\" src=\"https:\/\/www.oleaia.com\/wp-content\/uploads\/2026\/03\/Check.svg\" alt=\"\" width=\"18\" height=\"15\" \/>O\u00f6vertr\u00e4ffad effektivitet f\u00f6r att ge n\u00e4ring \u00e5t huden och st\u00f6dja h\u00e5rets vitalitet.<\/strong> Pumpafr\u00f6olja \u00e4r den mest effektiva naturliga l\u00f6sningen f\u00f6r att fr\u00e4mja en djupt \u00e5terfuktad hud, f\u00f6rb\u00e4ttra elasticiteten och ge ett starkare och friskare h\u00e5r. Den \u00e4r naturligt rik p\u00e5 essentiella fettsyror, vitaminer och antioxidanter och hj\u00e4lper till att f\u00f6rfina hudens struktur, \u00e5terst\u00e4lla mjukheten och bidra till en sl\u00e4t, str\u00e5lande och vitaliserad hy vid konsekvent anv\u00e4ndning.<\/p>\n<p><strong><img decoding=\"async\" style=\"margin-right: 12px;\" src=\"https:\/\/www.oleaia.com\/wp-content\/uploads\/2026\/03\/Check.svg\" alt=\"\" width=\"18\" height=\"15\" \/>Den billigaste premium pumpafr\u00f6oljan p\u00e5 marknaden.<\/strong> Vi \u00e4r de billigaste p\u00e5 marknaden samtidigt som vi uppr\u00e4tth\u00e5ller strikta kvalitetsstandarder, vilket garanterar exceptionellt v\u00e4rde utan att kompromissa med renhet eller n\u00e4ringsrikedom. Detta \u00f6verkomliga pris g\u00f6r att pumpafr\u00f6olja kan anv\u00e4ndas dagligen i hudv\u00e5rd, h\u00e5rv\u00e5rd och h\u00e4lsorutiner.<\/p>\n<p><strong><img decoding=\"async\" style=\"margin-right: 12px;\" src=\"https:\/\/www.oleaia.com\/wp-content\/uploads\/2026\/03\/Check.svg\" alt=\"\" width=\"18\" height=\"15\" \/>Snabb och p\u00e5litlig leverans dygnet runt.<\/strong> Vi erbjuder alltid 24-timmars leverans, vilket garanterar att pumpafr\u00f6olja anl\u00e4nder snabbt och effektivt. Snabb leverans s\u00e4kerst\u00e4ller oavbruten kontinuitet i personlig v\u00e5rd och sk\u00f6nhetspraxis.<\/p>\n<p><strong><img decoding=\"async\" style=\"margin-right: 12px;\" src=\"https:\/\/www.oleaia.com\/wp-content\/uploads\/2026\/03\/Check.svg\" alt=\"\" width=\"18\" height=\"15\" \/>Pengar-tillbaka-garanti f\u00f6r fullst\u00e4ndig trygghet.<\/strong> Vi erbjuder en pengarna-tillbaka-garanti. Om kunden inte \u00e4r n\u00f6jd \u00e5terbetalar vi pengarna. Detta transparenta \u00e5tagande \u00e5terspeglar f\u00f6rtroendet f\u00f6r produktens kvalitet och ger en helt riskfri k\u00f6pupplevelse.<\/p>\n<p><strong><img decoding=\"async\" style=\"margin-right: 12px;\" src=\"https:\/\/www.oleaia.com\/wp-content\/uploads\/2026\/03\/Check.svg\" alt=\"\" width=\"18\" height=\"15\" \/>Helt ekologisk f\u00f6r \u00e4kta naturlig v\u00e5rd.<\/strong> V\u00e5r pumpafr\u00f6olja \u00e4r helt ekologisk och produceras med noggrann respekt f\u00f6r milj\u00f6ansvar och fr\u00f6integritet. Detta \u00e5tagande s\u00e4kerst\u00e4ller anpassning till rena sk\u00f6nhetsstandarder och holistiska h\u00e4lsoprinciper.<\/p>\n<p><strong><img decoding=\"async\" style=\"margin-right: 12px;\" src=\"https:\/\/www.oleaia.com\/wp-content\/uploads\/2026\/03\/Check.svg\" alt=\"\" width=\"18\" height=\"15\" \/>Ger en djupt \u00e5terfuktad, mjuk och behaglig hud.<\/strong> Pumpafr\u00f6olja \u00e4r allm\u00e4nt uppskattad f\u00f6r att bidra till att uppr\u00e4tth\u00e5lla optimala fuktniv\u00e5er, vilket g\u00f6r huden sl\u00e4t, n\u00e4rd och skyddad mot uttorkning.<\/p>\n<p><strong><img decoding=\"async\" style=\"margin-right: 12px;\" src=\"https:\/\/www.oleaia.com\/wp-content\/uploads\/2026\/03\/Check.svg\" alt=\"\" width=\"18\" height=\"15\" \/>Fr\u00e4mjar f\u00f6rb\u00e4ttrad elasticitet och ungdomlig fasthet.<\/strong> Vid regelbunden applicering bidrar den till en smidig och sp\u00e4nstig hud, f\u00f6rb\u00e4ttrar hudtonen och minskar uppkomsten av tr\u00f6tthet.<\/p>\n<p><strong><img decoding=\"async\" style=\"margin-right: 12px;\" src=\"https:\/\/www.oleaia.com\/wp-content\/uploads\/2026\/03\/Check.svg\" alt=\"\" width=\"18\" height=\"15\" \/>Ger en j\u00e4mnare textur och en f\u00f6rfinad hudyta.<\/strong> Dess n\u00e4ringsrika sammans\u00e4ttning hj\u00e4lper till att f\u00f6rb\u00e4ttra utseendet p\u00e5 oj\u00e4mn hud och ger en polerad och balanserad hy.<\/p>\n<p><strong><img decoding=\"async\" style=\"margin-right: 12px;\" src=\"https:\/\/www.oleaia.com\/wp-content\/uploads\/2026\/03\/Check.svg\" alt=\"\" width=\"18\" height=\"15\" \/>F\u00f6rb\u00e4ttrar h\u00e5rets styrka, tjocklek och naturliga glans.<\/strong> Applicerad i h\u00e5ret hj\u00e4lper pumpafr\u00f6olja till att ge n\u00e4ring till h\u00e5rstr\u00e5na, minska uppkomsten av brott och fr\u00e4mja ett fylligare och friskare h\u00e5r.<\/p>\n<p><strong><img decoding=\"async\" style=\"margin-right: 12px;\" src=\"https:\/\/www.oleaia.com\/wp-content\/uploads\/2026\/03\/Check.svg\" alt=\"\" width=\"18\" height=\"15\" \/>St\u00f6djer balansen i h\u00e5rbotten och en h\u00e4lsosammare milj\u00f6 f\u00f6r h\u00e5rv\u00e4xt.<\/strong> N\u00e4r den masseras in i h\u00e5rbotten hj\u00e4lper den till att bibeh\u00e5lla \u00e5terfuktningen och bidrar till ett starkare och mer levande h\u00e5r \u00f6ver tid.<\/p>\n<p><strong><img decoding=\"async\" style=\"margin-right: 12px;\" src=\"https:\/\/www.oleaia.com\/wp-content\/uploads\/2026\/03\/Check.svg\" alt=\"\" width=\"18\" height=\"15\" \/>Ger antioxidantst\u00f6d f\u00f6r att skydda huden.<\/strong> Dess naturliga sammans\u00e4ttning hj\u00e4lper till att st\u00f6dja hudens f\u00f6rsvar mot milj\u00f6stress och bibeh\u00e5ller ett h\u00e4lsosamt och balanserat utseende.<\/p>\n<p><strong><img decoding=\"async\" style=\"margin-right: 12px;\" src=\"https:\/\/www.oleaia.com\/wp-content\/uploads\/2026\/03\/Check.svg\" alt=\"\" width=\"18\" height=\"15\" \/>Idealisk f\u00f6r torr, mogen eller gl\u00e5mig hud och tunnare h\u00e5r.<\/strong> Pumpafr\u00f6olja \u00e4r s\u00e4rskilt l\u00e4mpad f\u00f6r att \u00e5terst\u00e4lla vitalitet, hj\u00e4lpa till att \u00e5terf\u00e5 mjukhet, densitet och allm\u00e4n h\u00e4lsa.<\/p>\n<p><strong><img decoding=\"async\" style=\"margin-right: 12px;\" src=\"https:\/\/www.oleaia.com\/wp-content\/uploads\/2026\/03\/Check.svg\" alt=\"\" width=\"18\" height=\"15\" \/>Perfekt f\u00f6r massage och uppbyggande kroppsv\u00e5rd.<\/strong> Den mjuka konsistensen g\u00f6r det enkelt att applicera och v\u00e5rdar samtidigt huden p\u00e5 djupet.<\/p>\n<p><strong><img decoding=\"async\" style=\"margin-right: 12px;\" src=\"https:\/\/www.oleaia.com\/wp-content\/uploads\/2026\/03\/Check.svg\" alt=\"\" width=\"18\" height=\"15\" \/>Anv\u00e4nds f\u00f6r ansikte, kropp, h\u00e5rbotten, h\u00e5r och wellness.<\/strong> Pumpafr\u00f6olja integreras s\u00f6ml\u00f6st i omfattande sk\u00f6nhetsrutiner och ger n\u00e4ring och revitalisering i flera olika applikationer.<\/p>\n<p><strong><img decoding=\"async\" style=\"margin-right: 12px;\" src=\"https:\/\/www.oleaia.com\/wp-content\/uploads\/2026\/03\/Check.svg\" alt=\"\" width=\"18\" height=\"15\" \/>Redan berikad med en v\u00e5rdande olja f\u00f6r skonsam applicering och optimal komfort.<\/strong> V\u00e5r pumpafr\u00f6olja \u00e4r redan berikad med en n\u00e4rande olja f\u00f6r att s\u00e4kerst\u00e4lla skonsam applicering, f\u00f6rb\u00e4ttrad spridningsf\u00f6rm\u00e5ga, optimal komfort och anv\u00e4ndarv\u00e4nlighet. Denna genomt\u00e4nkta formulering f\u00f6rb\u00e4ttrar absorptionen och ger en j\u00e4mn och sl\u00e4t t\u00e4ckning p\u00e5 hud och h\u00e5r.<\/p>\n<h2><strong>Instruktioner<\/strong><\/h2>\n<ul>\n<li>Applicera 2 till 4 droppar p\u00e5 ren, torr ansiktshud och massera f\u00f6rsiktigt tills den absorberats helt.<\/li>\n<li>Anv\u00e4nd en eller tv\u00e5 g\u00e5nger dagligen beroende p\u00e5 hudens individuella behov.<\/li>\n<li>F\u00f6r kroppsv\u00e5rd, applicera en m\u00e5ttlig m\u00e4ngd efter bad f\u00f6r att bibeh\u00e5lla fukt och mjukhet.<\/li>\n<li>F\u00f6r h\u00e5rv\u00e5rd, applicera 1 till 3 droppar p\u00e5 l\u00e4ngder och toppar f\u00f6r att f\u00f6rb\u00e4ttra glans och mjukhet.<\/li>\n<li>Som h\u00e5rbottenbehandling, massera in 5 till 8 droppar i h\u00e5rbotten och l\u00e5t verka i 30 till 60 minuter f\u00f6re tv\u00e4tt.<\/li>\n<li>Anv\u00e4nd tv\u00e5 till tre g\u00e5nger per vecka f\u00f6r b\u00e4sta resultat.<\/li>\n<li>F\u00f6r nagelv\u00e5rd, massera in en liten droppe p\u00e5 nagelbanden f\u00f6r att \u00e5terfukta och st\u00e4rka naglarna.<\/li>\n<li>F\u00f6r massage, applicera en tillr\u00e4cklig m\u00e4ngd f\u00f6r att s\u00e4kerst\u00e4lla en j\u00e4mn glidning \u00f6ver huden.<\/li>\n<li>Rekommenderad maximal daglig dos f\u00f6r utv\u00e4rtes bruk \u00e4r cirka 8 till 10 droppar f\u00f6rdelat p\u00e5 olika applikationsomr\u00e5den.<\/li>\n<li>G\u00f6r ett lapptest f\u00f6re f\u00f6rsta anv\u00e4ndningen f\u00f6r att bed\u00f6ma hudkompatibiliteten.<\/li>\n<li>Undvik kontakt med \u00f6gon och k\u00e4nsliga slemhinnor.<\/li>\n<li>Applicera inte p\u00e5 irriterad eller skadad hud.<\/li>\n<li>F\u00f6rvaras svalt, torrt och skyddat fr\u00e5n direkt solljus och h\u00e5ll flaskan v\u00e4l tillsluten efter varje anv\u00e4ndning.<\/li>\n<\/ul>","protected":false},"excerpt":{"rendered":"<p>Unmatched effectiveness for nourishing skin and supporting hair vitality. Pumpkin seed oil is the most effective natural solution for promoting deeply hydrated skin, improving the appearance of elasticity, and supporting stronger, healthier-looking hair. Naturally rich in essential fatty acids, vitamins, and antioxidants, it helps refine skin texture, restore softness, and contribute to a smooth, radiant, [&hellip;]<\/p>\n","protected":false},"featured_media":23130,"comment_status":"open","ping_status":"closed","template":"","meta":{"_uag_custom_page_level_css":"","site-sidebar-layout":"default","site-content-layout":"","ast-site-content-layout":"default","site-content-style":"default","site-sidebar-style":"default","ast-global-header-display":"","ast-banner-title-visibility":"","ast-main-header-display":"","ast-hfb-above-header-display":"","ast-hfb-below-header-display":"","ast-hfb-mobile-header-display":"","site-post-title":"","ast-breadcrumbs-content":"","ast-featured-img":"","footer-sml-layout":"","ast-disable-related-posts":"","theme-transparent-header-meta":"default","adv-header-id-meta":"","stick-header-meta":"","header-above-stick-meta":"","header-main-stick-meta":"","header-below-stick-meta":"","astra-migrate-meta-layouts":"set","ast-page-background-enabled":"default","ast-page-background-meta":{"desktop":{"background-color":"var(--ast-global-color-4)","background-image":"","background-repeat":"repeat","background-position":"center center","background-size":"auto","background-attachment":"scroll","background-type":"","background-media":"","overlay-type":"","overlay-color":"","overlay-opacity":"","overlay-gradient":""},"tablet":{"background-color":"","background-image":"","background-repeat":"repeat","background-position":"center center","background-size":"auto","background-attachment":"scroll","background-type":"","background-media":"","overlay-type":"","overlay-color":"","overlay-opacity":"","overlay-gradient":""},"mobile":{"background-color":"","background-image":"","background-repeat":"repeat","background-position":"center center","background-size":"auto","background-attachment":"scroll","background-type":"","background-media":"","overlay-type":"","overlay-color":"","overlay-opacity":"","overlay-gradient":""}},"ast-content-background-meta":{"desktop":{"background-color":"var(--ast-global-color-5)","background-image":"","background-repeat":"repeat","background-position":"center center","background-size":"auto","background-attachment":"scroll","background-type":"","background-media":"","overlay-type":"","overlay-color":"","overlay-opacity":"","overlay-gradient":""},"tablet":{"background-color":"var(--ast-global-color-5)","background-image":"","background-repeat":"repeat","background-position":"center center","background-size":"auto","background-attachment":"scroll","background-type":"","background-media":"","overlay-type":"","overlay-color":"","overlay-opacity":"","overlay-gradient":""},"mobile":{"background-color":"var(--ast-global-color-5)","background-image":"","background-repeat":"repeat","background-position":"center center","background-size":"auto","background-attachment":"scroll","background-type":"","background-media":"","overlay-type":"","overlay-color":"","overlay-opacity":"","overlay-gradient":""}}},"product_brand":[],"product_cat":[15],"product_tag":[],"class_list":{"0":"post-23129","1":"product","2":"type-product","3":"status-publish","4":"has-post-thumbnail","6":"product_cat-shop","7":"desktop-align-left","8":"tablet-align-left","9":"mobile-align-left","11":"first","12":"instock","13":"shipping-taxable","14":"purchasable","15":"product-type-simple"},"spectra_custom_meta":{"_edit_lock":["1774607228:1"],"_edit_last":["1"],"merchant-center-availability":["yes"],"merchant-center-category":["5056773820890"],"_thumbnail_id":["23130"],"_wp_page_template":["default"],"_sku":["OLPUMPKINSEEDOIL"],"_global_unique_id":["5056773820890"],"_regular_price":["29.90"],"total_sales":["139"],"_tax_status":["taxable"],"_tax_class":[""],"_manage_stock":["no"],"_backorders":["no"],"_sold_individually":["no"],"_weight":["5.7"],"_virtual":["no"],"_downloadable":["no"],"_download_limit":["-1"],"_download_expiry":["-1"],"_stock":[null],"_stock_status":["instock"],"_wc_average_rating":["5.00"],"_wc_review_count":["20"],"_product_version":["10.6.1"],"_price":["29.90"],"site-sidebar-layout":["default"],"ast-site-content-layout":["default"],"site-content-style":["default"],"site-sidebar-style":["default"],"theme-transparent-header-meta":["default"],"_wc_rating_count":["a:1:{i:5;i:20;}"],"astra-migrate-meta-layouts":["set"],"_uag_css_file_name":["uag-css-23129.css"],"_elementor_page_assets":["a:0:{}"],"_uag_page_assets":["a:9:{s:3:\"css\";s:7156:\".uag-blocks-common-selector{z-index:var(--z-index-desktop) !important}@media (max-width: 976px){.uag-blocks-common-selector{z-index:var(--z-index-tablet) !important}}@media (max-width: 767px){.uag-blocks-common-selector{z-index:var(--z-index-mobile) !important}}\n.wp-block-uagb-image{display:flex}.wp-block-uagb-image__figure{position:relative;display:flex;flex-direction:column;max-width:100%;height:auto;margin:0}.wp-block-uagb-image__figure img{height:auto;display:flex;max-width:100%;transition:box-shadow 0.2s ease}.wp-block-uagb-image__figure>a{display:inline-block}.wp-block-uagb-image__figure figcaption{text-align:center;margin-top:0.5em;margin-bottom:1em}.wp-block-uagb-image .components-placeholder.block-editor-media-placeholder .components-placeholder__instructions{align-self:center}.wp-block-uagb-image--align-left{text-align:left}.wp-block-uagb-image--align-right{text-align:right}.wp-block-uagb-image--align-center{text-align:center}.wp-block-uagb-image--align-full .wp-block-uagb-image__figure{margin-left:calc(50% - 50vw);margin-right:calc(50% - 50vw);max-width:100vw;width:100vw;height:auto}.wp-block-uagb-image--align-full .wp-block-uagb-image__figure img{height:auto;width:100% !important}.wp-block-uagb-image--align-wide .wp-block-uagb-image__figure img{height:auto;width:100%}.wp-block-uagb-image--layout-overlay__color-wrapper{position:absolute;left:0;top:0;right:0;bottom:0;opacity:0.2;background:rgba(0,0,0,0.5);transition:opacity 0.35s ease-in-out}.wp-block-uagb-image--layout-overlay-link{position:absolute;left:0;right:0;bottom:0;top:0}.wp-block-uagb-image--layout-overlay .wp-block-uagb-image__figure:hover .wp-block-uagb-image--layout-overlay__color-wrapper{opacity:1}.wp-block-uagb-image--layout-overlay__inner{position:absolute;left:15px;right:15px;bottom:15px;top:15px;display:flex;align-items:center;justify-content:center;flex-direction:column;border-color:#fff;transition:0.35s ease-in-out}.wp-block-uagb-image--layout-overlay__inner.top-left,.wp-block-uagb-image--layout-overlay__inner.top-center,.wp-block-uagb-image--layout-overlay__inner.top-right{justify-content:flex-start}.wp-block-uagb-image--layout-overlay__inner.bottom-left,.wp-block-uagb-image--layout-overlay__inner.bottom-center,.wp-block-uagb-image--layout-overlay__inner.bottom-right{justify-content:flex-end}.wp-block-uagb-image--layout-overlay__inner.top-left,.wp-block-uagb-image--layout-overlay__inner.center-left,.wp-block-uagb-image--layout-overlay__inner.bottom-left{align-items:flex-start}.wp-block-uagb-image--layout-overlay__inner.top-right,.wp-block-uagb-image--layout-overlay__inner.center-right,.wp-block-uagb-image--layout-overlay__inner.bottom-right{align-items:flex-end}.wp-block-uagb-image--layout-overlay__inner .uagb-image-heading{color:#fff;transition:transform 0.35s, opacity 0.35s ease-in-out;transform:translate3d(0, 24px, 0);margin:0;line-height:1em}.wp-block-uagb-image--layout-overlay__inner .uagb-image-separator{width:30%;border-top-width:2px;border-top-color:#fff;border-top-style:solid;margin-bottom:10px;opacity:0;transition:transform 0.4s, opacity 0.4s ease-in-out;transform:translate3d(0, 30px, 0)}.wp-block-uagb-image--layout-overlay__inner .uagb-image-caption{opacity:0;overflow:visible;color:#fff;transition:transform 0.45s, opacity 0.45s ease-in-out;transform:translate3d(0, 35px, 0)}.wp-block-uagb-image--layout-overlay__inner:hover .uagb-image-heading,.wp-block-uagb-image--layout-overlay__inner:hover .uagb-image-separator,.wp-block-uagb-image--layout-overlay__inner:hover .uagb-image-caption{opacity:1;transform:translate3d(0, 0, 0)}.wp-block-uagb-image--effect-zoomin .wp-block-uagb-image__figure img,.wp-block-uagb-image--effect-zoomin .wp-block-uagb-image__figure .wp-block-uagb-image--layout-overlay__color-wrapper{transform:scale(1);transition:transform 0.35s ease-in-out}.wp-block-uagb-image--effect-zoomin .wp-block-uagb-image__figure:hover img,.wp-block-uagb-image--effect-zoomin .wp-block-uagb-image__figure:hover .wp-block-uagb-image--layout-overlay__color-wrapper{transform:scale(1.05)}.wp-block-uagb-image--effect-slide .wp-block-uagb-image__figure img,.wp-block-uagb-image--effect-slide .wp-block-uagb-image__figure .wp-block-uagb-image--layout-overlay__color-wrapper{width:calc(100% + 40px) !important;max-width:none !important;transform:translate3d(-40px, 0, 0);transition:transform 0.35s ease-in-out}.wp-block-uagb-image--effect-slide .wp-block-uagb-image__figure:hover img,.wp-block-uagb-image--effect-slide .wp-block-uagb-image__figure:hover .wp-block-uagb-image--layout-overlay__color-wrapper{transform:translate3d(0, 0, 0)}.wp-block-uagb-image--effect-grayscale img{filter:grayscale(0%);transition:0.35s ease-in-out}.wp-block-uagb-image--effect-grayscale:hover img{filter:grayscale(100%)}.wp-block-uagb-image--effect-blur img{filter:blur(0);transition:0.35s ease-in-out}.wp-block-uagb-image--effect-blur:hover img{filter:blur(3px)}\n.uagb-block-e6f939b3.wp-block-uagb-image--layout-default figure img{box-shadow: 0px 0px 0 #00000070;}.uagb-block-e6f939b3.wp-block-uagb-image .wp-block-uagb-image__figure figcaption{font-style: normal;align-self: center;}.uagb-block-e6f939b3.wp-block-uagb-image--layout-overlay figure img{box-shadow: 0px 0px 0 #00000070;}.uagb-block-e6f939b3.wp-block-uagb-image--layout-overlay .wp-block-uagb-image--layout-overlay__color-wrapper{opacity: 0.2;}.uagb-block-e6f939b3.wp-block-uagb-image--layout-overlay .wp-block-uagb-image--layout-overlay__inner{left: 15px;right: 15px;top: 15px;bottom: 15px;}.uagb-block-e6f939b3.wp-block-uagb-image--layout-overlay .wp-block-uagb-image--layout-overlay__inner .uagb-image-heading{font-style: normal;color: #fff;opacity: 1;}.uagb-block-e6f939b3.wp-block-uagb-image--layout-overlay .wp-block-uagb-image--layout-overlay__inner .uagb-image-heading a{color: #fff;}.uagb-block-e6f939b3.wp-block-uagb-image--layout-overlay .wp-block-uagb-image--layout-overlay__inner .uagb-image-caption{opacity: 0;}.uagb-block-e6f939b3.wp-block-uagb-image--layout-overlay .wp-block-uagb-image__figure:hover .wp-block-uagb-image--layout-overlay__color-wrapper{opacity: 1;}.uagb-block-e6f939b3.wp-block-uagb-image .wp-block-uagb-image--layout-overlay__inner .uagb-image-separator{width: 30%;border-top-width: 2px;border-top-color: #fff;opacity: 0;}.uagb-block-e6f939b3.wp-block-uagb-image .wp-block-uagb-image__figure img{width: px;height: auto;}.uagb-block-e6f939b3.wp-block-uagb-image .wp-block-uagb-image__figure:hover .wp-block-uagb-image--layout-overlay__inner .uagb-image-caption{opacity: 1;}.uagb-block-e6f939b3.wp-block-uagb-image .wp-block-uagb-image__figure:hover .wp-block-uagb-image--layout-overlay__inner .uagb-image-separator{opacity: 1;}.uagb-block-e6f939b3.wp-block-uagb-image--layout-default figure:hover img{box-shadow: 0px 0px 0 #00000070;}.uagb-block-e6f939b3.wp-block-uagb-image--layout-overlay figure:hover img{box-shadow: 0px 0px 0 #00000070;}@media only screen and (max-width: 976px) {.uagb-block-e6f939b3.wp-block-uagb-image .wp-block-uagb-image__figure img{width: px;height: auto;}}@media only screen and (max-width: 767px) {.uagb-block-e6f939b3.wp-block-uagb-image .wp-block-uagb-image__figure img{width: px;height: auto;}}\";s:2:\"js\";s:0:\"\";s:18:\"current_block_list\";a:13:{i:0;s:11:\"core\/search\";i:1;s:10:\"core\/group\";i:2;s:12:\"core\/heading\";i:3;s:17:\"core\/latest-posts\";i:4;s:20:\"core\/latest-comments\";i:5;s:13:\"core\/archives\";i:6;s:15:\"core\/categories\";i:7;s:14:\"core\/paragraph\";i:8;s:10:\"uagb\/image\";i:9;s:11:\"core\/spacer\";i:10;s:30:\"woocommerce\/product-categories\";i:11;s:10:\"core\/image\";i:12;s:14:\"core\/shortcode\";}s:8:\"uag_flag\";b:1;s:11:\"uag_version\";s:10:\"1776353558\";s:6:\"gfonts\";a:0:{}s:10:\"gfonts_url\";s:0:\"\";s:12:\"gfonts_files\";a:0:{}s:14:\"uag_faq_layout\";b:0;}"]},"uagb_featured_image_src":{"full":["https:\/\/www.oleaia.com\/wp-content\/uploads\/2025\/07\/Oleaia-Pumpkin-Seed-Oil-5L.png",2560,2560,false],"thumbnail":["https:\/\/www.oleaia.com\/wp-content\/uploads\/2025\/07\/Oleaia-Pumpkin-Seed-Oil-5L-150x150.png",150,150,true],"medium":["https:\/\/www.oleaia.com\/wp-content\/uploads\/2025\/07\/Oleaia-Pumpkin-Seed-Oil-5L-300x300.png",300,300,true],"medium_large":["https:\/\/www.oleaia.com\/wp-content\/uploads\/2025\/07\/Oleaia-Pumpkin-Seed-Oil-5L-768x768.png",768,768,true],"large":["https:\/\/www.oleaia.com\/wp-content\/uploads\/2025\/07\/Oleaia-Pumpkin-Seed-Oil-5L-1024x1024.png",1024,1024,true],"1536x1536":["https:\/\/www.oleaia.com\/wp-content\/uploads\/2025\/07\/Oleaia-Pumpkin-Seed-Oil-5L-1536x1536.png",1536,1536,true],"2048x2048":["https:\/\/www.oleaia.com\/wp-content\/uploads\/2025\/07\/Oleaia-Pumpkin-Seed-Oil-5L-2048x2048.png",2048,2048,true],"trp-custom-language-flag":["https:\/\/www.oleaia.com\/wp-content\/uploads\/2025\/07\/Oleaia-Pumpkin-Seed-Oil-5L-12x12.png",12,12,true],"woocommerce_thumbnail":["https:\/\/www.oleaia.com\/wp-content\/uploads\/2025\/07\/Oleaia-Pumpkin-Seed-Oil-5L-300x300.png",300,300,true],"woocommerce_single":["https:\/\/www.oleaia.com\/wp-content\/uploads\/2025\/07\/Oleaia-Pumpkin-Seed-Oil-5L-600x600.png",600,600,true],"woocommerce_gallery_thumbnail":["https:\/\/www.oleaia.com\/wp-content\/uploads\/2025\/07\/Oleaia-Pumpkin-Seed-Oil-5L-100x100.png",100,100,true]},"uagb_author_info":{"display_name":"admin","author_link":"https:\/\/www.oleaia.com\/se\/author\/"},"uagb_comment_info":20,"uagb_excerpt":"Unmatched effectiveness for nourishing skin and supporting hair vitality. Pumpkin seed oil is the most effective natural solution for promoting deeply hydrated skin, improving the appearance of elasticity, and supporting stronger, healthier-looking hair. Naturally rich in essential fatty acids, vitamins, and antioxidants, it helps refine skin texture, restore softness, and contribute to a smooth, radiant,&hellip;","_links":{"self":[{"href":"https:\/\/www.oleaia.com\/se\/wp-json\/wp\/v2\/product\/23129","targetHints":{"allow":["GET"]}}],"collection":[{"href":"https:\/\/www.oleaia.com\/se\/wp-json\/wp\/v2\/product"}],"about":[{"href":"https:\/\/www.oleaia.com\/se\/wp-json\/wp\/v2\/types\/product"}],"replies":[{"embeddable":true,"href":"https:\/\/www.oleaia.com\/se\/wp-json\/wp\/v2\/comments?post=23129"}],"version-history":[{"count":4,"href":"https:\/\/www.oleaia.com\/se\/wp-json\/wp\/v2\/product\/23129\/revisions"}],"predecessor-version":[{"id":81228,"href":"https:\/\/www.oleaia.com\/se\/wp-json\/wp\/v2\/product\/23129\/revisions\/81228"}],"wp:featuredmedia":[{"embeddable":true,"href":"https:\/\/www.oleaia.com\/se\/wp-json\/wp\/v2\/media\/23130"}],"wp:attachment":[{"href":"https:\/\/www.oleaia.com\/se\/wp-json\/wp\/v2\/media?parent=23129"}],"wp:term":[{"taxonomy":"product_brand","embeddable":true,"href":"https:\/\/www.oleaia.com\/se\/wp-json\/wp\/v2\/product_brand?post=23129"},{"taxonomy":"product_cat","embeddable":true,"href":"https:\/\/www.oleaia.com\/se\/wp-json\/wp\/v2\/product_cat?post=23129"},{"taxonomy":"product_tag","embeddable":true,"href":"https:\/\/www.oleaia.com\/se\/wp-json\/wp\/v2\/product_tag?post=23129"}],"curies":[{"name":"wp","href":"https:\/\/api.w.org\/{rel}","templated":true}]}}