{"id":121,"date":"2025-04-11T06:36:34","date_gmt":"2025-04-11T04:36:34","guid":{"rendered":"https:\/\/www.stoprodent.com\/?page_id=121"},"modified":"2025-07-18T16:46:05","modified_gmt":"2025-07-18T14:46:05","slug":"terms-of-sale","status":"publish","type":"page","link":"https:\/\/www.oleaia.com\/si\/terms-of-sale\/","title":{"rendered":"Pogoji prodaje"},"content":{"rendered":"<p>Te prodajne pogoje na eni strani sklepa dru\u017eba Oleaia LLC z osnovnim kapitalom 100.000 USD, s sede\u017eem na 213 N Market Street #1042, Wilmington, DE 19801, Zdru\u017eene dr\u017eave Amerike, ki je vpisana v poslovni register Delawara pod \u0161tevilko 10141920 in upravlja spletno stran, na drugi strani pa vsaka pravna oseba, ki \u017eeli opraviti nakup prek spletne strani, v nadaljevanju \"kupec\".<br><br><strong>\u010clen 1. Objekt<\/strong><\/p>\n\n\n\n<p>Ti prodajni pogoji so namenjeni opredelitvi pogodbenega razmerja med dru\u017ebo Oleaia LLC in kupcem ter pogojev, ki veljajo za vsak nakup, opravljen prek tega spletnega mesta. Nakup izdelka prek tega spletnega mesta pomeni, da kupec brez pridr\u017ekov sprejema te prodajne pogoje, za katere potrjuje, da jih je prebral pred naro\u010dilom. Kupec pred vsako transakcijo izjavlja, da je nakup izdelkov na spletnem mestu neposredno povezan z njegovo poklicno dejavnostjo in da je registriran za DDV, na drugi strani pa, da je v celoti poslovno sposoben, kar mu omogo\u010da sodelovanje v skladu s temi splo\u0161nimi prodajnimi pogoji.<\/p>\n\n\n\n<p>Dru\u017eba Oleaia LLC si pridr\u017euje mo\u017enost, da kadar koli spremeni te prodajne pogoje, da bi upo\u0161tevala nove predpise ali izbolj\u0161ala uporabo svojega spletnega mesta. Zato se bodo uporabljali pogoji, ki veljajo na dan naro\u010dila kupca.<\/p>\n\n\n\n<p><strong>\u010clen 2. Izdelki<\/strong><\/p>\n\n\n\n<p>Ponujeni izdelki so tisti, ki so v okviru razpolo\u017eljivih zalog prikazani na spletni strani podjetja Oleaia LLC. Dru\u017eba Oleaia LLC si pridr\u017euje pravico, da kadar koli spremeni ponudbo izdelkov. Vsak izdelek je na spletni strani predstavljen v obliki opisa, ki vsebuje njegove glavne tehni\u010dne zna\u010dilnosti (zmogljivost, uporaba, sestava itd.). Fotografije so \u010dim bolj natan\u010dne, vendar prodajalca v ni\u010demer ne zavezujejo. Prodaja izdelkov, predstavljenih na spletnem mestu, je namenjena vsem kupcem s prebivali\u0161\u010dem v dr\u017eavah, ki v celoti dovoljujejo vstop teh izdelkov na svoje ozemlje.<br><br><strong>\u010clen 3. Tarife<\/strong><\/p>\n\n\n\n<p>Cene, ki so navedene na listih v spletnem katalogu, so cene v lokalni valuti z vklju\u010denimi davki. Dru\u017eba Oleaia LLC si pridr\u017euje pravico, da kadar koli spremeni svoje cene, pri \u010demer se razume, da bo cena, ki je navedena v katalogu na dan naro\u010dila, edina veljavna za kupca. Navedene cene ne vklju\u010dujejo stro\u0161kov dostave, ki se zara\u010dunajo poleg cene kupljenih izdelkov in se izra\u010dunajo glede na skupno te\u017eo naro\u010dila.<br><br><strong>\u010clen 4. Naro\u010dilo in pla\u010dilni pogoji<\/strong><\/p>\n\n\n\n<p>Pred vsakim naro\u010dilom lahko kupec ustvari ra\u010dun. Oddelek za ustvarjanje ra\u010duna je dostopen neposredno iz stranske menijske vrstice. Ob vsakem obisku se bo moral kupec, \u010de bo \u017eelel naro\u010diti ali pregledati svoj ra\u010dun (stanje naro\u010dila, profil itd.), identificirati s temi podatki. Podjetje Oleaia LLC kupcu ponuja naro\u010danje in pla\u010devanje izdelkov v ve\u010d korakih, pri \u010demer lahko izbira med 3 mo\u017enostmi pla\u010dila :<\/p>\n\n\n\n<p><strong>Pla\u010dilo z ban\u010dnim nakazilom :<\/strong>\u00a0kupec se mora z dru\u017ebo Oleaia LLC povezati po elektronski po\u0161ti in zaprositi za ponudbo. Sporo\u010diti mora izdelke, ki jih \u017eeli naro\u010diti, prevoznika, ki ga \u017eeli izbrati, svoj elektronski naslov in telefonsko \u0161tevilko ter naslov za dostavo in ra\u010dun. Ko po\u0161lje zahtevo, mu bo posredovana ponudba s kontaktnimi podatki podjetja Oleaia LLC. Prenos mora biti opravljen v 30 dneh, celoten znesek pa mora prispeti na ra\u010dun podjetja Oleaia LLC brez kakr\u0161nih koli ban\u010dnih stro\u0161kov. Kupec mora pla\u010dati vse ban\u010dne stro\u0161ke, povezane s prenosom. \u0160ele ko znesek prispe na ra\u010dun podjetja Oleaia LLC, bo slednje obdelalo naro\u010dilo.<\/p>\n\n\n\n<p><strong>Varno pla\u010dilo s kreditno kartico (prek sistema Stripe) :<\/strong>\u00a0kupec v \"ko\u0161arici\" izbere izdelke, ki jih \u017eeli naro\u010diti, jih po potrebi spremeni (koli\u010dine, reference itd.), preveri naslov za dostavo ali vnese novega. Nato se izra\u010dunajo stro\u0161ki po\u0161iljanja, ki se posredujejo kupcu, ter ime prevoznika in okvirni \u010das dostave. Nato kupec opravi pla\u010dilo. Na koncu je kupec preusmerjen na varen vmesnik Stripe, da varno vnese podatke o svoji ban\u010dni kartici. \u010ce je pla\u010dilo sprejeto, je naro\u010dilo evidentirano in pogodba dokon\u010dno sklenjena. Pla\u010dilo s kreditno kartico je nepreklicno.<br><br>Potrditev naro\u010dila pomeni sprejetje teh prodajnih pogojev, priznanje, da ste z njimi popolnoma seznanjeni, in odpoved uporabi lastnih pogojev nakupa. Vsi posredovani podatki in zapisana potrditev so dokazilo o transakciji. \u010ce ima kupec elektronski naslov in ga je vpisal v obrazec za naro\u010dilo, mu bo podjetje Oleaia LLC po elektronski po\u0161ti poslalo potrdilo o registraciji njegovega naro\u010dila.<br><br>\u010ce \u017eeli kupec stopiti v stik z dru\u017ebo Oleaia LLC, lahko to stori po po\u0161ti na naslednji naslov: Oleaia LLC, 213 N Market Street #1042, Wilmington, DE 198013, Zdru\u017eene dr\u017eave Amerike; po elektronski po\u0161ti na naslednji naslov: contact@oleaia.com<br><br><strong>\u010clen 5. Ohranitev lastni\u0161tva<\/strong><\/p>\n\n\n\n<p>Dru\u017eba Oleaia LLC obdr\u017ei popolno lastni\u0161tvo nad prodanimi izdelki do popolnega pla\u010dila glavne cene, vklju\u010dno s stro\u0161ki in davki.<\/p>\n\n\n\n<p><strong>\u010clen 6. Umik<\/strong><\/p>\n\n\n\n<p>Kupec ima na voljo trideset delovnih dni od izro\u010ditve naro\u010dila, da uveljavlja pravico do odstopa od pogodbe in izdelek vrne prodajalcu v zamenjavo ali vra\u010dilo brez kazni.<br><strong><br>\u010clen 7. Dostava<br><\/strong><br>Dostava se opravi na naslov, naveden v obrazcu za naro\u010dilo, ki je lahko le na dogovorjenem geografskem obmo\u010dju. Naro\u010dila opravi prevoznik, ki ga izberete ob naro\u010dilu, storitev dostave je s sledenjem, dostava pa brez podpisa. Dobavni roki so podani le okvirno; \u010de so dalj\u0161i od tridesetih dni od naro\u010dila, se lahko prodajna pogodba razdre, kupec pa povrne stro\u0161ke. Dru\u017eba Oleaia LLC bo kupcu po elektronski po\u0161ti posredovala \u0161tevilko za sledenje njegovega paketa. Kupcu po\u0161iljko na dom dostavi njegov dostavljavec. V primeru kup\u010deve odsotnosti bo od svojega po\u0161tarja prejel obvestilo o dostavi, na podlagi katerega bo lahko prestavil dostavo naro\u010denih izdelkov, in sicer za obdobje, ki ga dolo\u010di dostavna slu\u017eba. Za prevozna tveganja je odgovoren kupec od trenutka, ko izdelki zapustijo prostore podjetja Oleaia LLC. Kupec mora ob dostavi v prisotnosti dostavljavca preveriti stanje embala\u017ee blaga in njene vsebine. V primeru po\u0161kodb med prevozom je treba morebitne ugovore vlo\u017eiti pri prevozniku v treh dneh po dostavi.<br><br><strong>\u010clen 8. Garancija<br><\/strong><br>Vsi izdelki, ki jih dobavlja dru\u017eba Oleaia LLC, so zagotovljeni. V primeru neskladnosti prodanega izdelka ga lahko vrnete podjetju Oleaia LLC, ki ga bo sprejelo nazaj, zamenjalo ali povrnilo denar. Vse prito\u017ebe, zahteve za zamenjavo ali vra\u010dilo denarja je treba poslati po po\u0161ti na naslov : Oleaia LLC, 213 N Market Street #1042, Wilmington, DE 19801, Zdru\u017eene dr\u017eave Amerike, v tridesetih dneh po dostavi.<br><br><strong>\u010clen 9. Odgovornost<\/strong><\/p>\n\n\n\n<p>Oleaia LLC je v postopku prodaje na daljavo zavezan le k obveznosti uporabe sredstev. Ne more biti odgovorna za kakr\u0161no koli \u0161kodo, ki bi nastala zaradi uporabe internetnega omre\u017eja, kot so izguba podatkov, vdor, virus, prekinitev storitve ali druge neprostovoljne te\u017eave.<br><br><strong>\u010clen 10. Intelektualna lastnina<br><\/strong><br>Vsi elementi spletnega mesta so in ostanejo izklju\u010dna intelektualna lastnina podjetja Oleaia LLC. v obliki fotografije, logotipa, vizualne podobe ali besedila.<br><br><strong>\u010clen 11. Osebni podatki<\/strong><br><br>Oleaia LLC se zavezuje, da bo ohranil zaupnost podatkov, ki jih je posredoval kupec, ki bi jih moral posredovati za uporabo dolo\u010denih storitev. Uporabnik interneta ima pravico do dostopa, spreminjanja in brisanja informacij, ki se nana\u0161ajo nanj. To lahko kadar koli zahteva po po\u0161ti na naslednji naslov : Oleaia LLC, 213 N Market Street #1042, Wilmington, DE 19801, Zdru\u017eene dr\u017eave Amerike.<\/p>\n\n\n\n<p><strong>\u010clen 12. Re\u0161evanje sporov<\/strong><\/p>\n\n\n\n<p>Za te pogoje prodaje na daljavo velja veljavna zakonodaja Zdru\u017eenih dr\u017eav Amerike. Za vse spore ali nesoglasja je pristojno sodi\u0161\u010de v Wilmingtonu.<\/p>\n\n\n\n<p><strong>\u010clen 13. Kontaktni podatki<\/strong><\/p>\n\n\n\n<p>Oleaia LLC<br>213 N Market Street #1042,<br>Wilmington, DE 19801<br>Zdru\u017eene dr\u017eave Amerike<\/p>","protected":false},"excerpt":{"rendered":"<p>These conditions of sale are concluded on the one hand by the company Oleaia LLC with a share capital of 100,000 USD whose head office is located at 213 N Market Street #1042, Wilmington, DE 19801, United States of America, registered in the Commercial Register of Delaware under the number 10141920 and managing the website [&hellip;]<\/p>\n","protected":false},"author":1,"featured_media":0,"parent":0,"menu_order":0,"comment_status":"closed","ping_status":"closed","template":"","meta":{"_uag_custom_page_level_css":"","site-sidebar-layout":"default","site-content-layout":"","ast-site-content-layout":"default","site-content-style":"default","site-sidebar-style":"default","ast-global-header-display":"","ast-banner-title-visibility":"","ast-main-header-display":"","ast-hfb-above-header-display":"","ast-hfb-below-header-display":"","ast-hfb-mobile-header-display":"","site-post-title":"","ast-breadcrumbs-content":"","ast-featured-img":"","footer-sml-layout":"","ast-disable-related-posts":"","theme-transparent-header-meta":"","adv-header-id-meta":"","stick-header-meta":"","header-above-stick-meta":"","header-main-stick-meta":"","header-below-stick-meta":"","astra-migrate-meta-layouts":"set","ast-page-background-enabled":"default","ast-page-background-meta":{"desktop":{"background-color":"var(--ast-global-color-4)","background-image":"","background-repeat":"repeat","background-position":"center center","background-size":"auto","background-attachment":"scroll","background-type":"","background-media":"","overlay-type":"","overlay-color":"","overlay-opacity":"","overlay-gradient":""},"tablet":{"background-color":"","background-image":"","background-repeat":"repeat","background-position":"center center","background-size":"auto","background-attachment":"scroll","background-type":"","background-media":"","overlay-type":"","overlay-color":"","overlay-opacity":"","overlay-gradient":""},"mobile":{"background-color":"","background-image":"","background-repeat":"repeat","background-position":"center center","background-size":"auto","background-attachment":"scroll","background-type":"","background-media":"","overlay-type":"","overlay-color":"","overlay-opacity":"","overlay-gradient":""}},"ast-content-background-meta":{"desktop":{"background-color":"var(--ast-global-color-5)","background-image":"","background-repeat":"repeat","background-position":"center center","background-size":"auto","background-attachment":"scroll","background-type":"","background-media":"","overlay-type":"","overlay-color":"","overlay-opacity":"","overlay-gradient":""},"tablet":{"background-color":"var(--ast-global-color-5)","background-image":"","background-repeat":"repeat","background-position":"center center","background-size":"auto","background-attachment":"scroll","background-type":"","background-media":"","overlay-type":"","overlay-color":"","overlay-opacity":"","overlay-gradient":""},"mobile":{"background-color":"var(--ast-global-color-5)","background-image":"","background-repeat":"repeat","background-position":"center center","background-size":"auto","background-attachment":"scroll","background-type":"","background-media":"","overlay-type":"","overlay-color":"","overlay-opacity":"","overlay-gradient":""}},"footnotes":""},"class_list":["post-121","page","type-page","status-publish","hentry"],"spectra_custom_meta":{"_edit_lock":["1752849969:1"],"_wpml_word_count":["1376"],"_edit_last":["1"],"_wpml_media_duplicate":["1"],"_wpml_media_featured":["1"],"rank_math_news_sitemap_robots":["index"],"rank_math_robots":["a:1:{i:0;s:5:\"index\";}"],"_uag_custom_page_level_css":[""],"site-sidebar-layout":["default"],"site-content-layout":[""],"ast-site-content-layout":["default"],"site-content-style":["default"],"site-sidebar-style":["default"],"ast-global-header-display":[""],"ast-banner-title-visibility":[""],"ast-main-header-display":[""],"ast-hfb-above-header-display":[""],"ast-hfb-below-header-display":[""],"ast-hfb-mobile-header-display":[""],"site-post-title":[""],"ast-breadcrumbs-content":[""],"ast-featured-img":[""],"footer-sml-layout":[""],"theme-transparent-header-meta":[""],"adv-header-id-meta":[""],"stick-header-meta":[""],"header-above-stick-meta":[""],"header-main-stick-meta":[""],"header-below-stick-meta":[""],"astra-migrate-meta-layouts":["set"],"ast-page-background-enabled":["default"],"ast-page-background-meta":["a:3:{s:7:\"desktop\";a:12:{s:16:\"background-color\";s:25:\"var(--ast-global-color-4)\";s:16:\"background-image\";s:0:\"\";s:17:\"background-repeat\";s:6:\"repeat\";s:19:\"background-position\";s:13:\"center center\";s:15:\"background-size\";s:4:\"auto\";s:21:\"background-attachment\";s:6:\"scroll\";s:15:\"background-type\";s:0:\"\";s:16:\"background-media\";s:0:\"\";s:12:\"overlay-type\";s:0:\"\";s:13:\"overlay-color\";s:0:\"\";s:15:\"overlay-opacity\";s:0:\"\";s:16:\"overlay-gradient\";s:0:\"\";}s:6:\"tablet\";a:12:{s:16:\"background-color\";s:0:\"\";s:16:\"background-image\";s:0:\"\";s:17:\"background-repeat\";s:6:\"repeat\";s:19:\"background-position\";s:13:\"center center\";s:15:\"background-size\";s:4:\"auto\";s:21:\"background-attachment\";s:6:\"scroll\";s:15:\"background-type\";s:0:\"\";s:16:\"background-media\";s:0:\"\";s:12:\"overlay-type\";s:0:\"\";s:13:\"overlay-color\";s:0:\"\";s:15:\"overlay-opacity\";s:0:\"\";s:16:\"overlay-gradient\";s:0:\"\";}s:6:\"mobile\";a:12:{s:16:\"background-color\";s:0:\"\";s:16:\"background-image\";s:0:\"\";s:17:\"background-repeat\";s:6:\"repeat\";s:19:\"background-position\";s:13:\"center center\";s:15:\"background-size\";s:4:\"auto\";s:21:\"background-attachment\";s:6:\"scroll\";s:15:\"background-type\";s:0:\"\";s:16:\"background-media\";s:0:\"\";s:12:\"overlay-type\";s:0:\"\";s:13:\"overlay-color\";s:0:\"\";s:15:\"overlay-opacity\";s:0:\"\";s:16:\"overlay-gradient\";s:0:\"\";}}"],"ast-content-background-meta":["a:3:{s:7:\"desktop\";a:12:{s:16:\"background-color\";s:25:\"var(--ast-global-color-5)\";s:16:\"background-image\";s:0:\"\";s:17:\"background-repeat\";s:6:\"repeat\";s:19:\"background-position\";s:13:\"center center\";s:15:\"background-size\";s:4:\"auto\";s:21:\"background-attachment\";s:6:\"scroll\";s:15:\"background-type\";s:0:\"\";s:16:\"background-media\";s:0:\"\";s:12:\"overlay-type\";s:0:\"\";s:13:\"overlay-color\";s:0:\"\";s:15:\"overlay-opacity\";s:0:\"\";s:16:\"overlay-gradient\";s:0:\"\";}s:6:\"tablet\";a:12:{s:16:\"background-color\";s:25:\"var(--ast-global-color-5)\";s:16:\"background-image\";s:0:\"\";s:17:\"background-repeat\";s:6:\"repeat\";s:19:\"background-position\";s:13:\"center center\";s:15:\"background-size\";s:4:\"auto\";s:21:\"background-attachment\";s:6:\"scroll\";s:15:\"background-type\";s:0:\"\";s:16:\"background-media\";s:0:\"\";s:12:\"overlay-type\";s:0:\"\";s:13:\"overlay-color\";s:0:\"\";s:15:\"overlay-opacity\";s:0:\"\";s:16:\"overlay-gradient\";s:0:\"\";}s:6:\"mobile\";a:12:{s:16:\"background-color\";s:25:\"var(--ast-global-color-5)\";s:16:\"background-image\";s:0:\"\";s:17:\"background-repeat\";s:6:\"repeat\";s:19:\"background-position\";s:13:\"center center\";s:15:\"background-size\";s:4:\"auto\";s:21:\"background-attachment\";s:6:\"scroll\";s:15:\"background-type\";s:0:\"\";s:16:\"background-media\";s:0:\"\";s:12:\"overlay-type\";s:0:\"\";s:13:\"overlay-color\";s:0:\"\";s:15:\"overlay-opacity\";s:0:\"\";s:16:\"overlay-gradient\";s:0:\"\";}}"],"footnotes":[""],"_elementor_edit_mode":[""],"_elementor_template_type":[""],"_elementor_data":[""],"_elementor_conditions":["a:0:{}"],"_uag_css_file_name":["uag-css-121.css"],"_uag_page_assets":["a:9:{s:3:\"css\";s:7156:\".uag-blocks-common-selector{z-index:var(--z-index-desktop) !important}@media (max-width: 976px){.uag-blocks-common-selector{z-index:var(--z-index-tablet) !important}}@media (max-width: 767px){.uag-blocks-common-selector{z-index:var(--z-index-mobile) !important}}\n.wp-block-uagb-image{display:flex}.wp-block-uagb-image__figure{position:relative;display:flex;flex-direction:column;max-width:100%;height:auto;margin:0}.wp-block-uagb-image__figure img{height:auto;display:flex;max-width:100%;transition:box-shadow 0.2s ease}.wp-block-uagb-image__figure>a{display:inline-block}.wp-block-uagb-image__figure figcaption{text-align:center;margin-top:0.5em;margin-bottom:1em}.wp-block-uagb-image .components-placeholder.block-editor-media-placeholder .components-placeholder__instructions{align-self:center}.wp-block-uagb-image--align-left{text-align:left}.wp-block-uagb-image--align-right{text-align:right}.wp-block-uagb-image--align-center{text-align:center}.wp-block-uagb-image--align-full .wp-block-uagb-image__figure{margin-left:calc(50% - 50vw);margin-right:calc(50% - 50vw);max-width:100vw;width:100vw;height:auto}.wp-block-uagb-image--align-full .wp-block-uagb-image__figure img{height:auto;width:100% !important}.wp-block-uagb-image--align-wide .wp-block-uagb-image__figure img{height:auto;width:100%}.wp-block-uagb-image--layout-overlay__color-wrapper{position:absolute;left:0;top:0;right:0;bottom:0;opacity:0.2;background:rgba(0,0,0,0.5);transition:opacity 0.35s ease-in-out}.wp-block-uagb-image--layout-overlay-link{position:absolute;left:0;right:0;bottom:0;top:0}.wp-block-uagb-image--layout-overlay .wp-block-uagb-image__figure:hover .wp-block-uagb-image--layout-overlay__color-wrapper{opacity:1}.wp-block-uagb-image--layout-overlay__inner{position:absolute;left:15px;right:15px;bottom:15px;top:15px;display:flex;align-items:center;justify-content:center;flex-direction:column;border-color:#fff;transition:0.35s ease-in-out}.wp-block-uagb-image--layout-overlay__inner.top-left,.wp-block-uagb-image--layout-overlay__inner.top-center,.wp-block-uagb-image--layout-overlay__inner.top-right{justify-content:flex-start}.wp-block-uagb-image--layout-overlay__inner.bottom-left,.wp-block-uagb-image--layout-overlay__inner.bottom-center,.wp-block-uagb-image--layout-overlay__inner.bottom-right{justify-content:flex-end}.wp-block-uagb-image--layout-overlay__inner.top-left,.wp-block-uagb-image--layout-overlay__inner.center-left,.wp-block-uagb-image--layout-overlay__inner.bottom-left{align-items:flex-start}.wp-block-uagb-image--layout-overlay__inner.top-right,.wp-block-uagb-image--layout-overlay__inner.center-right,.wp-block-uagb-image--layout-overlay__inner.bottom-right{align-items:flex-end}.wp-block-uagb-image--layout-overlay__inner .uagb-image-heading{color:#fff;transition:transform 0.35s, opacity 0.35s ease-in-out;transform:translate3d(0, 24px, 0);margin:0;line-height:1em}.wp-block-uagb-image--layout-overlay__inner .uagb-image-separator{width:30%;border-top-width:2px;border-top-color:#fff;border-top-style:solid;margin-bottom:10px;opacity:0;transition:transform 0.4s, opacity 0.4s ease-in-out;transform:translate3d(0, 30px, 0)}.wp-block-uagb-image--layout-overlay__inner .uagb-image-caption{opacity:0;overflow:visible;color:#fff;transition:transform 0.45s, opacity 0.45s ease-in-out;transform:translate3d(0, 35px, 0)}.wp-block-uagb-image--layout-overlay__inner:hover .uagb-image-heading,.wp-block-uagb-image--layout-overlay__inner:hover .uagb-image-separator,.wp-block-uagb-image--layout-overlay__inner:hover .uagb-image-caption{opacity:1;transform:translate3d(0, 0, 0)}.wp-block-uagb-image--effect-zoomin .wp-block-uagb-image__figure img,.wp-block-uagb-image--effect-zoomin .wp-block-uagb-image__figure .wp-block-uagb-image--layout-overlay__color-wrapper{transform:scale(1);transition:transform 0.35s ease-in-out}.wp-block-uagb-image--effect-zoomin .wp-block-uagb-image__figure:hover img,.wp-block-uagb-image--effect-zoomin .wp-block-uagb-image__figure:hover .wp-block-uagb-image--layout-overlay__color-wrapper{transform:scale(1.05)}.wp-block-uagb-image--effect-slide .wp-block-uagb-image__figure img,.wp-block-uagb-image--effect-slide .wp-block-uagb-image__figure .wp-block-uagb-image--layout-overlay__color-wrapper{width:calc(100% + 40px) !important;max-width:none !important;transform:translate3d(-40px, 0, 0);transition:transform 0.35s ease-in-out}.wp-block-uagb-image--effect-slide .wp-block-uagb-image__figure:hover img,.wp-block-uagb-image--effect-slide .wp-block-uagb-image__figure:hover .wp-block-uagb-image--layout-overlay__color-wrapper{transform:translate3d(0, 0, 0)}.wp-block-uagb-image--effect-grayscale img{filter:grayscale(0%);transition:0.35s ease-in-out}.wp-block-uagb-image--effect-grayscale:hover img{filter:grayscale(100%)}.wp-block-uagb-image--effect-blur img{filter:blur(0);transition:0.35s ease-in-out}.wp-block-uagb-image--effect-blur:hover img{filter:blur(3px)}\n.uagb-block-e6f939b3.wp-block-uagb-image--layout-default figure img{box-shadow: 0px 0px 0 #00000070;}.uagb-block-e6f939b3.wp-block-uagb-image .wp-block-uagb-image__figure figcaption{font-style: normal;align-self: center;}.uagb-block-e6f939b3.wp-block-uagb-image--layout-overlay figure img{box-shadow: 0px 0px 0 #00000070;}.uagb-block-e6f939b3.wp-block-uagb-image--layout-overlay .wp-block-uagb-image--layout-overlay__color-wrapper{opacity: 0.2;}.uagb-block-e6f939b3.wp-block-uagb-image--layout-overlay .wp-block-uagb-image--layout-overlay__inner{left: 15px;right: 15px;top: 15px;bottom: 15px;}.uagb-block-e6f939b3.wp-block-uagb-image--layout-overlay .wp-block-uagb-image--layout-overlay__inner .uagb-image-heading{font-style: normal;color: #fff;opacity: 1;}.uagb-block-e6f939b3.wp-block-uagb-image--layout-overlay .wp-block-uagb-image--layout-overlay__inner .uagb-image-heading a{color: #fff;}.uagb-block-e6f939b3.wp-block-uagb-image--layout-overlay .wp-block-uagb-image--layout-overlay__inner .uagb-image-caption{opacity: 0;}.uagb-block-e6f939b3.wp-block-uagb-image--layout-overlay .wp-block-uagb-image__figure:hover .wp-block-uagb-image--layout-overlay__color-wrapper{opacity: 1;}.uagb-block-e6f939b3.wp-block-uagb-image .wp-block-uagb-image--layout-overlay__inner .uagb-image-separator{width: 30%;border-top-width: 2px;border-top-color: #fff;opacity: 0;}.uagb-block-e6f939b3.wp-block-uagb-image .wp-block-uagb-image__figure img{width: px;height: auto;}.uagb-block-e6f939b3.wp-block-uagb-image .wp-block-uagb-image__figure:hover .wp-block-uagb-image--layout-overlay__inner .uagb-image-caption{opacity: 1;}.uagb-block-e6f939b3.wp-block-uagb-image .wp-block-uagb-image__figure:hover .wp-block-uagb-image--layout-overlay__inner .uagb-image-separator{opacity: 1;}.uagb-block-e6f939b3.wp-block-uagb-image--layout-default figure:hover img{box-shadow: 0px 0px 0 #00000070;}.uagb-block-e6f939b3.wp-block-uagb-image--layout-overlay figure:hover img{box-shadow: 0px 0px 0 #00000070;}@media only screen and (max-width: 976px) {.uagb-block-e6f939b3.wp-block-uagb-image .wp-block-uagb-image__figure img{width: px;height: auto;}}@media only screen and (max-width: 767px) {.uagb-block-e6f939b3.wp-block-uagb-image .wp-block-uagb-image__figure img{width: px;height: auto;}}\";s:2:\"js\";s:0:\"\";s:18:\"current_block_list\";a:13:{i:0;s:14:\"core\/paragraph\";i:1;s:11:\"core\/search\";i:2;s:10:\"core\/group\";i:3;s:12:\"core\/heading\";i:4;s:17:\"core\/latest-posts\";i:5;s:20:\"core\/latest-comments\";i:6;s:13:\"core\/archives\";i:7;s:15:\"core\/categories\";i:8;s:10:\"uagb\/image\";i:9;s:11:\"core\/spacer\";i:10;s:30:\"woocommerce\/product-categories\";i:11;s:10:\"core\/image\";i:12;s:14:\"core\/shortcode\";}s:8:\"uag_flag\";b:1;s:11:\"uag_version\";s:10:\"1776324359\";s:6:\"gfonts\";a:0:{}s:10:\"gfonts_url\";s:0:\"\";s:12:\"gfonts_files\";a:0:{}s:14:\"uag_faq_layout\";b:0;}"]},"uagb_featured_image_src":{"full":false,"thumbnail":false,"medium":false,"medium_large":false,"large":false,"1536x1536":false,"2048x2048":false,"trp-custom-language-flag":false,"woocommerce_thumbnail":false,"woocommerce_single":false,"woocommerce_gallery_thumbnail":false},"uagb_author_info":{"display_name":"admin","author_link":"https:\/\/www.oleaia.com\/si\/author\/admin2721\/"},"uagb_comment_info":0,"uagb_excerpt":"These conditions of sale are concluded on the one hand by the company Oleaia LLC with a share capital of 100,000 USD whose head office is located at 213 N Market Street #1042, Wilmington, DE 19801, United States of America, registered in the Commercial Register of Delaware under the number 10141920 and managing the website&hellip;","_links":{"self":[{"href":"https:\/\/www.oleaia.com\/si\/wp-json\/wp\/v2\/pages\/121","targetHints":{"allow":["GET"]}}],"collection":[{"href":"https:\/\/www.oleaia.com\/si\/wp-json\/wp\/v2\/pages"}],"about":[{"href":"https:\/\/www.oleaia.com\/si\/wp-json\/wp\/v2\/types\/page"}],"author":[{"embeddable":true,"href":"https:\/\/www.oleaia.com\/si\/wp-json\/wp\/v2\/users\/1"}],"replies":[{"embeddable":true,"href":"https:\/\/www.oleaia.com\/si\/wp-json\/wp\/v2\/comments?post=121"}],"version-history":[{"count":3,"href":"https:\/\/www.oleaia.com\/si\/wp-json\/wp\/v2\/pages\/121\/revisions"}],"predecessor-version":[{"id":23029,"href":"https:\/\/www.oleaia.com\/si\/wp-json\/wp\/v2\/pages\/121\/revisions\/23029"}],"wp:attachment":[{"href":"https:\/\/www.oleaia.com\/si\/wp-json\/wp\/v2\/media?parent=121"}],"curies":[{"name":"wp","href":"https:\/\/api.w.org\/{rel}","templated":true}]}}