{"id":23104,"date":"2025-07-26T12:03:26","date_gmt":"2025-07-26T10:03:26","guid":{"rendered":"https:\/\/www.oleaia.com\/?post_type=product&#038;p=23104"},"modified":"2026-03-25T06:53:00","modified_gmt":"2026-03-25T05:53:00","slug":"grapefruit-seed-oil","status":"publish","type":"product","link":"https:\/\/www.oleaia.com\/si\/products\/grapefruit-seed-oil\/","title":{"rendered":"Olje grenivkinih semen - 1 liter"},"content":{"rendered":"<p><strong><img decoding=\"async\" style=\"margin-right: 12px;\" src=\"https:\/\/www.oleaia.com\/wp-content\/uploads\/2026\/03\/Check.svg\" alt=\"\" width=\"18\" height=\"15\" \/>Neprekosljiva u\u010dinkovitost pri \u010di\u0161\u010denju ko\u017ee in vzdr\u017eevanju notranjega ravnovesja.<\/strong> Olje grenivkinih semen je naju\u010dinkovitej\u0161a naravna re\u0161itev za jasnej\u0161i videz ko\u017ee, ohranjanje \u010diste polti in podporo splo\u0161nemu dobremu po\u010dutju. Tradicionalno cenjeno zaradi svojih \u010distilnih in po\u017eivljajo\u010dih lastnosti, pomaga izbolj\u0161ati videz jasnosti ko\u017ee, ob dosledni uporabi pa prispeva k ob\u010dutku sve\u017eine in uravnote\u017eenosti.<\/p>\n<p><strong><img decoding=\"async\" style=\"margin-right: 12px;\" src=\"https:\/\/www.oleaia.com\/wp-content\/uploads\/2026\/03\/Check.svg\" alt=\"\" width=\"18\" height=\"15\" \/>Najcenej\u0161e vrhunsko olje grenivkinih semen na voljo.<\/strong> Smo najcenej\u0161i na trgu, hkrati pa ohranjamo stroge standarde kakovosti, s \u010dimer zagotavljamo izjemno vrednost brez ogro\u017eanja u\u010dinkovitosti ali botani\u010dne celovitosti. Ta cenovna dostopnost omogo\u010da, da olje grenivkinih semen vsakodnevno vklju\u010dite v rutino nege ko\u017ee, las in dobrega po\u010dutja.<\/p>\n<p><strong><img decoding=\"async\" style=\"margin-right: 12px;\" src=\"https:\/\/www.oleaia.com\/wp-content\/uploads\/2026\/03\/Check.svg\" alt=\"\" width=\"18\" height=\"15\" \/>Hitra in zanesljiva 24-urna dostava.<\/strong> Vedno vam nudimo 24-urno dostavo, kar zagotavlja, da bo olje grenivkinih semen prispelo hitro in u\u010dinkovito. Hitra dostava zagotavlja neprekinjeno kontinuiteto v lepotnih in zdravstvenih praksah.<\/p>\n<p><strong><img decoding=\"async\" style=\"margin-right: 12px;\" src=\"https:\/\/www.oleaia.com\/wp-content\/uploads\/2026\/03\/Check.svg\" alt=\"\" width=\"18\" height=\"15\" \/>Garancija vra\u010dila denarja za popolno varnost.<\/strong> Ponujamo jamstvo za vra\u010dilo denarja. \u010ce stranka ni zadovoljna, ji bomo povrnili denar. Ta pregledna zaveza odra\u017ea zaupanje v kakovost izdelka in zagotavlja nakupno izku\u0161njo popolnoma brez tveganja.<\/p>\n<p><strong><img decoding=\"async\" style=\"margin-right: 12px;\" src=\"https:\/\/www.oleaia.com\/wp-content\/uploads\/2026\/03\/Check.svg\" alt=\"\" width=\"18\" height=\"15\" \/>Popolnoma ekolo\u0161ko za pristno botani\u010dno dobro po\u010dutje.<\/strong> Na\u0161e olje grenivkinih semen je v celoti ekolo\u0161ko, pridelano s skrbnim upo\u0161tevanjem okoljske odgovornosti in celovitosti rastlin. Ta zaveza zagotavlja skladnost z vrednotami \u010distega \u017eivljenja in tradicijami celostne nege.<\/p>\n<p><strong><img decoding=\"async\" style=\"margin-right: 12px;\" src=\"https:\/\/www.oleaia.com\/wp-content\/uploads\/2026\/03\/Check.svg\" alt=\"\" width=\"18\" height=\"15\" \/>Podpira \u010distej\u0161o in bolj uravnote\u017eeno ko\u017eo.<\/strong> Olje iz grenivkinih semen je cenjeno, saj pomaga ohranjati \u010distost ko\u017ee in zmanj\u0161uje videz nepravilnosti ter prispeva k bolj enakomerni in sve\u017ei polti.<\/p>\n<p><strong><img decoding=\"async\" style=\"margin-right: 12px;\" src=\"https:\/\/www.oleaia.com\/wp-content\/uploads\/2026\/03\/Check.svg\" alt=\"\" width=\"18\" height=\"15\" \/>Spodbuja prefinjeno in bolj gladko teksturo ko\u017ee.<\/strong> Z redno uporabo izbolj\u0161a videz neravnih povr\u0161in in poskrbi za mehkej\u0161o, bolj polirano povr\u0161ino.<\/p>\n<p><strong><img decoding=\"async\" style=\"margin-right: 12px;\" src=\"https:\/\/www.oleaia.com\/wp-content\/uploads\/2026\/03\/Check.svg\" alt=\"\" width=\"18\" height=\"15\" \/>Spodbuja ravnovesje lasi\u0161\u010da in bolj zdrav videz las.<\/strong> Olje grenivkinih semen, ki ga nanesete na lasi\u0161\u010de, pomaga ohranjati \u010disto in uravnote\u017eeno okolje ter podpira lase, ki so videti mo\u010dnej\u0161i in \u017eivahnej\u0161i.<\/p>\n<p><strong><img decoding=\"async\" style=\"margin-right: 12px;\" src=\"https:\/\/www.oleaia.com\/wp-content\/uploads\/2026\/03\/Check.svg\" alt=\"\" width=\"18\" height=\"15\" \/>Pove\u010da sijaj las in lahkotno nego.<\/strong> Zaradi lahke teksture neguje lase brez obte\u017eitve, prameni pa so gladki, obvladljivi in naravno sijo\u010di.<\/p>\n<p><strong><img decoding=\"async\" style=\"margin-right: 12px;\" src=\"https:\/\/www.oleaia.com\/wp-content\/uploads\/2026\/03\/Check.svg\" alt=\"\" width=\"18\" height=\"15\" \/>Podpira notranje \u010di\u0161\u010denje in prebavno ravnovesje.<\/strong> Olje grenivkinih semen, ki je tradicionalno vklju\u010deno v wellness rutino, prispeva k ob\u010dutku notranje sve\u017eine in ob uporabi ustreznih koli\u010din pomaga ohranjati prebavno ugodje.<\/p>\n<p><strong><img decoding=\"async\" style=\"margin-right: 12px;\" src=\"https:\/\/www.oleaia.com\/wp-content\/uploads\/2026\/03\/Check.svg\" alt=\"\" width=\"18\" height=\"15\" \/>Spodbuja energijsko in spodbudno vzdu\u0161je.<\/strong> Sve\u017ea citrusna aroma olja grenivkinih semen pomaga spodbuditi \u010dute, podpira jasnost uma, osredoto\u010denost in pozitivno razpolo\u017eenje.<\/p>\n<p><strong><img decoding=\"async\" style=\"margin-right: 12px;\" src=\"https:\/\/www.oleaia.com\/wp-content\/uploads\/2026\/03\/Check.svg\" alt=\"\" width=\"18\" height=\"15\" \/>Idealno za razstrupljanje in sezonske wellness programe.<\/strong> Olje iz grenivkinih semen je \u0161e posebej priljubljeno v obdobjih obnove, saj pomaga ohranjati ravnovesje in vitalnost telesa in duha.<\/p>\n<p><strong><img decoding=\"async\" style=\"margin-right: 12px;\" src=\"https:\/\/www.oleaia.com\/wp-content\/uploads\/2026\/03\/Check.svg\" alt=\"\" width=\"18\" height=\"15\" \/>Vsestransko uporaben za notranjo uporabo, lokalno uporabo in aromaterapijo.<\/strong> Olje grenivkinih semen se brez te\u017eav vklju\u010di v celovite postopke, \u010de se uporablja v ustrezno odmerjenih koli\u010dinah za razli\u010dne na\u010dine uporabe.<\/p>\n<p><strong><img decoding=\"async\" style=\"margin-right: 12px;\" src=\"https:\/\/www.oleaia.com\/wp-content\/uploads\/2026\/03\/Check.svg\" alt=\"\" width=\"18\" height=\"15\" \/>Obogaten s hranljivim oljem za ne\u017een nanos in optimalno udobje.<\/strong> Na\u0161e olje grenivkinih semen je \u017ee obogateno s hranilnim oljem, ki zagotavlja ne\u017een nanos, bolj\u0161o razmazljivost, optimalno udobje in enostavno uporabo. Ta premi\u0161ljena formulacija izbolj\u0161a vpijanje ter zagotavlja gladko in enakomerno prekrivanje ko\u017ee in lasi\u0161\u010da.<\/p>\n<h2><strong>Navodila<\/strong><\/h2>\n<ul>\n<li>Za notranjo uporabo vzemite 1 kapljico, razred\u010deno v \u010dajni \u017eli\u010dki medu ali kozarcu tople vode, enkrat na dan.<\/li>\n<li>Ne presegajte 2 kapljic na dan za notranjo uporabo, razen po strokovnem nasvetu.<\/li>\n<li>Za nego obraza nanesite 2 do 4 kapljice na \u010disto in suho ko\u017eo ter ne\u017eno masirajte, dokler se ne vpije.<\/li>\n<li>Uporabljajte enkrat ali dvakrat na dan, odvisno od potreb ko\u017ee.<\/li>\n<li>Za nego telesa nanesite zmerno koli\u010dino in temeljito vmasirajte v ko\u017eo.<\/li>\n<li>Za nego lasi\u0161\u010da vmasirajte 5 do 8 kapljic v lasi\u0161\u010de in pustite delovati 30 do 60 minut, preden ga sperete.<\/li>\n<li>Za nego las nanesite 1 do 3 kapljice na dol\u017eine in konice vla\u017enih ali suhih las.<\/li>\n<li>Priporo\u010deni najve\u010dji dnevni odmerek za lokalno uporabo je pribli\u017eno 8 do 10 kapljic, razdeljenih po podro\u010djih uporabe.<\/li>\n<li>Za aromati\u010dno uporabo dodajte 3 do 5 kapljic v difuzor, napolnjen z vodo, in razpr\u0161ujte 15 do 30 minut.<\/li>\n<li>Pred prvo zunanjo uporabo opravite test na obli\u017eu, da ocenite zdru\u017eljivost s ko\u017eo.<\/li>\n<li>Izogibajte se stiku z o\u010dmi, sluznicami in ob\u010dutljivo ali razdra\u017eeno ko\u017eo.<\/li>\n<li>Ni priporo\u010dljivo med nose\u010dnostjo ali dojenjem brez strokovnega nasveta.<\/li>\n<li>Shranjujte v hladnem in suhem prostoru, stran od neposredne son\u010dne svetlobe, po vsaki uporabi pa stekleni\u010dko tesno zaprite.<\/li>\n<\/ul>","protected":false},"excerpt":{"rendered":"<p>Unmatched effectiveness for purifying skin and supporting internal balance. Grapefruit seed oil is the most effective natural solution for promoting clearer-looking skin, maintaining a refined complexion, and supporting overall wellness. Traditionally appreciated for its cleansing and revitalizing properties, it helps improve the appearance of skin clarity while contributing to a refreshed and balanced feeling with [&hellip;]<\/p>\n","protected":false},"featured_media":23942,"comment_status":"open","ping_status":"closed","template":"","meta":{"_uag_custom_page_level_css":"","site-sidebar-layout":"default","site-content-layout":"","ast-site-content-layout":"default","site-content-style":"default","site-sidebar-style":"default","ast-global-header-display":"","ast-banner-title-visibility":"","ast-main-header-display":"","ast-hfb-above-header-display":"","ast-hfb-below-header-display":"","ast-hfb-mobile-header-display":"","site-post-title":"","ast-breadcrumbs-content":"","ast-featured-img":"","footer-sml-layout":"","ast-disable-related-posts":"","theme-transparent-header-meta":"default","adv-header-id-meta":"","stick-header-meta":"","header-above-stick-meta":"","header-main-stick-meta":"","header-below-stick-meta":"","astra-migrate-meta-layouts":"set","ast-page-background-enabled":"default","ast-page-background-meta":{"desktop":{"background-color":"var(--ast-global-color-4)","background-image":"","background-repeat":"repeat","background-position":"center center","background-size":"auto","background-attachment":"scroll","background-type":"","background-media":"","overlay-type":"","overlay-color":"","overlay-opacity":"","overlay-gradient":""},"tablet":{"background-color":"","background-image":"","background-repeat":"repeat","background-position":"center center","background-size":"auto","background-attachment":"scroll","background-type":"","background-media":"","overlay-type":"","overlay-color":"","overlay-opacity":"","overlay-gradient":""},"mobile":{"background-color":"","background-image":"","background-repeat":"repeat","background-position":"center center","background-size":"auto","background-attachment":"scroll","background-type":"","background-media":"","overlay-type":"","overlay-color":"","overlay-opacity":"","overlay-gradient":""}},"ast-content-background-meta":{"desktop":{"background-color":"var(--ast-global-color-5)","background-image":"","background-repeat":"repeat","background-position":"center center","background-size":"auto","background-attachment":"scroll","background-type":"","background-media":"","overlay-type":"","overlay-color":"","overlay-opacity":"","overlay-gradient":""},"tablet":{"background-color":"var(--ast-global-color-5)","background-image":"","background-repeat":"repeat","background-position":"center center","background-size":"auto","background-attachment":"scroll","background-type":"","background-media":"","overlay-type":"","overlay-color":"","overlay-opacity":"","overlay-gradient":""},"mobile":{"background-color":"var(--ast-global-color-5)","background-image":"","background-repeat":"repeat","background-position":"center center","background-size":"auto","background-attachment":"scroll","background-type":"","background-media":"","overlay-type":"","overlay-color":"","overlay-opacity":"","overlay-gradient":""}}},"product_brand":[],"product_cat":[15],"product_tag":[],"class_list":{"0":"post-23104","1":"product","2":"type-product","3":"status-publish","4":"has-post-thumbnail","6":"product_cat-shop","7":"desktop-align-left","8":"tablet-align-left","9":"mobile-align-left","11":"first","12":"instock","13":"shipping-taxable","14":"purchasable","15":"product-type-simple"},"spectra_custom_meta":{"_edit_lock":["1774417844:1"],"_edit_last":["1"],"merchant-center-availability":["yes"],"merchant-center-category":["6104"],"_thumbnail_id":["23942"],"_wp_page_template":["default"],"_sku":["OLGRAPEFRUITSEEDOIL"],"_global_unique_id":["5056773820821"],"_regular_price":["29.90"],"total_sales":["7"],"_tax_status":["taxable"],"_tax_class":[""],"_manage_stock":["no"],"_backorders":["no"],"_sold_individually":["no"],"_weight":["1.3"],"_virtual":["no"],"_downloadable":["no"],"_download_limit":["-1"],"_download_expiry":["-1"],"_stock":[null],"_stock_status":["instock"],"_wc_average_rating":["5.00"],"_wc_review_count":["19"],"_product_version":["10.6.1"],"_price":["29.90"],"site-sidebar-layout":["default"],"ast-site-content-layout":["default"],"site-content-style":["default"],"site-sidebar-style":["default"],"theme-transparent-header-meta":["default"],"_wc_rating_count":["a:1:{i:5;i:19;}"],"astra-migrate-meta-layouts":["set"],"_uag_css_file_name":["uag-css-23104.css"],"_elementor_page_assets":["a:0:{}"],"_uag_page_assets":["a:9:{s:3:\"css\";s:6893:\".wp-block-uagb-image{display:flex}.wp-block-uagb-image__figure{position:relative;display:flex;flex-direction:column;max-width:100%;height:auto;margin:0}.wp-block-uagb-image__figure img{height:auto;display:flex;max-width:100%;transition:box-shadow 0.2s ease}.wp-block-uagb-image__figure>a{display:inline-block}.wp-block-uagb-image__figure figcaption{text-align:center;margin-top:0.5em;margin-bottom:1em}.wp-block-uagb-image .components-placeholder.block-editor-media-placeholder .components-placeholder__instructions{align-self:center}.wp-block-uagb-image--align-left{text-align:left}.wp-block-uagb-image--align-right{text-align:right}.wp-block-uagb-image--align-center{text-align:center}.wp-block-uagb-image--align-full .wp-block-uagb-image__figure{margin-left:calc(50% - 50vw);margin-right:calc(50% - 50vw);max-width:100vw;width:100vw;height:auto}.wp-block-uagb-image--align-full .wp-block-uagb-image__figure img{height:auto;width:100% !important}.wp-block-uagb-image--align-wide .wp-block-uagb-image__figure img{height:auto;width:100%}.wp-block-uagb-image--layout-overlay__color-wrapper{position:absolute;left:0;top:0;right:0;bottom:0;opacity:0.2;background:rgba(0,0,0,0.5);transition:opacity 0.35s ease-in-out}.wp-block-uagb-image--layout-overlay-link{position:absolute;left:0;right:0;bottom:0;top:0}.wp-block-uagb-image--layout-overlay .wp-block-uagb-image__figure:hover .wp-block-uagb-image--layout-overlay__color-wrapper{opacity:1}.wp-block-uagb-image--layout-overlay__inner{position:absolute;left:15px;right:15px;bottom:15px;top:15px;display:flex;align-items:center;justify-content:center;flex-direction:column;border-color:#fff;transition:0.35s ease-in-out}.wp-block-uagb-image--layout-overlay__inner.top-left,.wp-block-uagb-image--layout-overlay__inner.top-center,.wp-block-uagb-image--layout-overlay__inner.top-right{justify-content:flex-start}.wp-block-uagb-image--layout-overlay__inner.bottom-left,.wp-block-uagb-image--layout-overlay__inner.bottom-center,.wp-block-uagb-image--layout-overlay__inner.bottom-right{justify-content:flex-end}.wp-block-uagb-image--layout-overlay__inner.top-left,.wp-block-uagb-image--layout-overlay__inner.center-left,.wp-block-uagb-image--layout-overlay__inner.bottom-left{align-items:flex-start}.wp-block-uagb-image--layout-overlay__inner.top-right,.wp-block-uagb-image--layout-overlay__inner.center-right,.wp-block-uagb-image--layout-overlay__inner.bottom-right{align-items:flex-end}.wp-block-uagb-image--layout-overlay__inner .uagb-image-heading{color:#fff;transition:transform 0.35s, opacity 0.35s ease-in-out;transform:translate3d(0, 24px, 0);margin:0;line-height:1em}.wp-block-uagb-image--layout-overlay__inner .uagb-image-separator{width:30%;border-top-width:2px;border-top-color:#fff;border-top-style:solid;margin-bottom:10px;opacity:0;transition:transform 0.4s, opacity 0.4s ease-in-out;transform:translate3d(0, 30px, 0)}.wp-block-uagb-image--layout-overlay__inner .uagb-image-caption{opacity:0;overflow:visible;color:#fff;transition:transform 0.45s, opacity 0.45s ease-in-out;transform:translate3d(0, 35px, 0)}.wp-block-uagb-image--layout-overlay__inner:hover .uagb-image-heading,.wp-block-uagb-image--layout-overlay__inner:hover .uagb-image-separator,.wp-block-uagb-image--layout-overlay__inner:hover .uagb-image-caption{opacity:1;transform:translate3d(0, 0, 0)}.wp-block-uagb-image--effect-zoomin .wp-block-uagb-image__figure img,.wp-block-uagb-image--effect-zoomin .wp-block-uagb-image__figure .wp-block-uagb-image--layout-overlay__color-wrapper{transform:scale(1);transition:transform 0.35s ease-in-out}.wp-block-uagb-image--effect-zoomin .wp-block-uagb-image__figure:hover img,.wp-block-uagb-image--effect-zoomin .wp-block-uagb-image__figure:hover .wp-block-uagb-image--layout-overlay__color-wrapper{transform:scale(1.05)}.wp-block-uagb-image--effect-slide .wp-block-uagb-image__figure img,.wp-block-uagb-image--effect-slide .wp-block-uagb-image__figure .wp-block-uagb-image--layout-overlay__color-wrapper{width:calc(100% + 40px) !important;max-width:none !important;transform:translate3d(-40px, 0, 0);transition:transform 0.35s ease-in-out}.wp-block-uagb-image--effect-slide .wp-block-uagb-image__figure:hover img,.wp-block-uagb-image--effect-slide .wp-block-uagb-image__figure:hover .wp-block-uagb-image--layout-overlay__color-wrapper{transform:translate3d(0, 0, 0)}.wp-block-uagb-image--effect-grayscale img{filter:grayscale(0%);transition:0.35s ease-in-out}.wp-block-uagb-image--effect-grayscale:hover img{filter:grayscale(100%)}.wp-block-uagb-image--effect-blur img{filter:blur(0);transition:0.35s ease-in-out}.wp-block-uagb-image--effect-blur:hover img{filter:blur(3px)}\n.uagb-block-e6f939b3.wp-block-uagb-image--layout-default figure img{box-shadow: 0px 0px 0 #00000070;}.uagb-block-e6f939b3.wp-block-uagb-image .wp-block-uagb-image__figure figcaption{font-style: normal;align-self: center;}.uagb-block-e6f939b3.wp-block-uagb-image--layout-overlay figure img{box-shadow: 0px 0px 0 #00000070;}.uagb-block-e6f939b3.wp-block-uagb-image--layout-overlay .wp-block-uagb-image--layout-overlay__color-wrapper{opacity: 0.2;}.uagb-block-e6f939b3.wp-block-uagb-image--layout-overlay .wp-block-uagb-image--layout-overlay__inner{left: 15px;right: 15px;top: 15px;bottom: 15px;}.uagb-block-e6f939b3.wp-block-uagb-image--layout-overlay .wp-block-uagb-image--layout-overlay__inner .uagb-image-heading{font-style: normal;color: #fff;opacity: 1;}.uagb-block-e6f939b3.wp-block-uagb-image--layout-overlay .wp-block-uagb-image--layout-overlay__inner .uagb-image-heading a{color: #fff;}.uagb-block-e6f939b3.wp-block-uagb-image--layout-overlay .wp-block-uagb-image--layout-overlay__inner .uagb-image-caption{opacity: 0;}.uagb-block-e6f939b3.wp-block-uagb-image--layout-overlay .wp-block-uagb-image__figure:hover .wp-block-uagb-image--layout-overlay__color-wrapper{opacity: 1;}.uagb-block-e6f939b3.wp-block-uagb-image .wp-block-uagb-image--layout-overlay__inner .uagb-image-separator{width: 30%;border-top-width: 2px;border-top-color: #fff;opacity: 0;}.uagb-block-e6f939b3.wp-block-uagb-image .wp-block-uagb-image__figure img{width: px;height: auto;}.uagb-block-e6f939b3.wp-block-uagb-image .wp-block-uagb-image__figure:hover .wp-block-uagb-image--layout-overlay__inner .uagb-image-caption{opacity: 1;}.uagb-block-e6f939b3.wp-block-uagb-image .wp-block-uagb-image__figure:hover .wp-block-uagb-image--layout-overlay__inner .uagb-image-separator{opacity: 1;}.uagb-block-e6f939b3.wp-block-uagb-image--layout-default figure:hover img{box-shadow: 0px 0px 0 #00000070;}.uagb-block-e6f939b3.wp-block-uagb-image--layout-overlay figure:hover img{box-shadow: 0px 0px 0 #00000070;}@media only screen and (max-width: 976px) {.uagb-block-e6f939b3.wp-block-uagb-image .wp-block-uagb-image__figure img{width: px;height: auto;}}@media only screen and (max-width: 767px) {.uagb-block-e6f939b3.wp-block-uagb-image .wp-block-uagb-image__figure img{width: px;height: auto;}}\";s:2:\"js\";s:0:\"\";s:18:\"current_block_list\";a:13:{i:0;s:11:\"core\/search\";i:1;s:10:\"core\/group\";i:2;s:12:\"core\/heading\";i:3;s:17:\"core\/latest-posts\";i:4;s:20:\"core\/latest-comments\";i:5;s:13:\"core\/archives\";i:6;s:15:\"core\/categories\";i:7;s:14:\"core\/paragraph\";i:8;s:10:\"uagb\/image\";i:9;s:11:\"core\/spacer\";i:10;s:30:\"woocommerce\/product-categories\";i:11;s:10:\"core\/image\";i:12;s:14:\"core\/shortcode\";}s:8:\"uag_flag\";b:1;s:11:\"uag_version\";s:10:\"1776387372\";s:6:\"gfonts\";a:0:{}s:10:\"gfonts_url\";s:0:\"\";s:12:\"gfonts_files\";a:0:{}s:14:\"uag_faq_layout\";b:0;}"]},"uagb_featured_image_src":{"full":["https:\/\/www.oleaia.com\/wp-content\/uploads\/2025\/07\/Oleaia-Grapefruit-Seed-Oil-1L.jpg",2560,2560,false],"thumbnail":["https:\/\/www.oleaia.com\/wp-content\/uploads\/2025\/07\/Oleaia-Grapefruit-Seed-Oil-1L-150x150.jpg",150,150,true],"medium":["https:\/\/www.oleaia.com\/wp-content\/uploads\/2025\/07\/Oleaia-Grapefruit-Seed-Oil-1L-300x300.jpg",300,300,true],"medium_large":["https:\/\/www.oleaia.com\/wp-content\/uploads\/2025\/07\/Oleaia-Grapefruit-Seed-Oil-1L-768x768.jpg",768,768,true],"large":["https:\/\/www.oleaia.com\/wp-content\/uploads\/2025\/07\/Oleaia-Grapefruit-Seed-Oil-1L-1024x1024.jpg",1024,1024,true],"1536x1536":["https:\/\/www.oleaia.com\/wp-content\/uploads\/2025\/07\/Oleaia-Grapefruit-Seed-Oil-1L-1536x1536.jpg",1536,1536,true],"2048x2048":["https:\/\/www.oleaia.com\/wp-content\/uploads\/2025\/07\/Oleaia-Grapefruit-Seed-Oil-1L-2048x2048.jpg",2048,2048,true],"trp-custom-language-flag":["https:\/\/www.oleaia.com\/wp-content\/uploads\/2025\/07\/Oleaia-Grapefruit-Seed-Oil-1L-12x12.jpg",12,12,true],"woocommerce_thumbnail":["https:\/\/www.oleaia.com\/wp-content\/uploads\/2025\/07\/Oleaia-Grapefruit-Seed-Oil-1L-300x300.jpg",300,300,true],"woocommerce_single":["https:\/\/www.oleaia.com\/wp-content\/uploads\/2025\/07\/Oleaia-Grapefruit-Seed-Oil-1L-600x600.jpg",600,600,true],"woocommerce_gallery_thumbnail":["https:\/\/www.oleaia.com\/wp-content\/uploads\/2025\/07\/Oleaia-Grapefruit-Seed-Oil-1L-100x100.jpg",100,100,true]},"uagb_author_info":{"display_name":"admin","author_link":"https:\/\/www.oleaia.com\/si\/author\/"},"uagb_comment_info":19,"uagb_excerpt":"Unmatched effectiveness for purifying skin and supporting internal balance. Grapefruit seed oil is the most effective natural solution for promoting clearer-looking skin, maintaining a refined complexion, and supporting overall wellness. Traditionally appreciated for its cleansing and revitalizing properties, it helps improve the appearance of skin clarity while contributing to a refreshed and balanced feeling with&hellip;","_links":{"self":[{"href":"https:\/\/www.oleaia.com\/si\/wp-json\/wp\/v2\/product\/23104","targetHints":{"allow":["GET"]}}],"collection":[{"href":"https:\/\/www.oleaia.com\/si\/wp-json\/wp\/v2\/product"}],"about":[{"href":"https:\/\/www.oleaia.com\/si\/wp-json\/wp\/v2\/types\/product"}],"replies":[{"embeddable":true,"href":"https:\/\/www.oleaia.com\/si\/wp-json\/wp\/v2\/comments?post=23104"}],"version-history":[{"count":4,"href":"https:\/\/www.oleaia.com\/si\/wp-json\/wp\/v2\/product\/23104\/revisions"}],"predecessor-version":[{"id":80870,"href":"https:\/\/www.oleaia.com\/si\/wp-json\/wp\/v2\/product\/23104\/revisions\/80870"}],"wp:featuredmedia":[{"embeddable":true,"href":"https:\/\/www.oleaia.com\/si\/wp-json\/wp\/v2\/media\/23942"}],"wp:attachment":[{"href":"https:\/\/www.oleaia.com\/si\/wp-json\/wp\/v2\/media?parent=23104"}],"wp:term":[{"taxonomy":"product_brand","embeddable":true,"href":"https:\/\/www.oleaia.com\/si\/wp-json\/wp\/v2\/product_brand?post=23104"},{"taxonomy":"product_cat","embeddable":true,"href":"https:\/\/www.oleaia.com\/si\/wp-json\/wp\/v2\/product_cat?post=23104"},{"taxonomy":"product_tag","embeddable":true,"href":"https:\/\/www.oleaia.com\/si\/wp-json\/wp\/v2\/product_tag?post=23104"}],"curies":[{"name":"wp","href":"https:\/\/api.w.org\/{rel}","templated":true}]}}