{"id":23549,"date":"2025-08-04T17:59:35","date_gmt":"2025-08-04T15:59:35","guid":{"rendered":"https:\/\/www.oleaia.com\/?post_type=product&#038;p=23549"},"modified":"2026-03-27T12:09:04","modified_gmt":"2026-03-27T11:09:04","slug":"rosewood-oil","status":"publish","type":"product","link":"https:\/\/www.oleaia.com\/si\/products\/rosewood-oil\/","title":{"rendered":"Olje palisandra - 1 liter"},"content":{"rendered":"<p><strong><img decoding=\"async\" style=\"margin-right: 12px;\" src=\"https:\/\/www.oleaia.com\/wp-content\/uploads\/2026\/03\/Check.svg\" alt=\"\" width=\"18\" height=\"15\" \/>Neprekosljiva u\u010dinkovitost za regeneracijo, ravnovesje in naravno pomlajevanje ko\u017ee.<\/strong> Olje ro\u017enega lesa je naju\u010dinkovitej\u0161a naravna re\u0161itev za spodbujanje gladke in revitalizirane ko\u017ee, izbolj\u0161anje elasti\u010dnosti in splo\u0161nega ravnovesja polti. Ker je naravno bogato s koristnimi spojinami, z dosledno uporabo izbolj\u0161a teksturo, povrne mehkobo in prispeva k sijo\u010demu, mladostnemu in osve\u017eenemu videzu.<\/p>\n<p><strong><img decoding=\"async\" style=\"margin-right: 12px;\" src=\"https:\/\/www.oleaia.com\/wp-content\/uploads\/2026\/03\/Check.svg\" alt=\"\" width=\"18\" height=\"15\" \/>Najcenej\u0161e vrhunsko olje palisandra, ki je na voljo.<\/strong> Smo najcenej\u0161i na trgu, hkrati pa ohranjamo stroge standarde kakovosti, kar zagotavlja izjemno vrednost brez ogro\u017eanja \u010distosti ali aromati\u010dne kakovosti. Cenovna dostopnost omogo\u010da vsakodnevno uporabo olja palisandra pri negi ko\u017ee, aromaterapiji in wellness.<\/p>\n<p><strong><img decoding=\"async\" style=\"margin-right: 12px;\" src=\"https:\/\/www.oleaia.com\/wp-content\/uploads\/2026\/03\/Check.svg\" alt=\"\" width=\"18\" height=\"15\" \/>Hitra in zanesljiva 24-urna dostava.<\/strong> Vedno ponujamo 24-urno dostavo, ki zagotavlja, da bo olje iz palisandra prispelo hitro in u\u010dinkovito. Hitra dostava zagotavlja neprekinjeno kontinuiteto osebne nege in sprostitve.<\/p>\n<p><strong><img decoding=\"async\" style=\"margin-right: 12px;\" src=\"https:\/\/www.oleaia.com\/wp-content\/uploads\/2026\/03\/Check.svg\" alt=\"\" width=\"18\" height=\"15\" \/>Garancija vra\u010dila denarja za popolno varnost.<\/strong> Ponujamo jamstvo za vra\u010dilo denarja. \u010ce stranka ni zadovoljna, ji bomo povrnili denar. Ta pregledna zaveza odra\u017ea zaupanje v kakovost izdelka in zagotavlja nakupno izku\u0161njo popolnoma brez tveganja.<\/p>\n<p><strong><img decoding=\"async\" style=\"margin-right: 12px;\" src=\"https:\/\/www.oleaia.com\/wp-content\/uploads\/2026\/03\/Check.svg\" alt=\"\" width=\"18\" height=\"15\" \/>Popolnoma ekolo\u0161ko za pristno botani\u010dno nego.<\/strong> Na\u0161e palisandrovo olje je v celoti ekolo\u0161ko, pridelano s skrbnim upo\u0161tevanjem okoljske odgovornosti in trajnostnih praks pridobivanja. Ta zaveza zagotavlja skladnost s standardi \u010diste lepote in ekolo\u0161ko ozave\u0161\u010denostjo.<\/p>\n<p><strong><img decoding=\"async\" style=\"margin-right: 12px;\" src=\"https:\/\/www.oleaia.com\/wp-content\/uploads\/2026\/03\/Check.svg\" alt=\"\" width=\"18\" height=\"15\" \/>Poskrbi za bolj gladko, svetlej\u0161o in uravnote\u017eeno ko\u017eo.<\/strong> Olje ro\u017enega lesa je zelo cenjeno, saj pomaga izbolj\u0161ati videz dolgo\u010dasne ali neenakomerne ko\u017ee ter spodbuja prefinjeno in sijo\u010do polt.<\/p>\n<p><strong><img decoding=\"async\" style=\"margin-right: 12px;\" src=\"https:\/\/www.oleaia.com\/wp-content\/uploads\/2026\/03\/Check.svg\" alt=\"\" width=\"18\" height=\"15\" \/>Spodbuja bolj\u0161o elasti\u010dnost in mladostno \u010dvrstost.<\/strong> Z redno uporabo pomaga ohranjati pro\u017eno in elasti\u010dno ko\u017eo ter zmanj\u0161uje videz suhosti in utrujenosti.<\/p>\n<p><strong><img decoding=\"async\" style=\"margin-right: 12px;\" src=\"https:\/\/www.oleaia.com\/wp-content\/uploads\/2026\/03\/Check.svg\" alt=\"\" width=\"18\" height=\"15\" \/>Spodbuja obnavljanje ko\u017ee in izbolj\u0161uje njeno teksturo.<\/strong> Njegove po\u017eivljajo\u010de lastnosti pomagajo izbolj\u0161ati videz neenakomernih predelov ter prispevajo k mehkej\u0161i in bolj urejeni povr\u0161ini ko\u017ee.<\/p>\n<p><strong><img decoding=\"async\" style=\"margin-right: 12px;\" src=\"https:\/\/www.oleaia.com\/wp-content\/uploads\/2026\/03\/Check.svg\" alt=\"\" width=\"18\" height=\"15\" \/>Pove\u010da ne\u017eno vla\u017eenje in dolgotrajno udobje.<\/strong> Olje palisandra pomaga ohranjati optimalno raven vlage, zato je ko\u017ea mehka, nahranjena in prijetna brez te\u017ekih ob\u010dutkov.<\/p>\n<p><strong><img decoding=\"async\" style=\"margin-right: 12px;\" src=\"https:\/\/www.oleaia.com\/wp-content\/uploads\/2026\/03\/Check.svg\" alt=\"\" width=\"18\" height=\"15\" \/>Pomaga pri blagodejni negi ob\u010dutljive ali ob\u010dutljive ko\u017ee.<\/strong> Zaradi svoje blage in pomirjujo\u010de narave je primeren za ohranjanje udobja in ravnovesja ko\u017ee.<\/p>\n<p><strong><img decoding=\"async\" style=\"margin-right: 12px;\" src=\"https:\/\/www.oleaia.com\/wp-content\/uploads\/2026\/03\/Check.svg\" alt=\"\" width=\"18\" height=\"15\" \/>Krepi \u010dustveno ravnovesje in spro\u0161\u010denost.<\/strong> Mehka, lesno-cvetli\u010dna aroma olja palisandra pomaga umiriti um, zmanj\u0161ati stres in spodbuditi ob\u010dutek dobrega po\u010dutja.<\/p>\n<p><strong><img decoding=\"async\" style=\"margin-right: 12px;\" src=\"https:\/\/www.oleaia.com\/wp-content\/uploads\/2026\/03\/Check.svg\" alt=\"\" width=\"18\" height=\"15\" \/>Spodbuja toplo, elegantno in pomirjujo\u010de aromati\u010dno vzdu\u0161je.<\/strong> Njegov prefinjen vonj ustvarja mirno okolje, idealno za sprostitev, meditacijo in vsakodnevno umiritev.<\/p>\n<p><strong><img decoding=\"async\" style=\"margin-right: 12px;\" src=\"https:\/\/www.oleaia.com\/wp-content\/uploads\/2026\/03\/Check.svg\" alt=\"\" width=\"18\" height=\"15\" \/>Podpira mehkobo, sijaj in splo\u0161no vitalnost las.<\/strong> Olje palisandra, ki ga nanesete na lase, pomaga zgladiti pramene, zmanj\u0161ati suhost in poskrbi za zdrav videz.<\/p>\n<p><strong><img decoding=\"async\" style=\"margin-right: 12px;\" src=\"https:\/\/www.oleaia.com\/wp-content\/uploads\/2026\/03\/Check.svg\" alt=\"\" width=\"18\" height=\"15\" \/>Idealen za nego ko\u017ee, aromaterapijo in obnovitvene postopke.<\/strong> Olje ro\u017enega lesa je \u0161e posebej primerno za posameznike, ki i\u0161\u010dejo ne\u017eno pomlajevanje in \u010dustveno ravnovesje.<\/p>\n<p><strong><img decoding=\"async\" style=\"margin-right: 12px;\" src=\"https:\/\/www.oleaia.com\/wp-content\/uploads\/2026\/03\/Check.svg\" alt=\"\" width=\"18\" height=\"15\" \/>Vsestransko uporaben za obraz, telo, lasi\u0161\u010de, lase in aromati\u010dno uporabo.<\/strong> Olje palisandra se brez te\u017eav vklju\u010di v celovite postopke za lepoto in dobro po\u010dutje.<\/p>\n<p><strong><img decoding=\"async\" style=\"margin-right: 12px;\" src=\"https:\/\/www.oleaia.com\/wp-content\/uploads\/2026\/03\/Check.svg\" alt=\"\" width=\"18\" height=\"15\" \/>Obogaten s hranljivim oljem za ne\u017een nanos in optimalno udobje.<\/strong> Na\u0161e palisandrovo olje je \u017ee obogateno s hranilnim oljem, ki zagotavlja ne\u017een nanos, bolj\u0161o razmazljivost, optimalno udobje in enostavno uporabo. Ta premi\u0161ljena formulacija izbolj\u0161a vpijanje ter zagotavlja gladko in enakomerno prekrivanje ko\u017ee in las.<\/p>\n<h2><strong>Navodila<\/strong><\/h2>\n<ul>\n<li>2 do 3 kapljice nanesite na \u010disto in suho ko\u017eo obraza ter ne\u017eno masirajte, dokler se popolnoma ne vpije.<\/li>\n<li>Uporabljajte enkrat ali dvakrat na dan, odvisno od potreb ko\u017ee.<\/li>\n<li>Za nego telesa nanesite zmerno koli\u010dino in temeljito vmasirajte v ko\u017eo.<\/li>\n<li>Za sprostitev nanesite 1 do 2 kapljici na pulzne to\u010dke, kot so zapestja ali vrat.<\/li>\n<li>Za nego las nanesite 1 do 2 kapljici na dol\u017eine in konice, da pove\u010date mehkobo in sijaj.<\/li>\n<li>Za nego lasi\u0161\u010da vmasirajte 3 do 5 kapljic v lasi\u0161\u010de in pustite delovati 20 do 30 minut, preden ga sperete.<\/li>\n<li>Za aromati\u010dno uporabo dodajte 3 do 5 kapljic v difuzor, napolnjen z vodo, in razpr\u0161ujte 15 do 30 minut.<\/li>\n<li>Priporo\u010deni najve\u010dji dnevni odmerek za lokalno uporabo je pribli\u017eno 5 do 6 kapljic, razdeljenih po podro\u010djih uporabe.<\/li>\n<li>Pred prvo uporabo opravite test na obli\u017eu, da ocenite zdru\u017eljivost s ko\u017eo.<\/li>\n<li>Izogibajte se stiku z o\u010dmi in ob\u010dutljivimi sluznicami.<\/li>\n<li>Ne nana\u0161ajte na razdra\u017eeno ali po\u0161kodovano ko\u017eo.<\/li>\n<li>Med nose\u010dnostjo brez strokovnega nasveta ni priporo\u010dljivo.<\/li>\n<li>Shranjujte v hladnem in suhem prostoru, stran od neposredne son\u010dne svetlobe, po vsaki uporabi pa stekleni\u010dko tesno zaprite.<\/li>\n<\/ul>","protected":false},"excerpt":{"rendered":"<p>Unmatched effectiveness for skin regeneration, balance, and natural rejuvenation. Rosewood oil is the most effective natural solution for promoting smooth, revitalized skin, improving the appearance of elasticity, and enhancing overall complexion balance. Naturally rich in beneficial compounds, it helps refine texture, restore softness, and contribute to a radiant, youthful, and refreshed appearance with consistent use. [&hellip;]<\/p>\n","protected":false},"featured_media":23858,"comment_status":"open","ping_status":"closed","template":"","meta":{"_uag_custom_page_level_css":"","site-sidebar-layout":"default","site-content-layout":"","ast-site-content-layout":"default","site-content-style":"default","site-sidebar-style":"default","ast-global-header-display":"","ast-banner-title-visibility":"","ast-main-header-display":"","ast-hfb-above-header-display":"","ast-hfb-below-header-display":"","ast-hfb-mobile-header-display":"","site-post-title":"","ast-breadcrumbs-content":"","ast-featured-img":"","footer-sml-layout":"","ast-disable-related-posts":"","theme-transparent-header-meta":"default","adv-header-id-meta":"","stick-header-meta":"","header-above-stick-meta":"","header-main-stick-meta":"","header-below-stick-meta":"","astra-migrate-meta-layouts":"set","ast-page-background-enabled":"default","ast-page-background-meta":{"desktop":{"background-color":"var(--ast-global-color-4)","background-image":"","background-repeat":"repeat","background-position":"center center","background-size":"auto","background-attachment":"scroll","background-type":"","background-media":"","overlay-type":"","overlay-color":"","overlay-opacity":"","overlay-gradient":""},"tablet":{"background-color":"","background-image":"","background-repeat":"repeat","background-position":"center center","background-size":"auto","background-attachment":"scroll","background-type":"","background-media":"","overlay-type":"","overlay-color":"","overlay-opacity":"","overlay-gradient":""},"mobile":{"background-color":"","background-image":"","background-repeat":"repeat","background-position":"center center","background-size":"auto","background-attachment":"scroll","background-type":"","background-media":"","overlay-type":"","overlay-color":"","overlay-opacity":"","overlay-gradient":""}},"ast-content-background-meta":{"desktop":{"background-color":"var(--ast-global-color-5)","background-image":"","background-repeat":"repeat","background-position":"center center","background-size":"auto","background-attachment":"scroll","background-type":"","background-media":"","overlay-type":"","overlay-color":"","overlay-opacity":"","overlay-gradient":""},"tablet":{"background-color":"var(--ast-global-color-5)","background-image":"","background-repeat":"repeat","background-position":"center center","background-size":"auto","background-attachment":"scroll","background-type":"","background-media":"","overlay-type":"","overlay-color":"","overlay-opacity":"","overlay-gradient":""},"mobile":{"background-color":"var(--ast-global-color-5)","background-image":"","background-repeat":"repeat","background-position":"center center","background-size":"auto","background-attachment":"scroll","background-type":"","background-media":"","overlay-type":"","overlay-color":"","overlay-opacity":"","overlay-gradient":""}}},"product_brand":[],"product_cat":[15],"product_tag":[],"class_list":{"0":"post-23549","1":"product","2":"type-product","3":"status-publish","4":"has-post-thumbnail","6":"product_cat-shop","7":"desktop-align-left","8":"tablet-align-left","9":"mobile-align-left","11":"first","12":"instock","13":"shipping-taxable","14":"purchasable","15":"product-type-simple"},"spectra_custom_meta":{"_edit_lock":["1774609639:1"],"_edit_last":["1"],"merchant-center-availability":["yes"],"merchant-center-category":["6104"],"_thumbnail_id":["23858"],"_wp_page_template":["default"],"_sku":["OLROSEWOODOIL"],"_global_unique_id":["5056773821804"],"_regular_price":["29.90"],"total_sales":["7"],"_tax_status":["taxable"],"_tax_class":[""],"_manage_stock":["no"],"_backorders":["no"],"_sold_individually":["no"],"_weight":["1.3"],"_virtual":["no"],"_downloadable":["no"],"_download_limit":["-1"],"_download_expiry":["-1"],"_stock":[null],"_stock_status":["instock"],"_wc_average_rating":["5.00"],"_wc_review_count":["20"],"_product_version":["10.6.1"],"_price":["29.90"],"site-sidebar-layout":["default"],"ast-site-content-layout":["default"],"site-content-style":["default"],"site-sidebar-style":["default"],"theme-transparent-header-meta":["default"],"_wc_rating_count":["a:1:{i:5;i:20;}"],"astra-migrate-meta-layouts":["set"],"_uag_css_file_name":["uag-css-23549.css"],"_elementor_page_assets":["a:0:{}"],"_uag_page_assets":["a:9:{s:3:\"css\";s:7156:\".uag-blocks-common-selector{z-index:var(--z-index-desktop) !important}@media (max-width: 976px){.uag-blocks-common-selector{z-index:var(--z-index-tablet) !important}}@media (max-width: 767px){.uag-blocks-common-selector{z-index:var(--z-index-mobile) !important}}\n.wp-block-uagb-image{display:flex}.wp-block-uagb-image__figure{position:relative;display:flex;flex-direction:column;max-width:100%;height:auto;margin:0}.wp-block-uagb-image__figure img{height:auto;display:flex;max-width:100%;transition:box-shadow 0.2s ease}.wp-block-uagb-image__figure>a{display:inline-block}.wp-block-uagb-image__figure figcaption{text-align:center;margin-top:0.5em;margin-bottom:1em}.wp-block-uagb-image .components-placeholder.block-editor-media-placeholder .components-placeholder__instructions{align-self:center}.wp-block-uagb-image--align-left{text-align:left}.wp-block-uagb-image--align-right{text-align:right}.wp-block-uagb-image--align-center{text-align:center}.wp-block-uagb-image--align-full .wp-block-uagb-image__figure{margin-left:calc(50% - 50vw);margin-right:calc(50% - 50vw);max-width:100vw;width:100vw;height:auto}.wp-block-uagb-image--align-full .wp-block-uagb-image__figure img{height:auto;width:100% !important}.wp-block-uagb-image--align-wide .wp-block-uagb-image__figure img{height:auto;width:100%}.wp-block-uagb-image--layout-overlay__color-wrapper{position:absolute;left:0;top:0;right:0;bottom:0;opacity:0.2;background:rgba(0,0,0,0.5);transition:opacity 0.35s ease-in-out}.wp-block-uagb-image--layout-overlay-link{position:absolute;left:0;right:0;bottom:0;top:0}.wp-block-uagb-image--layout-overlay .wp-block-uagb-image__figure:hover .wp-block-uagb-image--layout-overlay__color-wrapper{opacity:1}.wp-block-uagb-image--layout-overlay__inner{position:absolute;left:15px;right:15px;bottom:15px;top:15px;display:flex;align-items:center;justify-content:center;flex-direction:column;border-color:#fff;transition:0.35s ease-in-out}.wp-block-uagb-image--layout-overlay__inner.top-left,.wp-block-uagb-image--layout-overlay__inner.top-center,.wp-block-uagb-image--layout-overlay__inner.top-right{justify-content:flex-start}.wp-block-uagb-image--layout-overlay__inner.bottom-left,.wp-block-uagb-image--layout-overlay__inner.bottom-center,.wp-block-uagb-image--layout-overlay__inner.bottom-right{justify-content:flex-end}.wp-block-uagb-image--layout-overlay__inner.top-left,.wp-block-uagb-image--layout-overlay__inner.center-left,.wp-block-uagb-image--layout-overlay__inner.bottom-left{align-items:flex-start}.wp-block-uagb-image--layout-overlay__inner.top-right,.wp-block-uagb-image--layout-overlay__inner.center-right,.wp-block-uagb-image--layout-overlay__inner.bottom-right{align-items:flex-end}.wp-block-uagb-image--layout-overlay__inner .uagb-image-heading{color:#fff;transition:transform 0.35s, opacity 0.35s ease-in-out;transform:translate3d(0, 24px, 0);margin:0;line-height:1em}.wp-block-uagb-image--layout-overlay__inner .uagb-image-separator{width:30%;border-top-width:2px;border-top-color:#fff;border-top-style:solid;margin-bottom:10px;opacity:0;transition:transform 0.4s, opacity 0.4s ease-in-out;transform:translate3d(0, 30px, 0)}.wp-block-uagb-image--layout-overlay__inner .uagb-image-caption{opacity:0;overflow:visible;color:#fff;transition:transform 0.45s, opacity 0.45s ease-in-out;transform:translate3d(0, 35px, 0)}.wp-block-uagb-image--layout-overlay__inner:hover .uagb-image-heading,.wp-block-uagb-image--layout-overlay__inner:hover .uagb-image-separator,.wp-block-uagb-image--layout-overlay__inner:hover .uagb-image-caption{opacity:1;transform:translate3d(0, 0, 0)}.wp-block-uagb-image--effect-zoomin .wp-block-uagb-image__figure img,.wp-block-uagb-image--effect-zoomin .wp-block-uagb-image__figure .wp-block-uagb-image--layout-overlay__color-wrapper{transform:scale(1);transition:transform 0.35s ease-in-out}.wp-block-uagb-image--effect-zoomin .wp-block-uagb-image__figure:hover img,.wp-block-uagb-image--effect-zoomin .wp-block-uagb-image__figure:hover .wp-block-uagb-image--layout-overlay__color-wrapper{transform:scale(1.05)}.wp-block-uagb-image--effect-slide .wp-block-uagb-image__figure img,.wp-block-uagb-image--effect-slide .wp-block-uagb-image__figure .wp-block-uagb-image--layout-overlay__color-wrapper{width:calc(100% + 40px) !important;max-width:none !important;transform:translate3d(-40px, 0, 0);transition:transform 0.35s ease-in-out}.wp-block-uagb-image--effect-slide .wp-block-uagb-image__figure:hover img,.wp-block-uagb-image--effect-slide .wp-block-uagb-image__figure:hover .wp-block-uagb-image--layout-overlay__color-wrapper{transform:translate3d(0, 0, 0)}.wp-block-uagb-image--effect-grayscale img{filter:grayscale(0%);transition:0.35s ease-in-out}.wp-block-uagb-image--effect-grayscale:hover img{filter:grayscale(100%)}.wp-block-uagb-image--effect-blur img{filter:blur(0);transition:0.35s ease-in-out}.wp-block-uagb-image--effect-blur:hover img{filter:blur(3px)}\n.uagb-block-e6f939b3.wp-block-uagb-image--layout-default figure img{box-shadow: 0px 0px 0 #00000070;}.uagb-block-e6f939b3.wp-block-uagb-image .wp-block-uagb-image__figure figcaption{font-style: normal;align-self: center;}.uagb-block-e6f939b3.wp-block-uagb-image--layout-overlay figure img{box-shadow: 0px 0px 0 #00000070;}.uagb-block-e6f939b3.wp-block-uagb-image--layout-overlay .wp-block-uagb-image--layout-overlay__color-wrapper{opacity: 0.2;}.uagb-block-e6f939b3.wp-block-uagb-image--layout-overlay .wp-block-uagb-image--layout-overlay__inner{left: 15px;right: 15px;top: 15px;bottom: 15px;}.uagb-block-e6f939b3.wp-block-uagb-image--layout-overlay .wp-block-uagb-image--layout-overlay__inner .uagb-image-heading{font-style: normal;color: #fff;opacity: 1;}.uagb-block-e6f939b3.wp-block-uagb-image--layout-overlay .wp-block-uagb-image--layout-overlay__inner .uagb-image-heading a{color: #fff;}.uagb-block-e6f939b3.wp-block-uagb-image--layout-overlay .wp-block-uagb-image--layout-overlay__inner .uagb-image-caption{opacity: 0;}.uagb-block-e6f939b3.wp-block-uagb-image--layout-overlay .wp-block-uagb-image__figure:hover .wp-block-uagb-image--layout-overlay__color-wrapper{opacity: 1;}.uagb-block-e6f939b3.wp-block-uagb-image .wp-block-uagb-image--layout-overlay__inner .uagb-image-separator{width: 30%;border-top-width: 2px;border-top-color: #fff;opacity: 0;}.uagb-block-e6f939b3.wp-block-uagb-image .wp-block-uagb-image__figure img{width: px;height: auto;}.uagb-block-e6f939b3.wp-block-uagb-image .wp-block-uagb-image__figure:hover .wp-block-uagb-image--layout-overlay__inner .uagb-image-caption{opacity: 1;}.uagb-block-e6f939b3.wp-block-uagb-image .wp-block-uagb-image__figure:hover .wp-block-uagb-image--layout-overlay__inner .uagb-image-separator{opacity: 1;}.uagb-block-e6f939b3.wp-block-uagb-image--layout-default figure:hover img{box-shadow: 0px 0px 0 #00000070;}.uagb-block-e6f939b3.wp-block-uagb-image--layout-overlay figure:hover img{box-shadow: 0px 0px 0 #00000070;}@media only screen and (max-width: 976px) {.uagb-block-e6f939b3.wp-block-uagb-image .wp-block-uagb-image__figure img{width: px;height: auto;}}@media only screen and (max-width: 767px) {.uagb-block-e6f939b3.wp-block-uagb-image .wp-block-uagb-image__figure img{width: px;height: auto;}}\";s:2:\"js\";s:0:\"\";s:18:\"current_block_list\";a:13:{i:0;s:11:\"core\/search\";i:1;s:10:\"core\/group\";i:2;s:12:\"core\/heading\";i:3;s:17:\"core\/latest-posts\";i:4;s:20:\"core\/latest-comments\";i:5;s:13:\"core\/archives\";i:6;s:15:\"core\/categories\";i:7;s:14:\"core\/paragraph\";i:8;s:10:\"uagb\/image\";i:9;s:11:\"core\/spacer\";i:10;s:30:\"woocommerce\/product-categories\";i:11;s:10:\"core\/image\";i:12;s:14:\"core\/shortcode\";}s:8:\"uag_flag\";b:1;s:11:\"uag_version\";s:10:\"1776424672\";s:6:\"gfonts\";a:0:{}s:10:\"gfonts_url\";s:0:\"\";s:12:\"gfonts_files\";a:0:{}s:14:\"uag_faq_layout\";b:0;}"]},"uagb_featured_image_src":{"full":["https:\/\/www.oleaia.com\/wp-content\/uploads\/2025\/08\/Oleaia-Rosewood-Oil-1L.jpg",2560,2560,false],"thumbnail":["https:\/\/www.oleaia.com\/wp-content\/uploads\/2025\/08\/Oleaia-Rosewood-Oil-1L-150x150.jpg",150,150,true],"medium":["https:\/\/www.oleaia.com\/wp-content\/uploads\/2025\/08\/Oleaia-Rosewood-Oil-1L-300x300.jpg",300,300,true],"medium_large":["https:\/\/www.oleaia.com\/wp-content\/uploads\/2025\/08\/Oleaia-Rosewood-Oil-1L-768x768.jpg",768,768,true],"large":["https:\/\/www.oleaia.com\/wp-content\/uploads\/2025\/08\/Oleaia-Rosewood-Oil-1L-1024x1024.jpg",1024,1024,true],"1536x1536":["https:\/\/www.oleaia.com\/wp-content\/uploads\/2025\/08\/Oleaia-Rosewood-Oil-1L-1536x1536.jpg",1536,1536,true],"2048x2048":["https:\/\/www.oleaia.com\/wp-content\/uploads\/2025\/08\/Oleaia-Rosewood-Oil-1L-2048x2048.jpg",2048,2048,true],"trp-custom-language-flag":["https:\/\/www.oleaia.com\/wp-content\/uploads\/2025\/08\/Oleaia-Rosewood-Oil-1L-12x12.jpg",12,12,true],"woocommerce_thumbnail":["https:\/\/www.oleaia.com\/wp-content\/uploads\/2025\/08\/Oleaia-Rosewood-Oil-1L-300x300.jpg",300,300,true],"woocommerce_single":["https:\/\/www.oleaia.com\/wp-content\/uploads\/2025\/08\/Oleaia-Rosewood-Oil-1L-600x600.jpg",600,600,true],"woocommerce_gallery_thumbnail":["https:\/\/www.oleaia.com\/wp-content\/uploads\/2025\/08\/Oleaia-Rosewood-Oil-1L-100x100.jpg",100,100,true]},"uagb_author_info":{"display_name":"admin","author_link":"https:\/\/www.oleaia.com\/si\/author\/"},"uagb_comment_info":20,"uagb_excerpt":"Unmatched effectiveness for skin regeneration, balance, and natural rejuvenation. Rosewood oil is the most effective natural solution for promoting smooth, revitalized skin, improving the appearance of elasticity, and enhancing overall complexion balance. Naturally rich in beneficial compounds, it helps refine texture, restore softness, and contribute to a radiant, youthful, and refreshed appearance with consistent use.&hellip;","_links":{"self":[{"href":"https:\/\/www.oleaia.com\/si\/wp-json\/wp\/v2\/product\/23549","targetHints":{"allow":["GET"]}}],"collection":[{"href":"https:\/\/www.oleaia.com\/si\/wp-json\/wp\/v2\/product"}],"about":[{"href":"https:\/\/www.oleaia.com\/si\/wp-json\/wp\/v2\/types\/product"}],"replies":[{"embeddable":true,"href":"https:\/\/www.oleaia.com\/si\/wp-json\/wp\/v2\/comments?post=23549"}],"version-history":[{"count":3,"href":"https:\/\/www.oleaia.com\/si\/wp-json\/wp\/v2\/product\/23549\/revisions"}],"predecessor-version":[{"id":81242,"href":"https:\/\/www.oleaia.com\/si\/wp-json\/wp\/v2\/product\/23549\/revisions\/81242"}],"wp:featuredmedia":[{"embeddable":true,"href":"https:\/\/www.oleaia.com\/si\/wp-json\/wp\/v2\/media\/23858"}],"wp:attachment":[{"href":"https:\/\/www.oleaia.com\/si\/wp-json\/wp\/v2\/media?parent=23549"}],"wp:term":[{"taxonomy":"product_brand","embeddable":true,"href":"https:\/\/www.oleaia.com\/si\/wp-json\/wp\/v2\/product_brand?post=23549"},{"taxonomy":"product_cat","embeddable":true,"href":"https:\/\/www.oleaia.com\/si\/wp-json\/wp\/v2\/product_cat?post=23549"},{"taxonomy":"product_tag","embeddable":true,"href":"https:\/\/www.oleaia.com\/si\/wp-json\/wp\/v2\/product_tag?post=23549"}],"curies":[{"name":"wp","href":"https:\/\/api.w.org\/{rel}","templated":true}]}}