{"id":124,"date":"2025-04-11T06:38:14","date_gmt":"2025-04-11T04:38:14","guid":{"rendered":"https:\/\/www.stoprodent.com\/?page_id=124"},"modified":"2025-10-05T22:10:30","modified_gmt":"2025-10-05T20:10:30","slug":"return-policy","status":"publish","type":"page","link":"https:\/\/www.oleaia.com\/sk\/return-policy\/","title":{"rendered":"Pravidl\u00e1 vr\u00e1tenia tovaru"},"content":{"rendered":"<p><strong>\u010cinnos\u0165 potrebn\u00e1 na za\u010datie vr\u00e1tenia<\/strong><\/p>\n\n\n\n<p>Aby ste mohli za\u010da\u0165 proces vr\u00e1tenia, mus\u00edte si najprv stiahnu\u0165 n\u00e1\u0161 formul\u00e1r na tomto odkaze :&nbsp;<a href=\"https:\/\/www.oleaia.com\/wp-content\/uploads\/2025\/07\/Oleaia-Return-Form.pdf\" data-type=\"link\" data-id=\"https:\/\/www.oleaia.com\/wp-content\/uploads\/2025\/04\/StopRodent_Return_Form.pdf\">Stiahnite si<\/a><\/p>\n\n\n\n<p>V tomto formul\u00e1ri je potrebn\u00e9 vyplni\u0165 v\u0161etky inform\u00e1cie :<\/p>\n\n\n\n<ul class=\"wp-block-list\">\n<li>D\u00e1tum objedn\u00e1vky<\/li>\n\n\n\n<li>Objedn\u00e1vacie \u010d\u00edslo<\/li>\n\n\n\n<li>Celkov\u00e1 suma objedn\u00e1vky<\/li>\n\n\n\n<li>Polo\u017eky, ktor\u00fdch sa \u017eiados\u0165 t\u00fdka<\/li>\n\n\n\n<li>Ak chcete v\u00fdmenu alebo vr\u00e1tenie pe\u0148az\u00ed<\/li>\n\n\n\n<li>N\u00e1zov<\/li>\n\n\n\n<li>Ulica<\/li>\n\n\n\n<li>Po\u0161tov\u00e9 smerovacie \u010d\u00edslo<\/li>\n\n\n\n<li>Mesto<\/li>\n\n\n\n<li>Krajina<\/li>\n\n\n\n<li>E-mailov\u00e1 adresa<\/li>\n\n\n\n<li>Telef\u00f3nne \u010d\u00edslo<\/li>\n\n\n\n<li>D\u00e1tum a podpis<\/li>\n<\/ul>\n\n\n\n<p>Tento formul\u00e1r mus\u00edte posla\u0165 na e-mailov\u00fa adresu&nbsp;<a href=\"mailto:contact@oleaia.com\">contact@oleaia.com<\/a>&nbsp;alebo doporu\u010denou po\u0161tou na t\u00fato adresu :<\/p>\n\n\n\n<p>Oleaia LLC<br>213 N Market Street #1042<br>Wilmington, DE 19801<br>Spojen\u00e9 \u0161t\u00e1ty americk\u00e9<\/p>\n\n\n\n<p>Po prijat\u00ed formul\u00e1ra v\u00e1m n\u00e1\u0161 z\u00e1kazn\u00edcky servis za\u0161le n\u00e1vratov\u00fd kup\u00f3n, ktor\u00fd bude prilo\u017een\u00fd k va\u0161ej objedn\u00e1vke, a vy n\u00e1m budete musie\u0165 svoju objedn\u00e1vku vr\u00e1ti\u0165 na vlastn\u00e9 n\u00e1klady iba po\u0161tou na t\u00fato adresu :<\/p>\n\n\n\n<p>Oleaia LLC<br>213 N Market Street #1042<br>Wilmington, DE 19801<br>Spojen\u00e9 \u0161t\u00e1ty americk\u00e9<\/p>\n\n\n\n<p>Po prijat\u00ed va\u0161ej objedn\u00e1vky do n\u00e1\u0161ho skladu skontrolujeme v\u00e1\u0161 bal\u00edk, aby sme overili, \u010di bola objedn\u00e1vka vr\u00e1ten\u00e1 v plnom rozsahu a v dobrom stave.<\/p>\n\n\n\n<p><strong>Vr\u00e1tenie pe\u0148az\u00ed<\/strong><\/p>\n\n\n\n<p>Ak sa rozhodnete po\u017eiada\u0165 o vr\u00e1tenie pe\u0148az\u00ed namiesto v\u00fdmeny polo\u017eky, peniaze v\u00e1m bud\u00fa vr\u00e1ten\u00e9 do 2 dn\u00ed. Pri vr\u00e1ten\u00ed tovaru sa neuplat\u0148uj\u00fa \u017eiadne poplatky za op\u00e4tovn\u00e9 uskladnenie.<\/p>\n\n\n\n<p><strong>V\u00fdmena<\/strong><\/p>\n\n\n\n<p>Ak sa rozhodnete po\u017eiada\u0165 o v\u00fdmenu, teda v\u00fdmenu tovaru, po\u0161leme v\u00e1m nov\u00fd tovar bezplatne.<\/p>\n\n\n\n<p><strong>Podmienky vr\u00e1tenia<\/strong><\/p>\n\n\n\n<p>Ak chcete vr\u00e1ti\u0165 tovar, je potrebn\u00e9 za\u010da\u0165 proces vr\u00e1tenia do 30 dn\u00ed od doru\u010denia tovaru. To znamen\u00e1, \u017ee formul\u00e1r \u017eiadosti o vr\u00e1tenie tovaru mus\u00edme dosta\u0165 do 30 dn\u00ed od d\u00e1tumu doru\u010denia.<\/p>\n\n\n\n<p>Taktie\u017e je nevyhnutn\u00e9, aby bol tovar v novom alebo mierne pou\u017eitom stave, av\u0161ak tovar m\u00f4\u017eete vr\u00e1ti\u0165 bez oh\u013eadu na to, \u010di je chybn\u00fd alebo nie.<\/p>\n\n\n\n<p>Vr\u00e1ti\u0165 tovar m\u00f4\u017eete bez udania d\u00f4vodu a m\u00f4\u017eete ho vr\u00e1ti\u0165 z ktorejko\u013evek krajiny na svete.<\/p>","protected":false},"excerpt":{"rendered":"<p>Action required to initiate a return In order to start the return process, you must first download our form at the following link :&nbsp;Download On this form, it is necessary to fill in all the information : You must send this form to the email address&nbsp;contact@oleaia.com&nbsp;or by registered mail to the following address : Oleaia [&hellip;]<\/p>\n","protected":false},"author":1,"featured_media":0,"parent":0,"menu_order":0,"comment_status":"closed","ping_status":"closed","template":"","meta":{"_uag_custom_page_level_css":"","site-sidebar-layout":"default","site-content-layout":"","ast-site-content-layout":"default","site-content-style":"default","site-sidebar-style":"default","ast-global-header-display":"","ast-banner-title-visibility":"","ast-main-header-display":"","ast-hfb-above-header-display":"","ast-hfb-below-header-display":"","ast-hfb-mobile-header-display":"","site-post-title":"","ast-breadcrumbs-content":"","ast-featured-img":"","footer-sml-layout":"","ast-disable-related-posts":"","theme-transparent-header-meta":"","adv-header-id-meta":"","stick-header-meta":"","header-above-stick-meta":"","header-main-stick-meta":"","header-below-stick-meta":"","astra-migrate-meta-layouts":"set","ast-page-background-enabled":"default","ast-page-background-meta":{"desktop":{"background-color":"var(--ast-global-color-4)","background-image":"","background-repeat":"repeat","background-position":"center center","background-size":"auto","background-attachment":"scroll","background-type":"","background-media":"","overlay-type":"","overlay-color":"","overlay-opacity":"","overlay-gradient":""},"tablet":{"background-color":"","background-image":"","background-repeat":"repeat","background-position":"center center","background-size":"auto","background-attachment":"scroll","background-type":"","background-media":"","overlay-type":"","overlay-color":"","overlay-opacity":"","overlay-gradient":""},"mobile":{"background-color":"","background-image":"","background-repeat":"repeat","background-position":"center center","background-size":"auto","background-attachment":"scroll","background-type":"","background-media":"","overlay-type":"","overlay-color":"","overlay-opacity":"","overlay-gradient":""}},"ast-content-background-meta":{"desktop":{"background-color":"var(--ast-global-color-5)","background-image":"","background-repeat":"repeat","background-position":"center center","background-size":"auto","background-attachment":"scroll","background-type":"","background-media":"","overlay-type":"","overlay-color":"","overlay-opacity":"","overlay-gradient":""},"tablet":{"background-color":"var(--ast-global-color-5)","background-image":"","background-repeat":"repeat","background-position":"center center","background-size":"auto","background-attachment":"scroll","background-type":"","background-media":"","overlay-type":"","overlay-color":"","overlay-opacity":"","overlay-gradient":""},"mobile":{"background-color":"var(--ast-global-color-5)","background-image":"","background-repeat":"repeat","background-position":"center center","background-size":"auto","background-attachment":"scroll","background-type":"","background-media":"","overlay-type":"","overlay-color":"","overlay-opacity":"","overlay-gradient":""}},"footnotes":""},"class_list":["post-124","page","type-page","status-publish","hentry"],"spectra_custom_meta":{"_edit_lock":["1759695122:1"],"_wpml_word_count":["297"],"_edit_last":["1"],"_wpml_media_duplicate":["1"],"_wpml_media_featured":["1"],"_wpml_location_migration_done":["1"],"rank_math_news_sitemap_robots":["index"],"rank_math_robots":["a:1:{i:0;s:5:\"index\";}"],"_uag_custom_page_level_css":[""],"site-sidebar-layout":["default"],"site-content-layout":[""],"ast-site-content-layout":["default"],"site-content-style":["default"],"site-sidebar-style":["default"],"ast-global-header-display":[""],"ast-banner-title-visibility":[""],"ast-main-header-display":[""],"ast-hfb-above-header-display":[""],"ast-hfb-below-header-display":[""],"ast-hfb-mobile-header-display":[""],"site-post-title":[""],"ast-breadcrumbs-content":[""],"ast-featured-img":[""],"footer-sml-layout":[""],"theme-transparent-header-meta":[""],"adv-header-id-meta":[""],"stick-header-meta":[""],"header-above-stick-meta":[""],"header-main-stick-meta":[""],"header-below-stick-meta":[""],"astra-migrate-meta-layouts":["set"],"ast-page-background-enabled":["default"],"ast-page-background-meta":["a:3:{s:7:\"desktop\";a:12:{s:16:\"background-color\";s:25:\"var(--ast-global-color-4)\";s:16:\"background-image\";s:0:\"\";s:17:\"background-repeat\";s:6:\"repeat\";s:19:\"background-position\";s:13:\"center center\";s:15:\"background-size\";s:4:\"auto\";s:21:\"background-attachment\";s:6:\"scroll\";s:15:\"background-type\";s:0:\"\";s:16:\"background-media\";s:0:\"\";s:12:\"overlay-type\";s:0:\"\";s:13:\"overlay-color\";s:0:\"\";s:15:\"overlay-opacity\";s:0:\"\";s:16:\"overlay-gradient\";s:0:\"\";}s:6:\"tablet\";a:12:{s:16:\"background-color\";s:0:\"\";s:16:\"background-image\";s:0:\"\";s:17:\"background-repeat\";s:6:\"repeat\";s:19:\"background-position\";s:13:\"center center\";s:15:\"background-size\";s:4:\"auto\";s:21:\"background-attachment\";s:6:\"scroll\";s:15:\"background-type\";s:0:\"\";s:16:\"background-media\";s:0:\"\";s:12:\"overlay-type\";s:0:\"\";s:13:\"overlay-color\";s:0:\"\";s:15:\"overlay-opacity\";s:0:\"\";s:16:\"overlay-gradient\";s:0:\"\";}s:6:\"mobile\";a:12:{s:16:\"background-color\";s:0:\"\";s:16:\"background-image\";s:0:\"\";s:17:\"background-repeat\";s:6:\"repeat\";s:19:\"background-position\";s:13:\"center center\";s:15:\"background-size\";s:4:\"auto\";s:21:\"background-attachment\";s:6:\"scroll\";s:15:\"background-type\";s:0:\"\";s:16:\"background-media\";s:0:\"\";s:12:\"overlay-type\";s:0:\"\";s:13:\"overlay-color\";s:0:\"\";s:15:\"overlay-opacity\";s:0:\"\";s:16:\"overlay-gradient\";s:0:\"\";}}"],"ast-content-background-meta":["a:3:{s:7:\"desktop\";a:12:{s:16:\"background-color\";s:25:\"var(--ast-global-color-5)\";s:16:\"background-image\";s:0:\"\";s:17:\"background-repeat\";s:6:\"repeat\";s:19:\"background-position\";s:13:\"center center\";s:15:\"background-size\";s:4:\"auto\";s:21:\"background-attachment\";s:6:\"scroll\";s:15:\"background-type\";s:0:\"\";s:16:\"background-media\";s:0:\"\";s:12:\"overlay-type\";s:0:\"\";s:13:\"overlay-color\";s:0:\"\";s:15:\"overlay-opacity\";s:0:\"\";s:16:\"overlay-gradient\";s:0:\"\";}s:6:\"tablet\";a:12:{s:16:\"background-color\";s:25:\"var(--ast-global-color-5)\";s:16:\"background-image\";s:0:\"\";s:17:\"background-repeat\";s:6:\"repeat\";s:19:\"background-position\";s:13:\"center center\";s:15:\"background-size\";s:4:\"auto\";s:21:\"background-attachment\";s:6:\"scroll\";s:15:\"background-type\";s:0:\"\";s:16:\"background-media\";s:0:\"\";s:12:\"overlay-type\";s:0:\"\";s:13:\"overlay-color\";s:0:\"\";s:15:\"overlay-opacity\";s:0:\"\";s:16:\"overlay-gradient\";s:0:\"\";}s:6:\"mobile\";a:12:{s:16:\"background-color\";s:25:\"var(--ast-global-color-5)\";s:16:\"background-image\";s:0:\"\";s:17:\"background-repeat\";s:6:\"repeat\";s:19:\"background-position\";s:13:\"center center\";s:15:\"background-size\";s:4:\"auto\";s:21:\"background-attachment\";s:6:\"scroll\";s:15:\"background-type\";s:0:\"\";s:16:\"background-media\";s:0:\"\";s:12:\"overlay-type\";s:0:\"\";s:13:\"overlay-color\";s:0:\"\";s:15:\"overlay-opacity\";s:0:\"\";s:16:\"overlay-gradient\";s:0:\"\";}}"],"footnotes":[""],"_elementor_edit_mode":[""],"_elementor_template_type":[""],"_elementor_data":[""],"_elementor_conditions":["a:0:{}"],"_uag_css_file_name":["uag-css-124.css"]},"uagb_featured_image_src":{"full":false,"thumbnail":false,"medium":false,"medium_large":false,"large":false,"1536x1536":false,"2048x2048":false,"trp-custom-language-flag":false,"woocommerce_thumbnail":false,"woocommerce_single":false,"woocommerce_gallery_thumbnail":false},"uagb_author_info":{"display_name":"admin","author_link":"https:\/\/www.oleaia.com\/sk\/author\/admin2721\/"},"uagb_comment_info":0,"uagb_excerpt":"Action required to initiate a return In order to start the return process, you must first download our form at the following link :&nbsp;Download On this form, it is necessary to fill in all the information : You must send this form to the email address&nbsp;contact@oleaia.com&nbsp;or by registered mail to the following address : Oleaia&hellip;","_links":{"self":[{"href":"https:\/\/www.oleaia.com\/sk\/wp-json\/wp\/v2\/pages\/124","targetHints":{"allow":["GET"]}}],"collection":[{"href":"https:\/\/www.oleaia.com\/sk\/wp-json\/wp\/v2\/pages"}],"about":[{"href":"https:\/\/www.oleaia.com\/sk\/wp-json\/wp\/v2\/types\/page"}],"author":[{"embeddable":true,"href":"https:\/\/www.oleaia.com\/sk\/wp-json\/wp\/v2\/users\/1"}],"replies":[{"embeddable":true,"href":"https:\/\/www.oleaia.com\/sk\/wp-json\/wp\/v2\/comments?post=124"}],"version-history":[{"count":4,"href":"https:\/\/www.oleaia.com\/sk\/wp-json\/wp\/v2\/pages\/124\/revisions"}],"predecessor-version":[{"id":27960,"href":"https:\/\/www.oleaia.com\/sk\/wp-json\/wp\/v2\/pages\/124\/revisions\/27960"}],"wp:attachment":[{"href":"https:\/\/www.oleaia.com\/sk\/wp-json\/wp\/v2\/media?parent=124"}],"curies":[{"name":"wp","href":"https:\/\/api.w.org\/{rel}","templated":true}]}}