{"id":23345,"date":"2025-07-27T22:06:02","date_gmt":"2025-07-27T20:06:02","guid":{"rendered":"https:\/\/www.oleaia.com\/?post_type=product&#038;p=23345"},"modified":"2026-03-02T15:18:13","modified_gmt":"2026-03-02T14:18:13","slug":"annatto-oil","status":"publish","type":"product","link":"https:\/\/www.oleaia.com\/sk\/products\/annatto-oil\/","title":{"rendered":"Annatov\u00fd olej - 1 liter"},"content":{"rendered":"<p><strong><img decoding=\"async\" style=\"margin-right: 12px;\" src=\"https:\/\/www.oleaia.com\/wp-content\/uploads\/2026\/03\/Check.svg\" alt=\"\" width=\"18\" height=\"15\" \/>Bezkonkuren\u010dn\u00e1 \u00fa\u010dinnos\u0165 na zv\u00fd\u0161enie \u017eiarivosti a prirodzen\u00e9ho lesku pleti.<\/strong> Annatov\u00fd olej je naj\u00fa\u010dinnej\u0161\u00edm pr\u00edrodn\u00fdm rie\u0161en\u00edm na podporu \u017eiarivej a zdravo vyzeraj\u00facej pleti. Je bohat\u00fd na prirodzene sa vyskytuj\u00face antioxidanty, podporuje vitalitu pleti, pom\u00e1ha zlep\u0161ova\u0165 vzh\u013ead nerovnomern\u00e9ho t\u00f3nu a pri pravidelnom pou\u017e\u00edvan\u00ed podporuje tepl\u00fd, \u017eiariv\u00fd lesk.<\/p>\n<p><strong><img decoding=\"async\" style=\"margin-right: 12px;\" src=\"https:\/\/www.oleaia.com\/wp-content\/uploads\/2026\/03\/Check.svg\" alt=\"\" width=\"18\" height=\"15\" \/>Najlacnej\u0161\u00ed pr\u00e9miov\u00fd annatov\u00fd olej na trhu.<\/strong> Sme najlacnej\u0161\u00ed na trhu a z\u00e1rove\u0148 dodr\u017eiavame pr\u00edsne normy kvality, \u010d\u00edm zabezpe\u010dujeme, \u017ee vysokokvalitn\u00e1 botanick\u00e1 starostlivos\u0165 zost\u00e1va cenovo dostupn\u00e1. V\u010faka tejto v\u00fdnimo\u010dnej hodnote je \u013eahk\u00e9 za\u010dleni\u0165 annatov\u00fd olej do ka\u017edodennej starostlivosti o ple\u0165 bez kompromisov.<\/p>\n<p><strong><img decoding=\"async\" style=\"margin-right: 12px;\" src=\"https:\/\/www.oleaia.com\/wp-content\/uploads\/2026\/03\/Check.svg\" alt=\"\" width=\"18\" height=\"15\" \/>R\u00fdchle 24-hodinov\u00e9 doru\u010denie pre okam\u017eit\u00fd pr\u00edstup.<\/strong> Pon\u00fakame v\u017edy 24-hodinov\u00fa dod\u00e1vku, ktor\u00e1 zaru\u010duje, \u017ee annatov\u00fd olej bude dodan\u00fd r\u00fdchlo a spo\u013eahlivo. R\u00fdchle dodanie zaru\u010duje nepreru\u0161en\u00fa starostlivos\u0165 o ple\u0165 a ritu\u00e1ly starostlivosti o telo v\u017edy, ke\u010f je potrebn\u00e9 ich doplnenie.<\/p>\n<p><strong><img decoding=\"async\" style=\"margin-right: 12px;\" src=\"https:\/\/www.oleaia.com\/wp-content\/uploads\/2026\/03\/Check.svg\" alt=\"\" width=\"18\" height=\"15\" \/>Z\u00e1ruka vr\u00e1tenia pe\u0148az\u00ed pre absol\u00fatny pokoj.<\/strong> Pon\u00fakame z\u00e1ruku vr\u00e1tenia pe\u0148az\u00ed. Ak z\u00e1kazn\u00edk nie je spokojn\u00fd, vr\u00e1time mu peniaze. Tento priamy z\u00e1v\u00e4zok preukazuje d\u00f4veru vo v\u00fdkonnos\u0165 v\u00fdrobku a zaru\u010duje n\u00e1kup bez rizika.<\/p>\n<p><strong><img decoding=\"async\" style=\"margin-right: 12px;\" src=\"https:\/\/www.oleaia.com\/wp-content\/uploads\/2026\/03\/Check.svg\" alt=\"\" width=\"18\" height=\"15\" \/>\u00daplne organick\u00e1 starostlivos\u0165 o prirodzen\u00fa kr\u00e1su.<\/strong> N\u00e1\u0161 annatov\u00fd olej je \u00faplne ekologick\u00fd, vyroben\u00fd s oh\u013eadom na botanick\u00fa integritu a environment\u00e1lnu zodpovednos\u0165. Toto odhodlanie zaru\u010duje v\u00fdrobok, ktor\u00fd je v s\u00falade s \u010dist\u00fdmi, pr\u00edrodou in\u0161pirovan\u00fdmi postupmi starostlivosti o ple\u0165.<\/p>\n<p><strong><img decoding=\"async\" style=\"margin-right: 12px;\" src=\"https:\/\/www.oleaia.com\/wp-content\/uploads\/2026\/03\/Check.svg\" alt=\"\" width=\"18\" height=\"15\" \/>Podporuje jemnos\u0165 a pru\u017enos\u0165 poko\u017eky.<\/strong> Annatov\u00fd olej pom\u00e1ha udr\u017eiava\u0165 pru\u017en\u00fa a hladk\u00fa poko\u017eku t\u00fdm, \u017ee podporuje jej hydrat\u00e1ciu a zlep\u0161uje jej pru\u017enos\u0165. Pravideln\u00e1 aplik\u00e1cia prispieva k jemnej\u0161ej text\u00fare a pr\u00edjemn\u00e9mu pocitu z poko\u017eky.<\/p>\n<p><strong><img decoding=\"async\" style=\"margin-right: 12px;\" src=\"https:\/\/www.oleaia.com\/wp-content\/uploads\/2026\/03\/Check.svg\" alt=\"\" width=\"18\" height=\"15\" \/>Bohat\u00fd na antioxidanty na ka\u017edodenn\u00fa ochranu.<\/strong> Pr\u00edrodn\u00e9 zl\u00fa\u010deniny obsiahnut\u00e9 v annatovom oleji pom\u00e1haj\u00fa chr\u00e1ni\u0165 poko\u017eku pred nepriazniv\u00fdmi vplyvmi \u017eivotn\u00e9ho prostredia, \u010d\u00edm podporuj\u00fa jej svie\u017ei a revitalizovan\u00fd vzh\u013ead.<\/p>\n<p><strong><img decoding=\"async\" style=\"margin-right: 12px;\" src=\"https:\/\/www.oleaia.com\/wp-content\/uploads\/2026\/03\/Check.svg\" alt=\"\" width=\"18\" height=\"15\" \/>Ide\u00e1lne na starostlivos\u0165 o telo a mas\u00e1\u017ene ritu\u00e1ly.<\/strong> Annatov\u00fd olej je vhodn\u00fd na aplik\u00e1ciu na cel\u00e9 telo, pon\u00faka v\u00fd\u017eivn\u00fd dotyk, ktor\u00fd umoc\u0148uje z\u00e1\u017eitok z mas\u00e1\u017ee a podporuje celkov\u00fa relax\u00e1ciu, pri\u010dom zanech\u00e1va poko\u017eku hebk\u00fa.<\/p>\n<p><strong><img decoding=\"async\" style=\"margin-right: 12px;\" src=\"https:\/\/www.oleaia.com\/wp-content\/uploads\/2026\/03\/Check.svg\" alt=\"\" width=\"18\" height=\"15\" \/>Zlep\u0161uje vzh\u013ead t\u00f3nu pobozkan\u00e9ho slnkom.<\/strong> Pri d\u00f4slednom pou\u017e\u00edvan\u00ed m\u00f4\u017ee annatov\u00fd olej pom\u00f4c\u0165 zlep\u0161i\u0165 vzh\u013ead teplej, prirodzene \u017eiarivej pleti, tak\u017ee je cenn\u00fdm doplnkom kozmetick\u00fdch postupov zameran\u00fdch na \u017eiarivos\u0165 a vitalitu.<\/p>\n<p><strong><img decoding=\"async\" style=\"margin-right: 12px;\" src=\"https:\/\/www.oleaia.com\/wp-content\/uploads\/2026\/03\/Check.svg\" alt=\"\" width=\"18\" height=\"15\" \/>U\u017e teraz je obohaten\u00fd o vy\u017eivuj\u00faci olej pre vynikaj\u00faci komfort a jednoduch\u00e9 pou\u017e\u00edvanie.<\/strong> N\u00e1\u0161 annatov\u00fd olej je u\u017e obohaten\u00fd o v\u00fd\u017eivn\u00fd olej, ktor\u00fd zabezpe\u010duje jemn\u00fa aplik\u00e1ciu, lep\u0161iu roztierate\u013enos\u0165, optim\u00e1lny komfort a jednoduch\u00e9 pou\u017e\u00edvanie. Toto premyslen\u00e9 zlo\u017eenie zlep\u0161uje ka\u017edodenn\u00e9 ritu\u00e1ly starostlivosti o ple\u0165 a z\u00e1rove\u0148 zachov\u00e1va hladk\u00e9 a rovnomern\u00e9 krytie.<\/p>\n<h2><strong>Pokyny<\/strong><\/h2>\n<ul>\n<li>Naneste nieko\u013eko kvapiek na \u010dist\u00fa a such\u00fa poko\u017eku a jemne mas\u00edrujte, k\u00fdm sa \u00faplne nevstrebe.<\/li>\n<li>Pou\u017e\u00edvajte raz alebo dvakr\u00e1t denne v z\u00e1vislosti od individu\u00e1lnych potrieb starostlivosti o ple\u0165.<\/li>\n<li>Na telo aplikujte po k\u00fapan\u00ed, aby ste udr\u017eali hydrat\u00e1ciu.<\/li>\n<li>Na zv\u00fd\u0161enie \u017eiarivosti sa zamerajte na oblasti, kde si \u017eel\u00e1te zdrav\u00fd lesk, ako s\u00fa ruky, nohy a dekolt.<\/li>\n<li>Odpor\u00fa\u010dan\u00e9 d\u00e1vkovanie na pou\u017eitie na tv\u00e1r je 3 a\u017e 5 kvapiek na aplik\u00e1ciu, upraven\u00e9 pod\u013ea typu pleti.<\/li>\n<li>Na mas\u00e1\u017e cel\u00e9ho tela pou\u017eite primeran\u00e9 mno\u017estvo, aby ste zaistili hladk\u00e9 a rovnomern\u00e9 pokrytie.<\/li>\n<li>Pred prv\u00fdm pou\u017eit\u00edm vykonajte n\u00e1plas\u0165ov\u00fd test na pos\u00fadenie ko\u017enej zn\u00e1\u0161anlivosti.<\/li>\n<li>Zabr\u00e1\u0148te kontaktu s o\u010dami a citliv\u00fdmi sliznicami.<\/li>\n<li>Nepou\u017e\u00edvajte na podr\u00e1\u017eden\u00fa alebo po\u0161koden\u00fa poko\u017eku.<\/li>\n<li>Skladujte na chladnom a suchom mieste mimo dosahu priameho slne\u010dn\u00e9ho svetla a po ka\u017edom pou\u017eit\u00ed f\u013ea\u0161ti\u010dku pevne uzavrite.<\/li>\n<\/ul>","protected":false},"excerpt":{"rendered":"<p>Unmatched effectiveness for enhancing skin radiance and natural glow. Annatto oil is the most effective natural solution for promoting a luminous, healthy-looking complexion. Rich in naturally occurring antioxidants, it supports the skin\u2019s vitality, helps improve the appearance of uneven tone, and encourages a warm, radiant glow with regular use. The cheapest premium annatto oil available. [&hellip;]<\/p>\n","protected":false},"featured_media":23901,"comment_status":"open","ping_status":"closed","template":"","meta":{"_uag_custom_page_level_css":"","site-sidebar-layout":"default","site-content-layout":"","ast-site-content-layout":"default","site-content-style":"default","site-sidebar-style":"default","ast-global-header-display":"","ast-banner-title-visibility":"","ast-main-header-display":"","ast-hfb-above-header-display":"","ast-hfb-below-header-display":"","ast-hfb-mobile-header-display":"","site-post-title":"","ast-breadcrumbs-content":"","ast-featured-img":"","footer-sml-layout":"","ast-disable-related-posts":"","theme-transparent-header-meta":"default","adv-header-id-meta":"","stick-header-meta":"","header-above-stick-meta":"","header-main-stick-meta":"","header-below-stick-meta":"","astra-migrate-meta-layouts":"set","ast-page-background-enabled":"default","ast-page-background-meta":{"desktop":{"background-color":"var(--ast-global-color-4)","background-image":"","background-repeat":"repeat","background-position":"center center","background-size":"auto","background-attachment":"scroll","background-type":"","background-media":"","overlay-type":"","overlay-color":"","overlay-opacity":"","overlay-gradient":""},"tablet":{"background-color":"","background-image":"","background-repeat":"repeat","background-position":"center center","background-size":"auto","background-attachment":"scroll","background-type":"","background-media":"","overlay-type":"","overlay-color":"","overlay-opacity":"","overlay-gradient":""},"mobile":{"background-color":"","background-image":"","background-repeat":"repeat","background-position":"center center","background-size":"auto","background-attachment":"scroll","background-type":"","background-media":"","overlay-type":"","overlay-color":"","overlay-opacity":"","overlay-gradient":""}},"ast-content-background-meta":{"desktop":{"background-color":"var(--ast-global-color-5)","background-image":"","background-repeat":"repeat","background-position":"center center","background-size":"auto","background-attachment":"scroll","background-type":"","background-media":"","overlay-type":"","overlay-color":"","overlay-opacity":"","overlay-gradient":""},"tablet":{"background-color":"var(--ast-global-color-5)","background-image":"","background-repeat":"repeat","background-position":"center center","background-size":"auto","background-attachment":"scroll","background-type":"","background-media":"","overlay-type":"","overlay-color":"","overlay-opacity":"","overlay-gradient":""},"mobile":{"background-color":"var(--ast-global-color-5)","background-image":"","background-repeat":"repeat","background-position":"center center","background-size":"auto","background-attachment":"scroll","background-type":"","background-media":"","overlay-type":"","overlay-color":"","overlay-opacity":"","overlay-gradient":""}}},"product_brand":[],"product_cat":[15],"product_tag":[],"class_list":{"0":"post-23345","1":"product","2":"type-product","3":"status-publish","4":"has-post-thumbnail","6":"product_cat-shop","7":"desktop-align-left","8":"tablet-align-left","9":"mobile-align-left","11":"first","12":"instock","13":"shipping-taxable","14":"purchasable","15":"product-type-simple"},"spectra_custom_meta":{"_edit_lock":["1772460958:1"],"_edit_last":["1"],"merchant-center-availability":["yes"],"merchant-center-category":["6104"],"_thumbnail_id":["23901"],"_wp_page_template":["default"],"_sku":["OLANNATTOOIL"],"_global_unique_id":["5056773821330"],"_regular_price":["29.90"],"total_sales":["3"],"_tax_status":["taxable"],"_tax_class":[""],"_manage_stock":["no"],"_backorders":["no"],"_sold_individually":["no"],"_weight":["1.3"],"_virtual":["no"],"_downloadable":["no"],"_download_limit":["-1"],"_download_expiry":["-1"],"_stock":[null],"_stock_status":["instock"],"_wc_average_rating":["5.00"],"_wc_review_count":["15"],"_product_version":["10.5.2"],"_price":["29.90"],"site-sidebar-layout":["default"],"ast-site-content-layout":["default"],"site-content-style":["default"],"site-sidebar-style":["default"],"theme-transparent-header-meta":["default"],"_wc_rating_count":["a:1:{i:5;i:15;}"],"astra-migrate-meta-layouts":["set"],"_uag_css_file_name":["uag-css-23345.css"],"_elementor_page_assets":["a:0:{}"],"_uag_page_assets":["a:9:{s:3:\"css\";s:7156:\".uag-blocks-common-selector{z-index:var(--z-index-desktop) !important}@media (max-width: 976px){.uag-blocks-common-selector{z-index:var(--z-index-tablet) !important}}@media (max-width: 767px){.uag-blocks-common-selector{z-index:var(--z-index-mobile) !important}}\n.wp-block-uagb-image{display:flex}.wp-block-uagb-image__figure{position:relative;display:flex;flex-direction:column;max-width:100%;height:auto;margin:0}.wp-block-uagb-image__figure img{height:auto;display:flex;max-width:100%;transition:box-shadow 0.2s ease}.wp-block-uagb-image__figure>a{display:inline-block}.wp-block-uagb-image__figure figcaption{text-align:center;margin-top:0.5em;margin-bottom:1em}.wp-block-uagb-image .components-placeholder.block-editor-media-placeholder .components-placeholder__instructions{align-self:center}.wp-block-uagb-image--align-left{text-align:left}.wp-block-uagb-image--align-right{text-align:right}.wp-block-uagb-image--align-center{text-align:center}.wp-block-uagb-image--align-full .wp-block-uagb-image__figure{margin-left:calc(50% - 50vw);margin-right:calc(50% - 50vw);max-width:100vw;width:100vw;height:auto}.wp-block-uagb-image--align-full .wp-block-uagb-image__figure img{height:auto;width:100% !important}.wp-block-uagb-image--align-wide .wp-block-uagb-image__figure img{height:auto;width:100%}.wp-block-uagb-image--layout-overlay__color-wrapper{position:absolute;left:0;top:0;right:0;bottom:0;opacity:0.2;background:rgba(0,0,0,0.5);transition:opacity 0.35s ease-in-out}.wp-block-uagb-image--layout-overlay-link{position:absolute;left:0;right:0;bottom:0;top:0}.wp-block-uagb-image--layout-overlay .wp-block-uagb-image__figure:hover .wp-block-uagb-image--layout-overlay__color-wrapper{opacity:1}.wp-block-uagb-image--layout-overlay__inner{position:absolute;left:15px;right:15px;bottom:15px;top:15px;display:flex;align-items:center;justify-content:center;flex-direction:column;border-color:#fff;transition:0.35s ease-in-out}.wp-block-uagb-image--layout-overlay__inner.top-left,.wp-block-uagb-image--layout-overlay__inner.top-center,.wp-block-uagb-image--layout-overlay__inner.top-right{justify-content:flex-start}.wp-block-uagb-image--layout-overlay__inner.bottom-left,.wp-block-uagb-image--layout-overlay__inner.bottom-center,.wp-block-uagb-image--layout-overlay__inner.bottom-right{justify-content:flex-end}.wp-block-uagb-image--layout-overlay__inner.top-left,.wp-block-uagb-image--layout-overlay__inner.center-left,.wp-block-uagb-image--layout-overlay__inner.bottom-left{align-items:flex-start}.wp-block-uagb-image--layout-overlay__inner.top-right,.wp-block-uagb-image--layout-overlay__inner.center-right,.wp-block-uagb-image--layout-overlay__inner.bottom-right{align-items:flex-end}.wp-block-uagb-image--layout-overlay__inner .uagb-image-heading{color:#fff;transition:transform 0.35s, opacity 0.35s ease-in-out;transform:translate3d(0, 24px, 0);margin:0;line-height:1em}.wp-block-uagb-image--layout-overlay__inner .uagb-image-separator{width:30%;border-top-width:2px;border-top-color:#fff;border-top-style:solid;margin-bottom:10px;opacity:0;transition:transform 0.4s, opacity 0.4s ease-in-out;transform:translate3d(0, 30px, 0)}.wp-block-uagb-image--layout-overlay__inner .uagb-image-caption{opacity:0;overflow:visible;color:#fff;transition:transform 0.45s, opacity 0.45s ease-in-out;transform:translate3d(0, 35px, 0)}.wp-block-uagb-image--layout-overlay__inner:hover .uagb-image-heading,.wp-block-uagb-image--layout-overlay__inner:hover .uagb-image-separator,.wp-block-uagb-image--layout-overlay__inner:hover .uagb-image-caption{opacity:1;transform:translate3d(0, 0, 0)}.wp-block-uagb-image--effect-zoomin .wp-block-uagb-image__figure img,.wp-block-uagb-image--effect-zoomin .wp-block-uagb-image__figure .wp-block-uagb-image--layout-overlay__color-wrapper{transform:scale(1);transition:transform 0.35s ease-in-out}.wp-block-uagb-image--effect-zoomin .wp-block-uagb-image__figure:hover img,.wp-block-uagb-image--effect-zoomin .wp-block-uagb-image__figure:hover .wp-block-uagb-image--layout-overlay__color-wrapper{transform:scale(1.05)}.wp-block-uagb-image--effect-slide .wp-block-uagb-image__figure img,.wp-block-uagb-image--effect-slide .wp-block-uagb-image__figure .wp-block-uagb-image--layout-overlay__color-wrapper{width:calc(100% + 40px) !important;max-width:none !important;transform:translate3d(-40px, 0, 0);transition:transform 0.35s ease-in-out}.wp-block-uagb-image--effect-slide .wp-block-uagb-image__figure:hover img,.wp-block-uagb-image--effect-slide .wp-block-uagb-image__figure:hover .wp-block-uagb-image--layout-overlay__color-wrapper{transform:translate3d(0, 0, 0)}.wp-block-uagb-image--effect-grayscale img{filter:grayscale(0%);transition:0.35s ease-in-out}.wp-block-uagb-image--effect-grayscale:hover img{filter:grayscale(100%)}.wp-block-uagb-image--effect-blur img{filter:blur(0);transition:0.35s ease-in-out}.wp-block-uagb-image--effect-blur:hover img{filter:blur(3px)}\n.uagb-block-e6f939b3.wp-block-uagb-image--layout-default figure img{box-shadow: 0px 0px 0 #00000070;}.uagb-block-e6f939b3.wp-block-uagb-image .wp-block-uagb-image__figure figcaption{font-style: normal;align-self: center;}.uagb-block-e6f939b3.wp-block-uagb-image--layout-overlay figure img{box-shadow: 0px 0px 0 #00000070;}.uagb-block-e6f939b3.wp-block-uagb-image--layout-overlay .wp-block-uagb-image--layout-overlay__color-wrapper{opacity: 0.2;}.uagb-block-e6f939b3.wp-block-uagb-image--layout-overlay .wp-block-uagb-image--layout-overlay__inner{left: 15px;right: 15px;top: 15px;bottom: 15px;}.uagb-block-e6f939b3.wp-block-uagb-image--layout-overlay .wp-block-uagb-image--layout-overlay__inner .uagb-image-heading{font-style: normal;color: #fff;opacity: 1;}.uagb-block-e6f939b3.wp-block-uagb-image--layout-overlay .wp-block-uagb-image--layout-overlay__inner .uagb-image-heading a{color: #fff;}.uagb-block-e6f939b3.wp-block-uagb-image--layout-overlay .wp-block-uagb-image--layout-overlay__inner .uagb-image-caption{opacity: 0;}.uagb-block-e6f939b3.wp-block-uagb-image--layout-overlay .wp-block-uagb-image__figure:hover .wp-block-uagb-image--layout-overlay__color-wrapper{opacity: 1;}.uagb-block-e6f939b3.wp-block-uagb-image .wp-block-uagb-image--layout-overlay__inner .uagb-image-separator{width: 30%;border-top-width: 2px;border-top-color: #fff;opacity: 0;}.uagb-block-e6f939b3.wp-block-uagb-image .wp-block-uagb-image__figure img{width: px;height: auto;}.uagb-block-e6f939b3.wp-block-uagb-image .wp-block-uagb-image__figure:hover .wp-block-uagb-image--layout-overlay__inner .uagb-image-caption{opacity: 1;}.uagb-block-e6f939b3.wp-block-uagb-image .wp-block-uagb-image__figure:hover .wp-block-uagb-image--layout-overlay__inner .uagb-image-separator{opacity: 1;}.uagb-block-e6f939b3.wp-block-uagb-image--layout-default figure:hover img{box-shadow: 0px 0px 0 #00000070;}.uagb-block-e6f939b3.wp-block-uagb-image--layout-overlay figure:hover img{box-shadow: 0px 0px 0 #00000070;}@media only screen and (max-width: 976px) {.uagb-block-e6f939b3.wp-block-uagb-image .wp-block-uagb-image__figure img{width: px;height: auto;}}@media only screen and (max-width: 767px) {.uagb-block-e6f939b3.wp-block-uagb-image .wp-block-uagb-image__figure img{width: px;height: auto;}}\";s:2:\"js\";s:0:\"\";s:18:\"current_block_list\";a:13:{i:0;s:11:\"core\/search\";i:1;s:10:\"core\/group\";i:2;s:12:\"core\/heading\";i:3;s:17:\"core\/latest-posts\";i:4;s:20:\"core\/latest-comments\";i:5;s:13:\"core\/archives\";i:6;s:15:\"core\/categories\";i:7;s:14:\"core\/paragraph\";i:8;s:10:\"uagb\/image\";i:9;s:11:\"core\/spacer\";i:10;s:30:\"woocommerce\/product-categories\";i:11;s:10:\"core\/image\";i:12;s:14:\"core\/shortcode\";}s:8:\"uag_flag\";b:1;s:11:\"uag_version\";s:10:\"1776394055\";s:6:\"gfonts\";a:0:{}s:10:\"gfonts_url\";s:0:\"\";s:12:\"gfonts_files\";a:0:{}s:14:\"uag_faq_layout\";b:0;}"]},"uagb_featured_image_src":{"full":["https:\/\/www.oleaia.com\/wp-content\/uploads\/2025\/07\/Oleaia-Annatto-Oil-1L.jpg",2560,2560,false],"thumbnail":["https:\/\/www.oleaia.com\/wp-content\/uploads\/2025\/07\/Oleaia-Annatto-Oil-1L-150x150.jpg",150,150,true],"medium":["https:\/\/www.oleaia.com\/wp-content\/uploads\/2025\/07\/Oleaia-Annatto-Oil-1L-300x300.jpg",300,300,true],"medium_large":["https:\/\/www.oleaia.com\/wp-content\/uploads\/2025\/07\/Oleaia-Annatto-Oil-1L-768x768.jpg",768,768,true],"large":["https:\/\/www.oleaia.com\/wp-content\/uploads\/2025\/07\/Oleaia-Annatto-Oil-1L-1024x1024.jpg",1024,1024,true],"1536x1536":["https:\/\/www.oleaia.com\/wp-content\/uploads\/2025\/07\/Oleaia-Annatto-Oil-1L-1536x1536.jpg",1536,1536,true],"2048x2048":["https:\/\/www.oleaia.com\/wp-content\/uploads\/2025\/07\/Oleaia-Annatto-Oil-1L-2048x2048.jpg",2048,2048,true],"trp-custom-language-flag":["https:\/\/www.oleaia.com\/wp-content\/uploads\/2025\/07\/Oleaia-Annatto-Oil-1L-12x12.jpg",12,12,true],"woocommerce_thumbnail":["https:\/\/www.oleaia.com\/wp-content\/uploads\/2025\/07\/Oleaia-Annatto-Oil-1L-300x300.jpg",300,300,true],"woocommerce_single":["https:\/\/www.oleaia.com\/wp-content\/uploads\/2025\/07\/Oleaia-Annatto-Oil-1L-600x600.jpg",600,600,true],"woocommerce_gallery_thumbnail":["https:\/\/www.oleaia.com\/wp-content\/uploads\/2025\/07\/Oleaia-Annatto-Oil-1L-100x100.jpg",100,100,true]},"uagb_author_info":{"display_name":"admin","author_link":"https:\/\/www.oleaia.com\/sk\/author\/"},"uagb_comment_info":15,"uagb_excerpt":"Unmatched effectiveness for enhancing skin radiance and natural glow. Annatto oil is the most effective natural solution for promoting a luminous, healthy-looking complexion. Rich in naturally occurring antioxidants, it supports the skin\u2019s vitality, helps improve the appearance of uneven tone, and encourages a warm, radiant glow with regular use. The cheapest premium annatto oil available.&hellip;","_links":{"self":[{"href":"https:\/\/www.oleaia.com\/sk\/wp-json\/wp\/v2\/product\/23345","targetHints":{"allow":["GET"]}}],"collection":[{"href":"https:\/\/www.oleaia.com\/sk\/wp-json\/wp\/v2\/product"}],"about":[{"href":"https:\/\/www.oleaia.com\/sk\/wp-json\/wp\/v2\/types\/product"}],"replies":[{"embeddable":true,"href":"https:\/\/www.oleaia.com\/sk\/wp-json\/wp\/v2\/comments?post=23345"}],"version-history":[{"count":7,"href":"https:\/\/www.oleaia.com\/sk\/wp-json\/wp\/v2\/product\/23345\/revisions"}],"predecessor-version":[{"id":77980,"href":"https:\/\/www.oleaia.com\/sk\/wp-json\/wp\/v2\/product\/23345\/revisions\/77980"}],"wp:featuredmedia":[{"embeddable":true,"href":"https:\/\/www.oleaia.com\/sk\/wp-json\/wp\/v2\/media\/23901"}],"wp:attachment":[{"href":"https:\/\/www.oleaia.com\/sk\/wp-json\/wp\/v2\/media?parent=23345"}],"wp:term":[{"taxonomy":"product_brand","embeddable":true,"href":"https:\/\/www.oleaia.com\/sk\/wp-json\/wp\/v2\/product_brand?post=23345"},{"taxonomy":"product_cat","embeddable":true,"href":"https:\/\/www.oleaia.com\/sk\/wp-json\/wp\/v2\/product_cat?post=23345"},{"taxonomy":"product_tag","embeddable":true,"href":"https:\/\/www.oleaia.com\/sk\/wp-json\/wp\/v2\/product_tag?post=23345"}],"curies":[{"name":"wp","href":"https:\/\/api.w.org\/{rel}","templated":true}]}}