{"id":23470,"date":"2025-08-04T16:16:08","date_gmt":"2025-08-04T14:16:08","guid":{"rendered":"https:\/\/www.oleaia.com\/?post_type=product&#038;p=23470"},"modified":"2026-03-02T15:13:11","modified_gmt":"2026-03-02T14:13:11","slug":"aloe-vera-oil","status":"publish","type":"product","link":"https:\/\/www.oleaia.com\/sk\/products\/aloe-vera-oil\/","title":{"rendered":"Aloe-verov\u00fd olej- 1 liter"},"content":{"rendered":"<p><strong><img decoding=\"async\" style=\"margin-right: 12px;\" src=\"https:\/\/www.oleaia.com\/wp-content\/uploads\/2026\/03\/Check.svg\" alt=\"\" width=\"18\" height=\"15\" \/>Bezkonkuren\u010dn\u00e1 \u00fa\u010dinnos\u0165 na hydrat\u00e1ciu a obnovu poko\u017eky.<\/strong> Olej z aloe vera je naj\u00fa\u010dinnej\u0161\u00edm pr\u00edrodn\u00fdm spojencom na udr\u017eanie h\u013abkovo hydratovanej, pru\u017enej a vidite\u013ene zdrav\u0161ej poko\u017eky. Jeho upokojuj\u00face rastlinn\u00e9 vlastnosti pom\u00e1haj\u00fa podporova\u0165 prirodzen\u00fa ko\u017en\u00fa bari\u00e9ru, podporuj\u00fa hlad\u0161iu text\u00faru a pri d\u00f4slednom pou\u017e\u00edvan\u00ed podporuj\u00fa svie\u017ei vzh\u013ead.<\/p>\n<p><strong><img decoding=\"async\" style=\"margin-right: 12px;\" src=\"https:\/\/www.oleaia.com\/wp-content\/uploads\/2026\/03\/Check.svg\" alt=\"\" width=\"18\" height=\"15\" \/>Najlacnej\u0161ia mo\u017enos\u0165 bez straty kvality.<\/strong> Sme najlacnej\u0161\u00ed na trhu pri zachovan\u00ed pr\u00edsnych noriem kvality, \u010do umo\u017e\u0148uje ka\u017ed\u00e9mu u\u017e\u00edva\u0165 si pr\u00e9miov\u00fa botanick\u00fa starostlivos\u0165 za dostupn\u00fa cenu. V\u010faka tejto v\u00fdnimo\u010dnej hodnote je ka\u017edodenn\u00e1 starostlivos\u0165 o ple\u0165 cenovo dostupn\u00e1 a udr\u017eate\u013en\u00e1.<\/p>\n<p><strong><img decoding=\"async\" style=\"margin-right: 12px;\" src=\"https:\/\/www.oleaia.com\/wp-content\/uploads\/2026\/03\/Check.svg\" alt=\"\" width=\"18\" height=\"15\" \/>Dodanie 24 hod\u00edn denne pre okam\u017eit\u00fa dostupnos\u0165.<\/strong> V\u017edy pon\u00fakame doru\u010denie do 24 hod\u00edn, \u010d\u00edm zabezpe\u010d\u00edme, \u017ee sa k v\u00e1m olej z aloe vera dostane r\u00fdchlo a spo\u013eahlivo. T\u00e1to r\u00fdchlos\u0165 zaru\u010duje nepretr\u017eit\u00fa starostlivos\u0165 v\u017edy, ke\u010f poko\u017eka alebo vlasy potrebuj\u00fa zv\u00fd\u0161en\u00fa pozornos\u0165.<\/p>\n<p><strong><img decoding=\"async\" style=\"margin-right: 12px;\" src=\"https:\/\/www.oleaia.com\/wp-content\/uploads\/2026\/03\/Check.svg\" alt=\"\" width=\"18\" height=\"15\" \/>Z\u00e1ruka vr\u00e1tenia pe\u0148az\u00ed pre \u00fapln\u00fa istotu.<\/strong> Pon\u00fakame z\u00e1ruku vr\u00e1tenia pe\u0148az\u00ed. Ak z\u00e1kazn\u00edk nie je spokojn\u00fd, vr\u00e1time mu peniaze. T\u00e1to z\u00e1ruka vyjadruje pln\u00fa d\u00f4veru vo v\u00fdkonnos\u0165 v\u00fdrobku a poskytuje \u00fapln\u00fd pokoj.<\/p>\n<p><strong><img decoding=\"async\" style=\"margin-right: 12px;\" src=\"https:\/\/www.oleaia.com\/wp-content\/uploads\/2026\/03\/Check.svg\" alt=\"\" width=\"18\" height=\"15\" \/>\u00daplne organick\u00e1 starostlivos\u0165 o poko\u017eku a vlasy.<\/strong> N\u00e1\u0161 olej z aloe vera je \u00faplne ekologick\u00fd, pestovan\u00fd a pripravovan\u00fd s re\u0161pektom k pr\u00edrode a botanickej integrite. To zaru\u010duje, \u017ee v\u00fdrobok je v s\u00falade so z\u00e1sadami \u010distej kr\u00e1sy a ekologicky uvedomel\u00fdmi hodnotami.<\/p>\n<p><strong><img decoding=\"async\" style=\"margin-right: 12px;\" src=\"https:\/\/www.oleaia.com\/wp-content\/uploads\/2026\/03\/Check.svg\" alt=\"\" width=\"18\" height=\"15\" \/>H\u013abkovo vy\u017eivuje such\u00fa a citliv\u00fa poko\u017eku.<\/strong> Olej z aloe vera podporuje trval\u00fa hydrat\u00e1ciu a pohodlie a pom\u00e1ha zni\u017eova\u0165 pocit nap\u00e4tia spojen\u00fd so suchos\u0165ou. Zanech\u00e1va poko\u017eku jemn\u00fa, hladk\u00fa a vidite\u013ene revitalizovan\u00fa bez \u0165a\u017ek\u00fdch zvy\u0161kov.<\/p>\n<p><strong><img decoding=\"async\" style=\"margin-right: 12px;\" src=\"https:\/\/www.oleaia.com\/wp-content\/uploads\/2026\/03\/Check.svg\" alt=\"\" width=\"18\" height=\"15\" \/>Podporuje zdravie poko\u017eky hlavy a vitalitu vlasov.<\/strong> Pri aplik\u00e1cii na poko\u017eku hlavy pom\u00e1ha olej z aloe vera udr\u017eiava\u0165 rovnov\u00e1hu vlhkosti a podporuje zdrav\u00fd lesk. Prispieva k hlad\u0161\u00edm a poddajnej\u0161\u00edm vlasom a podporuje celkov\u00fd komfort poko\u017eky hlavy.<\/p>\n<p><strong><img decoding=\"async\" style=\"margin-right: 12px;\" src=\"https:\/\/www.oleaia.com\/wp-content\/uploads\/2026\/03\/Check.svg\" alt=\"\" width=\"18\" height=\"15\" \/>Upokojuje po pobyte na slnku a strese z prostredia.<\/strong> Olej z aloe vera je tradi\u010dne cenen\u00fd na upokojenie poko\u017eky, ktor\u00e1 sa c\u00edti prehriata alebo vystresovan\u00e1. V\u010faka svojim upokojuj\u00facim vlastnostiam je ide\u00e1lny na proced\u00fary po opa\u013eovan\u00ed a ka\u017edodenn\u00fa ochranu pred vplyvmi \u017eivotn\u00e9ho prostredia.<\/p>\n<p><strong><img decoding=\"async\" style=\"margin-right: 12px;\" src=\"https:\/\/www.oleaia.com\/wp-content\/uploads\/2026\/03\/Check.svg\" alt=\"\" width=\"18\" height=\"15\" \/>V\u0161estranne pou\u017eite\u013en\u00fd na starostlivos\u0165 o tv\u00e1r, telo a vlasy.<\/strong> Olej z aloe vera sa \u013eahko za\u010dlen\u00ed do existuj\u00facich ritu\u00e1lov kr\u00e1sy, \u010di u\u017e sa pou\u017e\u00edva ako olej na tv\u00e1r, hydrata\u010dn\u00fd kr\u00e9m na telo, na o\u0161etrenie poko\u017eky hlavy alebo mas\u00e1\u017eny olej. Jeho prisp\u00f4sobivos\u0165 z neho rob\u00ed multifunk\u010dn\u00fd z\u00e1klad pr\u00edrodnej starostlivosti.<\/p>\n<p><strong><img decoding=\"async\" style=\"margin-right: 12px;\" src=\"https:\/\/www.oleaia.com\/wp-content\/uploads\/2026\/03\/Check.svg\" alt=\"\" width=\"18\" height=\"15\" \/>U\u017e teraz je obohaten\u00fd o vy\u017eivuj\u00faci olej pre v\u00e4\u010d\u0161ie pohodlie.<\/strong> N\u00e1\u0161 olej z aloe vera je u\u017e obohaten\u00fd o v\u00fd\u017eivn\u00fd olej, ktor\u00fd zabezpe\u010duje jemn\u00fa aplik\u00e1ciu, lep\u0161iu roztierate\u013enos\u0165, optim\u00e1lny komfort a jednoduch\u00e9 pou\u017e\u00edvanie. Toto premyslen\u00e9 zlo\u017eenie zlep\u0161uje pocit z poko\u017eky a zjednodu\u0161uje ka\u017edodenn\u00fa aplik\u00e1ciu.<\/p>\n<h2><strong>Pokyny<\/strong><\/h2>\n<ul>\n<li>Naneste nieko\u013eko kvapiek na \u010dist\u00fa a such\u00fa poko\u017eku a jemne mas\u00edrujte, k\u00fdm sa \u00faplne nevstrebe.<\/li>\n<li>Pou\u017e\u00edvajte raz alebo dvakr\u00e1t denne na starostlivos\u0165 o tv\u00e1r, najlep\u0161ie r\u00e1no a ve\u010der.<\/li>\n<li>Na telo sa aplikuje po sprchovan\u00ed, aby sa v \u0148om udr\u017eala vlhkos\u0165.<\/li>\n<li>Na starostlivos\u0165 o poko\u017eku hlavy vmas\u00edrujte mal\u00e9 mno\u017estvo pr\u00edpravku do poko\u017eky hlavy a nechajte p\u00f4sobi\u0165 aspo\u0148 30 min\u00fat pred umyt\u00edm.<\/li>\n<li>Na v\u00fd\u017eivu vlasov naneste nieko\u013eko kvapiek do d\u013a\u017eok a kon\u010dekov, aby ste zv\u00fd\u0161ili jemnos\u0165 a lesk vlasov.<\/li>\n<li>Odpor\u00fa\u010dan\u00e9 d\u00e1vkovanie pre dospel\u00fdch je a\u017e 8 kvapiek denne na pou\u017eitie na tv\u00e1r, upraven\u00e9 pod\u013ea typu poko\u017eky a oblasti pou\u017eitia.<\/li>\n<li>Pred prv\u00fdm pou\u017eit\u00edm vykonajte n\u00e1plas\u0165ov\u00fd test, aby ste skontrolovali zn\u00e1\u0161anlivos\u0165 s poko\u017ekou.<\/li>\n<li>Zabr\u00e1\u0148te kontaktu s o\u010dami a citliv\u00fdmi sliznicami.<\/li>\n<li>Uchov\u00e1vajte na chladnom a suchom mieste mimo dosahu priameho slne\u010dn\u00e9ho svetla a po pou\u017eit\u00ed f\u013ea\u0161u pevne uzavrite.<\/li>\n<li>Vhodn\u00e9 na pravideln\u00e9 pou\u017e\u00edvanie ako s\u00fa\u010das\u0165 d\u00f4slednej starostlivosti o ple\u0165 alebo vlasy.<\/li>\n<\/ul>","protected":false},"excerpt":{"rendered":"<p>Unmatched effectiveness for skin hydration and repair. Aloe vera oil is the most effective natural ally for maintaining deeply hydrated, supple, and visibly healthier skin. Its soothing botanical properties help support the skin\u2019s natural barrier, encourage a smoother texture, and promote a refreshed appearance with consistent use. The cheapest option without sacrificing quality. We are [&hellip;]<\/p>\n","protected":false},"featured_media":23878,"comment_status":"open","ping_status":"closed","template":"","meta":{"_uag_custom_page_level_css":"","site-sidebar-layout":"default","site-content-layout":"","ast-site-content-layout":"default","site-content-style":"default","site-sidebar-style":"default","ast-global-header-display":"","ast-banner-title-visibility":"","ast-main-header-display":"","ast-hfb-above-header-display":"","ast-hfb-below-header-display":"","ast-hfb-mobile-header-display":"","site-post-title":"","ast-breadcrumbs-content":"","ast-featured-img":"","footer-sml-layout":"","ast-disable-related-posts":"","theme-transparent-header-meta":"default","adv-header-id-meta":"","stick-header-meta":"","header-above-stick-meta":"","header-main-stick-meta":"","header-below-stick-meta":"","astra-migrate-meta-layouts":"set","ast-page-background-enabled":"default","ast-page-background-meta":{"desktop":{"background-color":"var(--ast-global-color-4)","background-image":"","background-repeat":"repeat","background-position":"center center","background-size":"auto","background-attachment":"scroll","background-type":"","background-media":"","overlay-type":"","overlay-color":"","overlay-opacity":"","overlay-gradient":""},"tablet":{"background-color":"","background-image":"","background-repeat":"repeat","background-position":"center center","background-size":"auto","background-attachment":"scroll","background-type":"","background-media":"","overlay-type":"","overlay-color":"","overlay-opacity":"","overlay-gradient":""},"mobile":{"background-color":"","background-image":"","background-repeat":"repeat","background-position":"center center","background-size":"auto","background-attachment":"scroll","background-type":"","background-media":"","overlay-type":"","overlay-color":"","overlay-opacity":"","overlay-gradient":""}},"ast-content-background-meta":{"desktop":{"background-color":"var(--ast-global-color-5)","background-image":"","background-repeat":"repeat","background-position":"center center","background-size":"auto","background-attachment":"scroll","background-type":"","background-media":"","overlay-type":"","overlay-color":"","overlay-opacity":"","overlay-gradient":""},"tablet":{"background-color":"var(--ast-global-color-5)","background-image":"","background-repeat":"repeat","background-position":"center center","background-size":"auto","background-attachment":"scroll","background-type":"","background-media":"","overlay-type":"","overlay-color":"","overlay-opacity":"","overlay-gradient":""},"mobile":{"background-color":"var(--ast-global-color-5)","background-image":"","background-repeat":"repeat","background-position":"center center","background-size":"auto","background-attachment":"scroll","background-type":"","background-media":"","overlay-type":"","overlay-color":"","overlay-opacity":"","overlay-gradient":""}}},"product_brand":[],"product_cat":[15],"product_tag":[],"class_list":{"0":"post-23470","1":"product","2":"type-product","3":"status-publish","4":"has-post-thumbnail","6":"product_cat-shop","7":"desktop-align-left","8":"tablet-align-left","9":"mobile-align-left","11":"first","12":"instock","13":"shipping-taxable","14":"purchasable","15":"product-type-simple"},"spectra_custom_meta":{"_edit_lock":["1772460654:1"],"_edit_last":["1"],"merchant-center-availability":["yes"],"merchant-center-category":["6104"],"_thumbnail_id":["23878"],"_wp_page_template":["default"],"_sku":["OLALOEVERAOIL"],"_global_unique_id":["5056773821613"],"_regular_price":["29.90"],"total_sales":["27"],"_tax_status":["taxable"],"_tax_class":[""],"_manage_stock":["no"],"_backorders":["no"],"_sold_individually":["no"],"_weight":["1.3"],"_virtual":["no"],"_downloadable":["no"],"_download_limit":["-1"],"_download_expiry":["-1"],"_stock":[null],"_stock_status":["instock"],"_wc_average_rating":["5.00"],"_wc_review_count":["15"],"_product_version":["10.5.2"],"_price":["29.90"],"site-sidebar-layout":["default"],"ast-site-content-layout":["default"],"site-content-style":["default"],"site-sidebar-style":["default"],"theme-transparent-header-meta":["default"],"_wc_rating_count":["a:1:{i:5;i:15;}"],"astra-migrate-meta-layouts":["set"],"_uag_css_file_name":["uag-css-23470.css"],"_elementor_page_assets":["a:0:{}"],"_uag_page_assets":["a:9:{s:3:\"css\";s:7156:\".uag-blocks-common-selector{z-index:var(--z-index-desktop) !important}@media (max-width: 976px){.uag-blocks-common-selector{z-index:var(--z-index-tablet) !important}}@media (max-width: 767px){.uag-blocks-common-selector{z-index:var(--z-index-mobile) !important}}\n.wp-block-uagb-image{display:flex}.wp-block-uagb-image__figure{position:relative;display:flex;flex-direction:column;max-width:100%;height:auto;margin:0}.wp-block-uagb-image__figure img{height:auto;display:flex;max-width:100%;transition:box-shadow 0.2s ease}.wp-block-uagb-image__figure>a{display:inline-block}.wp-block-uagb-image__figure figcaption{text-align:center;margin-top:0.5em;margin-bottom:1em}.wp-block-uagb-image .components-placeholder.block-editor-media-placeholder .components-placeholder__instructions{align-self:center}.wp-block-uagb-image--align-left{text-align:left}.wp-block-uagb-image--align-right{text-align:right}.wp-block-uagb-image--align-center{text-align:center}.wp-block-uagb-image--align-full .wp-block-uagb-image__figure{margin-left:calc(50% - 50vw);margin-right:calc(50% - 50vw);max-width:100vw;width:100vw;height:auto}.wp-block-uagb-image--align-full .wp-block-uagb-image__figure img{height:auto;width:100% !important}.wp-block-uagb-image--align-wide .wp-block-uagb-image__figure img{height:auto;width:100%}.wp-block-uagb-image--layout-overlay__color-wrapper{position:absolute;left:0;top:0;right:0;bottom:0;opacity:0.2;background:rgba(0,0,0,0.5);transition:opacity 0.35s ease-in-out}.wp-block-uagb-image--layout-overlay-link{position:absolute;left:0;right:0;bottom:0;top:0}.wp-block-uagb-image--layout-overlay .wp-block-uagb-image__figure:hover .wp-block-uagb-image--layout-overlay__color-wrapper{opacity:1}.wp-block-uagb-image--layout-overlay__inner{position:absolute;left:15px;right:15px;bottom:15px;top:15px;display:flex;align-items:center;justify-content:center;flex-direction:column;border-color:#fff;transition:0.35s ease-in-out}.wp-block-uagb-image--layout-overlay__inner.top-left,.wp-block-uagb-image--layout-overlay__inner.top-center,.wp-block-uagb-image--layout-overlay__inner.top-right{justify-content:flex-start}.wp-block-uagb-image--layout-overlay__inner.bottom-left,.wp-block-uagb-image--layout-overlay__inner.bottom-center,.wp-block-uagb-image--layout-overlay__inner.bottom-right{justify-content:flex-end}.wp-block-uagb-image--layout-overlay__inner.top-left,.wp-block-uagb-image--layout-overlay__inner.center-left,.wp-block-uagb-image--layout-overlay__inner.bottom-left{align-items:flex-start}.wp-block-uagb-image--layout-overlay__inner.top-right,.wp-block-uagb-image--layout-overlay__inner.center-right,.wp-block-uagb-image--layout-overlay__inner.bottom-right{align-items:flex-end}.wp-block-uagb-image--layout-overlay__inner .uagb-image-heading{color:#fff;transition:transform 0.35s, opacity 0.35s ease-in-out;transform:translate3d(0, 24px, 0);margin:0;line-height:1em}.wp-block-uagb-image--layout-overlay__inner .uagb-image-separator{width:30%;border-top-width:2px;border-top-color:#fff;border-top-style:solid;margin-bottom:10px;opacity:0;transition:transform 0.4s, opacity 0.4s ease-in-out;transform:translate3d(0, 30px, 0)}.wp-block-uagb-image--layout-overlay__inner .uagb-image-caption{opacity:0;overflow:visible;color:#fff;transition:transform 0.45s, opacity 0.45s ease-in-out;transform:translate3d(0, 35px, 0)}.wp-block-uagb-image--layout-overlay__inner:hover .uagb-image-heading,.wp-block-uagb-image--layout-overlay__inner:hover .uagb-image-separator,.wp-block-uagb-image--layout-overlay__inner:hover .uagb-image-caption{opacity:1;transform:translate3d(0, 0, 0)}.wp-block-uagb-image--effect-zoomin .wp-block-uagb-image__figure img,.wp-block-uagb-image--effect-zoomin .wp-block-uagb-image__figure .wp-block-uagb-image--layout-overlay__color-wrapper{transform:scale(1);transition:transform 0.35s ease-in-out}.wp-block-uagb-image--effect-zoomin .wp-block-uagb-image__figure:hover img,.wp-block-uagb-image--effect-zoomin .wp-block-uagb-image__figure:hover .wp-block-uagb-image--layout-overlay__color-wrapper{transform:scale(1.05)}.wp-block-uagb-image--effect-slide .wp-block-uagb-image__figure img,.wp-block-uagb-image--effect-slide .wp-block-uagb-image__figure .wp-block-uagb-image--layout-overlay__color-wrapper{width:calc(100% + 40px) !important;max-width:none !important;transform:translate3d(-40px, 0, 0);transition:transform 0.35s ease-in-out}.wp-block-uagb-image--effect-slide .wp-block-uagb-image__figure:hover img,.wp-block-uagb-image--effect-slide .wp-block-uagb-image__figure:hover .wp-block-uagb-image--layout-overlay__color-wrapper{transform:translate3d(0, 0, 0)}.wp-block-uagb-image--effect-grayscale img{filter:grayscale(0%);transition:0.35s ease-in-out}.wp-block-uagb-image--effect-grayscale:hover img{filter:grayscale(100%)}.wp-block-uagb-image--effect-blur img{filter:blur(0);transition:0.35s ease-in-out}.wp-block-uagb-image--effect-blur:hover img{filter:blur(3px)}\n.uagb-block-e6f939b3.wp-block-uagb-image--layout-default figure img{box-shadow: 0px 0px 0 #00000070;}.uagb-block-e6f939b3.wp-block-uagb-image .wp-block-uagb-image__figure figcaption{font-style: normal;align-self: center;}.uagb-block-e6f939b3.wp-block-uagb-image--layout-overlay figure img{box-shadow: 0px 0px 0 #00000070;}.uagb-block-e6f939b3.wp-block-uagb-image--layout-overlay .wp-block-uagb-image--layout-overlay__color-wrapper{opacity: 0.2;}.uagb-block-e6f939b3.wp-block-uagb-image--layout-overlay .wp-block-uagb-image--layout-overlay__inner{left: 15px;right: 15px;top: 15px;bottom: 15px;}.uagb-block-e6f939b3.wp-block-uagb-image--layout-overlay .wp-block-uagb-image--layout-overlay__inner .uagb-image-heading{font-style: normal;color: #fff;opacity: 1;}.uagb-block-e6f939b3.wp-block-uagb-image--layout-overlay .wp-block-uagb-image--layout-overlay__inner .uagb-image-heading a{color: #fff;}.uagb-block-e6f939b3.wp-block-uagb-image--layout-overlay .wp-block-uagb-image--layout-overlay__inner .uagb-image-caption{opacity: 0;}.uagb-block-e6f939b3.wp-block-uagb-image--layout-overlay .wp-block-uagb-image__figure:hover .wp-block-uagb-image--layout-overlay__color-wrapper{opacity: 1;}.uagb-block-e6f939b3.wp-block-uagb-image .wp-block-uagb-image--layout-overlay__inner .uagb-image-separator{width: 30%;border-top-width: 2px;border-top-color: #fff;opacity: 0;}.uagb-block-e6f939b3.wp-block-uagb-image .wp-block-uagb-image__figure img{width: px;height: auto;}.uagb-block-e6f939b3.wp-block-uagb-image .wp-block-uagb-image__figure:hover .wp-block-uagb-image--layout-overlay__inner .uagb-image-caption{opacity: 1;}.uagb-block-e6f939b3.wp-block-uagb-image .wp-block-uagb-image__figure:hover .wp-block-uagb-image--layout-overlay__inner .uagb-image-separator{opacity: 1;}.uagb-block-e6f939b3.wp-block-uagb-image--layout-default figure:hover img{box-shadow: 0px 0px 0 #00000070;}.uagb-block-e6f939b3.wp-block-uagb-image--layout-overlay figure:hover img{box-shadow: 0px 0px 0 #00000070;}@media only screen and (max-width: 976px) {.uagb-block-e6f939b3.wp-block-uagb-image .wp-block-uagb-image__figure img{width: px;height: auto;}}@media only screen and (max-width: 767px) {.uagb-block-e6f939b3.wp-block-uagb-image .wp-block-uagb-image__figure img{width: px;height: auto;}}\";s:2:\"js\";s:0:\"\";s:18:\"current_block_list\";a:13:{i:0;s:11:\"core\/search\";i:1;s:10:\"core\/group\";i:2;s:12:\"core\/heading\";i:3;s:17:\"core\/latest-posts\";i:4;s:20:\"core\/latest-comments\";i:5;s:13:\"core\/archives\";i:6;s:15:\"core\/categories\";i:7;s:14:\"core\/paragraph\";i:8;s:10:\"uagb\/image\";i:9;s:11:\"core\/spacer\";i:10;s:30:\"woocommerce\/product-categories\";i:11;s:10:\"core\/image\";i:12;s:14:\"core\/shortcode\";}s:8:\"uag_flag\";b:1;s:11:\"uag_version\";s:10:\"1776394390\";s:6:\"gfonts\";a:0:{}s:10:\"gfonts_url\";s:0:\"\";s:12:\"gfonts_files\";a:0:{}s:14:\"uag_faq_layout\";b:0;}"]},"uagb_featured_image_src":{"full":["https:\/\/www.oleaia.com\/wp-content\/uploads\/2025\/08\/Oleaia-Aloe-Vera-Oil-1L.jpg",2560,2560,false],"thumbnail":["https:\/\/www.oleaia.com\/wp-content\/uploads\/2025\/08\/Oleaia-Aloe-Vera-Oil-1L-150x150.jpg",150,150,true],"medium":["https:\/\/www.oleaia.com\/wp-content\/uploads\/2025\/08\/Oleaia-Aloe-Vera-Oil-1L-300x300.jpg",300,300,true],"medium_large":["https:\/\/www.oleaia.com\/wp-content\/uploads\/2025\/08\/Oleaia-Aloe-Vera-Oil-1L-768x768.jpg",768,768,true],"large":["https:\/\/www.oleaia.com\/wp-content\/uploads\/2025\/08\/Oleaia-Aloe-Vera-Oil-1L-1024x1024.jpg",1024,1024,true],"1536x1536":["https:\/\/www.oleaia.com\/wp-content\/uploads\/2025\/08\/Oleaia-Aloe-Vera-Oil-1L-1536x1536.jpg",1536,1536,true],"2048x2048":["https:\/\/www.oleaia.com\/wp-content\/uploads\/2025\/08\/Oleaia-Aloe-Vera-Oil-1L-2048x2048.jpg",2048,2048,true],"trp-custom-language-flag":["https:\/\/www.oleaia.com\/wp-content\/uploads\/2025\/08\/Oleaia-Aloe-Vera-Oil-1L-12x12.jpg",12,12,true],"woocommerce_thumbnail":["https:\/\/www.oleaia.com\/wp-content\/uploads\/2025\/08\/Oleaia-Aloe-Vera-Oil-1L-300x300.jpg",300,300,true],"woocommerce_single":["https:\/\/www.oleaia.com\/wp-content\/uploads\/2025\/08\/Oleaia-Aloe-Vera-Oil-1L-600x600.jpg",600,600,true],"woocommerce_gallery_thumbnail":["https:\/\/www.oleaia.com\/wp-content\/uploads\/2025\/08\/Oleaia-Aloe-Vera-Oil-1L-100x100.jpg",100,100,true]},"uagb_author_info":{"display_name":"admin","author_link":"https:\/\/www.oleaia.com\/sk\/author\/"},"uagb_comment_info":15,"uagb_excerpt":"Unmatched effectiveness for skin hydration and repair. Aloe vera oil is the most effective natural ally for maintaining deeply hydrated, supple, and visibly healthier skin. Its soothing botanical properties help support the skin\u2019s natural barrier, encourage a smoother texture, and promote a refreshed appearance with consistent use. The cheapest option without sacrificing quality. We are&hellip;","_links":{"self":[{"href":"https:\/\/www.oleaia.com\/sk\/wp-json\/wp\/v2\/product\/23470","targetHints":{"allow":["GET"]}}],"collection":[{"href":"https:\/\/www.oleaia.com\/sk\/wp-json\/wp\/v2\/product"}],"about":[{"href":"https:\/\/www.oleaia.com\/sk\/wp-json\/wp\/v2\/types\/product"}],"replies":[{"embeddable":true,"href":"https:\/\/www.oleaia.com\/sk\/wp-json\/wp\/v2\/comments?post=23470"}],"version-history":[{"count":11,"href":"https:\/\/www.oleaia.com\/sk\/wp-json\/wp\/v2\/product\/23470\/revisions"}],"predecessor-version":[{"id":77977,"href":"https:\/\/www.oleaia.com\/sk\/wp-json\/wp\/v2\/product\/23470\/revisions\/77977"}],"wp:featuredmedia":[{"embeddable":true,"href":"https:\/\/www.oleaia.com\/sk\/wp-json\/wp\/v2\/media\/23878"}],"wp:attachment":[{"href":"https:\/\/www.oleaia.com\/sk\/wp-json\/wp\/v2\/media?parent=23470"}],"wp:term":[{"taxonomy":"product_brand","embeddable":true,"href":"https:\/\/www.oleaia.com\/sk\/wp-json\/wp\/v2\/product_brand?post=23470"},{"taxonomy":"product_cat","embeddable":true,"href":"https:\/\/www.oleaia.com\/sk\/wp-json\/wp\/v2\/product_cat?post=23470"},{"taxonomy":"product_tag","embeddable":true,"href":"https:\/\/www.oleaia.com\/sk\/wp-json\/wp\/v2\/product_tag?post=23470"}],"curies":[{"name":"wp","href":"https:\/\/api.w.org\/{rel}","templated":true}]}}