{"id":23655,"date":"2025-08-08T15:06:01","date_gmt":"2025-08-08T13:06:01","guid":{"rendered":"https:\/\/www.oleaia.com\/?post_type=product&#038;p=23655"},"modified":"2026-03-02T17:32:47","modified_gmt":"2026-03-02T16:32:47","slug":"atlas-cedarwood-oil","status":"publish","type":"product","link":"https:\/\/www.oleaia.com\/sk\/products\/atlas-cedarwood-oil\/","title":{"rendered":"Atlas c\u00e9drov\u00fd olej - 1 liter"},"content":{"rendered":"<p><strong><img decoding=\"async\" style=\"margin-right: 12px;\" src=\"https:\/\/www.oleaia.com\/wp-content\/uploads\/2026\/03\/Check.svg\" alt=\"\" width=\"18\" height=\"15\" \/>Bezkonkuren\u010dn\u00e1 \u00fa\u010dinnos\u0165 na uzemnenie, relax\u00e1ciu a emocion\u00e1lnu rovnov\u00e1hu.<\/strong> Olej z c\u00e9drov\u00e9ho dreva Atlas je naj\u00fa\u010dinnej\u0161\u00edm pr\u00edrodn\u00fdm rie\u0161en\u00edm na podporu pokojn\u00e9ho a s\u00fastreden\u00e9ho stavu mysle a z\u00e1rove\u0148 podporuje emocion\u00e1lnu \u010distotu. Jeho tepl\u00e1, drevit\u00e1 v\u00f4\u0148a sa tradi\u010dne oce\u0148uje v aromaterapii, preto\u017ee pom\u00e1ha zni\u017eova\u0165 pocity nap\u00e4tia, podporuje du\u0161evn\u00e9 s\u00fastredenie a vytv\u00e1ra stabiln\u00fa, upokojuj\u00facu atmosf\u00e9ru, ktor\u00e1 podporuje ka\u017edodenn\u00fa pohodu.<\/p>\n<p><strong><img decoding=\"async\" style=\"margin-right: 12px;\" src=\"https:\/\/www.oleaia.com\/wp-content\/uploads\/2026\/03\/Check.svg\" alt=\"\" width=\"18\" height=\"15\" \/>Najlacnej\u0161\u00ed dostupn\u00fd pr\u00e9miov\u00fd olej z c\u00e9drov\u00e9ho dreva.<\/strong> Sme najlacnej\u0161\u00ed na trhu, pri\u010dom zachov\u00e1vame pr\u00edsne normy kvality, \u010d\u00edm zabezpe\u010dujeme v\u00fdnimo\u010dn\u00fa hodnotu bez toho, aby sme ohrozili aromatick\u00fa bohatos\u0165 alebo v\u00fdkon. T\u00e1to cenov\u00e1 dostupnos\u0165 umo\u017e\u0148uje zaradi\u0165 olej z c\u00e9drov\u00e9ho dreva atlasu do ka\u017edodenn\u00fdch ritu\u00e1lov bez finan\u010dn\u00fdch obmedzen\u00ed.<\/p>\n<p><strong><img decoding=\"async\" style=\"margin-right: 12px;\" src=\"https:\/\/www.oleaia.com\/wp-content\/uploads\/2026\/03\/Check.svg\" alt=\"\" width=\"18\" height=\"15\" \/>R\u00fdchle a spo\u013eahliv\u00e9 doru\u010denie 24 hod\u00edn denne.<\/strong> V\u017edy pon\u00fakame 24-hodinov\u00e9 doru\u010denie, tak\u017ee olej z c\u00e9drov\u00e9ho dreva atlas sa k v\u00e1m dostane r\u00fdchlo a spo\u013eahlivo. R\u00fdchle dodanie zaru\u010duje nepretr\u017eit\u00fd pr\u00edstup k nemu, \u010di u\u017e ho pou\u017e\u00edvate na relax\u00e1ciu, medit\u00e1ciu, alebo na rutinn\u00fa osobn\u00fa starostlivos\u0165.<\/p>\n<p><strong><img decoding=\"async\" style=\"margin-right: 12px;\" src=\"https:\/\/www.oleaia.com\/wp-content\/uploads\/2026\/03\/Check.svg\" alt=\"\" width=\"18\" height=\"15\" \/>Z\u00e1ruka vr\u00e1tenia pe\u0148az\u00ed pre \u00fapln\u00fa istotu.<\/strong> Pon\u00fakame z\u00e1ruku vr\u00e1tenia pe\u0148az\u00ed. Ak z\u00e1kazn\u00edk nie je spokojn\u00fd, vr\u00e1time mu peniaze. Tento jasn\u00fd z\u00e1v\u00e4zok odr\u00e1\u017ea d\u00f4veru v kvalitu v\u00fdrobku a umo\u017e\u0148uje bezrizikov\u00e9 sk\u00fasenosti.<\/p>\n<p><strong><img decoding=\"async\" style=\"margin-right: 12px;\" src=\"https:\/\/www.oleaia.com\/wp-content\/uploads\/2026\/03\/Check.svg\" alt=\"\" width=\"18\" height=\"15\" \/>\u00daplne organick\u00e9 pre autentick\u00fa botanick\u00fa starostlivos\u0165.<\/strong> N\u00e1\u0161 atlasov\u00fd c\u00e9drov\u00fd olej je \u00faplne ekologick\u00fd, vyr\u00e1ban\u00fd s oh\u013eadom na ochranu \u017eivotn\u00e9ho prostredia a integritu rastl\u00edn. To zaru\u010duje, \u017ee v\u00fdrobok je v s\u00falade so z\u00e1sadami prirodzen\u00e9ho \u017eivota a holistick\u00fdmi wellness postupmi.<\/p>\n<p><strong><img decoding=\"async\" style=\"margin-right: 12px;\" src=\"https:\/\/www.oleaia.com\/wp-content\/uploads\/2026\/03\/Check.svg\" alt=\"\" width=\"18\" height=\"15\" \/>Podporuje pokojn\u00e9 a harmonick\u00e9 prostredie.<\/strong> Hlbok\u00e1 drevit\u00e1 v\u00f4\u0148a oleja z atlasov\u00e9ho c\u00e9drov\u00e9ho dreva pom\u00e1ha premeni\u0165 vn\u00fatorn\u00e9 priestory na pokojn\u00e9 a pr\u00edjemn\u00e9 prostredie. Je ide\u00e1lny na pou\u017eitie v difuz\u00e9roch a podporuje pokojn\u00fa atmosf\u00e9ru pri medit\u00e1cii, joge a relax\u00e1cii.<\/p>\n<p><strong><img decoding=\"async\" style=\"margin-right: 12px;\" src=\"https:\/\/www.oleaia.com\/wp-content\/uploads\/2026\/03\/Check.svg\" alt=\"\" width=\"18\" height=\"15\" \/>Podporuje rovnov\u00e1hu poko\u017eky hlavy a zdrav\u0161\u00ed vzh\u013ead vlasov.<\/strong> Olej z c\u00e9drov\u00e9ho dreva Atlas sa tradi\u010dne pou\u017e\u00edva v starostlivosti o vlasy, aby pomohol udr\u017ea\u0165 vyv\u00e1\u017een\u00e9 prostredie poko\u017eky hlavy. Pri d\u00f4slednom pou\u017e\u00edvan\u00ed podporuje vlasy, ktor\u00e9 sa zdaj\u00fa by\u0165 silnej\u0161ie, pln\u0161ie a \u017eiv\u0161ie.<\/p>\n<p><strong><img decoding=\"async\" style=\"margin-right: 12px;\" src=\"https:\/\/www.oleaia.com\/wp-content\/uploads\/2026\/03\/Check.svg\" alt=\"\" width=\"18\" height=\"15\" \/>Podporuje pohodlie a \u010distotu poko\u017eky.<\/strong> Pri lok\u00e1lnej aplik\u00e1cii olej z c\u00e9drov\u00e9ho dreva atlasu podporuje vyrovnan\u00fd vzh\u013ead poko\u017eky. Prispieva k hlad\u0161ej \u0161trukt\u00fare a v r\u00e1mci ka\u017edodennej starostlivosti o telo pom\u00e1ha udr\u017eiava\u0165 pr\u00edjemn\u00fd, svie\u017ei pocit poko\u017eky.<\/p>\n<p><strong><img decoding=\"async\" style=\"margin-right: 12px;\" src=\"https:\/\/www.oleaia.com\/wp-content\/uploads\/2026\/03\/Check.svg\" alt=\"\" width=\"18\" height=\"15\" \/>Ide\u00e1lne na ve\u010dern\u00e9 ritu\u00e1ly a zvl\u00e1danie stresu.<\/strong> V\u010faka uzem\u0148uj\u00facej v\u00f4ni je olej z c\u00e9drov\u00e9ho dreva atlasu vhodn\u00fd najm\u00e4 na no\u010dn\u00e9 pou\u017eitie. Dop\u013a\u0148a ritu\u00e1ly pred span\u00edm t\u00fdm, \u017ee podporuje relax\u00e1ciu a pripravuje myse\u013e na regenera\u010dn\u00fd odpo\u010dinok.<\/p>\n<p><strong><img decoding=\"async\" style=\"margin-right: 12px;\" src=\"https:\/\/www.oleaia.com\/wp-content\/uploads\/2026\/03\/Check.svg\" alt=\"\" width=\"18\" height=\"15\" \/>U\u017e teraz je obohaten\u00fd o vy\u017eivuj\u00faci olej pre v\u00e4\u010d\u0161ie pohodlie a jednoduch\u00fa aplik\u00e1ciu.<\/strong> N\u00e1\u0161 atlasov\u00fd c\u00e9drov\u00fd olej je u\u017e obohaten\u00fd o v\u00fd\u017eivn\u00fd olej, ktor\u00fd zabezpe\u010duje jemn\u00fa aplik\u00e1ciu, lep\u0161iu roztierate\u013enos\u0165, optim\u00e1lny komfort a jednoduch\u00e9 pou\u017e\u00edvanie. Toto premyslen\u00e9 zlo\u017eenie zlep\u0161uje k\u013azavos\u0165 mas\u00e1\u017ee a zabezpe\u010duje hladk\u00e9 a rovnomern\u00e9 pokrytie po\u010das lok\u00e1lneho pou\u017e\u00edvania.<\/p>\n<h2><strong>Pokyny<\/strong><\/h2>\n<ul>\n<li>Na aromatick\u00e9 pou\u017eitie pridajte 3 a\u017e 5 kvapiek do difuz\u00e9ra naplnen\u00e9ho vodou a rozpty\u013eujte 20 a\u017e 30 min\u00fat.<\/li>\n<li>Pou\u017e\u00edvajte ve\u010der na podporu relax\u00e1cie alebo po\u010das medit\u00e1cie na zlep\u0161enie s\u00fastredenia.<\/li>\n<li>Na starostlivos\u0165 o poko\u017eku hlavy naneste 5 a\u017e 8 kvapiek na poko\u017eku hlavy a nieko\u013eko min\u00fat ju jemne mas\u00edrujte.<\/li>\n<li>Pred umyt\u00edm jemn\u00fdm \u0161amp\u00f3nom nechajte p\u00f4sobi\u0165 aspo\u0148 30 min\u00fat.<\/li>\n<li>Pre hlb\u0161ie o\u0161etrenie vlasov nechajte p\u00f4sobi\u0165 cez noc a nasleduj\u00face r\u00e1no d\u00f4kladne umyte.<\/li>\n<li>Na lok\u00e1lnu aplik\u00e1ciu na telo naneste mal\u00e9 mno\u017estvo na \u010dist\u00fa a such\u00fa poko\u017eku a mas\u00edrujte, k\u00fdm sa \u00faplne nevstrebe.<\/li>\n<li>Odpor\u00fa\u010dan\u00e1 maxim\u00e1lna denn\u00e1 d\u00e1vka na lok\u00e1lne pou\u017eitie je pribli\u017ene 6 a\u017e 10 kvapiek rozdelen\u00fdch na jednotliv\u00e9 oblasti aplik\u00e1cie.<\/li>\n<li>Pred prv\u00fdm pou\u017eit\u00edm vykonajte n\u00e1plas\u0165ov\u00fd test na pos\u00fadenie ko\u017enej zn\u00e1\u0161anlivosti.<\/li>\n<li>Zabr\u00e1\u0148te kontaktu s o\u010dami, sliznicami a citlivou alebo podr\u00e1\u017edenou poko\u017ekou.<\/li>\n<li>Nepou\u017e\u00edvajte na poru\u0161en\u00fa alebo po\u0161koden\u00fa poko\u017eku.<\/li>\n<li>Pre dosiahnutie optim\u00e1lnych v\u00fdsledkov ho pou\u017e\u00edvajte ako s\u00fa\u010das\u0165 pravidelnej starostlivosti o vlasy, ple\u0165 alebo relax\u00e1ciu.<\/li>\n<li>Uchov\u00e1vajte na chladnom a suchom mieste mimo dosahu priameho slne\u010dn\u00e9ho svetla a po ka\u017edom pou\u017eit\u00ed f\u013ea\u0161u d\u00f4kladne uzavrite.<\/li>\n<\/ul>","protected":false},"excerpt":{"rendered":"<p>Unmatched effectiveness for grounding relaxation and emotional balance. Atlas cedarwood oil is the most effective natural solution for promoting a calm, centered state of mind while supporting emotional clarity. Its warm, woody aroma is traditionally valued in aromatherapy for helping reduce feelings of tension, encouraging mental focus, and creating a stable, comforting atmosphere that supports [&hellip;]<\/p>\n","protected":false},"featured_media":23829,"comment_status":"open","ping_status":"closed","template":"","meta":{"_uag_custom_page_level_css":"","site-sidebar-layout":"default","site-content-layout":"","ast-site-content-layout":"default","site-content-style":"default","site-sidebar-style":"default","ast-global-header-display":"","ast-banner-title-visibility":"","ast-main-header-display":"","ast-hfb-above-header-display":"","ast-hfb-below-header-display":"","ast-hfb-mobile-header-display":"","site-post-title":"","ast-breadcrumbs-content":"","ast-featured-img":"","footer-sml-layout":"","ast-disable-related-posts":"","theme-transparent-header-meta":"default","adv-header-id-meta":"","stick-header-meta":"","header-above-stick-meta":"","header-main-stick-meta":"","header-below-stick-meta":"","astra-migrate-meta-layouts":"set","ast-page-background-enabled":"default","ast-page-background-meta":{"desktop":{"background-color":"var(--ast-global-color-4)","background-image":"","background-repeat":"repeat","background-position":"center center","background-size":"auto","background-attachment":"scroll","background-type":"","background-media":"","overlay-type":"","overlay-color":"","overlay-opacity":"","overlay-gradient":""},"tablet":{"background-color":"","background-image":"","background-repeat":"repeat","background-position":"center center","background-size":"auto","background-attachment":"scroll","background-type":"","background-media":"","overlay-type":"","overlay-color":"","overlay-opacity":"","overlay-gradient":""},"mobile":{"background-color":"","background-image":"","background-repeat":"repeat","background-position":"center center","background-size":"auto","background-attachment":"scroll","background-type":"","background-media":"","overlay-type":"","overlay-color":"","overlay-opacity":"","overlay-gradient":""}},"ast-content-background-meta":{"desktop":{"background-color":"var(--ast-global-color-5)","background-image":"","background-repeat":"repeat","background-position":"center center","background-size":"auto","background-attachment":"scroll","background-type":"","background-media":"","overlay-type":"","overlay-color":"","overlay-opacity":"","overlay-gradient":""},"tablet":{"background-color":"var(--ast-global-color-5)","background-image":"","background-repeat":"repeat","background-position":"center center","background-size":"auto","background-attachment":"scroll","background-type":"","background-media":"","overlay-type":"","overlay-color":"","overlay-opacity":"","overlay-gradient":""},"mobile":{"background-color":"var(--ast-global-color-5)","background-image":"","background-repeat":"repeat","background-position":"center center","background-size":"auto","background-attachment":"scroll","background-type":"","background-media":"","overlay-type":"","overlay-color":"","overlay-opacity":"","overlay-gradient":""}}},"product_brand":[],"product_cat":[15],"product_tag":[],"class_list":{"0":"post-23655","1":"product","2":"type-product","3":"status-publish","4":"has-post-thumbnail","6":"product_cat-shop","7":"desktop-align-left","8":"tablet-align-left","9":"mobile-align-left","11":"first","12":"instock","13":"shipping-taxable","14":"purchasable","15":"product-type-simple"},"spectra_custom_meta":{"_edit_lock":["1772469038:1"],"_edit_last":["1"],"merchant-center-availability":["yes"],"merchant-center-category":["6104"],"_thumbnail_id":["23829"],"_wp_page_template":["default"],"_sku":["OLATLASCEDARWOODOIL"],"_global_unique_id":["5056773822122"],"_regular_price":["29.90"],"total_sales":["32"],"_tax_status":["taxable"],"_tax_class":[""],"_manage_stock":["no"],"_backorders":["no"],"_sold_individually":["no"],"_weight":["1.3"],"_virtual":["no"],"_downloadable":["no"],"_download_limit":["-1"],"_download_expiry":["-1"],"_stock":[null],"_stock_status":["instock"],"_wc_average_rating":["5.00"],"_wc_review_count":["20"],"_product_version":["10.5.2"],"_price":["29.90"],"site-sidebar-layout":["default"],"ast-site-content-layout":["default"],"site-content-style":["default"],"site-sidebar-style":["default"],"theme-transparent-header-meta":["default"],"_wp_old_slug":["atlas-cedarwood-oil-1-liter"],"_wc_rating_count":["a:1:{i:5;i:20;}"],"astra-migrate-meta-layouts":["set"],"_uag_css_file_name":["uag-css-23655.css"],"_elementor_page_assets":["a:0:{}"],"_uag_page_assets":["a:9:{s:3:\"css\";s:6893:\".wp-block-uagb-image{display:flex}.wp-block-uagb-image__figure{position:relative;display:flex;flex-direction:column;max-width:100%;height:auto;margin:0}.wp-block-uagb-image__figure img{height:auto;display:flex;max-width:100%;transition:box-shadow 0.2s ease}.wp-block-uagb-image__figure>a{display:inline-block}.wp-block-uagb-image__figure figcaption{text-align:center;margin-top:0.5em;margin-bottom:1em}.wp-block-uagb-image .components-placeholder.block-editor-media-placeholder .components-placeholder__instructions{align-self:center}.wp-block-uagb-image--align-left{text-align:left}.wp-block-uagb-image--align-right{text-align:right}.wp-block-uagb-image--align-center{text-align:center}.wp-block-uagb-image--align-full .wp-block-uagb-image__figure{margin-left:calc(50% - 50vw);margin-right:calc(50% - 50vw);max-width:100vw;width:100vw;height:auto}.wp-block-uagb-image--align-full .wp-block-uagb-image__figure img{height:auto;width:100% !important}.wp-block-uagb-image--align-wide .wp-block-uagb-image__figure img{height:auto;width:100%}.wp-block-uagb-image--layout-overlay__color-wrapper{position:absolute;left:0;top:0;right:0;bottom:0;opacity:0.2;background:rgba(0,0,0,0.5);transition:opacity 0.35s ease-in-out}.wp-block-uagb-image--layout-overlay-link{position:absolute;left:0;right:0;bottom:0;top:0}.wp-block-uagb-image--layout-overlay .wp-block-uagb-image__figure:hover .wp-block-uagb-image--layout-overlay__color-wrapper{opacity:1}.wp-block-uagb-image--layout-overlay__inner{position:absolute;left:15px;right:15px;bottom:15px;top:15px;display:flex;align-items:center;justify-content:center;flex-direction:column;border-color:#fff;transition:0.35s ease-in-out}.wp-block-uagb-image--layout-overlay__inner.top-left,.wp-block-uagb-image--layout-overlay__inner.top-center,.wp-block-uagb-image--layout-overlay__inner.top-right{justify-content:flex-start}.wp-block-uagb-image--layout-overlay__inner.bottom-left,.wp-block-uagb-image--layout-overlay__inner.bottom-center,.wp-block-uagb-image--layout-overlay__inner.bottom-right{justify-content:flex-end}.wp-block-uagb-image--layout-overlay__inner.top-left,.wp-block-uagb-image--layout-overlay__inner.center-left,.wp-block-uagb-image--layout-overlay__inner.bottom-left{align-items:flex-start}.wp-block-uagb-image--layout-overlay__inner.top-right,.wp-block-uagb-image--layout-overlay__inner.center-right,.wp-block-uagb-image--layout-overlay__inner.bottom-right{align-items:flex-end}.wp-block-uagb-image--layout-overlay__inner .uagb-image-heading{color:#fff;transition:transform 0.35s, opacity 0.35s ease-in-out;transform:translate3d(0, 24px, 0);margin:0;line-height:1em}.wp-block-uagb-image--layout-overlay__inner .uagb-image-separator{width:30%;border-top-width:2px;border-top-color:#fff;border-top-style:solid;margin-bottom:10px;opacity:0;transition:transform 0.4s, opacity 0.4s ease-in-out;transform:translate3d(0, 30px, 0)}.wp-block-uagb-image--layout-overlay__inner .uagb-image-caption{opacity:0;overflow:visible;color:#fff;transition:transform 0.45s, opacity 0.45s ease-in-out;transform:translate3d(0, 35px, 0)}.wp-block-uagb-image--layout-overlay__inner:hover .uagb-image-heading,.wp-block-uagb-image--layout-overlay__inner:hover .uagb-image-separator,.wp-block-uagb-image--layout-overlay__inner:hover .uagb-image-caption{opacity:1;transform:translate3d(0, 0, 0)}.wp-block-uagb-image--effect-zoomin .wp-block-uagb-image__figure img,.wp-block-uagb-image--effect-zoomin .wp-block-uagb-image__figure .wp-block-uagb-image--layout-overlay__color-wrapper{transform:scale(1);transition:transform 0.35s ease-in-out}.wp-block-uagb-image--effect-zoomin .wp-block-uagb-image__figure:hover img,.wp-block-uagb-image--effect-zoomin .wp-block-uagb-image__figure:hover .wp-block-uagb-image--layout-overlay__color-wrapper{transform:scale(1.05)}.wp-block-uagb-image--effect-slide .wp-block-uagb-image__figure img,.wp-block-uagb-image--effect-slide .wp-block-uagb-image__figure .wp-block-uagb-image--layout-overlay__color-wrapper{width:calc(100% + 40px) !important;max-width:none !important;transform:translate3d(-40px, 0, 0);transition:transform 0.35s ease-in-out}.wp-block-uagb-image--effect-slide .wp-block-uagb-image__figure:hover img,.wp-block-uagb-image--effect-slide .wp-block-uagb-image__figure:hover .wp-block-uagb-image--layout-overlay__color-wrapper{transform:translate3d(0, 0, 0)}.wp-block-uagb-image--effect-grayscale img{filter:grayscale(0%);transition:0.35s ease-in-out}.wp-block-uagb-image--effect-grayscale:hover img{filter:grayscale(100%)}.wp-block-uagb-image--effect-blur img{filter:blur(0);transition:0.35s ease-in-out}.wp-block-uagb-image--effect-blur:hover img{filter:blur(3px)}\n.uagb-block-e6f939b3.wp-block-uagb-image--layout-default figure img{box-shadow: 0px 0px 0 #00000070;}.uagb-block-e6f939b3.wp-block-uagb-image .wp-block-uagb-image__figure figcaption{font-style: normal;align-self: center;}.uagb-block-e6f939b3.wp-block-uagb-image--layout-overlay figure img{box-shadow: 0px 0px 0 #00000070;}.uagb-block-e6f939b3.wp-block-uagb-image--layout-overlay .wp-block-uagb-image--layout-overlay__color-wrapper{opacity: 0.2;}.uagb-block-e6f939b3.wp-block-uagb-image--layout-overlay .wp-block-uagb-image--layout-overlay__inner{left: 15px;right: 15px;top: 15px;bottom: 15px;}.uagb-block-e6f939b3.wp-block-uagb-image--layout-overlay .wp-block-uagb-image--layout-overlay__inner .uagb-image-heading{font-style: normal;color: #fff;opacity: 1;}.uagb-block-e6f939b3.wp-block-uagb-image--layout-overlay .wp-block-uagb-image--layout-overlay__inner .uagb-image-heading a{color: #fff;}.uagb-block-e6f939b3.wp-block-uagb-image--layout-overlay .wp-block-uagb-image--layout-overlay__inner .uagb-image-caption{opacity: 0;}.uagb-block-e6f939b3.wp-block-uagb-image--layout-overlay .wp-block-uagb-image__figure:hover .wp-block-uagb-image--layout-overlay__color-wrapper{opacity: 1;}.uagb-block-e6f939b3.wp-block-uagb-image .wp-block-uagb-image--layout-overlay__inner .uagb-image-separator{width: 30%;border-top-width: 2px;border-top-color: #fff;opacity: 0;}.uagb-block-e6f939b3.wp-block-uagb-image .wp-block-uagb-image__figure img{width: px;height: auto;}.uagb-block-e6f939b3.wp-block-uagb-image .wp-block-uagb-image__figure:hover .wp-block-uagb-image--layout-overlay__inner .uagb-image-caption{opacity: 1;}.uagb-block-e6f939b3.wp-block-uagb-image .wp-block-uagb-image__figure:hover .wp-block-uagb-image--layout-overlay__inner .uagb-image-separator{opacity: 1;}.uagb-block-e6f939b3.wp-block-uagb-image--layout-default figure:hover img{box-shadow: 0px 0px 0 #00000070;}.uagb-block-e6f939b3.wp-block-uagb-image--layout-overlay figure:hover img{box-shadow: 0px 0px 0 #00000070;}@media only screen and (max-width: 976px) {.uagb-block-e6f939b3.wp-block-uagb-image .wp-block-uagb-image__figure img{width: px;height: auto;}}@media only screen and (max-width: 767px) {.uagb-block-e6f939b3.wp-block-uagb-image .wp-block-uagb-image__figure img{width: px;height: auto;}}\";s:2:\"js\";s:0:\"\";s:18:\"current_block_list\";a:13:{i:0;s:11:\"core\/search\";i:1;s:10:\"core\/group\";i:2;s:12:\"core\/heading\";i:3;s:17:\"core\/latest-posts\";i:4;s:20:\"core\/latest-comments\";i:5;s:13:\"core\/archives\";i:6;s:15:\"core\/categories\";i:7;s:14:\"core\/paragraph\";i:8;s:10:\"uagb\/image\";i:9;s:11:\"core\/spacer\";i:10;s:30:\"woocommerce\/product-categories\";i:11;s:10:\"core\/image\";i:12;s:14:\"core\/shortcode\";}s:8:\"uag_flag\";b:1;s:11:\"uag_version\";s:10:\"1776355474\";s:6:\"gfonts\";a:0:{}s:10:\"gfonts_url\";s:0:\"\";s:12:\"gfonts_files\";a:0:{}s:14:\"uag_faq_layout\";b:0;}"]},"uagb_featured_image_src":{"full":["https:\/\/www.oleaia.com\/wp-content\/uploads\/2025\/08\/Oleaia-Atlas-Cedarwood-Oil-1L.jpg",2560,2560,false],"thumbnail":["https:\/\/www.oleaia.com\/wp-content\/uploads\/2025\/08\/Oleaia-Atlas-Cedarwood-Oil-1L-150x150.jpg",150,150,true],"medium":["https:\/\/www.oleaia.com\/wp-content\/uploads\/2025\/08\/Oleaia-Atlas-Cedarwood-Oil-1L-300x300.jpg",300,300,true],"medium_large":["https:\/\/www.oleaia.com\/wp-content\/uploads\/2025\/08\/Oleaia-Atlas-Cedarwood-Oil-1L-768x768.jpg",768,768,true],"large":["https:\/\/www.oleaia.com\/wp-content\/uploads\/2025\/08\/Oleaia-Atlas-Cedarwood-Oil-1L-1024x1024.jpg",1024,1024,true],"1536x1536":["https:\/\/www.oleaia.com\/wp-content\/uploads\/2025\/08\/Oleaia-Atlas-Cedarwood-Oil-1L-1536x1536.jpg",1536,1536,true],"2048x2048":["https:\/\/www.oleaia.com\/wp-content\/uploads\/2025\/08\/Oleaia-Atlas-Cedarwood-Oil-1L-2048x2048.jpg",2048,2048,true],"trp-custom-language-flag":["https:\/\/www.oleaia.com\/wp-content\/uploads\/2025\/08\/Oleaia-Atlas-Cedarwood-Oil-1L-12x12.jpg",12,12,true],"woocommerce_thumbnail":["https:\/\/www.oleaia.com\/wp-content\/uploads\/2025\/08\/Oleaia-Atlas-Cedarwood-Oil-1L-300x300.jpg",300,300,true],"woocommerce_single":["https:\/\/www.oleaia.com\/wp-content\/uploads\/2025\/08\/Oleaia-Atlas-Cedarwood-Oil-1L-600x600.jpg",600,600,true],"woocommerce_gallery_thumbnail":["https:\/\/www.oleaia.com\/wp-content\/uploads\/2025\/08\/Oleaia-Atlas-Cedarwood-Oil-1L-100x100.jpg",100,100,true]},"uagb_author_info":{"display_name":"admin","author_link":"https:\/\/www.oleaia.com\/sk\/author\/"},"uagb_comment_info":20,"uagb_excerpt":"Unmatched effectiveness for grounding relaxation and emotional balance. Atlas cedarwood oil is the most effective natural solution for promoting a calm, centered state of mind while supporting emotional clarity. Its warm, woody aroma is traditionally valued in aromatherapy for helping reduce feelings of tension, encouraging mental focus, and creating a stable, comforting atmosphere that supports&hellip;","_links":{"self":[{"href":"https:\/\/www.oleaia.com\/sk\/wp-json\/wp\/v2\/product\/23655","targetHints":{"allow":["GET"]}}],"collection":[{"href":"https:\/\/www.oleaia.com\/sk\/wp-json\/wp\/v2\/product"}],"about":[{"href":"https:\/\/www.oleaia.com\/sk\/wp-json\/wp\/v2\/types\/product"}],"replies":[{"embeddable":true,"href":"https:\/\/www.oleaia.com\/sk\/wp-json\/wp\/v2\/comments?post=23655"}],"version-history":[{"count":5,"href":"https:\/\/www.oleaia.com\/sk\/wp-json\/wp\/v2\/product\/23655\/revisions"}],"predecessor-version":[{"id":78002,"href":"https:\/\/www.oleaia.com\/sk\/wp-json\/wp\/v2\/product\/23655\/revisions\/78002"}],"wp:featuredmedia":[{"embeddable":true,"href":"https:\/\/www.oleaia.com\/sk\/wp-json\/wp\/v2\/media\/23829"}],"wp:attachment":[{"href":"https:\/\/www.oleaia.com\/sk\/wp-json\/wp\/v2\/media?parent=23655"}],"wp:term":[{"taxonomy":"product_brand","embeddable":true,"href":"https:\/\/www.oleaia.com\/sk\/wp-json\/wp\/v2\/product_brand?post=23655"},{"taxonomy":"product_cat","embeddable":true,"href":"https:\/\/www.oleaia.com\/sk\/wp-json\/wp\/v2\/product_cat?post=23655"},{"taxonomy":"product_tag","embeddable":true,"href":"https:\/\/www.oleaia.com\/sk\/wp-json\/wp\/v2\/product_tag?post=23655"}],"curies":[{"name":"wp","href":"https:\/\/api.w.org\/{rel}","templated":true}]}}